{"id":14518,"date":"2023-06-27T12:04:44","date_gmt":"2023-06-27T10:04:44","guid":{"rendered":"https:\/\/fvo.cat\/?page_id=14518"},"modified":"2023-07-07T11:07:08","modified_gmt":"2023-07-07T09:07:08","slug":"aviso-legal","status":"publish","type":"page","link":"https:\/\/fvo.cat\/es\/aviso-legal\/","title":{"rendered":"Aviso legal"},"content":{"rendered":"<p>Fundaci\u00f3 Privada Vall\u00e8s Oriental per a disminuits ps\u00edquics<br \/>\nCIF: G60249737<br \/>\nCarretera de Valldoriolf s.\/n.<br \/>\n08400 &#8211; Granollers &#8211; Barcelona<br \/>\nTel. 93 860 02 40 &#8211; Fax 93 860 02 49<\/p>\n<p>Inscrita en el Registro de Fundaciones Privadas de la Generalitat de Catalunya n\u00famero 682 con fecha 8\/6\/93. &#8211; La Fundaci\u00f3n no se hace responsable de la informaci\u00f3n o contenidos que se puedan obtener a trav\u00e9s de enlaces a sistemas externos que no sean dependientes de la Fundaci\u00f3n. &#8211; Las im\u00e1genes gr\u00e1ficas, o contenidos textuales son propiedad de Fundaci\u00f3n. Estas im\u00e1genes o textos, total o parcialmente, no podr\u00e1n ser reproducidos, duplicados, copiados o comercializados sin el consentimiento expreso y por escrito de la Fundaci\u00f3n. El incumplimiento de esta normativa es una infracci\u00f3n castigada por la legislaci\u00f3n vigente.<\/p>\n","protected":false},"excerpt":{"rendered":"<p>Fundaci\u00f3 Privada Vall\u00e8s Oriental per a disminuits ps\u00edquics CIF: G60249737 Carretera de Valldoriolf s.\/n. 08400 &#8211; Granollers &#8211; Barcelona Tel. 93 860 02 40 &#8211; Fax 93 860 02 49 Inscrita en [&hellip;]<\/p>\n","protected":false},"author":1,"featured_media":0,"parent":0,"menu_order":138,"comment_status":"closed","ping_status":"closed","template":"","meta":{"_seopress_robots_primary_cat":"","_seopress_titles_title":"","_seopress_titles_desc":"","_seopress_robots_index":"","inline_featured_image":false,"footnotes":""},"class_list":["post-14518","page","type-page","status-publish","hentry"],"_links":{"self":[{"href":"https:\/\/fvo.cat\/es\/wp-json\/wp\/v2\/pages\/14518","targetHints":{"allow":["GET"]}}],"collection":[{"href":"https:\/\/fvo.cat\/es\/wp-json\/wp\/v2\/pages"}],"about":[{"href":"https:\/\/fvo.cat\/es\/wp-json\/wp\/v2\/types\/page"}],"author":[{"embeddable":true,"href":"https:\/\/fvo.cat\/es\/wp-json\/wp\/v2\/users\/1"}],"replies":[{"embeddable":true,"href":"https:\/\/fvo.cat\/es\/wp-json\/wp\/v2\/comments?post=14518"}],"version-history":[{"count":0,"href":"https:\/\/fvo.cat\/es\/wp-json\/wp\/v2\/pages\/14518\/revisions"}],"wp:attachment":[{"href":"https:\/\/fvo.cat\/es\/wp-json\/wp\/v2\/media?parent=14518"}],"curies":[{"name":"wp","href":"https:\/\/api.w.org\/{rel}","templated":true}]}}