{"id":14519,"date":"2023-06-27T09:41:39","date_gmt":"2023-06-27T07:41:39","guid":{"rendered":"https:\/\/fvo.cat\/?page_id=14519"},"modified":"2025-05-15T12:38:14","modified_gmt":"2025-05-15T10:38:14","slug":"politica-de-privacidad","status":"publish","type":"page","link":"https:\/\/fvo.cat\/es\/politica-de-privacidad\/","title":{"rendered":"Pol\u00edtica de privacidad"},"content":{"rendered":"<p>De acuerdo con el establecido en el establecido en la normativa vigente en protecci\u00f3n de datos, <strong>FUNDACI\u00d3 PRIVADA VALL\u00c8S ORIENTAL PER A DISMINU\u00cfTS PS\u00cdQUICS<\/strong> le informa que los datos personales de todas las personas atendidas y personas en general que pueda guardar alguna relaci\u00f3n con esta entidad, son tratados por las finalidades y base jur\u00eddica que legitima su tratamiento, con estricto cumplimiento con las normas vigentes en materia de protecci\u00f3n de datos.<\/p>\n<p>El hecho de proporcionar datos a trav\u00e9s de este lugar web o por correo electr\u00f3nico, implica que la persona reconoce que la informaci\u00f3n y los datos personales que proporciona son suyos, actuales, exactos y ciertos.<\/p>\n<p>As\u00ed mismo, ponemos a su disposici\u00f3n toda la informaci\u00f3n en materia de protecci\u00f3n de datos seg\u00fan el tipo de relaci\u00f3n que pueda mantener con nosotros:<\/p>\n<h3>Identidad del Responsable del Tratamiento:<\/h3>\n<p>FUNDACI\u00d3 PRIVADA VALL\u00c8S ORIENTAL PER A DISMINU\u00cfTS PS\u00cdQUICS<\/p>\n<p>CIF\u00a0 G60249737<\/p>\n<p>Domicilio: Carretera de Valldoriolf, s\/n, 08430 La Roca del Vall\u00e8s (Barcelona)<\/p>\n<p>Tel. 93.860.02.40<\/p>\n<p>E-mail: fundacio@fvo.cat<\/p>\n<h3>Finalidad y tiempo de conservaci\u00f3n de los datos<\/h3>\n<p>En el caso de las personas que piden una plaza como persona atendida a nuestra Fundaci\u00f3n, tratamos sus datos con el fin de gesti\u00f3n de la lista de espera y valoraci\u00f3n de las posibles personas atendidas de la Fundaci\u00f3n, y por el cual se realizar\u00e1 un perfil de la persona atendida mediante los diferentes informes de valoraci\u00f3n, que son necesarios para saber las necesidades asistenciales y terap\u00e9uticas de la posible persona atendida, y si las mismas pueden llevarse a cabo por la Fundaci\u00f3n y es un candidato v\u00e1lido para ser persona atendida.<\/p>\n<p>Si es usted persona atendida, tratamos sus datos y las de su representante legal o tutor, con la finalidad de gesti\u00f3n de los datos de las personas atendidas de la fundaci\u00f3n y suyos representantes legales, y por el cual se realizar\u00e1 un perfil de la persona atendida mediante los diferentes informes, que son necesarios para saber las necesidades asistenciales y terap\u00e9uticas de la persona atendida.<\/p>\n<p>Si mantiene una relaci\u00f3n con esta Fundaci\u00f3n como cliente o proveedor, tratamos sus datos por la gesti\u00f3n comercial, administrativa, contable y fiscal de los clientes y proveedores, y sus personas de contacto.<\/p>\n<p>Si nos ha enviado un curr\u00edculum o se ha presentado a un proceso abierto de selecci\u00f3n de personal, tratamos sus datos por la gesti\u00f3n de los datos de los candidatos a una posible oferta de trabajo.<\/p>\n<p>En caso de cesi\u00f3n de los derechos de imagen, por la gesti\u00f3n de las im\u00e1genes &#8211; y de la voz en caso de v\u00eddeo u obra audiovisual &#8211; por los trabajos educativos terap\u00e9uticos, publicaci\u00f3n a la web y por la difusi\u00f3n de la Fundaci\u00f3n.<\/p>\n<p>En caso de que no se encuentre dentro de los colectivos anteriores, pero se pone en contacto con\u00a0 nosotros, o nos ha otorgado su consentimiento para el env\u00edo de informaci\u00f3n y la revista de la Fundaci\u00f3n, tratamos sus datos por la gesti\u00f3n de los datos de contacto y\/o por el env\u00edo de la revista o de informaci\u00f3n relativa a la Fundaci\u00f3n.<\/p>\n<p>As\u00ed mismo, les informamos que a nuestras instalaciones pueden existir c\u00e1maras de videovigilancia, las cuales est\u00e1n debidamente se\u00f1alizadas. En este caso, tratamos sus datos por la vigilancia y control de acceso a las instalaciones.<\/p>\n<p>En cualquier caso, los datos personales proporcionados se conservar\u00e1n por esta entidad mientras se preste los servicio o se mantenga la relaci\u00f3n que legitima el tratamiento, y posteriormente durante el plazo legal que sea exigible por la conservaci\u00f3n de los datos y durante el tiempo que prevea en cada momento la normativa en vigor para exigir cualquier tipo de responsabilidad.<\/p>\n<p>En caso de las im\u00e1genes captadas por videovigilancia, \u00fanicamente las mantendremos durante un periodo m\u00e1ximo de un mes desde su captaci\u00f3n.<\/p>\n<p>En cuanto a los posibles candidatos a los procesos de selecci\u00f3n, sus datos los mantendremos durante un periodo m\u00e1ximo de 3 a\u00f1os desde que se cerr\u00f3 el proceso de selecci\u00f3n, o en suyo defecto, desde que nos proporcion\u00f3 su curr\u00edculum sin abrir ning\u00fan procedimiento de selecci\u00f3n, excepto que se nos d\u00e9 su consentimiento para poder conservar los datos durante m\u00e1s tiempo.<\/p>\n<h3>Legitimaci\u00f3n por el tratamiento de los datos<\/h3>\n<p>La base legal para el tratamiento de sus datos es la ejecuci\u00f3n de un contrato, el inter\u00e9s leg\u00edtimo, o su consentimiento, seg\u00fan lo hemos informado en el momento de la recogida de sus datos.<\/p>\n<p>FUNDACI\u00d3 PRIVADA VALL\u00c8S ORIENTAL PER A DISMINU\u00cfTS PS\u00cdQUICS \u00fanicamente le pedir\u00e1 que nos proporcione los datos que sean necesarias y por lo tanto, cualquier dato que no nos d\u00e9, podr\u00e1 tener como consecuencia que no podremos llevar a cabo las obligaciones que correspondan en desarrollo de la base jur\u00eddica que legitima el tratamiento.<\/p>\n<h3>Destinatarios de la cesi\u00f3n o comunicaci\u00f3n de datos<\/h3>\n<p>Los datos que nos proporcionen por cualquier v\u00eda, tanto las propias personas atendidas como sus representantes y familiares, incluidos por v\u00eda de formularios, p\u00e1gina web o correo electr\u00f3nico, no ser\u00e1n cedidos a personas f\u00edsicas ni jur\u00eddicas p\u00fablicas o privadas si no lo autoriza una ley, excepto el caso de las personas atendidas, que se ceder\u00e1n por obligaci\u00f3n legal y para poder prestar el servicio asistencial o cobros de los ajustes o prestaciones, a hospitales y centros de salud, profesionales m\u00e9dicos externos, Ayuntamiento de Granollers, al Consejo Comarcal, y resto de Administraciones P\u00fablicas competentes. En caso de los clientes y proveedores, los datos las cederemos a la Agencia tributaria para cumplir con las obligaciones fiscales, y a las entidades bancarias cuando sea necesario por el pago o cobro de los importes que se deriven de la relaci\u00f3n contractual. Y en caso de las im\u00e1genes captadas por videovigilancia, ser\u00e1n comunicadas a las Fuerzas y Cuerpos de Seguridad, y autoridades judiciales, cuando as\u00ed nos lo requieran o sea necesario por la comisi\u00f3n de un delito.<\/p>\n<p>As\u00ed mismo, sus datos podr\u00e1n ser proporcionadas a aquellas entidades que nos presten servicios, y que tratar\u00e1n sus datos como \u201cencargados de tratamiento\u201d, los cuales tendr\u00e1n adoptadas las medidas de \u00edndole t\u00e9cnica y organizativas necesarias que garanticen la seguridad de los datos de car\u00e1cter personal y eviten su alteraci\u00f3n, p\u00e9rdida, tratamiento o acceso no autorizado y otras obligaciones en la materia que exija la normativa en cada momento, como es la gestor\u00eda.<\/p>\n<p>De otra parte, algunas im\u00e1genes y v\u00eddeos con voz, se pueden almacenar en Dropbox de forma temporal, o enviarse por Whatsapp a la Fundaci\u00f3n por parte del personal que ha captado la imagen y\/o v\u00eddeo, y por lo tanto, se produce una transferencia internacional de datos, en la cual tanto Whatsapp\u00a0 Inc como Dropbox Inc cumplen con la normativa de protecci\u00f3n de datos del reglamento europeo, dado que est\u00e1n inscritas en el Escudo de Privacidad, y que puede consultar en \u00a0https:\/\/www.privacyshield.gov\/list.<\/p>\n<h3>Derechos de las personas atendidas en protecci\u00f3n de datos<\/h3>\n<p>Toda persona tiene derecho a obtener confirmaci\u00f3n sobre si en FUNDACI\u00d3 PRIVADA VALL\u00c8S ORIENTAL PER A DISMINU\u00cfTS PS\u00cdQUICS estamos tratando datos personales que los conciernan o no. As\u00ed mismo, tendr\u00e1n derecho a solicitar el acceso a los datos personales relativos al interesado, su rectificaci\u00f3n, supresi\u00f3n, la limitaci\u00f3n de su tratamiento, a oponerse al tratamiento, as\u00ed como a la portabilidad de los datos.<\/p>\n<p>Para ejercer cualquier de estos derechos, el interesado puede dirigirse a cualquier de los datos de contacto se\u00f1alados al apartado \u201cIdentidad del Responsable del Tratamiento\u201d.<\/p>\n<p>As\u00ed mismo, en caso de que hubiera otorgado su consentimiento para alguna finalidad espec\u00edfica diferente a la prestaci\u00f3n del servicio o de la relaci\u00f3n jur\u00eddica que le une a esta entidad, puede retirar su consentimiento en\u00a0 cualquier momento, sin que esto afecte a la relaci\u00f3n que le une a nosotros.<\/p>\n<p>En caso de que no se haya obtenido contestaci\u00f3n al ejercicio de sus derechos o no est\u00e9 de acuerdo con la misma, puede interponer la correspondiente reclamaci\u00f3n ante la Agencia Espa\u00f1ola de Protecci\u00f3n de Datos, c\/ Jorge Juan, 6, 28001 Madrid, www.aepd.es.<\/p>\n","protected":false},"excerpt":{"rendered":"<p>De acuerdo con el establecido en el establecido en la normativa vigente en protecci\u00f3n de datos, FUNDACI\u00d3 PRIVADA VALL\u00c8S ORIENTAL PER A DISMINU\u00cfTS PS\u00cdQUICS le informa que los datos personales de todas [&hellip;]<\/p>\n","protected":false},"author":1,"featured_media":0,"parent":0,"menu_order":134,"comment_status":"closed","ping_status":"closed","template":"","meta":{"_seopress_robots_primary_cat":"","_seopress_titles_title":"","_seopress_titles_desc":"","_seopress_robots_index":"","inline_featured_image":false,"footnotes":""},"class_list":["post-14519","page","type-page","status-publish","hentry"],"_links":{"self":[{"href":"https:\/\/fvo.cat\/es\/wp-json\/wp\/v2\/pages\/14519","targetHints":{"allow":["GET"]}}],"collection":[{"href":"https:\/\/fvo.cat\/es\/wp-json\/wp\/v2\/pages"}],"about":[{"href":"https:\/\/fvo.cat\/es\/wp-json\/wp\/v2\/types\/page"}],"author":[{"embeddable":true,"href":"https:\/\/fvo.cat\/es\/wp-json\/wp\/v2\/users\/1"}],"replies":[{"embeddable":true,"href":"https:\/\/fvo.cat\/es\/wp-json\/wp\/v2\/comments?post=14519"}],"version-history":[{"count":0,"href":"https:\/\/fvo.cat\/es\/wp-json\/wp\/v2\/pages\/14519\/revisions"}],"wp:attachment":[{"href":"https:\/\/fvo.cat\/es\/wp-json\/wp\/v2\/media?parent=14519"}],"curies":[{"name":"wp","href":"https:\/\/api.w.org\/{rel}","templated":true}]}}