{"id":14694,"date":"2023-06-27T17:02:12","date_gmt":"2023-06-27T15:02:12","guid":{"rendered":"https:\/\/fvo.cat\/?page_id=14694"},"modified":"2025-06-17T12:58:47","modified_gmt":"2025-06-17T10:58:47","slug":"la-fundacion","status":"publish","type":"page","link":"https:\/\/fvo.cat\/es\/la-fundacion\/","title":{"rendered":"La fundaci\u00f3n"},"content":{"rendered":"<p>La Fundaci\u00f3n Privada Vall\u00e9s Oriental (FVO) es una entidad sin \u00e1nimo de lucro que atiende personas con discapacidad intelectual en el \u00e1mbito de Catalunya, con el fin de potenciar su bienestar y el de sus familias.<\/p>\n<p>La FVO rige su funcionamiento seg\u00fan la Ley 4\/2008, del 24 de abril, del libro tercero del C\u00f3digo Civil de Catalunya, relativo a las personas jur\u00eddicas as\u00ed como a la Ley 7\/2012, de 15 de junio, de modificaci\u00f3n del libro tercero del C\u00f3digo Civil de Catalunya.<\/p>\n<p>La FVO tiene como identidad el inter\u00e9s general como instituci\u00f3n pionera en la acci\u00f3n social, siempre m\u00e1s pr\u00f3xima a las personas que a la administraci\u00f3n p\u00fablica. Es por ello que el papel de la Fundaci\u00f3n no es suplir las carencias de la administraci\u00f3n, sino complementar sus compromisos con la sociedad en cuanto a la atenci\u00f3n de las personas con discapacidad intelectual.<\/p>\n<p><img loading=\"lazy\" decoding=\"async\" class=\"wp-image-16431  aligncenter\" src=\"https:\/\/fvo.cat\/wp-content\/uploads\/2024\/02\/retalalda-entrada-img-20240226-150613-1-300x166.png\" alt=\"\" width=\"721\" height=\"399\" srcset=\"https:\/\/fvo.cat\/wp-content\/uploads\/2024\/02\/retalalda-entrada-img-20240226-150613-1-300x166.png 300w, https:\/\/fvo.cat\/wp-content\/uploads\/2024\/02\/retalalda-entrada-img-20240226-150613-1-1024x567.png 1024w, https:\/\/fvo.cat\/wp-content\/uploads\/2024\/02\/retalalda-entrada-img-20240226-150613-1-768x425.png 768w, https:\/\/fvo.cat\/wp-content\/uploads\/2024\/02\/retalalda-entrada-img-20240226-150613-1.png 1441w\" sizes=\"auto, (max-width: 721px) 100vw, 721px\" \/><br \/>\nLa identidad de la FVO se manifiesta llevando a cabo las actividades que establecen sus Estatutos y las desarrolla d\u00eda a d\u00eda. Este testimonio es el reflejo de su proyecto y compromiso con las personas con discapacidad intelectual y sus familias. Las personas con discapacidad intelectual son sujetos de derecho, los cuales tienen que ver reconocidos y garantizados los derechos a la m\u00e1xima autonom\u00eda, a la igualdad de oportunidades y a una vida y una educaci\u00f3n de calidad.<\/p>\n<p>La FVO tiene que ser una organizaci\u00f3n de calidad: con un nivel que responda a la finalidad por la cual fue creada, de la forma que su fundador ha previsto y que la sociedad necesite. Toda fundaci\u00f3n tiene que ser fiel a unos principios y actuar con coherencia con los que lo rodean: beneficiarios, trabajadores, donantes\u2026 y su gesti\u00f3n tiene que ser transparente.<\/p>\n<p>La FVO tiene naturaleza permanente y car\u00e1cter exclusivamente social. Desarrolla su actividad sin ning\u00fan af\u00e1n de lucro y de acuerdo con el principio de m\u00e1ximo respecto a la voluntad de los fundadores.<\/p>\n<p>Se rige por la voluntad fundacional y por las normas que en la interpretaci\u00f3n y desarrollo de esta voluntad, y con car\u00e1cter expreso, haga su Patronato, seg\u00fan la Ley 4\/2008, del 24 de abril, del libro tercero del C\u00f3digo Civil de Catalunya, relativo a las personas jur\u00eddicas as\u00ed como a la Ley 7\/2012, de 15 de junio, de modificaci\u00f3n del libro tercero del C\u00f3digo Civil de Catalunya.<\/p>\n<p>El domicilio social de la FVO se fija en La Roca del Vall\u00e8s, a la carretera de Valldoriolf, s\/n.<\/p>\n<p>La FVO, de acuerdo con la legislaci\u00f3n vigente, tiene personalidad jur\u00eddica propia y plena y capacidad de obrar.<\/p>\n<p>La FVO tiene todos los privilegios procesales y los beneficios fiscales concedidos por la legislaci\u00f3n vigente en cada momento, en virtud de que la FVO no tiene ning\u00fan af\u00e1n de lucro, y su duraci\u00f3n es ilimitada.<\/p>\n","protected":false},"excerpt":{"rendered":"<p>La Fundaci\u00f3n Privada Vall\u00e9s Oriental (FVO) es una entidad sin \u00e1nimo de lucro que atiende personas con discapacidad intelectual en el \u00e1mbito de Catalunya, con el fin de potenciar su bienestar y [&hellip;]<\/p>\n","protected":false},"author":1,"featured_media":0,"parent":0,"menu_order":40,"comment_status":"closed","ping_status":"closed","template":"","meta":{"_seopress_robots_primary_cat":"","_seopress_titles_title":"","_seopress_titles_desc":"","_seopress_robots_index":"","inline_featured_image":false,"footnotes":""},"class_list":["post-14694","page","type-page","status-publish","hentry"],"_links":{"self":[{"href":"https:\/\/fvo.cat\/es\/wp-json\/wp\/v2\/pages\/14694","targetHints":{"allow":["GET"]}}],"collection":[{"href":"https:\/\/fvo.cat\/es\/wp-json\/wp\/v2\/pages"}],"about":[{"href":"https:\/\/fvo.cat\/es\/wp-json\/wp\/v2\/types\/page"}],"author":[{"embeddable":true,"href":"https:\/\/fvo.cat\/es\/wp-json\/wp\/v2\/users\/1"}],"replies":[{"embeddable":true,"href":"https:\/\/fvo.cat\/es\/wp-json\/wp\/v2\/comments?post=14694"}],"version-history":[{"count":0,"href":"https:\/\/fvo.cat\/es\/wp-json\/wp\/v2\/pages\/14694\/revisions"}],"wp:attachment":[{"href":"https:\/\/fvo.cat\/es\/wp-json\/wp\/v2\/media?parent=14694"}],"curies":[{"name":"wp","href":"https:\/\/api.w.org\/{rel}","templated":true}]}}