{"id":14695,"date":"2023-06-27T17:03:31","date_gmt":"2023-06-27T15:03:31","guid":{"rendered":"https:\/\/fvo.cat\/la-fundacion\/misio-visio-i-valors\/"},"modified":"2024-05-09T14:08:38","modified_gmt":"2024-05-09T12:08:38","slug":"misio-visio-i-valors","status":"publish","type":"page","link":"https:\/\/fvo.cat\/es\/la-fundacion\/misio-visio-i-valors\/","title":{"rendered":"Misi\u00f3n, visi\u00f3n y valores"},"content":{"rendered":"<h3>Misi\u00f3n<\/h3>\n<p>La FVO se una entidad social sin \u00e1nimo de lucro que tiene como objeto la atenci\u00f3n a las personas con discapacidad intelectual en el \u00e1mbito de Catalu\u00f1a con el fin de potenciar su calidad de vida y velar porqu\u00e9 sus derechos como personas sean respetados.<\/p>\n<p>Nuestra actividad se centra b\u00e1sicamente en dos \u00e1reas: el \u00e1rea de servicios diurnos y el \u00e1rea residencial, con el objetivo de atender las diferentes necesidades que van apareciendo a largo de la vida en la etapa adulta de la persona con discapacidad intelectual y fomentando al mismo tiempo la inclusi\u00f3n social y la autonom\u00eda personal.<\/p>\n<p>La FVO asume como propios los principios de igualdad de oportunidades y de respeto a la persona.<\/p>\n<h3>Visi\u00f3n<\/h3>\n<p>La FVO es una instituci\u00f3n de referencia en el \u00e1mbito de la atenci\u00f3n a la persona con discapacidad intelectual, muy enraizada en su entorno m\u00e1s inmediato y goza de una consolidada estructura de personal y financiera.<\/p>\n<p>La FVO se caracteriza por:<\/p>\n<ul>\n<li>Disponer de una estructura s\u00f3lida gestionada por un Patronato comprometido y competente.<\/li>\n<li>Disponer de un equipo de profesionales con una amplia formaci\u00f3n y experiencia en el campo de la discapacidad intelectual.<\/li>\n<li>Disponer de un programa de formaci\u00f3n continua que permita mantener y mejorar la calidad de la atenci\u00f3n.<\/li>\n<li>Disponer de un patrimonio que garantice los objetivos de sus fundadores.<\/li>\n<\/ul>\n<p>El principal objetivo de la FVO es crear los recursos necesarios para atender las diferentes necesidades de la persona con discapacidad intelectual de manera que estos recursos se vayan adaptando o modificando de acuerdo a los cambios de la propia persona.<\/p>\n<h3>Valores<\/h3>\n<p>La FVO asume unos valores propios que se encuentran presentes en todas aquellas actuaciones pasadas, presentes y futuras de la instituci\u00f3n. La Fundaci\u00f3n se basa en un conjunto ordenado de principios \u00e9ticos al servicio de la persona con discapacidad intelectual.<\/p>\n<p>La FVO asume \u00edntegramente el compromiso:<\/p>\n<ul>\n<li>Con el bienestar de la persona con discapacidad intelectual<\/li>\n<li>Con la calidad de los servicios que presta<\/li>\n<li>Con la adecuada atenci\u00f3n a las personas con discapacidad intelectual por parte de los profesionales que trabajan en la FVO<\/li>\n<\/ul>\n<p>Los <strong>principios \u00e9ticos<\/strong> sobre los que se basan las actuaciones de la FVO son:<\/p>\n<p><img loading=\"lazy\" decoding=\"async\" class=\"aligncenter wp-image-15858 size-full\" src=\"https:\/\/fvo.cat\/wp-content\/uploads\/2024\/02\/principis-etics-de-la-fundacio-3.png\" alt=\"\" width=\"1024\" height=\"768\" srcset=\"https:\/\/fvo.cat\/wp-content\/uploads\/2024\/02\/principis-etics-de-la-fundacio-3.png 1024w, https:\/\/fvo.cat\/wp-content\/uploads\/2024\/02\/principis-etics-de-la-fundacio-3-300x225.png 300w, https:\/\/fvo.cat\/wp-content\/uploads\/2024\/02\/principis-etics-de-la-fundacio-3-768x576.png 768w\" sizes=\"auto, (max-width: 1024px) 100vw, 1024px\" \/><\/p>\n<ul>\n<li><strong>Responsabilidad<\/strong>: Capacidad de responder a las necesidades de la persona atendida.<\/li>\n<li><strong>Respeto a la persona<\/strong>: Considerar al otro como alguien dotado de una dignidad inherente.<\/li>\n<li><strong>Discernimiento<\/strong>: Capacidad de distinguir la mejor acci\u00f3n mediante la deliberaci\u00f3n.<\/li>\n<li><strong>Implicaci\u00f3n<\/strong>: Aportar el propio talento y ponerlo a disposici\u00f3n del bien de la instituci\u00f3n.<\/li>\n<li><strong>Compromiso<\/strong>: Asumir las consecuencias de las propias decisiones.<\/li>\n<li><strong>Solidaridad<\/strong>: Relaci\u00f3n de fraternidad, de rec\u00edproco sostenimiento, en el sentimiento de pertenencia a un mismo grupo, y en la conciencia de unos intereses comunes.<\/li>\n<li><strong>Transparencia<\/strong>: Ofrecer informaci\u00f3n de manera completa y accesible.<\/li>\n<\/ul>\n","protected":false},"excerpt":{"rendered":"<p>Misi\u00f3n La FVO se una entidad social sin \u00e1nimo de lucro que tiene como objeto la atenci\u00f3n a las personas con discapacidad intelectual en el \u00e1mbito de Catalu\u00f1a con el fin de [&hellip;]<\/p>\n","protected":false},"author":1,"featured_media":0,"parent":14694,"menu_order":49,"comment_status":"closed","ping_status":"closed","template":"","meta":{"_seopress_robots_primary_cat":"","_seopress_titles_title":"","_seopress_titles_desc":"","_seopress_robots_index":"","inline_featured_image":false,"footnotes":""},"class_list":["post-14695","page","type-page","status-publish","hentry"],"_links":{"self":[{"href":"https:\/\/fvo.cat\/es\/wp-json\/wp\/v2\/pages\/14695","targetHints":{"allow":["GET"]}}],"collection":[{"href":"https:\/\/fvo.cat\/es\/wp-json\/wp\/v2\/pages"}],"about":[{"href":"https:\/\/fvo.cat\/es\/wp-json\/wp\/v2\/types\/page"}],"author":[{"embeddable":true,"href":"https:\/\/fvo.cat\/es\/wp-json\/wp\/v2\/users\/1"}],"replies":[{"embeddable":true,"href":"https:\/\/fvo.cat\/es\/wp-json\/wp\/v2\/comments?post=14695"}],"version-history":[{"count":0,"href":"https:\/\/fvo.cat\/es\/wp-json\/wp\/v2\/pages\/14695\/revisions"}],"up":[{"embeddable":true,"href":"https:\/\/fvo.cat\/es\/wp-json\/wp\/v2\/pages\/14694"}],"wp:attachment":[{"href":"https:\/\/fvo.cat\/es\/wp-json\/wp\/v2\/media?parent=14695"}],"curies":[{"name":"wp","href":"https:\/\/api.w.org\/{rel}","templated":true}]}}