{"id":15012,"date":"2023-06-27T17:06:27","date_gmt":"2023-06-27T15:06:27","guid":{"rendered":"https:\/\/fvo.cat\/la-fundacion\/revista-batec\/"},"modified":"2023-10-06T12:52:29","modified_gmt":"2023-10-06T10:52:29","slug":"revista-batec","status":"publish","type":"page","link":"https:\/\/fvo.cat\/es\/la-fundacion\/revista-batec\/","title":{"rendered":"Revista Batec"},"content":{"rendered":"<p>La FVO, en el \u00e1mbito de la comunicaci\u00f3n, des de junio de 1996, publica trimestralmente el Batec. Se trata de una publicaci\u00f3n dirigida a la difusi\u00f3n y comunicaci\u00f3n de la labor de la FVO a los diferentes agentes sociales, familiares e institucionales que intervienen en la atenci\u00f3n de la persona con discapacidad intelectual.<\/p>\n<div class=\"publicacions\">\n\t\n\t\t<nav class=\"pagination\">\n\t\t\t\t\n\t\t\n\t\t<ul class=\"pagination__list\">\n\t\t\t\t\t\t\t\t\t\t\t\t<li class=\"pagination__item pagination__item-number\">\n\t\t\t\t\t\t<span class=\"pagination__current\">1<\/span>\n\t\t\t\t\t<\/li>\n\t\t\t\t\t\t\t\t\t\t\t\t\t\t\t\t<li class=\"pagination__item pagination__item-number\">\n\t\t\t\t\t\t<a href=\"https:\/\/fvo.cat\/es\/wp-json\/wp\/v2\/pages\/15012\/page\/2\/\" class=\"pagination__link\">2<\/a>\n\t\t\t\t\t<\/li>\n\t\t\t\t\t\t\t\t\t\t\t\t\t\t\t\t<li class=\"pagination__item pagination__item-number\">\n\t\t\t\t\t\t<a href=\"https:\/\/fvo.cat\/es\/wp-json\/wp\/v2\/pages\/15012\/page\/3\/\" class=\"pagination__link\">3<\/a>\n\t\t\t\t\t<\/li>\n\t\t\t\t\t\t\t\t\t\t\t\t\t\t\t\t<li class=\"pagination__item pagination__item-number\">\n\t\t\t\t\t\t<a href=\"https:\/\/fvo.cat\/es\/wp-json\/wp\/v2\/pages\/15012\/page\/4\/\" class=\"pagination__link\">4<\/a>\n\t\t\t\t\t<\/li>\n\t\t\t\t\t\t\t\t\t\t\t\t\t\t\t\t<li class=\"pagination__item pagination__item-number\">\n\t\t\t\t\t\t<a href=\"https:\/\/fvo.cat\/es\/wp-json\/wp\/v2\/pages\/15012\/page\/5\/\" class=\"pagination__link\">5<\/a>\n\t\t\t\t\t<\/li>\n\t\t\t\t\t\t\t\t\t\t\t\t\t\t\t\t<li class=\"pagination__item pagination__item-number\">\n\t\t\t\t\t\t<a href=\"https:\/\/fvo.cat\/es\/wp-json\/wp\/v2\/pages\/15012\/page\/6\/\" class=\"pagination__link\">6<\/a>\n\t\t\t\t\t<\/li>\n\t\t\t\t\t\t\t\t\t<\/ul>\n\t\t\n\t\t\t<\/nav>\n\t<div class=\"publicacions__collection\">\n\t\t\t\t\t<div class=\"publicacions__item publicacion\">\n\t\t\t\t\n\t\t\t\t\t\t\t\t\t\t\t\t\t\t\t\t\t\n\t\t\t\t\t\t\t\t\t<a href=\"https:\/\/fvo.cat\/wp-content\/uploads\/2025\/12\/FUNDACIO-FVO-107.pdf\" class=\"publicacion__link\">\n\t\t\t\t\t\t<picture class=\"publicacion__picture\">\n\t\t\t\t\t\t\t<img decoding=\"async\" src=\"https:\/\/fvo.cat\/wp-content\/uploads\/2025\/12\/portada-107-300x0-c-default.webp\" alt=\"\">\n\t\t\t\t\t\t<\/picture>\n\t\t\t\t\t\t<span class=\"publicacion__title\">\n\t\t\t\t\t\t\tBatec_107\n\t\t\t\t\t\t<\/span>\n\t\t\t\t\t<\/a>\n\t\t\t\t\t\t\t<\/div>\n\t\t\t\t\t<div class=\"publicacions__item publicacion\">\n\t\t\t\t\n\t\t\t\t\t\t\t\t\t\t\t\t\t\t\t\t\t\n\t\t\t\t\t\t\t\t\t<a href=\"https:\/\/fvo.cat\/wp-content\/uploads\/2025\/12\/FUNDACIO-FVO-107.pdf\" class=\"publicacion__link\">\n\t\t\t\t\t\t<picture class=\"publicacion__picture\">\n\t\t\t\t\t\t\t<img decoding=\"async\" src=\"https:\/\/fvo.cat\/wp-content\/uploads\/2025\/12\/portada-107-300x0-c-default.webp\" alt=\"\">\n\t\t\t\t\t\t<\/picture>\n\t\t\t\t\t\t<span class=\"publicacion__title\">\n\t\t\t\t\t\t\tBatec_107\n\t\t\t\t\t\t<\/span>\n\t\t\t\t\t<\/a>\n\t\t\t\t\t\t\t<\/div>\n\t\t\t\t\t<div class=\"publicacions__item publicacion\">\n\t\t\t\t\n\t\t\t\t\t\t\t\t\t\t\t\t\t\t\t\t\t\n\t\t\t\t\t\t\t\t\t<a href=\"https:\/\/fvo.cat\/wp-content\/uploads\/2025\/07\/FUNDACIO-FVO-105-2_compressed.pdf\" class=\"publicacion__link\">\n\t\t\t\t\t\t<picture class=\"publicacion__picture\">\n\t\t\t\t\t\t\t<img decoding=\"async\" src=\"https:\/\/fvo.cat\/wp-content\/uploads\/2025\/07\/portada-300x0-c-default.webp\" alt=\"\">\n\t\t\t\t\t\t<\/picture>\n\t\t\t\t\t\t<span class=\"publicacion__title\">\n\t\t\t\t\t\t\tBatec_105\n\t\t\t\t\t\t<\/span>\n\t\t\t\t\t<\/a>\n\t\t\t\t\t\t\t<\/div>\n\t\t\t\t\t<div class=\"publicacions__item publicacion\">\n\t\t\t\t\n\t\t\t\t\t\t\t\t\t\t\t\t\t\t\t\t\t\n\t\t\t\t\t\t\t\t\t<a href=\"https:\/\/fvo.cat\/wp-content\/uploads\/2025\/07\/FUNDACIO-FVO-104-1.pdf\" class=\"publicacion__link\">\n\t\t\t\t\t\t<picture class=\"publicacion__picture\">\n\t\t\t\t\t\t\t<img decoding=\"async\" src=\"https:\/\/fvo.cat\/wp-content\/uploads\/2025\/07\/portada-104-300x0-c-default.webp\" alt=\"\">\n\t\t\t\t\t\t<\/picture>\n\t\t\t\t\t\t<span class=\"publicacion__title\">\n\t\t\t\t\t\t\tBatec_104\n\t\t\t\t\t\t<\/span>\n\t\t\t\t\t<\/a>\n\t\t\t\t\t\t\t<\/div>\n\t\t\t\t\t<div class=\"publicacions__item publicacion\">\n\t\t\t\t\n\t\t\t\t\t\t\t\t\t\t\t\t\t\t\t\t\t\n\t\t\t\t\t\t\t\t\t<a href=\"https:\/\/fvo.cat\/wp-content\/uploads\/2024\/08\/batec_102.pdf\" class=\"publicacion__link\">\n\t\t\t\t\t\t<picture class=\"publicacion__picture\">\n\t\t\t\t\t\t\t<img decoding=\"async\" src=\"https:\/\/fvo.cat\/wp-content\/uploads\/2024\/07\/portada-300x0-c-default.webp\" alt=\"\">\n\t\t\t\t\t\t<\/picture>\n\t\t\t\t\t\t<span class=\"publicacion__title\">\n\t\t\t\t\t\t\tBatec_102\n\t\t\t\t\t\t<\/span>\n\t\t\t\t\t<\/a>\n\t\t\t\t\t\t\t<\/div>\n\t\t\t\t\t<div class=\"publicacions__item publicacion\">\n\t\t\t\t\n\t\t\t\t\t\t\t\t\t\t\t\t\t\t\t\t\t\n\t\t\t\t\t\t\t\t\t<a href=\"https:\/\/fvo.cat\/wp-content\/uploads\/2024\/05\/batec_100.pdf\" class=\"publicacion__link\">\n\t\t\t\t\t\t<picture class=\"publicacion__picture\">\n\t\t\t\t\t\t\t<img decoding=\"async\" src=\"https:\/\/fvo.cat\/wp-content\/uploads\/2024\/05\/batec100-300x0-c-default.webp\" alt=\"\">\n\t\t\t\t\t\t<\/picture>\n\t\t\t\t\t\t<span class=\"publicacion__title\">\n\t\t\t\t\t\t\tbatec_100\n\t\t\t\t\t\t<\/span>\n\t\t\t\t\t<\/a>\n\t\t\t\t\t\t\t<\/div>\n\t\t\t\t\t<div class=\"publicacions__item publicacion\">\n\t\t\t\t\n\t\t\t\t\t\t\t\t\t\t\t\t\t\t\t\t\t\n\t\t\t\t\t\t\t\t\t<a href=\"https:\/\/issuu.com\/fundacio_valles_oriental\/docs\/fundacio_fvo_97_individual\" class=\"publicacion__link\">\n\t\t\t\t\t\t<picture class=\"publicacion__picture\">\n\t\t\t\t\t\t\t<img decoding=\"async\" src=\"https:\/\/fvo.cat\/wp-content\/uploads\/2023\/06\/batec-portada-97-300x0-c-default.webp\" alt=\"\">\n\t\t\t\t\t\t<\/picture>\n\t\t\t\t\t\t<span class=\"publicacion__title\">\n\t\t\t\t\t\t\tbatec 97\n\t\t\t\t\t\t<\/span>\n\t\t\t\t\t<\/a>\n\t\t\t\t\t\t\t<\/div>\n\t\t\t\t\t<div class=\"publicacions__item publicacion\">\n\t\t\t\t\n\t\t\t\t\t\t\t\t\t\t\t\t\t\t\t\t\t\n\t\t\t\t\t\t\t\t\t<a href=\"https:\/\/issuu.com\/daniroma\/docs\/batec_95\" class=\"publicacion__link\">\n\t\t\t\t\t\t<picture class=\"publicacion__picture\">\n\t\t\t\t\t\t\t<img decoding=\"async\" src=\"https:\/\/fvo.cat\/wp-content\/uploads\/2023\/06\/batec-portada-95-300x0-c-default.webp\" alt=\"\">\n\t\t\t\t\t\t<\/picture>\n\t\t\t\t\t\t<span class=\"publicacion__title\">\n\t\t\t\t\t\t\tbatec 95\n\t\t\t\t\t\t<\/span>\n\t\t\t\t\t<\/a>\n\t\t\t\t\t\t\t<\/div>\n\t\t\t\t\t<div class=\"publicacions__item publicacion\">\n\t\t\t\t\n\t\t\t\t\t\t\t\t\t\t\t\t\t\t\t\t\t\n\t\t\t\t\t\t\t\t\t<a href=\"https:\/\/issuu.com\/daniroma\/docs\/batec_94\" class=\"publicacion__link\">\n\t\t\t\t\t\t<picture class=\"publicacion__picture\">\n\t\t\t\t\t\t\t<img decoding=\"async\" src=\"https:\/\/fvo.cat\/wp-content\/uploads\/2019\/10\/batec_94-300x0-c-default.webp\" alt=\"\">\n\t\t\t\t\t\t<\/picture>\n\t\t\t\t\t\t<span class=\"publicacion__title\">\n\t\t\t\t\t\t\tbatec 94\n\t\t\t\t\t\t<\/span>\n\t\t\t\t\t<\/a>\n\t\t\t\t\t\t\t<\/div>\n\t\t\t\t\t<div class=\"publicacions__item publicacion\">\n\t\t\t\t\n\t\t\t\t\t\t\t\t\t\t\t\t\t\t\t\t\t\n\t\t\t\t\t\t\t\t\t<a href=\"https:\/\/issuu.com\/daniroma\/docs\/batec_92\" class=\"publicacion__link\">\n\t\t\t\t\t\t<picture class=\"publicacion__picture\">\n\t\t\t\t\t\t\t<img decoding=\"async\" src=\"https:\/\/fvo.cat\/wp-content\/uploads\/2023\/10\/batec-92-300x0-c-default.webp\" alt=\"\">\n\t\t\t\t\t\t<\/picture>\n\t\t\t\t\t\t<span class=\"publicacion__title\">\n\t\t\t\t\t\t\tbatec 92\n\t\t\t\t\t\t<\/span>\n\t\t\t\t\t<\/a>\n\t\t\t\t\t\t\t<\/div>\n\t\t\t\t\t<div class=\"publicacions__item publicacion\">\n\t\t\t\t\n\t\t\t\t\t\t\t\t\t\t\t\t\t\t\t\t\t\n\t\t\t\t\t\t\t\t\t<a href=\"https:\/\/issuu.com\/daniroma\/docs\/batec_91\" class=\"publicacion__link\">\n\t\t\t\t\t\t<picture class=\"publicacion__picture\">\n\t\t\t\t\t\t\t<img decoding=\"async\" src=\"https:\/\/fvo.cat\/wp-content\/uploads\/2023\/10\/batec-91-300x0-c-default.webp\" alt=\"\">\n\t\t\t\t\t\t<\/picture>\n\t\t\t\t\t\t<span class=\"publicacion__title\">\n\t\t\t\t\t\t\tbatec 91\n\t\t\t\t\t\t<\/span>\n\t\t\t\t\t<\/a>\n\t\t\t\t\t\t\t<\/div>\n\t\t\t\t\t<div class=\"publicacions__item publicacion\">\n\t\t\t\t\n\t\t\t\t\t\t\t\t\t\t\t\t\t\t\t\t\t\n\t\t\t\t\t\t\t\t\t<a href=\"https:\/\/issuu.com\/daniroma\/docs\/batec_90\" class=\"publicacion__link\">\n\t\t\t\t\t\t<picture class=\"publicacion__picture\">\n\t\t\t\t\t\t\t<img decoding=\"async\" src=\"https:\/\/fvo.cat\/wp-content\/uploads\/2023\/10\/batec-90-300x0-c-default.webp\" alt=\"\">\n\t\t\t\t\t\t<\/picture>\n\t\t\t\t\t\t<span class=\"publicacion__title\">\n\t\t\t\t\t\t\tbatec 90\n\t\t\t\t\t\t<\/span>\n\t\t\t\t\t<\/a>\n\t\t\t\t\t\t\t<\/div>\n\t\t\t<\/div>\n\t\n\t\t<nav class=\"pagination\">\n\t\t\t\t\n\t\t\n\t\t<ul class=\"pagination__list\">\n\t\t\t\t\t\t\t\t\t\t\t\t<li class=\"pagination__item pagination__item-number\">\n\t\t\t\t\t\t<span class=\"pagination__current\">1<\/span>\n\t\t\t\t\t<\/li>\n\t\t\t\t\t\t\t\t\t\t\t\t\t\t\t\t<li class=\"pagination__item pagination__item-number\">\n\t\t\t\t\t\t<a href=\"https:\/\/fvo.cat\/es\/wp-json\/wp\/v2\/pages\/15012\/page\/2\/\" class=\"pagination__link\">2<\/a>\n\t\t\t\t\t<\/li>\n\t\t\t\t\t\t\t\t\t\t\t\t\t\t\t\t<li class=\"pagination__item pagination__item-number\">\n\t\t\t\t\t\t<a href=\"https:\/\/fvo.cat\/es\/wp-json\/wp\/v2\/pages\/15012\/page\/3\/\" class=\"pagination__link\">3<\/a>\n\t\t\t\t\t<\/li>\n\t\t\t\t\t\t\t\t\t\t\t\t\t\t\t\t<li class=\"pagination__item pagination__item-number\">\n\t\t\t\t\t\t<a href=\"https:\/\/fvo.cat\/es\/wp-json\/wp\/v2\/pages\/15012\/page\/4\/\" class=\"pagination__link\">4<\/a>\n\t\t\t\t\t<\/li>\n\t\t\t\t\t\t\t\t\t\t\t\t\t\t\t\t<li class=\"pagination__item pagination__item-number\">\n\t\t\t\t\t\t<a href=\"https:\/\/fvo.cat\/es\/wp-json\/wp\/v2\/pages\/15012\/page\/5\/\" class=\"pagination__link\">5<\/a>\n\t\t\t\t\t<\/li>\n\t\t\t\t\t\t\t\t\t\t\t\t\t\t\t\t<li class=\"pagination__item pagination__item-number\">\n\t\t\t\t\t\t<a href=\"https:\/\/fvo.cat\/es\/wp-json\/wp\/v2\/pages\/15012\/page\/6\/\" class=\"pagination__link\">6<\/a>\n\t\t\t\t\t<\/li>\n\t\t\t\t\t\t\t\t\t<\/ul>\n\t\t\n\t\t\t<\/nav>\n<\/div>\n\n","protected":false},"excerpt":{"rendered":"<p>La FVO, en el \u00e1mbito de la comunicaci\u00f3n, des de junio de 1996, publica trimestralmente el Batec. Se trata de una publicaci\u00f3n dirigida a la difusi\u00f3n y comunicaci\u00f3n de la labor de [&hellip;]<\/p>\n","protected":false},"author":1,"featured_media":0,"parent":14694,"menu_order":59,"comment_status":"closed","ping_status":"closed","template":"","meta":{"_seopress_robots_primary_cat":"","_seopress_titles_title":"","_seopress_titles_desc":"","_seopress_robots_index":"","inline_featured_image":false,"footnotes":""},"class_list":["post-15012","page","type-page","status-publish","hentry"],"_links":{"self":[{"href":"https:\/\/fvo.cat\/es\/wp-json\/wp\/v2\/pages\/15012","targetHints":{"allow":["GET"]}}],"collection":[{"href":"https:\/\/fvo.cat\/es\/wp-json\/wp\/v2\/pages"}],"about":[{"href":"https:\/\/fvo.cat\/es\/wp-json\/wp\/v2\/types\/page"}],"author":[{"embeddable":true,"href":"https:\/\/fvo.cat\/es\/wp-json\/wp\/v2\/users\/1"}],"replies":[{"embeddable":true,"href":"https:\/\/fvo.cat\/es\/wp-json\/wp\/v2\/comments?post=15012"}],"version-history":[{"count":0,"href":"https:\/\/fvo.cat\/es\/wp-json\/wp\/v2\/pages\/15012\/revisions"}],"up":[{"embeddable":true,"href":"https:\/\/fvo.cat\/es\/wp-json\/wp\/v2\/pages\/14694"}],"wp:attachment":[{"href":"https:\/\/fvo.cat\/es\/wp-json\/wp\/v2\/media?parent=15012"}],"curies":[{"name":"wp","href":"https:\/\/api.w.org\/{rel}","templated":true}]}}