{"id":15153,"date":"2023-06-28T08:43:38","date_gmt":"2023-06-28T06:43:38","guid":{"rendered":"https:\/\/fvo.cat\/la-fundacion\/distincions-i-entitats\/"},"modified":"2025-06-30T17:02:49","modified_gmt":"2025-06-30T15:02:49","slug":"distinciones-y-entidades","status":"publish","type":"page","link":"https:\/\/fvo.cat\/es\/la-fundacion\/distinciones-y-entidades\/","title":{"rendered":"Distinciones y entidades"},"content":{"rendered":"<ul>\n<li>Premio Etalentum Vall\u00e8s Oriental 2025 en reconocimiento a la pol\u00edtica de fomente del capital humano en la categor\u00eda de empresas de m\u00e1s de 100 profesionales.<\/li>\n<li>Premio a la Responsabilidad Social concedido por la Uni\u00f3 Empresarial Intersectorial \u2013 Premios UEI \u2013 VI Noche Empresarial.<\/li>\n<li>Concesi\u00f3n del Gobierno de la Generalitat de Catalunya de la Cruz de Sant Jordi 2015.<\/li>\n<li>Galard\u00f3n de la de la C\u00e1mara del Comercio, Industria y Navegaci\u00f3n de Barcelona a la Fundaci\u00f3n, en reconocimiento a su esfuerzo y consolidaci\u00f3n en el tiempo en motivo de la celebraci\u00f3n de los 50 a\u00f1os del nacimiento hist\u00f3rico de la entidad en octubre de 2015.<\/li>\n<li>Generalitat de Catalunya, Departamento de Bienestar Social y Familia, a la Fundaci\u00f3n Privada Vall\u00e8s Oriental por los 50 a\u00f1os de trayectoria al servicio de las personas con discapacidad intelectual y sus familias, en junio de 2015.<\/li>\n<li>Menci\u00f3n especial de la delegaci\u00f3n de la C\u00e1mara de Comercio, Industria y Navegaci\u00f3n de Barcelona en reconocimiento al compromiso de la FVO con la Responsabilidad Social Empresarial (RSE) y la integraci\u00f3n laboral de personas con discapacidad intelectual, con fecha 11 de noviembre de 2009.<\/li>\n<li>Galard\u00f3n a la trayectoria deportiva en el colectivo de la discapacidad intelectual, otorgado por el Ayuntamiento de Granollers, 19 de abril de 2007.<\/li>\n<li>Generalitat de Catalunya, Departamento de Bienestar y Familia, en reconocimiento a su trayectoria y trabajo por las personas con disminuci\u00f3n ps\u00edquica, con fecha 7 de julio de 2003.<\/li>\n<li>Distinci\u00f3n de la delegaci\u00f3n de la C\u00e1mara de Comercio, Industria y Navegaci\u00f3n de Barcelona por la \u201cloable tarea realizada en favor de la integraci\u00f3n de las personas discapacitadas en el \u00e1mbito social, laboral y econ\u00f3mico\u201d, con fecha 16 de marzo de 2001.<\/li>\n<li>Noche del deporte, en reconocimiento especial a la labor deportiva en el Centro de educaci\u00f3n especial Montserrat Montero, con fecha marzo de 1995.<\/li>\n<li>Muestra de entidades de Granollers.<\/li>\n<li>Primer premio \u201cPaul Harris\u201d otorgado por el Club Rotary Granollers \u2013 Barcelona, con fecha 27 de mayo de 1994.<\/li>\n<\/ul>\n<h3>Entidades<\/h3>\n<section class=\"av_textblock_section \">\n<div class=\"avia_textblock  \">\n<p>La FVO es miembro de las siguientes entidades::<\/p>\n<p>&nbsp;<\/p>\n<p><img loading=\"lazy\" decoding=\"async\" class=\"alignnone wp-image-15871 \" src=\"https:\/\/fvo.cat\/wp-content\/uploads\/2024\/02\/logos-entitats.png\" alt=\"\" width=\"695\" height=\"601\" srcset=\"https:\/\/fvo.cat\/wp-content\/uploads\/2024\/02\/logos-entitats.png 597w, https:\/\/fvo.cat\/wp-content\/uploads\/2024\/02\/logos-entitats-300x259.png 300w\" sizes=\"auto, (max-width: 695px) 100vw, 695px\" \/><\/p>\n<\/div>\n<\/section>\n","protected":false},"excerpt":{"rendered":"<p>Premio Etalentum Vall\u00e8s Oriental 2025 en reconocimiento a la pol\u00edtica de fomente del capital humano en la categor\u00eda de empresas de m\u00e1s de 100 profesionales. Premio a la Responsabilidad Social concedido por [&hellip;]<\/p>\n","protected":false},"author":1,"featured_media":0,"parent":14694,"menu_order":47,"comment_status":"closed","ping_status":"closed","template":"","meta":{"_seopress_robots_primary_cat":"","_seopress_titles_title":"","_seopress_titles_desc":"","_seopress_robots_index":"","inline_featured_image":false,"footnotes":""},"class_list":["post-15153","page","type-page","status-publish","hentry"],"_links":{"self":[{"href":"https:\/\/fvo.cat\/es\/wp-json\/wp\/v2\/pages\/15153","targetHints":{"allow":["GET"]}}],"collection":[{"href":"https:\/\/fvo.cat\/es\/wp-json\/wp\/v2\/pages"}],"about":[{"href":"https:\/\/fvo.cat\/es\/wp-json\/wp\/v2\/types\/page"}],"author":[{"embeddable":true,"href":"https:\/\/fvo.cat\/es\/wp-json\/wp\/v2\/users\/1"}],"replies":[{"embeddable":true,"href":"https:\/\/fvo.cat\/es\/wp-json\/wp\/v2\/comments?post=15153"}],"version-history":[{"count":0,"href":"https:\/\/fvo.cat\/es\/wp-json\/wp\/v2\/pages\/15153\/revisions"}],"up":[{"embeddable":true,"href":"https:\/\/fvo.cat\/es\/wp-json\/wp\/v2\/pages\/14694"}],"wp:attachment":[{"href":"https:\/\/fvo.cat\/es\/wp-json\/wp\/v2\/media?parent=15153"}],"curies":[{"name":"wp","href":"https:\/\/api.w.org\/{rel}","templated":true}]}}