{"id":15181,"date":"2023-10-06T16:21:20","date_gmt":"2023-10-06T14:21:20","guid":{"rendered":"https:\/\/fvo.cat\/la-fundacion\/historia\/"},"modified":"2024-05-09T14:07:17","modified_gmt":"2024-05-09T12:07:17","slug":"historia","status":"publish","type":"page","link":"https:\/\/fvo.cat\/es\/la-fundacion\/historia\/","title":{"rendered":"Historia"},"content":{"rendered":"<p>Los or\u00edgenes de la Fundaci\u00f3 Privada Vall\u00e9s Oriental (FVO) se remontan al a\u00f1o 1965, cuando un grupo de padres y madres preocupados por la calidad de vida y el futuro de sus hijos e hijas con disCapacidad intelectual, decidieron constituir en Granollers la Asociaci\u00f3n Patronato Comarcal de Padres de personas con Disminuci\u00f3n Ps\u00edquica, con el fin de fomentar su asistencia, recuperaci\u00f3n y ense\u00f1anza. Aprobaron los estatutos de la nueva entidad el 28 de junio de aquel mismo a\u00f1o y, posteriormente, la registraron en la Direcci\u00f3n General de Derecho y Entidades Jur\u00eddicas de la Consejer\u00eda de Justicia de la Generalitat de Catalunya.<\/p>\n<p><img loading=\"lazy\" decoding=\"async\" class=\"aligncenter wp-image-15952 size-large\" src=\"https:\/\/fvo.cat\/wp-content\/uploads\/2024\/02\/infografia-linea-del-tiempo-historia-timeline-doodle-multicolor-410x1024.jpg\" alt=\"\" width=\"410\" height=\"1024\" srcset=\"https:\/\/fvo.cat\/wp-content\/uploads\/2024\/02\/infografia-linea-del-tiempo-historia-timeline-doodle-multicolor-410x1024.jpg 410w, https:\/\/fvo.cat\/wp-content\/uploads\/2024\/02\/infografia-linea-del-tiempo-historia-timeline-doodle-multicolor-120x300.jpg 120w, https:\/\/fvo.cat\/wp-content\/uploads\/2024\/02\/infografia-linea-del-tiempo-historia-timeline-doodle-multicolor-768x1920.jpg 768w, https:\/\/fvo.cat\/wp-content\/uploads\/2024\/02\/infografia-linea-del-tiempo-historia-timeline-doodle-multicolor.jpg 800w\" sizes=\"auto, (max-width: 410px) 100vw, 410px\" \/><\/p>\n<p>As\u00ed, el 17 de octubre de 1992, en una asamblea extraordinaria que se celebr\u00f3 en Granollers, la asamblea tom\u00f3 por mayor\u00eda absoluta un importante acuerdo que contribuir\u00eda a mejorar la gesti\u00f3n de los intereses y las actividades de la Asociaci\u00f3n: constituir una Fundaci\u00f3n privada que se denominar\u00eda Fundaci\u00f3 Privada Vall\u00e9s Oriental per a Disminu\u00efts Ps\u00edquics, con naturaleza permanente y de car\u00e1cter totalmente social, que desarrollar\u00e1 su actividad sin af\u00e1n de lucro y tendr\u00e1 por objetivo la asistencia de las personas con discapacidad intelectual.<\/p>\n<p>En el a\u00f1o 2002, para celebrar los 10 a\u00f1os, realizamos un peque\u00f1o resumen de nuestros primeros pasos y en el 2015,\u00a0 para celebrar 50 a\u00f1os de nuestro nacimiento editamos un libro par recoger lo m\u00e1s destacado de nuestra historia.<\/p>\n<p><a href=\"https:\/\/fvo.cat\/wp-content\/uploads\/2024\/02\/10-ANYS-FVO.-ens-necessitem.pdf\"><img loading=\"lazy\" decoding=\"async\" class=\"alignnone wp-image-15944\" src=\"https:\/\/fvo.cat\/wp-content\/uploads\/2024\/02\/10-anys-209x300.png\" alt=\"\" width=\"332\" height=\"477\" srcset=\"https:\/\/fvo.cat\/wp-content\/uploads\/2024\/02\/10-anys-209x300.png 209w, https:\/\/fvo.cat\/wp-content\/uploads\/2024\/02\/10-anys.png 597w\" sizes=\"auto, (max-width: 332px) 100vw, 332px\" \/><\/a>\u00a0 \u00a0 \u00a0 \u00a0 \u00a0 \u00a0 \u00a0 \u00a0 <a href=\"https:\/\/fvo.cat\/wp-content\/uploads\/2024\/02\/batec50anys_v10_canvisAbr_07_FINAL.pdf\"><img loading=\"lazy\" decoding=\"async\" class=\"alignnone wp-image-15941\" src=\"https:\/\/fvo.cat\/wp-content\/uploads\/2024\/02\/50-anys-208x300.png\" alt=\"\" width=\"329\" height=\"474\" srcset=\"https:\/\/fvo.cat\/wp-content\/uploads\/2024\/02\/50-anys-208x300.png 208w, https:\/\/fvo.cat\/wp-content\/uploads\/2024\/02\/50-anys.png 601w\" sizes=\"auto, (max-width: 329px) 100vw, 329px\" \/><\/a><\/p>\n<p><strong>\u00a1El pr\u00f3ximo a\u00f1o 2025, la Fundaci\u00f3 celebrar\u00e1 60 a\u00f1os de historia con un programa de actos muy especial! \u00a1S\u00edguenos en las redes sociales de la Fundaci\u00f3 para no perderte nada!<\/strong><\/p>\n","protected":false},"excerpt":{"rendered":"<p>Los or\u00edgenes de la Fundaci\u00f3 Privada Vall\u00e9s Oriental (FVO) se remontan al a\u00f1o 1965, cuando un grupo de padres y madres preocupados por la calidad de vida y el futuro de sus [&hellip;]<\/p>\n","protected":false},"author":1,"featured_media":0,"parent":14694,"menu_order":46,"comment_status":"closed","ping_status":"closed","template":"","meta":{"_seopress_robots_primary_cat":"","_seopress_titles_title":"","_seopress_titles_desc":"","_seopress_robots_index":"","inline_featured_image":false,"footnotes":""},"class_list":["post-15181","page","type-page","status-publish","hentry"],"_links":{"self":[{"href":"https:\/\/fvo.cat\/es\/wp-json\/wp\/v2\/pages\/15181","targetHints":{"allow":["GET"]}}],"collection":[{"href":"https:\/\/fvo.cat\/es\/wp-json\/wp\/v2\/pages"}],"about":[{"href":"https:\/\/fvo.cat\/es\/wp-json\/wp\/v2\/types\/page"}],"author":[{"embeddable":true,"href":"https:\/\/fvo.cat\/es\/wp-json\/wp\/v2\/users\/1"}],"replies":[{"embeddable":true,"href":"https:\/\/fvo.cat\/es\/wp-json\/wp\/v2\/comments?post=15181"}],"version-history":[{"count":0,"href":"https:\/\/fvo.cat\/es\/wp-json\/wp\/v2\/pages\/15181\/revisions"}],"up":[{"embeddable":true,"href":"https:\/\/fvo.cat\/es\/wp-json\/wp\/v2\/pages\/14694"}],"wp:attachment":[{"href":"https:\/\/fvo.cat\/es\/wp-json\/wp\/v2\/media?parent=15181"}],"curies":[{"name":"wp","href":"https:\/\/api.w.org\/{rel}","templated":true}]}}