{"id":15182,"date":"2023-06-28T08:30:13","date_gmt":"2023-06-28T06:30:13","guid":{"rendered":"https:\/\/fvo.cat\/transparencia\/"},"modified":"2025-11-19T10:36:17","modified_gmt":"2025-11-19T08:36:17","slug":"transparencia","status":"publish","type":"page","link":"https:\/\/fvo.cat\/es\/transparencia\/","title":{"rendered":"Transparencia"},"content":{"rendered":"<p>La FVO, al servicio de la persona con discapacidad intelectual, como instituci\u00f3n muy arraigada a su entorno m\u00e1s inmediato y con una consolidada estructura de personal y financiera, est\u00e1 comprometida con la gesti\u00f3n \u00e9tica y socialmente responsable. Por este motivo como instituci\u00f3n siempre est\u00e1 atenta a mostrarse de manera transparente ante su entorno y sociedad en general.<\/p>\n<p>Por este motivo y para dar cumplimiento a la Ley 19\/2013, de 9 de diciembre, de Transparencia, acceso a la informaci\u00f3n p\u00fablica y buen gobierno y a la Ley 21\/2014, del 29 de diciembre, del Protectorado de las fundaciones y de verificaci\u00f3n de la actividad de las asociaciones declaradas de utilidad p\u00fablica hacemos p\u00fablico en nuestra web la siguiente informaci\u00f3n:<\/p>\n<ul>\n<li><a href=\"https:\/\/fvo.cat\/es\/transparencia\/carta-de-servicios\/\">Carta de Servicios<\/a><\/li>\n<li><a href=\"https:\/\/fvo.cat\/es\/transparencia\/pla-estrategic\/\">Plan estrat\u00e9gico<\/a><\/li>\n<li><a href=\"https:\/\/fvo.cat\/es\/transparencia\/impacto-social\/\">Impacto social<\/a><\/li>\n<li><a href=\"https:\/\/fvo.cat\/es\/transparencia\/el-patronato\/\">El Patronato<\/a><\/li>\n<li><a href=\"https:\/\/fvo.cat\/es\/transparencia\/organigrama-de-la-entidad\/\">Organigrama de la Fundaci\u00f3<\/a><\/li>\n<li><a href=\"https:\/\/fvo.cat\/es\/transparencia\/informe-auditoria-cuentas-anuales\/\">Informe auditor\u00eda cuentas anuales<\/a><\/li>\n<li><a href=\"https:\/\/fvo.cat\/es\/transparencia\/contratos-establecidos-con-la-administracion-publica\/\">Contratos establecidos con la Administraci\u00f3n P\u00fablica<\/a><\/li>\n<li><a href=\"https:\/\/fvo.cat\/es\/transparencia\/convenios-suscritos-con-la-administracion-publica\/\">Convenios suscritos con la Administraci\u00f3n P\u00fablica<\/a><\/li>\n<li><a href=\"https:\/\/fvo.cat\/es\/transparencia\/subvenciones-y-ayudas-publicas-concedidas\/\">Subvenciones y ayudas p\u00fablicas concedidas<\/a><\/li>\n<li><a href=\"https:\/\/fvo.cat\/es\/transparencia\/asociacion-de-familias\/\">Asociaci\u00f3n de familias<\/a><\/li>\n<li><a href=\"https:\/\/fvo.cat\/es\/transparencia\/retribucions-percebudes-pels-maxims-responsables-de-lentitat\/\">Retribuciones percibidas por los m\u00e1ximos responsables de la entidad<\/a><\/li>\n<\/ul>\n","protected":false},"excerpt":{"rendered":"<p>La FVO, al servicio de la persona con discapacidad intelectual, como instituci\u00f3n muy arraigada a su entorno m\u00e1s inmediato y con una consolidada estructura de personal y financiera, est\u00e1 comprometida con la [&hellip;]<\/p>\n","protected":false},"author":1,"featured_media":0,"parent":0,"menu_order":60,"comment_status":"closed","ping_status":"closed","template":"","meta":{"_seopress_robots_primary_cat":"","_seopress_titles_title":"","_seopress_titles_desc":"","_seopress_robots_index":"","inline_featured_image":false,"footnotes":""},"class_list":["post-15182","page","type-page","status-publish","hentry"],"_links":{"self":[{"href":"https:\/\/fvo.cat\/es\/wp-json\/wp\/v2\/pages\/15182","targetHints":{"allow":["GET"]}}],"collection":[{"href":"https:\/\/fvo.cat\/es\/wp-json\/wp\/v2\/pages"}],"about":[{"href":"https:\/\/fvo.cat\/es\/wp-json\/wp\/v2\/types\/page"}],"author":[{"embeddable":true,"href":"https:\/\/fvo.cat\/es\/wp-json\/wp\/v2\/users\/1"}],"replies":[{"embeddable":true,"href":"https:\/\/fvo.cat\/es\/wp-json\/wp\/v2\/comments?post=15182"}],"version-history":[{"count":0,"href":"https:\/\/fvo.cat\/es\/wp-json\/wp\/v2\/pages\/15182\/revisions"}],"wp:attachment":[{"href":"https:\/\/fvo.cat\/es\/wp-json\/wp\/v2\/media?parent=15182"}],"curies":[{"name":"wp","href":"https:\/\/api.w.org\/{rel}","templated":true}]}}