{"id":15183,"date":"2023-06-28T08:35:20","date_gmt":"2023-06-28T06:35:20","guid":{"rendered":"https:\/\/fvo.cat\/transparencia\/pla-estrategic\/"},"modified":"2023-10-06T16:39:15","modified_gmt":"2023-10-06T14:39:15","slug":"pla-estrategic","status":"publish","type":"page","link":"https:\/\/fvo.cat\/es\/transparencia\/pla-estrategic\/","title":{"rendered":"Plan estrat\u00e9gico"},"content":{"rendered":"<p><a href=\"https:\/\/fvo.cat\/wp-content\/uploads\/2021\/07\/Marc-Estartegic-Fundacio.pdf\"><img loading=\"lazy\" decoding=\"async\" class=\"wp-image-11732 size-medium alignright\" src=\"https:\/\/fvo.cat\/wp-content\/uploads\/2023\/07\/portadaok-210x300.jpg\" alt=\"\" width=\"210\" height=\"300\" srcset=\"https:\/\/fvo.cat\/wp-content\/uploads\/2023\/07\/portadaok-210x300.jpg 210w, https:\/\/fvo.cat\/wp-content\/uploads\/2023\/07\/portadaok.jpg 472w\" sizes=\"auto, (max-width: 210px) 100vw, 210px\" \/><\/a><\/p>\n<p>La Fundaci\u00f3n Vall\u00e8s Oriental ha llevado a cabo un proceso de participaci\u00f3n con las personas que atendemos cada d\u00eda, sus familias, los profesionales y el Patronato de la entidad para reflexionar sobre los retos de futuro como son:<\/p>\n<ul>\n<li>El envejecimiento de las personas atendidas.<\/li>\n<li>El incremento de los trastornos mentales entre la poblaci\u00f3n con discapacidad y la poblaci\u00f3n en general.<\/li>\n<li>Los cambios en las pol\u00edticas p\u00fablicas sobre discapacidad.<\/li>\n<li>Los cambios en la industria y los servicios, que condicionan los Centros Especiales de Trabajo.<\/li>\n<\/ul>\n<p>Y organizarnos para estar en mejores condiciones ante un contexto cambiante a la sociedad y dentro de la propia Fundaci\u00f3n. \u201cDesde la entidad queremos participar en la construcci\u00f3n de una sociedad m\u00e1s inclusiva donde nos sentimos m\u00e1s parte actora y participativa de la comunidad, es por este motivo que hemos escuchado la voz de todos los miembros de la gran familia de la Fundaci\u00f3n para definir un nuevo camino compartido\u201d comenta Rafel Arderiu, Director General de la Fundaci\u00f3n.<\/p>\n<p>Para hacerlo se ha contado con el apoyo de la Consultora externa Inpacte que nos ha acompa\u00f1ado en este proceso participativo donde se ha recogido la opini\u00f3n y la visi\u00f3n de futuro de la tarea social que llevamos a cabo. Resultado de este proceso se ha elaborado el documento \u201c<a href=\"https:\/\/fvo.cat\/wp-content\/uploads\/2021\/07\/Marc-Estartegic-Fundacio.pdf\"><strong>Sumem capacitats per fer cam\u00ed<\/strong><\/a>\u201d basado en 5 grandes esos de futuro para los pr\u00f3ximos a\u00f1os:<\/p>\n<ol>\n<li>Dar respuesta a las nuevas necesidades y expectativas de las personas y familias<\/li>\n<li>Complicidad en el territorio<\/li>\n<li>Emprendimiento social<\/li>\n<li>Organizaci\u00f3n socialmente comprometida<\/li>\n<li>Nuevo modelo organizativo<\/li>\n<\/ol>\n","protected":false},"excerpt":{"rendered":"<p>La Fundaci\u00f3n Vall\u00e8s Oriental ha llevado a cabo un proceso de participaci\u00f3n con las personas que atendemos cada d\u00eda, sus familias, los profesionales y el Patronato de la entidad para reflexionar sobre [&hellip;]<\/p>\n","protected":false},"author":1,"featured_media":0,"parent":15182,"menu_order":68,"comment_status":"closed","ping_status":"closed","template":"","meta":{"_seopress_robots_primary_cat":"","_seopress_titles_title":"","_seopress_titles_desc":"","_seopress_robots_index":"","inline_featured_image":false,"footnotes":""},"class_list":["post-15183","page","type-page","status-publish","hentry"],"_links":{"self":[{"href":"https:\/\/fvo.cat\/es\/wp-json\/wp\/v2\/pages\/15183","targetHints":{"allow":["GET"]}}],"collection":[{"href":"https:\/\/fvo.cat\/es\/wp-json\/wp\/v2\/pages"}],"about":[{"href":"https:\/\/fvo.cat\/es\/wp-json\/wp\/v2\/types\/page"}],"author":[{"embeddable":true,"href":"https:\/\/fvo.cat\/es\/wp-json\/wp\/v2\/users\/1"}],"replies":[{"embeddable":true,"href":"https:\/\/fvo.cat\/es\/wp-json\/wp\/v2\/comments?post=15183"}],"version-history":[{"count":0,"href":"https:\/\/fvo.cat\/es\/wp-json\/wp\/v2\/pages\/15183\/revisions"}],"up":[{"embeddable":true,"href":"https:\/\/fvo.cat\/es\/wp-json\/wp\/v2\/pages\/15182"}],"wp:attachment":[{"href":"https:\/\/fvo.cat\/es\/wp-json\/wp\/v2\/media?parent=15183"}],"curies":[{"name":"wp","href":"https:\/\/api.w.org\/{rel}","templated":true}]}}