{"id":15217,"date":"2023-10-07T09:34:18","date_gmt":"2023-10-07T07:34:18","guid":{"rendered":"https:\/\/fvo.cat\/transparencia\/el-patronat\/"},"modified":"2024-05-09T14:19:05","modified_gmt":"2024-05-09T12:19:05","slug":"el-patronato","status":"publish","type":"page","link":"https:\/\/fvo.cat\/es\/transparencia\/el-patronato\/","title":{"rendered":"El patronato"},"content":{"rendered":"<p>El Patronato est\u00e1 formado por:<\/p>\n<p><strong>Presidente<\/strong><\/p>\n<p>Sr. Jaume Anfruns i Font<\/p>\n<p><strong>Vicepresidente<\/strong><\/p>\n<p>Sr. Ramon Dav\u00ed i Navarro<\/p>\n<p><strong>Secretario<\/strong><\/p>\n<p>Sr. Jos\u00e9 Lu\u00eds Criado Barrag\u00e1n<\/p>\n<p><strong>Tesorero<\/strong><\/p>\n<p>Sr. Josep Marqu\u00e9s Bar\u00f3<\/p>\n<p><strong>Vocales<\/strong><\/p>\n<p>Sra. Carmen O\u00f1a Villa<br \/>\nSr. Josep Ma Lloreda i Pi\u00f1a<br \/>\nSra. \u00c0ngels Ausi\u00f3 i Bonfill<br \/>\nSra. Gemma Almirall i Pibernat<br \/>\nSr. Francesc Lorente Canela<br \/>\nSr. Ignacio Manj\u00f3n Eraso<br \/>\nSra. Mar\u00eda Mar\u00edn Fern\u00e1ndez<br \/>\nSr. Antoni Cumella Vendrell<\/p>\n<p>Con el objetivo de hacer m\u00e1s eficaz y operativo el funcionamiento del Patronato, el 1 de octubre de 1993 la junta aprob\u00f3 la estructura de gesti\u00f3n de \u00e9ste con la composici\u00f3n de tres comisiones de trabajo: Econ\u00f3mica, Patrimonial y Social.<\/p>\n","protected":false},"excerpt":{"rendered":"<p>El Patronato est\u00e1 formado por: Presidente Sr. Jaume Anfruns i Font Vicepresidente Sr. Ramon Dav\u00ed i Navarro Secretario Sr. Jos\u00e9 Lu\u00eds Criado Barrag\u00e1n Tesorero Sr. Josep Marqu\u00e9s Bar\u00f3 Vocales Sra. Carmen O\u00f1a [&hellip;]<\/p>\n","protected":false},"author":1,"featured_media":0,"parent":15182,"menu_order":71,"comment_status":"closed","ping_status":"closed","template":"","meta":{"_seopress_robots_primary_cat":"","_seopress_titles_title":"","_seopress_titles_desc":"","_seopress_robots_index":"","inline_featured_image":false,"footnotes":""},"class_list":["post-15217","page","type-page","status-publish","hentry"],"_links":{"self":[{"href":"https:\/\/fvo.cat\/es\/wp-json\/wp\/v2\/pages\/15217","targetHints":{"allow":["GET"]}}],"collection":[{"href":"https:\/\/fvo.cat\/es\/wp-json\/wp\/v2\/pages"}],"about":[{"href":"https:\/\/fvo.cat\/es\/wp-json\/wp\/v2\/types\/page"}],"author":[{"embeddable":true,"href":"https:\/\/fvo.cat\/es\/wp-json\/wp\/v2\/users\/1"}],"replies":[{"embeddable":true,"href":"https:\/\/fvo.cat\/es\/wp-json\/wp\/v2\/comments?post=15217"}],"version-history":[{"count":0,"href":"https:\/\/fvo.cat\/es\/wp-json\/wp\/v2\/pages\/15217\/revisions"}],"up":[{"embeddable":true,"href":"https:\/\/fvo.cat\/es\/wp-json\/wp\/v2\/pages\/15182"}],"wp:attachment":[{"href":"https:\/\/fvo.cat\/es\/wp-json\/wp\/v2\/media?parent=15217"}],"curies":[{"name":"wp","href":"https:\/\/api.w.org\/{rel}","templated":true}]}}