{"id":15225,"date":"2023-06-28T09:46:06","date_gmt":"2023-06-28T07:46:06","guid":{"rendered":"https:\/\/fvo.cat\/transparencia\/contractes-establerts-amb-ladministracio-publica\/"},"modified":"2025-08-28T13:00:11","modified_gmt":"2025-08-28T11:00:11","slug":"contratos-establecidos-con-la-administracion-publica","status":"publish","type":"page","link":"https:\/\/fvo.cat\/es\/transparencia\/contratos-establecidos-con-la-administracion-publica\/","title":{"rendered":"Contratos establecidos con la administraci\u00f3n p\u00fablica"},"content":{"rendered":"<table>\n<tbody>\n<tr>\n<th>Adjudicatario<\/th>\n<th>Objeto<\/th>\n<th>Inicio<\/th>\n<th>Duraci\u00f3n m\u00e1xima<\/th>\n<th>Importe<\/th>\n<th>Procedimiento<\/th>\n<\/tr>\n<tr>\n<td>Departamento de Derechos Sociales e Inclusi\u00f3n<\/td>\n<td>Acreditaci\u00f3n de plazas de servicio de terapia ocupacional para personas con discapacidad en la comarca del Vall\u00e8s Oriental<\/td>\n<td>01\/01\/2024<\/td>\n<td>31\/12\/2024<\/td>\n<td>1.428.659,89\u20ac<\/td>\n<td>Acreditaci\u00f3n de plazas<\/td>\n<\/tr>\n<tr>\n<td>Departamento de Derechos Sociales e Inclusi\u00f3n<\/td>\n<td>Acreditaci\u00f3n de plazas de servicio ocupacional de inserci\u00f3n para personas con discapacidad en la comarca del Vall\u00e8s Oriental<\/td>\n<td>01\/01\/2024<\/td>\n<td>31\/12\/2024<\/td>\n<td>402.878,67\u20ac<\/td>\n<td>Acreditaci\u00f3n de plazas<\/td>\n<\/tr>\n<tr>\n<td>Departamento de Derechos Sociales e Inclusi\u00f3n<\/td>\n<td>Acreditaci\u00f3n de plazas de llar residencia \u201cLlar El Vall\u00e8s\u201d<\/td>\n<td>01\/01\/2024<\/td>\n<td>31\/12\/2024<\/td>\n<td>223.208,00\u20ac<\/td>\n<td>Acreditaci\u00f3n de plazas<\/td>\n<\/tr>\n<tr>\n<td>Departamento de Derechos Sociales e Inclusi\u00f3n<\/td>\n<td>Acreditaci\u00f3n de plazas de llar residencia \u201cLlar Font Verda\u201d<\/td>\n<td>01\/01\/2024<\/td>\n<td>31\/12\/2024<\/td>\n<td>683.663,30\u20ac<\/td>\n<td>Acreditaci\u00f3n de plazas<\/td>\n<\/tr>\n<tr>\n<td>Departamento de Derechos Sociales e Inclusi\u00f3n<\/td>\n<td>Acreditaci\u00f3n de plazas de llar residencia \u201cLlar Jaume Gregori\u201d<\/td>\n<td>01\/01\/2024<\/td>\n<td>31\/12\/2024<\/td>\n<td>303.136,81\u20ac<\/td>\n<td>Acreditaci\u00f3n de plazas<\/td>\n<\/tr>\n<tr>\n<td>Departamento de Derechos Sociales e Inclusi\u00f3n<\/td>\n<td>Acreditaci\u00f3n de plazas de llar residencia \u201cLlar Jaume Anfruns i Janer\u201d<\/td>\n<td>01\/01\/2024<\/td>\n<td>31\/12\/2024<\/td>\n<td>661.805,85\u20ac<\/td>\n<td>Acreditaci\u00f3n de plazas<\/td>\n<\/tr>\n<tr>\n<td>Departamento de Derechos Sociales e Inclusi\u00f3n<\/td>\n<td>Acreditaci\u00f3n de plazas de llar residencia \u201cLlar El Cinquantenari\u201d<\/td>\n<td>01\/01\/2024<\/td>\n<td>31\/12\/2024<\/td>\n<td>704.043,63\u20ac<\/td>\n<td>Acreditaci\u00f3n de plazas<\/td>\n<\/tr>\n<tr>\n<td>Departamento de Derechos Sociales e Inclusi\u00f3n<\/td>\n<td>Acreditaci\u00f3n de plazas de llar residencia \u201cLlar El Cinquantenari II\u201d<\/td>\n<td>01\/01\/2024<\/td>\n<td>31\/12\/2024<\/td>\n<td>656.892,47\u20ac<\/td>\n<td>Acreditaci\u00f3n de plazas<\/td>\n<\/tr>\n<tr>\n<td>Departamento de Derechos Sociales e Inclusi\u00f3n<\/td>\n<td>Acreditaci\u00f3n plazas programa de autonom\u00eda en la propia llar<\/td>\n<td>01\/01\/2024<\/td>\n<td>31\/12\/2024<\/td>\n<td>55.536,00\u20ac<\/td>\n<td>Acreditaci\u00f3n de plazas<\/td>\n<\/tr>\n<tr>\n<td>Departamento de Derechos Sociales e Inclusi\u00f3n<\/td>\n<td>Gesti\u00f3n, en la modalidad de concesi\u00f3n, de la residencia y centro de d\u00eda de atenci\u00f3n especializada para personas con discapacidad intelectual \u201cValldoriolf\u201d en Granollers (BE-2015-2671)<\/td>\n<td>01\/06\/2016<\/td>\n<td>31\/12\/2028<\/td>\n<td>2.792.520,44\u20ac<\/td>\n<td>Abierto<\/td>\n<\/tr>\n<tr>\n<td>Departamento de Empresa y Trabajo<\/td>\n<td>Servicios Integrales de Orientaci\u00f3n, Acompa\u00f1amiento y Apoyo a la Inserci\u00f3n de las Personas con Discapacidad o Trastornos de Salud Mental (SIOAS) &#8211; STC079\/25\/000064<\/td>\n<td>\n<p>01\/05\/2025<\/p>\n<\/td>\n<td>30\/04\/2026<\/td>\n<td>\n<p>161.250,00\u20ac<\/p>\n<\/td>\n<td>Abierto<\/td>\n<\/tr>\n<tr>\n<td>Ayuntamiento de Montorn\u00e8s del Vall\u00e8s<\/td>\n<td>Contrato por el mantenimiento de zonas verdes urbanas y periurbanas, m\u00e1rgenes de determinados caminos y viales p\u00fablicos y otras zonas viarias y franjas forestales<\/td>\n<td>20\/06\/2025<\/td>\n<td>20\/06\/2028<\/td>\n<td>112.700,14\u20ac<\/td>\n<td>Abierto<\/td>\n<\/tr>\n<tr>\n<td>Ayuntamiento de<br \/>\nGranollers<\/td>\n<td>Contrataci\u00f3n del servicio de limpieza y adecuaci\u00f3n del Parque del Ramassar de Granollers<\/td>\n<td>01\/01\/2024<\/td>\n<td>31\/12\/2026<\/td>\n<td>57.800\u20ac<\/td>\n<td>Abierto reservado a CET<\/td>\n<\/tr>\n<tr>\n<td>Ayuntamiento de<br \/>\nPalau-solit\u00e0 i Plegamans<\/td>\n<td>Contrato del servicio de eliminaci\u00f3n de malas hierbas de la via p\u00fablica de Palau-solit\u00e0 i Plegamans<\/td>\n<td>01\/06\/2025<\/td>\n<td>01\/11\/2026<\/td>\n<td>142.593,22\u20ac<\/td>\n<td>Abierto reservado a CET<\/td>\n<\/tr>\n<tr>\n<td>Ayuntamiento de<br \/>\nCaldes de Montbui<\/td>\n<td>Contrato reservado del servicio de mantenimiento de los parques, las zonas ajardinadas y los arcenes sin urbanizar de las urbanizaciones y pol\u00edgonos industriales y trabajos forestales en franjas y zonas verdes en determinadas urbanizaciones de Caldes de Montbui<\/td>\n<td>01\/02\/2022<\/td>\n<td>31\/01\/2026<\/td>\n<td>239.512,43\u20ac<\/td>\n<td>Abierto reservado a CET<\/td>\n<\/tr>\n<tr>\n<td>Ayuntamiento de Vilanova del Vall\u00e8s<\/td>\n<td>Contrato de servicio de limpieza viaria complementaria<\/td>\n<td>01\/09\/2025<\/td>\n<td>01\/09\/2027<\/td>\n<td>133.158,08\u20ac<\/td>\n<td>Abierto reservado a CET<\/td>\n<\/tr>\n<tr>\n<td>Ayuntamiento de Santa Eul\u00e0lia de Ron\u00e7ana<\/td>\n<td>Contrato de servicios de mantenimiento de algunos espacios enjardinados de titularidad municipal<\/td>\n<td>01\/04\/2022<\/td>\n<td>01\/04\/2026<\/td>\n<td>16.460,76\u20ac<\/td>\n<td>Abierto<\/td>\n<\/tr>\n<tr>\n<td>Ayuntamiento de Montorn\u00e8s del Vall\u00e8s<\/td>\n<td>Servicio de Jardiner\u00eda y Mantenimiento de zonas verdes municipales<\/td>\n<td>20\/02\/2014<\/td>\n<td>31\/12\/2025<\/td>\n<td>97.916,88\u20ac<\/td>\n<td>Abierto<\/td>\n<\/tr>\n<\/tbody>\n<\/table>\n","protected":false},"excerpt":{"rendered":"<p>Adjudicatario Objeto Inicio Duraci\u00f3n m\u00e1xima Importe Procedimiento Departamento de Derechos Sociales e Inclusi\u00f3n Acreditaci\u00f3n de plazas de servicio de terapia ocupacional para personas con discapacidad en la comarca del Vall\u00e8s Oriental 01\/01\/2024 [&hellip;]<\/p>\n","protected":false},"author":1,"featured_media":0,"parent":15182,"menu_order":76,"comment_status":"closed","ping_status":"closed","template":"","meta":{"_seopress_robots_primary_cat":"","_seopress_titles_title":"","_seopress_titles_desc":"","_seopress_robots_index":"","inline_featured_image":false,"footnotes":""},"class_list":["post-15225","page","type-page","status-publish","hentry"],"_links":{"self":[{"href":"https:\/\/fvo.cat\/es\/wp-json\/wp\/v2\/pages\/15225","targetHints":{"allow":["GET"]}}],"collection":[{"href":"https:\/\/fvo.cat\/es\/wp-json\/wp\/v2\/pages"}],"about":[{"href":"https:\/\/fvo.cat\/es\/wp-json\/wp\/v2\/types\/page"}],"author":[{"embeddable":true,"href":"https:\/\/fvo.cat\/es\/wp-json\/wp\/v2\/users\/1"}],"replies":[{"embeddable":true,"href":"https:\/\/fvo.cat\/es\/wp-json\/wp\/v2\/comments?post=15225"}],"version-history":[{"count":0,"href":"https:\/\/fvo.cat\/es\/wp-json\/wp\/v2\/pages\/15225\/revisions"}],"up":[{"embeddable":true,"href":"https:\/\/fvo.cat\/es\/wp-json\/wp\/v2\/pages\/15182"}],"wp:attachment":[{"href":"https:\/\/fvo.cat\/es\/wp-json\/wp\/v2\/media?parent=15225"}],"curies":[{"name":"wp","href":"https:\/\/api.w.org\/{rel}","templated":true}]}}