{"id":15226,"date":"2023-10-07T09:44:32","date_gmt":"2023-10-07T07:44:32","guid":{"rendered":"https:\/\/fvo.cat\/transparencia\/convenis-subscrits-amb-ladministracio-publica\/"},"modified":"2025-07-09T12:50:42","modified_gmt":"2025-07-09T10:50:42","slug":"convenios-suscritos-con-la-administracion-publica","status":"publish","type":"page","link":"https:\/\/fvo.cat\/es\/transparencia\/convenios-suscritos-con-la-administracion-publica\/","title":{"rendered":"Convenios suscritos con la administraci\u00f3n p\u00fablica"},"content":{"rendered":"<table>\n<tbody>\n<tr>\n<th>Adjudicatario<\/th>\n<th>Objeto<\/th>\n<th>Inicio<\/th>\n<th>Duraci\u00f3n m\u00e1xima<\/th>\n<th>Importe adjudicado<\/th>\n<th>Procedimiento<\/th>\n<\/tr>\n<tr>\n<td>Ayuntamiento de<br \/>\nLa Roca del Vall\u00e8s<\/td>\n<td>Convenio para la realizaci\u00f3n de los trabajos de mantenimiento y conservaci\u00f3n de las zonas enjardinadas del Municipio de La Roca del Vall\u00e8s<\/td>\n<td>02\/01\/2004<\/td>\n<td>31\/12\/2025<\/td>\n<td>41.475,48\u20ac<\/td>\n<td>Convenio de cooperaci\u00f3n<\/td>\n<\/tr>\n<\/tbody>\n<\/table>\n","protected":false},"excerpt":{"rendered":"<p>Adjudicatario Objeto Inicio Duraci\u00f3n m\u00e1xima Importe adjudicado Procedimiento Ayuntamiento de La Roca del Vall\u00e8s Convenio para la realizaci\u00f3n de los trabajos de mantenimiento y conservaci\u00f3n de las zonas enjardinadas del Municipio de [&hellip;]<\/p>\n","protected":false},"author":1,"featured_media":0,"parent":15182,"menu_order":78,"comment_status":"closed","ping_status":"closed","template":"","meta":{"_seopress_robots_primary_cat":"","_seopress_titles_title":"","_seopress_titles_desc":"","_seopress_robots_index":"","inline_featured_image":false,"footnotes":""},"class_list":["post-15226","page","type-page","status-publish","hentry"],"_links":{"self":[{"href":"https:\/\/fvo.cat\/es\/wp-json\/wp\/v2\/pages\/15226","targetHints":{"allow":["GET"]}}],"collection":[{"href":"https:\/\/fvo.cat\/es\/wp-json\/wp\/v2\/pages"}],"about":[{"href":"https:\/\/fvo.cat\/es\/wp-json\/wp\/v2\/types\/page"}],"author":[{"embeddable":true,"href":"https:\/\/fvo.cat\/es\/wp-json\/wp\/v2\/users\/1"}],"replies":[{"embeddable":true,"href":"https:\/\/fvo.cat\/es\/wp-json\/wp\/v2\/comments?post=15226"}],"version-history":[{"count":0,"href":"https:\/\/fvo.cat\/es\/wp-json\/wp\/v2\/pages\/15226\/revisions"}],"up":[{"embeddable":true,"href":"https:\/\/fvo.cat\/es\/wp-json\/wp\/v2\/pages\/15182"}],"wp:attachment":[{"href":"https:\/\/fvo.cat\/es\/wp-json\/wp\/v2\/media?parent=15226"}],"curies":[{"name":"wp","href":"https:\/\/api.w.org\/{rel}","templated":true}]}}