{"id":15227,"date":"2023-10-07T09:45:56","date_gmt":"2023-10-07T07:45:56","guid":{"rendered":"https:\/\/fvo.cat\/transparencia\/subvencions-i-ajudes-publiques-concedides\/"},"modified":"2024-05-15T17:25:14","modified_gmt":"2024-05-15T15:25:14","slug":"subvenciones-y-ayudas-publicas-concedidas","status":"publish","type":"page","link":"https:\/\/fvo.cat\/es\/transparencia\/subvenciones-y-ayudas-publicas-concedidas\/","title":{"rendered":"Subvenciones y ayudas p\u00fablicas concedidas"},"content":{"rendered":"<table>\n<tbody>\n<tr>\n<th>Adjudicatario<\/th>\n<th>Objeto<\/th>\n<th>Inicio<\/th>\n<th>Duraci\u00f3n m\u00e1xima<\/th>\n<th>Importe<\/th>\n<th>Procedimiento<\/th>\n<\/tr>\n<tr>\n<td>Departamento de Empresa y Trabajo<\/td>\n<td>Subvenciones destinadas al fomento de la integraci\u00f3n laboral de las personas con discapacidad en centros especiales de trabajo<\/td>\n<td>01\/01\/2024<\/td>\n<td>31\/12\/2024<\/td>\n<td>631.999,52\u20ac<\/td>\n<td>Convocatoria anual de subvenciones<\/td>\n<\/tr>\n<tr>\n<td>Departamento de Empresa y Trabajo<\/td>\n<td>Subvenciones para llevar a cabo acciones relativas a las unidades de apoyo a la actividad profesional en centros especiales de empleo (USAP)<\/td>\n<td>01\/01\/2024<\/td>\n<td>31\/12\/2024<\/td>\n<td>212.306,10\u20ac<\/td>\n<td>Convocatoria anual de subvenciones<\/td>\n<\/tr>\n<tr>\n<td>Departamento de Empresa y Trabajo<\/td>\n<td>Subvenciones para la realizaci\u00f3n de los servicios integrales de orientaci\u00f3n, acompa\u00f1amiento y apoyo a la inserci\u00f3n de las personas con discapacidad o trastorns de la salud mental (SIOAS)<\/td>\n<td>01\/07\/2023<\/td>\n<td>30\/06\/2024<\/td>\n<td>150.000\u20ac<\/td>\n<td>Convocatoria anual de subvenciones<\/td>\n<\/tr>\n<\/tbody>\n<\/table>\n","protected":false},"excerpt":{"rendered":"<p>Adjudicatario Objeto Inicio Duraci\u00f3n m\u00e1xima Importe Procedimiento Departamento de Empresa y Trabajo Subvenciones destinadas al fomento de la integraci\u00f3n laboral de las personas con discapacidad en centros especiales de trabajo 01\/01\/2024 31\/12\/2024 [&hellip;]<\/p>\n","protected":false},"author":1,"featured_media":0,"parent":15182,"menu_order":79,"comment_status":"closed","ping_status":"closed","template":"","meta":{"_seopress_robots_primary_cat":"","_seopress_titles_title":"","_seopress_titles_desc":"","_seopress_robots_index":"","inline_featured_image":false,"footnotes":""},"class_list":["post-15227","page","type-page","status-publish","hentry"],"_links":{"self":[{"href":"https:\/\/fvo.cat\/es\/wp-json\/wp\/v2\/pages\/15227","targetHints":{"allow":["GET"]}}],"collection":[{"href":"https:\/\/fvo.cat\/es\/wp-json\/wp\/v2\/pages"}],"about":[{"href":"https:\/\/fvo.cat\/es\/wp-json\/wp\/v2\/types\/page"}],"author":[{"embeddable":true,"href":"https:\/\/fvo.cat\/es\/wp-json\/wp\/v2\/users\/1"}],"replies":[{"embeddable":true,"href":"https:\/\/fvo.cat\/es\/wp-json\/wp\/v2\/comments?post=15227"}],"version-history":[{"count":0,"href":"https:\/\/fvo.cat\/es\/wp-json\/wp\/v2\/pages\/15227\/revisions"}],"up":[{"embeddable":true,"href":"https:\/\/fvo.cat\/es\/wp-json\/wp\/v2\/pages\/15182"}],"wp:attachment":[{"href":"https:\/\/fvo.cat\/es\/wp-json\/wp\/v2\/media?parent=15227"}],"curies":[{"name":"wp","href":"https:\/\/api.w.org\/{rel}","templated":true}]}}