{"id":15229,"date":"2023-10-07T09:56:40","date_gmt":"2023-10-07T07:56:40","guid":{"rendered":"https:\/\/fvo.cat\/transparencia\/retribucions-percebudes-pels-maxims-responsables-de-lentitat\/"},"modified":"2023-10-07T10:00:41","modified_gmt":"2023-10-07T08:00:41","slug":"retribucions-percebudes-pels-maxims-responsables-de-lentitat","status":"publish","type":"page","link":"https:\/\/fvo.cat\/es\/transparencia\/retribucions-percebudes-pels-maxims-responsables-de-lentitat\/","title":{"rendered":"Retribuciones percibidas por los m\u00e1ximos responsables de la entidad"},"content":{"rendered":"<p>Los cargos de los patronos son gratuitos, seg\u00fan el art\u00edculo 18\u00ba de los Estatutos de la Fundaci\u00f3n.<\/p>\n","protected":false},"excerpt":{"rendered":"<p>Los cargos de los patronos son gratuitos, seg\u00fan el art\u00edculo 18\u00ba de los Estatutos de la Fundaci\u00f3n.<\/p>\n","protected":false},"author":1,"featured_media":0,"parent":15182,"menu_order":85,"comment_status":"closed","ping_status":"closed","template":"","meta":{"_seopress_robots_primary_cat":"","_seopress_titles_title":"","_seopress_titles_desc":"","_seopress_robots_index":"","inline_featured_image":false,"footnotes":""},"class_list":["post-15229","page","type-page","status-publish","hentry"],"_links":{"self":[{"href":"https:\/\/fvo.cat\/es\/wp-json\/wp\/v2\/pages\/15229","targetHints":{"allow":["GET"]}}],"collection":[{"href":"https:\/\/fvo.cat\/es\/wp-json\/wp\/v2\/pages"}],"about":[{"href":"https:\/\/fvo.cat\/es\/wp-json\/wp\/v2\/types\/page"}],"author":[{"embeddable":true,"href":"https:\/\/fvo.cat\/es\/wp-json\/wp\/v2\/users\/1"}],"replies":[{"embeddable":true,"href":"https:\/\/fvo.cat\/es\/wp-json\/wp\/v2\/comments?post=15229"}],"version-history":[{"count":0,"href":"https:\/\/fvo.cat\/es\/wp-json\/wp\/v2\/pages\/15229\/revisions"}],"up":[{"embeddable":true,"href":"https:\/\/fvo.cat\/es\/wp-json\/wp\/v2\/pages\/15182"}],"wp:attachment":[{"href":"https:\/\/fvo.cat\/es\/wp-json\/wp\/v2\/media?parent=15229"}],"curies":[{"name":"wp","href":"https:\/\/api.w.org\/{rel}","templated":true}]}}