{"id":15269,"date":"2023-06-30T09:06:08","date_gmt":"2023-06-30T07:06:08","guid":{"rendered":"https:\/\/fvo.cat\/serveis-a-persones\/"},"modified":"2024-05-09T13:40:43","modified_gmt":"2024-05-09T11:40:43","slug":"servicios-a-personas","status":"publish","type":"page","link":"https:\/\/fvo.cat\/es\/servicios-a-personas\/","title":{"rendered":"Servicios a personas"},"content":{"rendered":"<h2>Al servicio de la persona con disCapacidad intelectual<\/h2>\n<p>La Fundaci\u00f3n atiende a la persona con disCapacidad intelectual a lo largo de su etapa de vida adulta, con el fin de potenciar su calidad de vida y velar porque sus derechos como personas sean respetados, a trav\u00e9s de dos \u00e1reas de servicios especializados: el <strong>\u00e1rea de atenci\u00f3n diurna<\/strong> y el <strong>\u00e1rea de acogida residencial<\/strong>.<\/p>\n<p>Nuestro objetivo es atender las diferentes necesidades individuales que van apareciendo seg\u00fan la evoluci\u00f3n vital fomentando al mismo tiempo la inclusi\u00f3n social y la autonom\u00eda personal.<\/p>\n","protected":false},"excerpt":{"rendered":"<p>Al servicio de la persona con disCapacidad intelectual La Fundaci\u00f3n atiende a la persona con disCapacidad intelectual a lo largo de su etapa de vida adulta, con el fin de potenciar su [&hellip;]<\/p>\n","protected":false},"author":1,"featured_media":76,"parent":0,"menu_order":19,"comment_status":"closed","ping_status":"closed","template":"controllers\/serveis-page.php","meta":{"_seopress_robots_primary_cat":"","_seopress_titles_title":"","_seopress_titles_desc":"","_seopress_robots_index":"","inline_featured_image":false,"footnotes":""},"class_list":["post-15269","page","type-page","status-publish","has-post-thumbnail","hentry"],"_links":{"self":[{"href":"https:\/\/fvo.cat\/es\/wp-json\/wp\/v2\/pages\/15269","targetHints":{"allow":["GET"]}}],"collection":[{"href":"https:\/\/fvo.cat\/es\/wp-json\/wp\/v2\/pages"}],"about":[{"href":"https:\/\/fvo.cat\/es\/wp-json\/wp\/v2\/types\/page"}],"author":[{"embeddable":true,"href":"https:\/\/fvo.cat\/es\/wp-json\/wp\/v2\/users\/1"}],"replies":[{"embeddable":true,"href":"https:\/\/fvo.cat\/es\/wp-json\/wp\/v2\/comments?post=15269"}],"version-history":[{"count":0,"href":"https:\/\/fvo.cat\/es\/wp-json\/wp\/v2\/pages\/15269\/revisions"}],"wp:featuredmedia":[{"embeddable":true,"href":"https:\/\/fvo.cat\/es\/wp-json\/wp\/v2\/media\/76"}],"wp:attachment":[{"href":"https:\/\/fvo.cat\/es\/wp-json\/wp\/v2\/media?parent=15269"}],"curies":[{"name":"wp","href":"https:\/\/api.w.org\/{rel}","templated":true}]}}