{"id":15286,"date":"2023-06-30T09:21:47","date_gmt":"2023-06-30T07:21:47","guid":{"rendered":"https:\/\/fvo.cat\/servicios-a-personas\/centre-ocupacional-soi\/"},"modified":"2025-08-11T11:57:34","modified_gmt":"2025-08-11T09:57:34","slug":"centro-ocupacional-soi","status":"publish","type":"page","link":"https:\/\/fvo.cat\/es\/servicios-a-personas\/centro-ocupacional-soi\/","title":{"rendered":"Centro Ocupacional"},"content":{"rendered":"<h2>Centro Ocupacional<\/h2>\n<p><img loading=\"lazy\" decoding=\"async\" class=\"aligncenter size-large wp-image-17663\" src=\"https:\/\/fvo.cat\/wp-content\/uploads\/2025\/06\/img-8654-1024x683.jpg\" alt=\"\" width=\"1024\" height=\"683\" srcset=\"https:\/\/fvo.cat\/wp-content\/uploads\/2025\/06\/img-8654-1024x683.jpg 1024w, https:\/\/fvo.cat\/wp-content\/uploads\/2025\/06\/img-8654-300x200.jpg 300w, https:\/\/fvo.cat\/wp-content\/uploads\/2025\/06\/img-8654-768x512.jpg 768w, https:\/\/fvo.cat\/wp-content\/uploads\/2025\/06\/img-8654-1536x1024.jpg 1536w, https:\/\/fvo.cat\/wp-content\/uploads\/2025\/06\/img-8654-2048x1365.jpg 2048w\" sizes=\"auto, (max-width: 1024px) 100vw, 1024px\" \/><\/p>\n<p>La finalidad del Centro Ocupacional \u201cXavier Quincoces\u201d es que las persones adultas con discapacidad intelectual puedan lograr una integraci\u00f3n social llena eb la comunidad donde pertenecen, a trav\u00e9s de dos servicios: el Servicio de Terapia Ocupacional (STO) y el Servicio Ocupacional de Inserci\u00f3n (SOI), ambos con objetivos y funcionamiento independiente pero a la vez interrelacionados en cuanto a la direcci\u00f3n y organizaci\u00f3n de servicios.<\/p>\n<p>Nuestra funci\u00f3n no la limitamos a atender las necesidades de las personas, sino a ser promotores y facilitadors de proyectos de felicidad de cada una de las personas atendidas en nuestro centro, donde sus deseos y anhelos, sean el motor que los tiene que promover y comportar una v ida de plenitud.<\/p>\n<h2 class=\"av-special-heading-tag \">El Servicio Ocupacional de Inserci\u00f3 (SOI)<\/h2>\n<div class=\"col_b\">\n<div class=\"textbox\">\n<div id=\"contenedor\" class=\"textarea unknown\">El servicio de SOI est\u00e1 destinado a aquellas personas que necesitan un tipo de apoyo limitado, es decir, s\u00f3lo en determinadas \u00e1reas y limitado en el tiempo. Est\u00e1 dirigido a potenciar y conservar las capacidades personales y sociales mediante el desarrollo de actividades de formaci\u00f3n laborales y de ajustamiento.<\/div>\n<div>\u00a0<\/div>\n<div class=\"textarea unknown\">El objetivo es que cada grupo de SOI cuente con su identidad propia, potenciando la diferenciaci\u00f3n de grupo referente, de forma que cada grupo funcione de manera independiente, y adaptando los apoyos a los diferentes perfiles seg\u00fan la metodolog\u00eda de la Atenci\u00f3n Centrada en la Persona (ACP), a pesar de que se mantenga la cohesi\u00f3n general del servicio (actividades comunes&#8230;).<\/div>\n<\/div>\n<\/div>\n<h2 class=\"av-special-heading-tag \">El Servicio de Ter\u00e0pia Ocupacional (STO)<\/h2>\n<div class=\"col_b\">\n<div class=\"textbox\">\n<div id=\"contenedor\" class=\"textarea unknown\">El servicio de STO atiende a aquellas personas con disCapacidad intelectual que necesitan una intensa y\/o peri\u00f3dica atenci\u00f3n en la mayor\u00eda de actividades de la vida cotidiana, tanto a nivel psicopedag\u00f3gico, como social y personal.<\/div>\n<div>\u00a0<\/div>\n<div class=\"textarea unknown\">En el caso de personas valoradas de STO con auxiliar les hace falta un programa de apoyo extenso\/generalizado (supervisi\u00f3n intensa); y en el supuesto de que las personas atendidas est\u00e9n valoradas de STO, necesitan de un programa de apoyo extenso\/limitado (peri\u00f3dico).<\/div>\n<div>\u00a0<\/div>\n<div class=\"textarea unknown\">En ambos casos se entiende que se trata de <strong>Programas de Apoyo Individuales<\/strong>, que especifica los objetivos asistenciales de cada persona y se describen las actividades y la metodolog\u00eda a utilizar, y donde se enfatizan aquellas actividades de ajustamiento personal y social que tienen la finalidad de conseguir el \u00f3ptimo desarrollo de la persona atendida en su vida cotidiana y mejorar la relaci\u00f3n con el entorno, destacando el grupo de personas envejecidas, el cual forma parte del STO, como unidad espec\u00edfica, encargada de su atenci\u00f3n diurna.<\/div>\n<\/div>\n<\/div>\n<h2 class=\"av-special-heading-tag \">Metodolog\u00eda<\/h2>\n<p><strong>El programa general de actividades del Centro Ocupacional<\/strong> tiene que permitir un funcionamiento aut\u00f3nomo del Servicio de Ocupaci\u00f3n e Inserci\u00f3n (SOI), ofreciendo actividades espec\u00edficas de ajustamiento personal y social y actividad pre-laboral seg\u00fan el perfil de la persona atendida, preferencias, intereses seg\u00fan la Atenci\u00f3n Centrada en la Persona y seg\u00fan la formaci\u00f3n del monitor\/a.<\/p>\n<p>Al ser un funcionamiento ya pensado en la necesidad de su flexibilidad, dependiendo de la fluctuaci\u00f3n laboral el horario se adaptar\u00e1 siempre priorizando la tarea pre-laboral y cuando la situaci\u00f3n lo permita se realizar\u00e1n las actividades de ajustamiento personal y social programadas. El ajustamiento personal y social es aquel conjunto de actividades dirigidas a la persona atendida, que con su participaci\u00f3n directa, tienen por objeto una rehabilitaci\u00f3n estructural de la persona y una mejora de su relaci\u00f3n con el entorno. Las diferentes actividades programadas son:<\/p>\n<ul>\n<li>Acad\u00e9mico-formativo-conocimientos (diferentes rincones: c\u00e1lculo, geograf\u00eda, ciencia, lengua?)+Pantalla Digital Interactiva (martes)<\/li>\n<li>Centros de inter\u00e9s (habilidades sociales, sexualidad, salud, profesiones, visitas externas?)+Pantalla Digital Interactiva (mi\u00e9rcoles)<\/li>\n<li>Artesan\u00eda (tem\u00e1tico, quebradizo, carpinter\u00eda?) (jueves)<\/li>\n<li>Deporte (f\u00fatbol, baloncesto, h\u00e0ndbol, voley, b\u00e1dminton, atletismo, petanca, bolos?) Pista (viernes)<\/li>\n<\/ul>\n<p>Se promueven las condiciones necesarias por la consecuci\u00f3n de mejoras en todos los \u00e1mbitos de la calidad de vida y el bienestar de la persona, partiendo del respeto lleno a su dignidad y derechos, de sus intereses y preferencias y contando con su participaci\u00f3n activa y donde cada persona beneficiaria elabora un plan de atenci\u00f3n y vida, concebido como un instrumento de acci\u00f3n dialogada entre la persona atendida, la familia, el entorno comunitario y los profesionales de los varios servicios. Se entiende la diversidad y variedad en cada una de las persona atendidas, entendi\u00e9ndolo como una atenci\u00f3n flexible, multidisciplinar, individualizada y adaptada a la persona donde el eje vertebrador del servicio son sus necesidades individuales. As\u00ed pues, partiendo de los puntos fuertes o competencias de cada cual se traza su itinerario personalizado de actividades semanales, con un horario individual y propio, el cual forma parte de su atenci\u00f3n diaria al servicio en que se trabajan todas las \u00e1reas.<\/p>\n<p>Nuestra funci\u00f3n no la limitamos a atender las necesidades de las personas, sino a ser promotores y facilitadors de proyectos de felicidad de cada una de las personas atendidas en nuestro centro, donde sus deseos y anhelos, sean el motor que los tiene que promover y comportar una vida de plenitud.<\/p>\n<p>Por tanta, a cada uno de los servicios del Centro Ocupacional:<\/p>\n<ul>\n<li>Se adaptan las herramientas y recursos que facilitan la autogesti\u00f3n y autodeterminaci\u00f3n de la persona con disCapacidad<\/li>\n<li>Se planifica una propuesta de actividades de rehabilitaci\u00f3n y habilitaci\u00f3n adaptadas a las necesidades evolutivas de las personas atendidas<\/li>\n<li>Se crean espacios que permitan expresar sus necesidades, intereses personales, deseos e ilusiones<\/li>\n<\/ul>\n<p>&nbsp;<\/p>\n<h2 class=\"av-special-heading-tag \">Instalaciones<\/h2>\n<div class=\"col_b\">\n<div class=\"textbox\">\n<div id=\"contenedor\" class=\"textarea unknown\">La superficie construida por el Centro Ocupacional es de 2.700m\u00b2, en un terreno propiedad de la FVO, repartidos en una sola planta con diferentes niveles para alojar los servicios de Centro Ocupacional. En estos momentos el centro cuenta con un edificio funcional, din\u00e1mico y con capacidad para ir adapt\u00e1ndose a las futuras generaciones de personas adultas con disCapacidad intelectual que puedan solicitar la entrada al servicio.\u00a0 Es por este motivo que, actualmente, hay 18 sales de ajustamiento personal y social destinadas al STO, de forma que cada grupo dispone de su lugar de actividad diaria y dos grandes salas di\u00e1fanas est\u00e1n reservadas exclusivamente al servicio de SOI.<\/div>\n<div>\u00a0<\/div>\n<div class=\"textarea unknown\">Tambi\u00e9n se cuenta con\u00a0 una sala de marqueter\u00eda, zona de calma, enfermer\u00eda y zona de recreo, con un espacio destinado a huerto y jard\u00edn, pista polideportiva y pistas de petanca. As\u00ed como la recepci\u00f3n, la sala de actividades S\u00edlvia Ramada, el despacho de psicolog\u00eda, terapia ocupacional, trabajo social y pedagog\u00eda y el despacho de direcci\u00f3n del centro.<\/div>\n<\/div>\n<\/div>\n<div id='gallery-1' class='gallery galleryid-15286 gallery-columns-3 gallery-size-medium'><figure class='gallery-item'>\n\t\t\t<div class='gallery-icon landscape'>\n\t\t\t\t<a href='https:\/\/fvo.cat\/wp-content\/uploads\/2025\/06\/img-8402.jpg'><img loading=\"lazy\" decoding=\"async\" width=\"300\" height=\"200\" src=\"https:\/\/fvo.cat\/wp-content\/uploads\/2025\/06\/img-8402-300x200.jpg\" class=\"attachment-medium size-medium\" alt=\"\" srcset=\"https:\/\/fvo.cat\/wp-content\/uploads\/2025\/06\/img-8402-300x200.jpg 300w, https:\/\/fvo.cat\/wp-content\/uploads\/2025\/06\/img-8402-1024x683.jpg 1024w, https:\/\/fvo.cat\/wp-content\/uploads\/2025\/06\/img-8402-768x512.jpg 768w, https:\/\/fvo.cat\/wp-content\/uploads\/2025\/06\/img-8402-1536x1024.jpg 1536w, https:\/\/fvo.cat\/wp-content\/uploads\/2025\/06\/img-8402-2048x1365.jpg 2048w\" sizes=\"auto, (max-width: 300px) 100vw, 300px\" \/><\/a>\n\t\t\t<\/div><\/figure><figure class='gallery-item'>\n\t\t\t<div class='gallery-icon landscape'>\n\t\t\t\t<a href='https:\/\/fvo.cat\/wp-content\/uploads\/2025\/06\/4.png'><img loading=\"lazy\" decoding=\"async\" width=\"300\" height=\"271\" src=\"https:\/\/fvo.cat\/wp-content\/uploads\/2025\/06\/4-300x271.png\" class=\"attachment-medium size-medium\" alt=\"\" srcset=\"https:\/\/fvo.cat\/wp-content\/uploads\/2025\/06\/4-300x271.png 300w, https:\/\/fvo.cat\/wp-content\/uploads\/2025\/06\/4-1024x924.png 1024w, https:\/\/fvo.cat\/wp-content\/uploads\/2025\/06\/4-768x693.png 768w, https:\/\/fvo.cat\/wp-content\/uploads\/2025\/06\/4.png 1071w\" sizes=\"auto, (max-width: 300px) 100vw, 300px\" \/><\/a>\n\t\t\t<\/div><\/figure><figure class='gallery-item'>\n\t\t\t<div class='gallery-icon landscape'>\n\t\t\t\t<a href='https:\/\/fvo.cat\/wp-content\/uploads\/2025\/08\/img-80901.jpg'><img loading=\"lazy\" decoding=\"async\" width=\"300\" height=\"270\" src=\"https:\/\/fvo.cat\/wp-content\/uploads\/2025\/08\/img-80901-300x270.jpg\" class=\"attachment-medium size-medium\" alt=\"\" srcset=\"https:\/\/fvo.cat\/wp-content\/uploads\/2025\/08\/img-80901-300x270.jpg 300w, https:\/\/fvo.cat\/wp-content\/uploads\/2025\/08\/img-80901-600x541.jpg 600w, https:\/\/fvo.cat\/wp-content\/uploads\/2025\/08\/img-80901-1024x923.jpg 1024w, https:\/\/fvo.cat\/wp-content\/uploads\/2025\/08\/img-80901-768x692.jpg 768w, https:\/\/fvo.cat\/wp-content\/uploads\/2025\/08\/img-80901-1536x1385.jpg 1536w, https:\/\/fvo.cat\/wp-content\/uploads\/2025\/08\/img-80901.jpg 1917w\" sizes=\"auto, (max-width: 300px) 100vw, 300px\" \/><\/a>\n\t\t\t<\/div><\/figure><figure class='gallery-item'>\n\t\t\t<div class='gallery-icon landscape'>\n\t\t\t\t<a href='https:\/\/fvo.cat\/wp-content\/uploads\/2025\/06\/post-instagram-format-rectangle-18.png'><img loading=\"lazy\" decoding=\"async\" width=\"300\" height=\"224\" src=\"https:\/\/fvo.cat\/wp-content\/uploads\/2025\/06\/post-instagram-format-rectangle-18-300x224.png\" class=\"attachment-medium size-medium\" alt=\"\" srcset=\"https:\/\/fvo.cat\/wp-content\/uploads\/2025\/06\/post-instagram-format-rectangle-18-300x224.png 300w, https:\/\/fvo.cat\/wp-content\/uploads\/2025\/06\/post-instagram-format-rectangle-18-1024x765.png 1024w, https:\/\/fvo.cat\/wp-content\/uploads\/2025\/06\/post-instagram-format-rectangle-18-768x574.png 768w, https:\/\/fvo.cat\/wp-content\/uploads\/2025\/06\/post-instagram-format-rectangle-18-1536x1148.png 1536w, https:\/\/fvo.cat\/wp-content\/uploads\/2025\/06\/post-instagram-format-rectangle-18.png 1600w\" sizes=\"auto, (max-width: 300px) 100vw, 300px\" \/><\/a>\n\t\t\t<\/div><\/figure><figure class='gallery-item'>\n\t\t\t<div class='gallery-icon landscape'>\n\t\t\t\t<a href='https:\/\/fvo.cat\/wp-content\/uploads\/2025\/06\/img-8398.jpg'><img loading=\"lazy\" decoding=\"async\" width=\"300\" height=\"200\" src=\"https:\/\/fvo.cat\/wp-content\/uploads\/2025\/06\/img-8398-300x200.jpg\" class=\"attachment-medium size-medium\" alt=\"\" srcset=\"https:\/\/fvo.cat\/wp-content\/uploads\/2025\/06\/img-8398-300x200.jpg 300w, https:\/\/fvo.cat\/wp-content\/uploads\/2025\/06\/img-8398-1024x683.jpg 1024w, https:\/\/fvo.cat\/wp-content\/uploads\/2025\/06\/img-8398-768x512.jpg 768w, https:\/\/fvo.cat\/wp-content\/uploads\/2025\/06\/img-8398-1536x1024.jpg 1536w, https:\/\/fvo.cat\/wp-content\/uploads\/2025\/06\/img-8398-2048x1365.jpg 2048w\" sizes=\"auto, (max-width: 300px) 100vw, 300px\" \/><\/a>\n\t\t\t<\/div><\/figure><figure class='gallery-item'>\n\t\t\t<div class='gallery-icon landscape'>\n\t\t\t\t<a href='https:\/\/fvo.cat\/wp-content\/uploads\/2024\/02\/img-20240216-wa0018.jpg'><img loading=\"lazy\" decoding=\"async\" width=\"300\" height=\"225\" src=\"https:\/\/fvo.cat\/wp-content\/uploads\/2024\/02\/img-20240216-wa0018-300x225.jpg\" class=\"attachment-medium size-medium\" alt=\"\" srcset=\"https:\/\/fvo.cat\/wp-content\/uploads\/2024\/02\/img-20240216-wa0018-300x225.jpg 300w, https:\/\/fvo.cat\/wp-content\/uploads\/2024\/02\/img-20240216-wa0018-1024x768.jpg 1024w, https:\/\/fvo.cat\/wp-content\/uploads\/2024\/02\/img-20240216-wa0018-768x576.jpg 768w, https:\/\/fvo.cat\/wp-content\/uploads\/2024\/02\/img-20240216-wa0018.jpg 1443w\" sizes=\"auto, (max-width: 300px) 100vw, 300px\" \/><\/a>\n\t\t\t<\/div><\/figure><figure class='gallery-item'>\n\t\t\t<div class='gallery-icon landscape'>\n\t\t\t\t<a href='https:\/\/fvo.cat\/wp-content\/uploads\/2024\/02\/img-20240220-153118.jpg'><img loading=\"lazy\" decoding=\"async\" width=\"300\" height=\"225\" src=\"https:\/\/fvo.cat\/wp-content\/uploads\/2024\/02\/img-20240220-153118-300x225.jpg\" class=\"attachment-medium size-medium\" alt=\"\" srcset=\"https:\/\/fvo.cat\/wp-content\/uploads\/2024\/02\/img-20240220-153118-300x225.jpg 300w, https:\/\/fvo.cat\/wp-content\/uploads\/2024\/02\/img-20240220-153118-1024x768.jpg 1024w, https:\/\/fvo.cat\/wp-content\/uploads\/2024\/02\/img-20240220-153118-768x576.jpg 768w, https:\/\/fvo.cat\/wp-content\/uploads\/2024\/02\/img-20240220-153118.jpg 1443w\" sizes=\"auto, (max-width: 300px) 100vw, 300px\" \/><\/a>\n\t\t\t<\/div><\/figure><figure class='gallery-item'>\n\t\t\t<div class='gallery-icon portrait'>\n\t\t\t\t<a href='https:\/\/fvo.cat\/wp-content\/uploads\/2024\/02\/img-20240220-154058.jpg'><img loading=\"lazy\" decoding=\"async\" width=\"225\" height=\"300\" src=\"https:\/\/fvo.cat\/wp-content\/uploads\/2024\/02\/img-20240220-154058-225x300.jpg\" class=\"attachment-medium size-medium\" alt=\"\" srcset=\"https:\/\/fvo.cat\/wp-content\/uploads\/2024\/02\/img-20240220-154058-225x300.jpg 225w, https:\/\/fvo.cat\/wp-content\/uploads\/2024\/02\/img-20240220-154058-768x1023.jpg 768w, https:\/\/fvo.cat\/wp-content\/uploads\/2024\/02\/img-20240220-154058.jpg 812w\" sizes=\"auto, (max-width: 225px) 100vw, 225px\" \/><\/a>\n\t\t\t<\/div><\/figure><figure class='gallery-item'>\n\t\t\t<div class='gallery-icon landscape'>\n\t\t\t\t<a href='https:\/\/fvo.cat\/wp-content\/uploads\/2024\/02\/img-20240212-wa0023.jpg'><img loading=\"lazy\" decoding=\"async\" width=\"300\" height=\"225\" src=\"https:\/\/fvo.cat\/wp-content\/uploads\/2024\/02\/img-20240212-wa0023-300x225.jpg\" class=\"attachment-medium size-medium\" alt=\"\" srcset=\"https:\/\/fvo.cat\/wp-content\/uploads\/2024\/02\/img-20240212-wa0023-300x225.jpg 300w, https:\/\/fvo.cat\/wp-content\/uploads\/2024\/02\/img-20240212-wa0023-1024x768.jpg 1024w, https:\/\/fvo.cat\/wp-content\/uploads\/2024\/02\/img-20240212-wa0023-768x576.jpg 768w, https:\/\/fvo.cat\/wp-content\/uploads\/2024\/02\/img-20240212-wa0023.jpg 1443w\" sizes=\"auto, (max-width: 300px) 100vw, 300px\" \/><\/a>\n\t\t\t<\/div><\/figure>\n\t\t<\/div>\n\n<h3 class=\"av-special-heading-tag \">Historia<\/h3>\n<div class=\"col_b\">\n<div class=\"textbox\">\n<div id=\"contenedor\" class=\"textarea unknown\">\n<div class=\"col_b\">\n<div class=\"textbox\">\n<div id=\"contenedor\" class=\"textarea unknown\">El Centro Ocupacional naci\u00f3 el a\u00f1o 1991 con la valoraci\u00f3n de las primeras 7 personas, y fue en el a\u00f1o 1992 cuando desde el EVO (Equipo de Valoraci\u00f3n y Orientaci\u00f3n) de Adultos se valoraron 41 personas m\u00e1s como integrantes del centro. El grueso de personas atendidas (48) que pasaron a formar parte del Centro Ocupacional proven\u00eda del mismo taller, el cual, a partir de la publicaci\u00f3n del Decreto del a\u00f1o 1987 se reorganiz\u00f3 para constituir en abril de 1992 el Centro Ocupacional de los Talleres Valldoriolf (actualmente llamado Centro Ocupacional).<\/div>\n<div>\u00a0<\/div>\n<div class=\"textarea unknown\">No fue hasta el a\u00f1o 1996, y con la publicaci\u00f3n del Decreto 336\/1996, que se regul\u00f3 el Servicio de SOI (Servicio Ocupacional de Inserci\u00f3n) constituido por aquellas persones adultas con disCapacidad intelectual que no entraban a formar parte del Centro Ocupacional y tampoco pod\u00edan ser contratadas para el Centro Especial de Trabajo de la FVO por su grado de afectaci\u00f3n,-los mal denominados \u00abtransitorios\u00bb porqu\u00e9 estaban en una situaci\u00f3n de transitoriedad legal, seg\u00fan la normativa que los amparaba-. Ingresaron en el SOI aproximadamente 70 personas, y des de aquel momento el Centro Ocupacional cont\u00f3 con los dos servicios que ya tiene actualmente, el Servicio de Terapia Ocupacional (STO) y el Servicio Ocupacional de Inserci\u00f3n (SOI). Las reformas interiores de las instalaciones del centro ocupacional han hecho posible atender a una diversidad importante de personas adultas con disCapacidad intelectual, actualmente el servicio de SOI tiene una capacidad registral de 75 personas y el servicio de STO cuenta con una capacidad registral para 170 personas.\u00a0<\/div>\n<\/div>\n<\/div>\n<\/div>\n<\/div>\n<\/div>\n<p>&nbsp;<\/p>\n","protected":false},"excerpt":{"rendered":"<p>La finalitat del Centre Ocupacional \u201cXavier Quincoces\u201d \u00e9s que les persones adultes amb discapacitat intel\u00b7lectual puguin assolir una integraci\u00f3 social plena a la comunitat on pertanyen, a trav\u00e9s de dos serveis: el Servei de Ter\u00e0pia Ocupacional (STO) i el Servei Ocupacional d\u2019Inserci\u00f3 (SOI), ambd\u00f3s amb objectius i funcionament independent per\u00f2 alhora interrelacionats pel que fa a la direcci\u00f3 i organitzaci\u00f3 de serveis.<\/p>\n","protected":false},"author":1,"featured_media":17583,"parent":15269,"menu_order":25,"comment_status":"closed","ping_status":"closed","template":"","meta":{"_seopress_robots_primary_cat":"","_seopress_titles_title":"","_seopress_titles_desc":"","_seopress_robots_index":"","inline_featured_image":false,"footnotes":""},"class_list":["post-15286","page","type-page","status-publish","has-post-thumbnail","hentry"],"_links":{"self":[{"href":"https:\/\/fvo.cat\/es\/wp-json\/wp\/v2\/pages\/15286","targetHints":{"allow":["GET"]}}],"collection":[{"href":"https:\/\/fvo.cat\/es\/wp-json\/wp\/v2\/pages"}],"about":[{"href":"https:\/\/fvo.cat\/es\/wp-json\/wp\/v2\/types\/page"}],"author":[{"embeddable":true,"href":"https:\/\/fvo.cat\/es\/wp-json\/wp\/v2\/users\/1"}],"replies":[{"embeddable":true,"href":"https:\/\/fvo.cat\/es\/wp-json\/wp\/v2\/comments?post=15286"}],"version-history":[{"count":0,"href":"https:\/\/fvo.cat\/es\/wp-json\/wp\/v2\/pages\/15286\/revisions"}],"up":[{"embeddable":true,"href":"https:\/\/fvo.cat\/es\/wp-json\/wp\/v2\/pages\/15269"}],"wp:featuredmedia":[{"embeddable":true,"href":"https:\/\/fvo.cat\/es\/wp-json\/wp\/v2\/media\/17583"}],"wp:attachment":[{"href":"https:\/\/fvo.cat\/es\/wp-json\/wp\/v2\/media?parent=15286"}],"curies":[{"name":"wp","href":"https:\/\/api.w.org\/{rel}","templated":true}]}}