{"id":15333,"date":"2023-10-09T08:42:08","date_gmt":"2023-10-09T06:42:08","guid":{"rendered":"https:\/\/fvo.cat\/servicios-a-personas\/centre-datencio-especialitzada\/"},"modified":"2025-08-11T11:59:24","modified_gmt":"2025-08-11T09:59:24","slug":"centro-de-atencion-especializada","status":"publish","type":"page","link":"https:\/\/fvo.cat\/es\/servicios-a-personas\/centro-de-atencion-especializada\/","title":{"rendered":"Centro de atenci\u00f3n especializada"},"content":{"rendered":"<h2>Centro de Atenci\u00f3n Especializada \u2019\u2019Valldoriolf\u2019\u2019<\/h2>\n<p>&nbsp;<\/p>\n<p><img loading=\"lazy\" decoding=\"async\" class=\"size-full wp-image-15314 aligncenter\" src=\"https:\/\/fvo.cat\/wp-content\/uploads\/2023\/10\/resi2-ok-2.jpg\" alt=\"\" width=\"722\" height=\"332\" srcset=\"https:\/\/fvo.cat\/wp-content\/uploads\/2023\/10\/resi2-ok-2.jpg 722w, https:\/\/fvo.cat\/wp-content\/uploads\/2023\/10\/resi2-ok-2-300x138.jpg 300w\" sizes=\"auto, (max-width: 722px) 100vw, 722px\" \/><\/p>\n<p>&nbsp;<\/p>\n<p>El Centro de Atenci\u00f3n Especializada (CAE) ofrece una atenci\u00f3n individual a las personas con graves discapacidades, para conseguir el m\u00e1ximo grado de autonom\u00eda personal y de integraci\u00f3n social, y favorecer a la vez un abanico de actividades de grupo en el que la persona sea qui\u00e9n las elija seg\u00fan sus preferencias.<\/p>\n<p>Proporciona los apoyos adecuados a la persona para lograr su proyecto de vida y procura una buena interacci\u00f3n con el entorno, potenciando la inclusi\u00f3n social y el ejercicio de los derechos de ciudadan\u00eda de las personas atendidas. Se ofrece apoyo a las familias o tutores en relaci\u00f3n a la persona atendida en el servicio de atenci\u00f3n diurna.<\/p>\n<h2>Instalaciones<\/h2>\n<p>El Centre de Atenci\u00f3n Especializada \u201cValldoriolf\u201d se encuentra totalment integrado en la Residencia \u201cValldoriolf\u201d, construida en un solo plano de 2.700 m2 ubicados en un terreno de 5ha. propiedad de la FVO.<\/p>\n<p>En la entrada principal hay un gran vest\u00edbulo de uso m\u00faltiple donde se encuentran: la recepci\u00f3n, despachos de los servicios t\u00e9cnicos, sala de juntas, lavabos, servicio m\u00e9dico y de enfermer\u00eda, farmacia; y, los espacios destinados a las actividades del servicio de atenci\u00f3n diurna o especializada: sala de fisioterapia, sala de estimulaci\u00f3n sensorial, sala multimedia y sala de taller de manipulaciones y est\u00e9tica (estas cuatro \u00faltimas con salida a zona enjardinada).<\/p>\n<p>A continuaci\u00f3n hay el pasillo central que baja hasta el final del edificio y separa la zona de los residentes de los servicios generales (sala de m\u00e1quinas, taller mantenimiento, sala de personal, lavander\u00eda, cocina y vestuarios de personal).<\/p>\n<p>El servicio de lavander\u00eda y limpieza lo gestiona el Centro Especial de Trabajo \u201cXavier Quincoces\u201d de la misma Fundaci\u00f3n y el servicio de cocina, subcontratado a la empresa RC Servicios, cuenta con cocina propiamente en las instalaciones del centro y un equipo de dos personas con discapacidad del Centro Especial de Trabajo integradas a la cocina, en cuanto a los men\u00fas son realizados y revisados mensualmente por el servicio de enfermer\u00eda del Centro.<\/p>\n<p>Los espacios dedicados a la vida diaria se componen de tres unidades con una misma distribuci\u00f3n y composici\u00f3n: un pasillo separa los dormitorios a la izquierda y los ba\u00f1os y salas a la derecha.<\/p>\n<p>Las unidades A y B disponen de una zona de estar con televisi\u00f3n y v\u00eddeo. Al final del pasillo hay el office y el comedor grande.<\/p>\n<div id='gallery-1' class='gallery galleryid-15333 gallery-columns-5 gallery-size-thumbnail'><figure class='gallery-item'>\n\t\t\t<div class='gallery-icon landscape'>\n\t\t\t\t<a href='https:\/\/fvo.cat\/wp-content\/uploads\/2023\/10\/centre-dia-instalacio-5.png'><img loading=\"lazy\" decoding=\"async\" width=\"150\" height=\"150\" src=\"https:\/\/fvo.cat\/wp-content\/uploads\/2023\/10\/centre-dia-instalacio-5-150x150.png\" class=\"attachment-thumbnail size-thumbnail\" alt=\"\" \/><\/a>\n\t\t\t<\/div><\/figure><figure class='gallery-item'>\n\t\t\t<div class='gallery-icon landscape'>\n\t\t\t\t<a href='https:\/\/fvo.cat\/wp-content\/uploads\/2023\/10\/centre-dia-instalacio-4.png'><img loading=\"lazy\" decoding=\"async\" width=\"150\" height=\"150\" src=\"https:\/\/fvo.cat\/wp-content\/uploads\/2023\/10\/centre-dia-instalacio-4-150x150.png\" class=\"attachment-thumbnail size-thumbnail\" alt=\"\" \/><\/a>\n\t\t\t<\/div><\/figure><figure class='gallery-item'>\n\t\t\t<div class='gallery-icon landscape'>\n\t\t\t\t<a href='https:\/\/fvo.cat\/wp-content\/uploads\/2023\/10\/centre-dia-instalacio-3.png'><img loading=\"lazy\" decoding=\"async\" width=\"150\" height=\"150\" src=\"https:\/\/fvo.cat\/wp-content\/uploads\/2023\/10\/centre-dia-instalacio-3-150x150.png\" class=\"attachment-thumbnail size-thumbnail\" alt=\"\" \/><\/a>\n\t\t\t<\/div><\/figure><figure class='gallery-item'>\n\t\t\t<div class='gallery-icon landscape'>\n\t\t\t\t<a href='https:\/\/fvo.cat\/wp-content\/uploads\/2023\/10\/centre-dia-instalacio-2.png'><img loading=\"lazy\" decoding=\"async\" width=\"150\" height=\"150\" src=\"https:\/\/fvo.cat\/wp-content\/uploads\/2023\/10\/centre-dia-instalacio-2-150x150.png\" class=\"attachment-thumbnail size-thumbnail\" alt=\"\" \/><\/a>\n\t\t\t<\/div><\/figure><figure class='gallery-item'>\n\t\t\t<div class='gallery-icon landscape'>\n\t\t\t\t<a href='https:\/\/fvo.cat\/wp-content\/uploads\/2023\/10\/centre-dia-instalacio-1.png'><img loading=\"lazy\" decoding=\"async\" width=\"150\" height=\"150\" src=\"https:\/\/fvo.cat\/wp-content\/uploads\/2023\/10\/centre-dia-instalacio-1-150x150.png\" class=\"attachment-thumbnail size-thumbnail\" alt=\"\" \/><\/a>\n\t\t\t<\/div><\/figure>\n\t\t<\/div>\n\n<h2>Historia<\/h2>\n<p>Entre sus objetivos iniciales, la Asociaci\u00f3n Patronato Comarcal de Padres de Personas con Disminuci\u00f3n Ps\u00edquica ten\u00eda el de ofrecer un servicio residencial a los grandes disminuidos ps\u00edquicos de Granollers y comarca: un servicio que acogiera a personas que, por diferentes motivos, no pod\u00edan recibir la atenci\u00f3n necesaria a su entorno familiar. Para hacer realidad este proyecto, la junta directiva de la asociaci\u00f3n inici\u00f3 contactos con el consejero de Bienestar Social de la Generalitat de Catalunya, Antoni Comas y Balldellou, para proponer la construcci\u00f3n de una residencia para grandes disminuidos ps\u00edquicos. Despu\u00e9s de varias reuniones de trabajo, la propuesta fue asumida por el consejero, una vez aprobado el proceso para la ejecuci\u00f3n de este proyecto. Entre los acuerdos pactados, la asociaci\u00f3n se compromet\u00eda a ceder, al Instituto Catal\u00e1n de Asistencia y Servicios Sociales (ICASS) \u2013 actualmente Secretar\u00eda de Inclusi\u00f3n Social y Promoci\u00f3n de la Autonom\u00eda Personal (SISPAP) \u2013 del Departamento de Bienestar Social la finca donde se edificar\u00eda la residencia y centro de d\u00eda.<\/p>\n<p>As\u00ed, en la asamblea general celebrada por la asociaci\u00f3n el 10 de febrero del 1990, se adopt\u00f3 por unanimidad el acuerdo de \u201cceder al Instituto Catal\u00e1n de Asistencia y Servicios Sociales (ICASS) de la Generalitat de Catalunya 15.812,5 metros cuadrados de la parte norte de la finca situada en el t\u00e9rmino municipal de la Roca del Vall\u00e8s, propiedad de este Patronato, para destinarla a la construcci\u00f3n de un centro para profundos con las siguientes condiciones: la cesi\u00f3n ser\u00e1 por un plazo de noventa y nueve a\u00f1os, mientras sirva para la atenci\u00f3n de disminuidos y tengan preferencia para entrar los afectados de la comarca del Vall\u00e8s Oriental.<\/p>\n<p>Posteriormente se iniciaron las obras de construcci\u00f3n, que finalizaron el verano de 1994. Durante el periodo que duraron los trabajos se constituy\u00f3 la Fundaci\u00f3n Privada Vall\u00e8s Oriental per Disminu\u00efts Ps\u00edquics (FVO) por deseo un\u00e1nime de la Asociaci\u00f3n Patronato Comarcal de Padres de Personas con Disminuci\u00f3n Ps\u00edquica, cediendo a la Fundaci\u00f3n todos los bienes patrimoniales y, entre ellos, la finca que da el derecho de superficie al ICASS para la construcci\u00f3n de la residencia y centro de atenci\u00f3n especializada.<\/p>\n<p>El nuevo centro, construido en un solo plano de 2.700 metros cuadrados, entr\u00f3 en funcionamiento el 5 de octubre de 1994 y fue inaugurado el 26 de noviembre de aquel mismo a\u00f1o por el consejero Antoni Comas.<\/p>\n<p>El centro se encuentra inscrito en el Registro de Entidades, Servicios y Establecimientos de Servicios Sociales del Departamento de Bienestar Social de la Generalitat de Catalunya con el n\u00famero F-13.022. Los bienes muebles e inmuebles que lo conforman pertenecen al ICASS -actual Departamento de Derechos Sociales de la Generalitat de Catalunya-, siendo gestionados por la FVO, a la cual fue adjudicada mediante concurso p\u00fablico el 25 de julio de 1994.<\/p>\n","protected":false},"excerpt":{"rendered":"<p>Centro de Atenci\u00f3n Especializada \u2019\u2019Valldoriolf\u2019\u2019 &nbsp; &nbsp; El Centro de Atenci\u00f3n Especializada (CAE) ofrece una atenci\u00f3n individual a las personas con graves discapacidades, para conseguir el m\u00e1ximo grado de autonom\u00eda personal y [&hellip;]<\/p>\n","protected":false},"author":1,"featured_media":15316,"parent":15269,"menu_order":29,"comment_status":"closed","ping_status":"closed","template":"","meta":{"_seopress_robots_primary_cat":"","_seopress_titles_title":"","_seopress_titles_desc":"","_seopress_robots_index":"","inline_featured_image":false,"footnotes":""},"class_list":["post-15333","page","type-page","status-publish","has-post-thumbnail","hentry"],"_links":{"self":[{"href":"https:\/\/fvo.cat\/es\/wp-json\/wp\/v2\/pages\/15333","targetHints":{"allow":["GET"]}}],"collection":[{"href":"https:\/\/fvo.cat\/es\/wp-json\/wp\/v2\/pages"}],"about":[{"href":"https:\/\/fvo.cat\/es\/wp-json\/wp\/v2\/types\/page"}],"author":[{"embeddable":true,"href":"https:\/\/fvo.cat\/es\/wp-json\/wp\/v2\/users\/1"}],"replies":[{"embeddable":true,"href":"https:\/\/fvo.cat\/es\/wp-json\/wp\/v2\/comments?post=15333"}],"version-history":[{"count":0,"href":"https:\/\/fvo.cat\/es\/wp-json\/wp\/v2\/pages\/15333\/revisions"}],"up":[{"embeddable":true,"href":"https:\/\/fvo.cat\/es\/wp-json\/wp\/v2\/pages\/15269"}],"wp:featuredmedia":[{"embeddable":true,"href":"https:\/\/fvo.cat\/es\/wp-json\/wp\/v2\/media\/15316"}],"wp:attachment":[{"href":"https:\/\/fvo.cat\/es\/wp-json\/wp\/v2\/media?parent=15333"}],"curies":[{"name":"wp","href":"https:\/\/api.w.org\/{rel}","templated":true}]}}