{"id":15377,"date":"2023-10-09T09:59:24","date_gmt":"2023-10-09T07:59:24","guid":{"rendered":"https:\/\/fvo.cat\/servicios-a-personas\/casa-empuries\/"},"modified":"2023-10-09T10:07:29","modified_gmt":"2023-10-09T08:07:29","slug":"casa-empuries","status":"publish","type":"page","link":"https:\/\/fvo.cat\/es\/servicios-a-personas\/casa-empuries\/","title":{"rendered":"Casa Emp\u00faries"},"content":{"rendered":"<p><img loading=\"lazy\" decoding=\"async\" class=\"aligncenter wp-image-15358 size-large\" src=\"https:\/\/fvo.cat\/wp-content\/uploads\/2023\/10\/escala-1024x453.jpg\" alt=\"\" width=\"1024\" height=\"453\" srcset=\"https:\/\/fvo.cat\/wp-content\/uploads\/2023\/10\/escala-1024x453.jpg 1024w, https:\/\/fvo.cat\/wp-content\/uploads\/2023\/10\/escala-300x133.jpg 300w, https:\/\/fvo.cat\/wp-content\/uploads\/2023\/10\/escala-768x340.jpg 768w, https:\/\/fvo.cat\/wp-content\/uploads\/2023\/10\/escala-1536x680.jpg 1536w, https:\/\/fvo.cat\/wp-content\/uploads\/2023\/10\/escala-2048x906.jpg 2048w\" sizes=\"auto, (max-width: 1024px) 100vw, 1024px\" \/><\/p>\n<p>El Patronato y la Direcci\u00f3n General de la Fundaci\u00f3n impulsaron el proyecto social de la Casa \u201cEmp\u00faries\u201d con el objetivo principal de facilitar el acceso al ocio normalizado e integrador de aquellas personas atendidas en los centros y servicios de la Fundaci\u00f3n que tienen mayores dificultades ya sea por razones sociales o econ\u00f3micas. Se trata de un proyecto social institucional que apoya a las propias actividades de la entidad y que tiene presente las dificultades que algunas familias presentan para ofrecer un ocio integrador y de calidad a sus familiares con discapacidad intelectual. Por este motivo, este proyecto se realiza con profesionales de la Fundaci\u00f3n, que conocen cada una de las personas atendidas. Este hecho, garantiza que la persona que participa en una estancia en la Casa \u201cEmp\u00faries\u201d pueda recibir una atenci\u00f3n personalizada en base a sus caracter\u00edsticas y necesidades.<\/p>\n<p>&nbsp;<\/p>\n<p><img loading=\"lazy\" decoding=\"async\" class=\"aligncenter wp-image-15361 size-full\" src=\"https:\/\/fvo.cat\/wp-content\/uploads\/2023\/10\/casa-empuria-02.jpg\" alt=\"\" width=\"980\" height=\"551\" srcset=\"https:\/\/fvo.cat\/wp-content\/uploads\/2023\/10\/casa-empuria-02.jpg 980w, https:\/\/fvo.cat\/wp-content\/uploads\/2023\/10\/casa-empuria-02-300x169.jpg 300w, https:\/\/fvo.cat\/wp-content\/uploads\/2023\/10\/casa-empuria-02-768x432.jpg 768w\" sizes=\"auto, (max-width: 980px) 100vw, 980px\" \/><\/p>\n<p>&nbsp;<\/p>\n<p>La Casa \u201cEmp\u00faries\u201d de la FVO, puesta en funcionamiento en febrero de 2015, tiene como objetivo que las personas atendidas puedan disponer de un servicio de ocio normalizado e integrador. Tiene una capacidad de 12 personas acompa\u00f1adas de hasta 6 profesionales. Es pues, una casa para las personas atendidas en los diversos servicios de la entidad, pero especialmente pensada para aquellas personas que por diferentes motivos econ\u00f3micos o sociales tienen dificultades para disfrutar de un tiempo de ocio integrador fuera de su entorno cotidiano.<\/p>\n<div id='gallery-1' class='gallery galleryid-15377 gallery-columns-4 gallery-size-medium'><figure class='gallery-item'>\n\t\t\t<div class='gallery-icon landscape'>\n\t\t\t\t<a href='https:\/\/fvo.cat\/wp-content\/uploads\/2023\/10\/casa-empurias-02.jpg'><img loading=\"lazy\" decoding=\"async\" width=\"300\" height=\"169\" src=\"https:\/\/fvo.cat\/wp-content\/uploads\/2023\/10\/casa-empurias-02-300x169.jpg\" class=\"attachment-medium size-medium\" alt=\"\" srcset=\"https:\/\/fvo.cat\/wp-content\/uploads\/2023\/10\/casa-empurias-02-300x169.jpg 300w, https:\/\/fvo.cat\/wp-content\/uploads\/2023\/10\/casa-empurias-02-768x432.jpg 768w, https:\/\/fvo.cat\/wp-content\/uploads\/2023\/10\/casa-empurias-02.jpg 980w\" sizes=\"auto, (max-width: 300px) 100vw, 300px\" \/><\/a>\n\t\t\t<\/div><\/figure><figure class='gallery-item'>\n\t\t\t<div class='gallery-icon landscape'>\n\t\t\t\t<a href='https:\/\/fvo.cat\/wp-content\/uploads\/2023\/10\/casa-empurias-03.jpg'><img loading=\"lazy\" decoding=\"async\" width=\"300\" height=\"169\" src=\"https:\/\/fvo.cat\/wp-content\/uploads\/2023\/10\/casa-empurias-03-300x169.jpg\" class=\"attachment-medium size-medium\" alt=\"\" srcset=\"https:\/\/fvo.cat\/wp-content\/uploads\/2023\/10\/casa-empurias-03-300x169.jpg 300w, https:\/\/fvo.cat\/wp-content\/uploads\/2023\/10\/casa-empurias-03-768x432.jpg 768w, https:\/\/fvo.cat\/wp-content\/uploads\/2023\/10\/casa-empurias-03.jpg 980w\" sizes=\"auto, (max-width: 300px) 100vw, 300px\" \/><\/a>\n\t\t\t<\/div><\/figure><figure class='gallery-item'>\n\t\t\t<div class='gallery-icon landscape'>\n\t\t\t\t<a href='https:\/\/fvo.cat\/wp-content\/uploads\/2023\/10\/casa-empurias-04.jpg'><img loading=\"lazy\" decoding=\"async\" width=\"300\" height=\"169\" src=\"https:\/\/fvo.cat\/wp-content\/uploads\/2023\/10\/casa-empurias-04-300x169.jpg\" class=\"attachment-medium size-medium\" alt=\"\" srcset=\"https:\/\/fvo.cat\/wp-content\/uploads\/2023\/10\/casa-empurias-04-300x169.jpg 300w, https:\/\/fvo.cat\/wp-content\/uploads\/2023\/10\/casa-empurias-04-768x432.jpg 768w, https:\/\/fvo.cat\/wp-content\/uploads\/2023\/10\/casa-empurias-04.jpg 980w\" sizes=\"auto, (max-width: 300px) 100vw, 300px\" \/><\/a>\n\t\t\t<\/div><\/figure><figure class='gallery-item'>\n\t\t\t<div class='gallery-icon landscape'>\n\t\t\t\t<a href='https:\/\/fvo.cat\/wp-content\/uploads\/2023\/10\/casa-empurias-05.jpg'><img loading=\"lazy\" decoding=\"async\" width=\"300\" height=\"169\" src=\"https:\/\/fvo.cat\/wp-content\/uploads\/2023\/10\/casa-empurias-05-300x169.jpg\" class=\"attachment-medium size-medium\" alt=\"\" srcset=\"https:\/\/fvo.cat\/wp-content\/uploads\/2023\/10\/casa-empurias-05-300x169.jpg 300w, https:\/\/fvo.cat\/wp-content\/uploads\/2023\/10\/casa-empurias-05-768x432.jpg 768w, https:\/\/fvo.cat\/wp-content\/uploads\/2023\/10\/casa-empurias-05.jpg 980w\" sizes=\"auto, (max-width: 300px) 100vw, 300px\" \/><\/a>\n\t\t\t<\/div><\/figure>\n\t\t<\/div>\n\n<p>La casa consta de cinco habitaciones dobles, dos habitaciones individuales y tres ba\u00f1os totalmente adaptados para las personas atendidas. Adem\u00e1s, dispone de un espacio de trabajo para los profesionales equipado con tres habitaciones dobles m\u00e1s y otro ba\u00f1o.<\/p>\n<p>Como zonas comunes tiene una gran cocina abierta con una isla que facilita el servicio as\u00ed como un comedor y sala de estar, todo en una gran sala. Desde la sala de estar se accede a una segunda planta donde encontramos una sala con ordenadores y equipada con material de oficina y juegos de mesa. Tambi\u00e9n se dispone de una peque\u00f1a lavander\u00eda en la casa. Finalmente en la zona exterior encontramos una gran extensi\u00f3n de jard\u00edn con dos piscinas y un amplio parking.<\/p>\n","protected":false},"excerpt":{"rendered":"<p>La Casa \u201cEmp\u00faries\u201d de l\u2019FVO, posada en funcionament al febrer de 2015, t\u00e9 com objectiu que les persones ateses puguin disposar d\u2019un servei de lleure normalitzat i integrador. T\u00e9 una capacitat de 12 persones acompanyades de fins a 6 professionals. \u00c9s doncs, una casa per a les persones ateses als diversos serveis de l\u2019entitat, per\u00f2 especialment pensada per a aquelles persones que per diferents motius econ\u00f2mics o socials tenen dificultats per a gaudir d\u2019un temps d\u2019oci integrador fora del seu entorn quotidi\u00e0.<\/p>\n","protected":false},"author":1,"featured_media":15357,"parent":15269,"menu_order":39,"comment_status":"closed","ping_status":"closed","template":"","meta":{"_seopress_robots_primary_cat":"","_seopress_titles_title":"","_seopress_titles_desc":"","_seopress_robots_index":"","inline_featured_image":false,"footnotes":""},"class_list":["post-15377","page","type-page","status-publish","has-post-thumbnail","hentry"],"_links":{"self":[{"href":"https:\/\/fvo.cat\/es\/wp-json\/wp\/v2\/pages\/15377","targetHints":{"allow":["GET"]}}],"collection":[{"href":"https:\/\/fvo.cat\/es\/wp-json\/wp\/v2\/pages"}],"about":[{"href":"https:\/\/fvo.cat\/es\/wp-json\/wp\/v2\/types\/page"}],"author":[{"embeddable":true,"href":"https:\/\/fvo.cat\/es\/wp-json\/wp\/v2\/users\/1"}],"replies":[{"embeddable":true,"href":"https:\/\/fvo.cat\/es\/wp-json\/wp\/v2\/comments?post=15377"}],"version-history":[{"count":0,"href":"https:\/\/fvo.cat\/es\/wp-json\/wp\/v2\/pages\/15377\/revisions"}],"up":[{"embeddable":true,"href":"https:\/\/fvo.cat\/es\/wp-json\/wp\/v2\/pages\/15269"}],"wp:featuredmedia":[{"embeddable":true,"href":"https:\/\/fvo.cat\/es\/wp-json\/wp\/v2\/media\/15357"}],"wp:attachment":[{"href":"https:\/\/fvo.cat\/es\/wp-json\/wp\/v2\/media?parent=15377"}],"curies":[{"name":"wp","href":"https:\/\/api.w.org\/{rel}","templated":true}]}}