{"id":15378,"date":"2023-10-09T09:32:03","date_gmt":"2023-10-09T07:32:03","guid":{"rendered":"https:\/\/fvo.cat\/servicios-a-personas\/servei-dhabitatge\/"},"modified":"2025-11-04T14:25:16","modified_gmt":"2025-11-04T12:25:16","slug":"servicio-de-vivienda","status":"publish","type":"page","link":"https:\/\/fvo.cat\/es\/servicios-a-personas\/servicio-de-vivienda\/","title":{"rendered":"Servicio de Vivienda"},"content":{"rendered":"<p><img loading=\"lazy\" decoding=\"async\" class=\"size-full wp-image-15341 aligncenter\" src=\"https:\/\/fvo.cat\/wp-content\/uploads\/2023\/10\/jaj.jpg\" alt=\"\" width=\"647\" height=\"284\" srcset=\"https:\/\/fvo.cat\/wp-content\/uploads\/2023\/10\/jaj.jpg 647w, https:\/\/fvo.cat\/wp-content\/uploads\/2023\/10\/jaj-300x132.jpg 300w\" sizes=\"auto, (max-width: 647px) 100vw, 647px\" \/><\/p>\n<p>El Servicio de Vivienda es una respuesta eficaz para las personas con discapacidad intelectual, atendidas en los diferentes servicios del \u00e1rea de atenci\u00f3n diurna de la FVO, que requieren de apoyo intermitente o limitado para tener una vida con calidad y que precisan de un hogar cuando resulta imposible o desaconsejable vivir en su propio domicilio familiar, como consecuencia de problemas derivados de la misma discapacidad, por carencia de familia o para no disponer de condiciones socio-familiares y asistenciales adecuadas o aun as\u00ed, por elecci\u00f3n de la propia persona con discapacidad intelectual con el fin de satisfacer las necesidades de autonom\u00eda, independencia y autorrealizaci\u00f3n.<\/p>\n<p>En estos momentos el Servicio est\u00e1 compuesto por viviendas diferenciadas en funci\u00f3n del momento evolutivo de las personas, sus necesidades e intensidades de apoyo y sus preferencias. Las viviendas integradas en el entorno comunitario contribuyen a que las personas atendidas tengan m\u00e1s facilidades al acceder y utilizar los servicios de la comunidad potenciando, as\u00ed, su normalizaci\u00f3n e inclusi\u00f3n social.<\/p>\n<p>Funciona los 365 d\u00edas del a\u00f1o, de 17h a 9h de la ma\u00f1ana los d\u00edas laborables y los festivos, los fines de semana y periodos de vacaciones est\u00e1 abierto las 24 horas del d\u00eda. El horario de vistas se establece de mutuo acuerdo con la familia.<\/p>\n<p>&nbsp;<\/p>\n<h2>Metodolog\u00eda<\/h2>\n<p>En este servicio se pretende garantizar la promoci\u00f3n de las potencialidades personales, la participaci\u00f3n de las personas en sus decisiones, la disminuci\u00f3n de las limitaciones funcionales en base a apoyos centrados en la persona y preferentemente en entornos naturales, la protecci\u00f3n y ejercicio de los derechos, la promoci\u00f3n de la autonom\u00eda y el ejercicio de la autodeterminaci\u00f3n personal, la participaci\u00f3n y la inclusi\u00f3n social y la protecci\u00f3n social.<\/p>\n<p>As\u00ed como, mejorar la calidad de vida de las personas teniendo en cuenta su totalidad: el momento evolutivo, la necesidad de apoyo y sus preferencias; y por lo tanto, garantizando:<\/p>\n<ul>\n<li>Una construcci\u00f3n que posibilite la privacidad y tambi\u00e9n la convivencia.<\/li>\n<li>Unos servicios de apoyos adecuados a las necesidades de las personas que viven.<\/li>\n<li>Una organizaci\u00f3n del servicio orientada a la planificaci\u00f3n centrada en la persona a trav\u00e9s del acompa\u00f1amiento en la vida cotidiana.<\/li>\n<\/ul>\n<p>El ajustamiento personal y social tambi\u00e9n es importante entendido como el conjunto de actividades dirigidas a la persona atendida que, con la participaci\u00f3n directa de \u00e9sta, tienen por objeto una habilitaci\u00f3n estructural de la persona y una mejora de la relaci\u00f3n con el entorno c\u00edvico. Sin descuidar el tiempo de ocio, las tareas y responsabilidades y el seguimiento individual: traer a la pr\u00e1ctica los objetivos espec\u00edficos de cada persona atendida.<\/p>\n<p>&nbsp;<\/p>\n<h2>Instal\u00b7lacions<\/h2>\n<div id='gallery-1' class='gallery galleryid-15378 gallery-columns-5 gallery-size-medium'><figure class='gallery-item'>\n\t\t\t<div class='gallery-icon landscape'>\n\t\t\t\t<a href='https:\/\/fvo.cat\/wp-content\/uploads\/2023\/10\/cocina.jpg'><img loading=\"lazy\" decoding=\"async\" width=\"300\" height=\"169\" src=\"https:\/\/fvo.cat\/wp-content\/uploads\/2023\/10\/cocina-300x169.jpg\" class=\"attachment-medium size-medium\" alt=\"\" srcset=\"https:\/\/fvo.cat\/wp-content\/uploads\/2023\/10\/cocina-300x169.jpg 300w, https:\/\/fvo.cat\/wp-content\/uploads\/2023\/10\/cocina.jpg 627w\" sizes=\"auto, (max-width: 300px) 100vw, 300px\" \/><\/a>\n\t\t\t<\/div><\/figure><figure class='gallery-item'>\n\t\t\t<div class='gallery-icon landscape'>\n\t\t\t\t<a href='https:\/\/fvo.cat\/wp-content\/uploads\/2023\/10\/installacions3-1.png'><img loading=\"lazy\" decoding=\"async\" width=\"250\" height=\"166\" src=\"https:\/\/fvo.cat\/wp-content\/uploads\/2023\/10\/installacions3-1.png\" class=\"attachment-medium size-medium\" alt=\"\" \/><\/a>\n\t\t\t<\/div><\/figure><figure class='gallery-item'>\n\t\t\t<div class='gallery-icon landscape'>\n\t\t\t\t<a href='https:\/\/fvo.cat\/wp-content\/uploads\/2023\/10\/installacions1-2.png'><img loading=\"lazy\" decoding=\"async\" width=\"250\" height=\"166\" src=\"https:\/\/fvo.cat\/wp-content\/uploads\/2023\/10\/installacions1-2.png\" class=\"attachment-medium size-medium\" alt=\"\" \/><\/a>\n\t\t\t<\/div><\/figure><figure class='gallery-item'>\n\t\t\t<div class='gallery-icon landscape'>\n\t\t\t\t<a href='https:\/\/fvo.cat\/wp-content\/uploads\/2023\/10\/habitacion.jpg'><img loading=\"lazy\" decoding=\"async\" width=\"300\" height=\"169\" src=\"https:\/\/fvo.cat\/wp-content\/uploads\/2023\/10\/habitacion-300x169.jpg\" class=\"attachment-medium size-medium\" alt=\"\" srcset=\"https:\/\/fvo.cat\/wp-content\/uploads\/2023\/10\/habitacion-300x169.jpg 300w, https:\/\/fvo.cat\/wp-content\/uploads\/2023\/10\/habitacion.jpg 627w\" sizes=\"auto, (max-width: 300px) 100vw, 300px\" \/><\/a>\n\t\t\t<\/div><\/figure><figure class='gallery-item'>\n\t\t\t<div class='gallery-icon landscape'>\n\t\t\t\t<a href='https:\/\/fvo.cat\/wp-content\/uploads\/2016\/01\/nova-llar.jpg'><img loading=\"lazy\" decoding=\"async\" width=\"300\" height=\"225\" src=\"https:\/\/fvo.cat\/wp-content\/uploads\/2016\/01\/nova-llar-300x225.jpg\" class=\"attachment-medium size-medium\" alt=\"\" srcset=\"https:\/\/fvo.cat\/wp-content\/uploads\/2016\/01\/nova-llar-300x225.jpg 300w, https:\/\/fvo.cat\/wp-content\/uploads\/2016\/01\/nova-llar.jpg 330w\" sizes=\"auto, (max-width: 300px) 100vw, 300px\" \/><\/a>\n\t\t\t<\/div><\/figure>\n\t\t<\/div>\n\n<p>El Servicio de Vivienda est\u00e1 constituido por Llar-residencia que dan servicio a personas adultas con discapacidad intelectual con diferentes necesidades de apoyo. Se dispone tanto de llars asistenciales donde se acogen a residentes con una tipolog\u00eda de apoyo extenso y\/o generalizado (intensa supervisi\u00f3n por parte del educador\/a), llars-residencia que responden al programa de apoyo extenso\/limitado (peri\u00f3dica supervisi\u00f3n por parte del educador\/a), as\u00ed como de llars que atienden a personas con necesidades de apoyo limitado e intermitente (es decir residentes con un alto grado de autonom\u00eda para la vida diaria).<\/p>\n<p>Cada llar est\u00e1 formada por:<br \/>\nEspacios comunes: sala estar, comedor, cocina, lavander\u00eda enfermer\u00eda, despensa.<br \/>\nEspacios que preservan la intimidad de cada usuario: habitaciones, ba\u00f1os con las adaptaciones pertinentes.<\/p>\n<p>Actualmente se dispone de 5 Llar residencia que se encuentran en el centro de Granollers:<\/p>\n<ul>\n<li>Llar Vall\u00e8s: 8 personas atendidas<br \/>\nCalle Rosell\u00f3<\/p>\n<\/li>\n<li>Llar Font Verda (3 llars): 24 personas atendidas<br \/>\nPaseo de la Muntanya<\/p>\n<\/li>\n<li>Llar Jaume Gregori: 10 personas atendidas<br \/>\nCalle Camprod\u00f3n<\/p>\n<\/li>\n<li>Llar El Cinquantenari: 24 personas atendidas<br \/>\nCalle de la Sardana<br \/>\nPuesta en funcionamiento en enero de 2016<\/p>\n<\/li>\n<li>Llar El Cinquantenari II: 22 personas atendidas<br \/>\nCarrer de la Sardana<br \/>\nPuesta en funcionamiento en septiembre de 2019<\/li>\n<\/ul>\n<p>Y en el municipio de Santa Eul\u00e0lia de Ron\u00e7ana, en junio de 2010, se abri\u00f3 el centro:<\/p>\n<ul>\n<li>Llar Jaume Anfruns i Janer: 22 personas atendidas<br \/>\nCalle de la Font del gat<\/li>\n<\/ul>\n<p>Y el servicio de apoyo en el propio hogar, situado en la ciudad de Granollers, con una Llar con apoyo donde conviven 3 personas.<\/p>\n<h2>Historia<\/h2>\n<p><img loading=\"lazy\" decoding=\"async\" class=\"size-full wp-image-15338 aligncenter\" src=\"https:\/\/fvo.cat\/wp-content\/uploads\/2023\/10\/habitatge.jpg\" alt=\"\" width=\"763\" height=\"366\" srcset=\"https:\/\/fvo.cat\/wp-content\/uploads\/2023\/10\/habitatge.jpg 763w, https:\/\/fvo.cat\/wp-content\/uploads\/2023\/10\/habitatge-300x144.jpg 300w\" sizes=\"auto, (max-width: 763px) 100vw, 763px\" \/><\/p>\n<p>El Servicio de Vivienda se cre\u00f3 en 1993 ante la necesidad de proporcionar una alternativa de vivienda, para personas que no pod\u00edan continuar viviendo en su residencia o n\u00facleo familiar de origen, que sufr\u00edan la ausencia de este o que no dispon\u00edan de una residencia estable, entre otras razones, como por ejemplo dar respuesta al derecho leg\u00edtimo que cualquier persona tiene de escoger el lugar y el estilo de vida que considere m\u00e1s adecuado para conseguir el m\u00e1ximo nivel de bienestar propio.<\/p>\n<p>La primera vivienda, la Llar Vall\u00e8s en la calle Rossell\u00f3, se adquiri\u00f3 en abril del 1992 mediante una subvenci\u00f3n de 10 millones de pesetas concedidas por el ICASS y un cr\u00e9dito hipotecario de 4 millones para completar el coste de adquisici\u00f3n. Abri\u00f3 en enero de 1993 y actualmente acoge a 8 personas con discapacidad. En febrero de 1997 se abrieron dos llars (dos pisos) de la Llar Font Verda, posteriormente, en marzo de 1998 se abri\u00f3 el tercer piso, esta llar se encuentra en el Paseo de la Monta\u00f1a. Y la Llar Jaume Gregori, la llar con la vertiente m\u00e1s asistencial, se abri\u00f3 en octubre de 2004.<\/p>\n<p>El primer centro fuera de la ciudad de Granollers ha sido la Llar Jaume Anfruns i Janer, situada en la urbanizaci\u00f3n de Can Sabater de Santa Eul\u00e0lia de Ron\u00e7ana, y da servicio desde junio de 2010 a 22 personas con discapacidad intelectual. La Llar Jaume Anfruns i Janer ha sido posible gracias a la donaci\u00f3n de los terrenos por parte del patr\u00f3n Jaume Anfruns i Janer y el proyecto de construcci\u00f3n y equipamiento ha sido financiado \u00edntegramente por la misma Fundaci\u00f3n.<\/p>\n<p>La \u00faltima vivienda abierta por la FVO ha sido la Llar El Cinquantenari, en la Calle de la Sardana de la ciudad de Granollers con una capacidad para atender a 24 personas. La Llar da servicio desde enero de 2016 a 24 personas con discapacidad intelectual. El proyecto de construcci\u00f3n y equipamiento de la Llar ha sido financiado \u00edntegramente por la misma Fundaci\u00f3n.<\/p>\n<p>Otro servicio que desde octubre del 2003 la FVO puso en marcha, es el Servicio de apoyo en el propio hogar, se trata de un piso donde viven tres personas con un alto grado de autonom\u00eda, trabajadores del CET, que tienen el apoyo limitado de un monitor 14 horas semanales.<\/p>\n","protected":false},"excerpt":{"rendered":"<p>El Servei d\u2019Habitatge \u00e9s una resposta efica\u00e7 per a les persones amb discapacitat intel\u00b7lectual, ateses als diferents serveis de l\u2019\u00e0rea d\u2019atenci\u00f3 di\u00fcrna de l\u2019FVO, que requereixen de suport intermitent o limitat per tenir una vida amb qualitat i que precisen d\u2019una llar quan ha esdevingut impossible o desaconsellable viure en la seva pr\u00f2pia, com a conseq\u00fc\u00e8ncia de problemes derivats de la mateixa discapacitat, per manca de fam\u00edlia o per no disposar de condicions socio-familiars i assistencials adequades o tanmateix, per elecci\u00f3 de la pr\u00f2pia persona amb discapacitat intel\u00b7lectual amb la finalitat de satisfer les necessitats d\u2019autonomia, independ\u00e8ncia i autorrealitzaci\u00f3.<\/p>\n","protected":false},"author":1,"featured_media":15337,"parent":15269,"menu_order":35,"comment_status":"closed","ping_status":"closed","template":"","meta":{"_seopress_robots_primary_cat":"","_seopress_titles_title":"","_seopress_titles_desc":"","_seopress_robots_index":"","inline_featured_image":false,"footnotes":""},"class_list":["post-15378","page","type-page","status-publish","has-post-thumbnail","hentry"],"_links":{"self":[{"href":"https:\/\/fvo.cat\/es\/wp-json\/wp\/v2\/pages\/15378","targetHints":{"allow":["GET"]}}],"collection":[{"href":"https:\/\/fvo.cat\/es\/wp-json\/wp\/v2\/pages"}],"about":[{"href":"https:\/\/fvo.cat\/es\/wp-json\/wp\/v2\/types\/page"}],"author":[{"embeddable":true,"href":"https:\/\/fvo.cat\/es\/wp-json\/wp\/v2\/users\/1"}],"replies":[{"embeddable":true,"href":"https:\/\/fvo.cat\/es\/wp-json\/wp\/v2\/comments?post=15378"}],"version-history":[{"count":0,"href":"https:\/\/fvo.cat\/es\/wp-json\/wp\/v2\/pages\/15378\/revisions"}],"up":[{"embeddable":true,"href":"https:\/\/fvo.cat\/es\/wp-json\/wp\/v2\/pages\/15269"}],"wp:featuredmedia":[{"embeddable":true,"href":"https:\/\/fvo.cat\/es\/wp-json\/wp\/v2\/media\/15337"}],"wp:attachment":[{"href":"https:\/\/fvo.cat\/es\/wp-json\/wp\/v2\/media?parent=15378"}],"curies":[{"name":"wp","href":"https:\/\/api.w.org\/{rel}","templated":true}]}}