{"id":15477,"date":"2023-10-09T10:16:25","date_gmt":"2023-10-09T08:16:25","guid":{"rendered":"https:\/\/fvo.cat\/serveis-a-empreses-2\/"},"modified":"2024-05-09T12:50:21","modified_gmt":"2024-05-09T10:50:21","slug":"servicios-a-empresas","status":"publish","type":"page","link":"https:\/\/fvo.cat\/es\/servicios-a-empresas\/","title":{"rendered":"Servicios a empresas"},"content":{"rendered":"<p>El Centro Especial de Trabajo desarrolla servicios productivos y actividades de integraci\u00f3n sociolaboral en diferentes \u00e1mbitos de actuaci\u00f3n.<\/p>\n<p>Hace tiempo que colaboramos con el mundo empresarial y ofrecemos soluciones de externalizaci\u00f3n de servicios en diferentes \u00e1mbitos de negocio y adaptadas a vuestras necesidades. Contamos con una s\u00f3lida estructura, instalaciones, almacenes, equipamientos espec\u00edficos para cada una de las actividades que se desarrollan y sobre t5odo, un equipo humano de alto nivel para gestionarlo.<\/p>\n<p>&nbsp;<\/p>\n<p>&nbsp;<\/p>\n<div id='gallery-1' class='gallery galleryid-15477 gallery-columns-3 gallery-size-medium'><figure class='gallery-item'>\n\t\t\t<div class='gallery-icon landscape'>\n\t\t\t\t<a href='https:\/\/fvo.cat\/wp-content\/uploads\/2024\/02\/img-6395-1.jpg'><img loading=\"lazy\" decoding=\"async\" width=\"300\" height=\"200\" src=\"https:\/\/fvo.cat\/wp-content\/uploads\/2024\/02\/img-6395-1-300x200.jpg\" class=\"attachment-medium size-medium\" alt=\"\" aria-describedby=\"gallery-1-15819\" srcset=\"https:\/\/fvo.cat\/wp-content\/uploads\/2024\/02\/img-6395-1-300x200.jpg 300w, https:\/\/fvo.cat\/wp-content\/uploads\/2024\/02\/img-6395-1-1024x683.jpg 1024w, https:\/\/fvo.cat\/wp-content\/uploads\/2024\/02\/img-6395-1-768x512.jpg 768w, https:\/\/fvo.cat\/wp-content\/uploads\/2024\/02\/img-6395-1-1536x1024.jpg 1536w, https:\/\/fvo.cat\/wp-content\/uploads\/2024\/02\/img-6395-1-2048x1365.jpg 2048w\" sizes=\"auto, (max-width: 300px) 100vw, 300px\" \/><\/a>\n\t\t\t<\/div>\n\t\t\t\t<figcaption class='wp-caption-text gallery-caption' id='gallery-1-15819'>\n\t\t\t\tContrata los servicios del CET\n\t\t\t\t<\/figcaption><\/figure><figure class='gallery-item'>\n\t\t\t<div class='gallery-icon landscape'>\n\t\t\t\t<a href='https:\/\/fvo.cat\/wp-content\/uploads\/2024\/02\/img-20210628-130448-scaled.jpg'><img loading=\"lazy\" decoding=\"async\" width=\"300\" height=\"225\" src=\"https:\/\/fvo.cat\/wp-content\/uploads\/2024\/02\/img-20210628-130448-300x225.jpg\" class=\"attachment-medium size-medium\" alt=\"\" aria-describedby=\"gallery-1-15813\" srcset=\"https:\/\/fvo.cat\/wp-content\/uploads\/2024\/02\/img-20210628-130448-300x225.jpg 300w, https:\/\/fvo.cat\/wp-content\/uploads\/2024\/02\/img-20210628-130448-1024x768.jpg 1024w, https:\/\/fvo.cat\/wp-content\/uploads\/2024\/02\/img-20210628-130448-768x576.jpg 768w, https:\/\/fvo.cat\/wp-content\/uploads\/2024\/02\/img-20210628-130448-1536x1152.jpg 1536w, https:\/\/fvo.cat\/wp-content\/uploads\/2024\/02\/img-20210628-130448-2048x1536.jpg 2048w\" sizes=\"auto, (max-width: 300px) 100vw, 300px\" \/><\/a>\n\t\t\t<\/div>\n\t\t\t\t<figcaption class='wp-caption-text gallery-caption' id='gallery-1-15813'>\n\t\t\t\tLimpieza\n\t\t\t\t<\/figcaption><\/figure><figure class='gallery-item'>\n\t\t\t<div class='gallery-icon landscape'>\n\t\t\t\t<a href='https:\/\/fvo.cat\/wp-content\/uploads\/2024\/02\/img-3549-1.jpg'><img loading=\"lazy\" decoding=\"async\" width=\"300\" height=\"200\" src=\"https:\/\/fvo.cat\/wp-content\/uploads\/2024\/02\/img-3549-1-300x200.jpg\" class=\"attachment-medium size-medium\" alt=\"\" aria-describedby=\"gallery-1-15815\" srcset=\"https:\/\/fvo.cat\/wp-content\/uploads\/2024\/02\/img-3549-1-300x200.jpg 300w, https:\/\/fvo.cat\/wp-content\/uploads\/2024\/02\/img-3549-1-1024x683.jpg 1024w, https:\/\/fvo.cat\/wp-content\/uploads\/2024\/02\/img-3549-1-768x512.jpg 768w, https:\/\/fvo.cat\/wp-content\/uploads\/2024\/02\/img-3549-1-1536x1024.jpg 1536w, https:\/\/fvo.cat\/wp-content\/uploads\/2024\/02\/img-3549-1.jpg 1920w\" sizes=\"auto, (max-width: 300px) 100vw, 300px\" \/><\/a>\n\t\t\t<\/div>\n\t\t\t\t<figcaption class='wp-caption-text gallery-caption' id='gallery-1-15815'>\n\t\t\t\tManipulados Industriales\n\t\t\t\t<\/figcaption><\/figure><figure class='gallery-item'>\n\t\t\t<div class='gallery-icon landscape'>\n\t\t\t\t<a href='https:\/\/fvo.cat\/wp-content\/uploads\/2024\/02\/img-2543.jpg'><img loading=\"lazy\" decoding=\"async\" width=\"300\" height=\"200\" src=\"https:\/\/fvo.cat\/wp-content\/uploads\/2024\/02\/img-2543-300x200.jpg\" class=\"attachment-medium size-medium\" alt=\"\" srcset=\"https:\/\/fvo.cat\/wp-content\/uploads\/2024\/02\/img-2543-300x200.jpg 300w, https:\/\/fvo.cat\/wp-content\/uploads\/2024\/02\/img-2543-1024x683.jpg 1024w, https:\/\/fvo.cat\/wp-content\/uploads\/2024\/02\/img-2543-768x512.jpg 768w, https:\/\/fvo.cat\/wp-content\/uploads\/2024\/02\/img-2543-1536x1024.jpg 1536w, https:\/\/fvo.cat\/wp-content\/uploads\/2024\/02\/img-2543.jpg 1920w\" sizes=\"auto, (max-width: 300px) 100vw, 300px\" \/><\/a>\n\t\t\t<\/div><\/figure><figure class='gallery-item'>\n\t\t\t<div class='gallery-icon portrait'>\n\t\t\t\t<a href='https:\/\/fvo.cat\/wp-content\/uploads\/2024\/02\/img-20220616-wa0067.jpg'><img loading=\"lazy\" decoding=\"async\" width=\"225\" height=\"300\" src=\"https:\/\/fvo.cat\/wp-content\/uploads\/2024\/02\/img-20220616-wa0067-225x300.jpg\" class=\"attachment-medium size-medium\" alt=\"\" aria-describedby=\"gallery-1-15764\" srcset=\"https:\/\/fvo.cat\/wp-content\/uploads\/2024\/02\/img-20220616-wa0067-225x300.jpg 225w, https:\/\/fvo.cat\/wp-content\/uploads\/2024\/02\/img-20220616-wa0067.jpg 727w\" sizes=\"auto, (max-width: 225px) 100vw, 225px\" \/><\/a>\n\t\t\t<\/div>\n\t\t\t\t<figcaption class='wp-caption-text gallery-caption' id='gallery-1-15764'>\n\t\t\t\tCaterings\n\t\t\t\t<\/figcaption><\/figure><figure class='gallery-item'>\n\t\t\t<div class='gallery-icon portrait'>\n\t\t\t\t<a href='https:\/\/fvo.cat\/wp-content\/uploads\/2024\/02\/img-20220923-wa0002.jpg'><img loading=\"lazy\" decoding=\"async\" width=\"225\" height=\"300\" src=\"https:\/\/fvo.cat\/wp-content\/uploads\/2024\/02\/img-20220923-wa0002-225x300.jpg\" class=\"attachment-medium size-medium\" alt=\"\" aria-describedby=\"gallery-1-15807\" srcset=\"https:\/\/fvo.cat\/wp-content\/uploads\/2024\/02\/img-20220923-wa0002-225x300.jpg 225w, https:\/\/fvo.cat\/wp-content\/uploads\/2024\/02\/img-20220923-wa0002-768x1024.jpg 768w, https:\/\/fvo.cat\/wp-content\/uploads\/2024\/02\/img-20220923-wa0002-1152x1536.jpg 1152w, https:\/\/fvo.cat\/wp-content\/uploads\/2024\/02\/img-20220923-wa0002.jpg 1200w\" sizes=\"auto, (max-width: 225px) 100vw, 225px\" \/><\/a>\n\t\t\t<\/div>\n\t\t\t\t<figcaption class='wp-caption-text gallery-caption' id='gallery-1-15807'>\n\t\t\t\tServicios Generales\n\t\t\t\t<\/figcaption><\/figure>\n\t\t<\/div>\n\n<h2>\u00a0<\/h2>\n<p>Todos los servicios del CET cuentan con el apoyo del <strong>Equipo Multidisciplinar de Soporte (EMS)<\/strong>, un servicio de apoyo especializado que se dirige a las personas con disCapacidad que trabajan, actuando para mejorar su autonom\u00eda y su integraci\u00f3n laboral y social promoviendo su bienestar ps\u00edquico y calidad de vida. Por otro lado, velamos para que la adaptaci\u00f3n laboral de los\/las trabajadores\/se sea \u00f3ptima ofreciendo a \u00e9stos el apoyo necesario que complemente sus capacidades y h\u00e1bitos laborales adecuados.<\/p>\n<p>&nbsp;<\/p>\n","protected":false},"excerpt":{"rendered":"<p>El Centro Especial de Trabajo desarrolla servicios productivos y actividades de integraci\u00f3n sociolaboral en diferentes \u00e1mbitos de actuaci\u00f3n. Hace tiempo que colaboramos con el mundo empresarial y ofrecemos soluciones de externalizaci\u00f3n de [&hellip;]<\/p>\n","protected":false},"author":1,"featured_media":0,"parent":0,"menu_order":93,"comment_status":"closed","ping_status":"closed","template":"","meta":{"_seopress_robots_primary_cat":"","_seopress_titles_title":"","_seopress_titles_desc":"","_seopress_robots_index":"","inline_featured_image":false,"footnotes":""},"class_list":["post-15477","page","type-page","status-publish","hentry"],"_links":{"self":[{"href":"https:\/\/fvo.cat\/es\/wp-json\/wp\/v2\/pages\/15477","targetHints":{"allow":["GET"]}}],"collection":[{"href":"https:\/\/fvo.cat\/es\/wp-json\/wp\/v2\/pages"}],"about":[{"href":"https:\/\/fvo.cat\/es\/wp-json\/wp\/v2\/types\/page"}],"author":[{"embeddable":true,"href":"https:\/\/fvo.cat\/es\/wp-json\/wp\/v2\/users\/1"}],"replies":[{"embeddable":true,"href":"https:\/\/fvo.cat\/es\/wp-json\/wp\/v2\/comments?post=15477"}],"version-history":[{"count":0,"href":"https:\/\/fvo.cat\/es\/wp-json\/wp\/v2\/pages\/15477\/revisions"}],"wp:attachment":[{"href":"https:\/\/fvo.cat\/es\/wp-json\/wp\/v2\/media?parent=15477"}],"curies":[{"name":"wp","href":"https:\/\/api.w.org\/{rel}","templated":true}]}}