{"id":15479,"date":"2023-10-09T10:25:23","date_gmt":"2023-10-09T08:25:23","guid":{"rendered":"https:\/\/fvo.cat\/servicios-a-empresas\/empresa-cet\/"},"modified":"2026-02-17T13:40:46","modified_gmt":"2026-02-17T11:40:46","slug":"empresa-cet","status":"publish","type":"page","link":"https:\/\/fvo.cat\/es\/servicios-a-empresas\/empresa-cet\/","title":{"rendered":"Asesoramiento LGD y RSC"},"content":{"rendered":"<h2>\u00bfNecesitas asesoramiento sobre el cumplimiento de la Ley General de Discapacidad?<\/h2>\n<p>La Ley General de la Discapacidad (antigua LISMI) establece que todas las empresas p\u00fablicas y privadas que tengan una plantilla de 50 o m\u00e1s personas contratadas est\u00e1n obligadas a reservar un 2% de los puestos de trabajo para personas con certificado de discapacidad igual o superior al 33%.<\/p>\n<p>Las empresas p\u00fablicas o privadas que NO pueden cumplir con la cuota de reserva del 2% pueden acogerse, por medio de un certificado de excepcionalidad emitido por la Administraci\u00f3n P\u00fablica, a las Medidas Alternativas establecidas por la LGD.<\/p>\n<h3>MOTIVOS DE EXCEPCIONALIDAD<\/h3>\n<ul>\n<li>No se ha podido cubrir una oferta laboral por falta de candidaturas o perfiles. Es necesaria una certificaci\u00f3n de los Servicios P\u00fablicos.<\/li>\n<li>Acreditaci\u00f3n por parte de la empresa que justifique razones t\u00e9cnicas, econ\u00f3micas, productivas o administrativas que comporten especial dificultad para incorporar a personas con certificado de disCapacidad.<br \/>\n<a href=\"https:\/\/fvo.cat\/wp-content\/uploads\/2026\/02\/Procediment-per-sollicitar-la-declaracio-excepcionalitat_Mesures-Alternatives.pdf\"><img loading=\"lazy\" decoding=\"async\" class=\"aligncenter wp-image-18609 size-thumbnail\" src=\"https:\/\/fvo.cat\/wp-content\/uploads\/2026\/02\/4-2-300x300.jpg\" alt=\"\" width=\"300\" height=\"300\" srcset=\"https:\/\/fvo.cat\/wp-content\/uploads\/2026\/02\/4-2-300x300.jpg 300w, https:\/\/fvo.cat\/wp-content\/uploads\/2026\/02\/4-2-460x460.jpg 460w, https:\/\/fvo.cat\/wp-content\/uploads\/2026\/02\/4-2-100x100.jpg 100w\" sizes=\"auto, (max-width: 300px) 100vw, 300px\" \/><\/a><\/li>\n<\/ul>\n<h3>MEDIDAS ALTERNATIVAS<\/h3>\n<ul>\n<li>Realizaci\u00f3n de un contrato mercantil o civil con un Centro Especial de Trabajo o con un trabajador aut\u00f3nomo con disCapacidad (por el suministro de bienes o por la prestaci\u00f3n de servicios ajenos).<\/li>\n<li>Realizaci\u00f3n de donaciones y acciones de patrocinio.<\/li>\n<li>Constituci\u00f3n de enclaves laborales.<br \/>\n<a href=\"https:\/\/fvo.cat\/wp-content\/uploads\/2026\/02\/Mesures-alternatives.pdf\"><img loading=\"lazy\" decoding=\"async\" class=\"aligncenter wp-image-18606 size-thumbnail\" src=\"https:\/\/fvo.cat\/wp-content\/uploads\/2026\/02\/3-2-300x300.jpg\" alt=\"\" width=\"300\" height=\"300\" srcset=\"https:\/\/fvo.cat\/wp-content\/uploads\/2026\/02\/3-2-300x300.jpg 300w, https:\/\/fvo.cat\/wp-content\/uploads\/2026\/02\/3-2-460x460.jpg 460w, https:\/\/fvo.cat\/wp-content\/uploads\/2026\/02\/3-2-100x100.jpg 100w\" sizes=\"auto, (max-width: 300px) 100vw, 300px\" \/><\/a><\/li>\n<\/ul>\n<h2>\u00a1Contacta con nosotros!<\/h2>\n<h4 style=\"text-align: center;\"><strong>insercio@fvo.cat &#8211; 93 860 02 40<\/strong><\/h4>\n<p>&nbsp;<\/p>\n<h3>Responsabilidad social corporativa<\/h3>\n<h4>Detalles con valor social<\/h4>\n<p>Los detalles con sus profesionales y clientes pueden tener un gran valor a\u00f1adido! Dise\u00f1os personalizados, merchandising, detalles de artesan\u00eda, costura, cer\u00e1mica, quebradizo\u2026 todo realizado por las personas atendidas en el Centro Ocupacional. \u00a1P\u00eddenos informaci\u00f3n y personaliza tu regalo!<\/p>\n<div id='gallery-1' class='gallery galleryid-15479 gallery-columns-4 gallery-size-medium'><figure class='gallery-item'>\n\t\t\t<div class='gallery-icon landscape'>\n\t\t\t\t<a href='https:\/\/fvo.cat\/es\/servicios-a-empresas\/empresa-cet\/img-20220616-wa0005-2\/'><img loading=\"lazy\" decoding=\"async\" width=\"300\" height=\"225\" src=\"https:\/\/fvo.cat\/wp-content\/uploads\/2024\/02\/img-20220616-wa0005-300x225.jpg\" class=\"attachment-medium size-medium\" alt=\"\" srcset=\"https:\/\/fvo.cat\/wp-content\/uploads\/2024\/02\/img-20220616-wa0005-300x225.jpg 300w, https:\/\/fvo.cat\/wp-content\/uploads\/2024\/02\/img-20220616-wa0005-768x576.jpg 768w, https:\/\/fvo.cat\/wp-content\/uploads\/2024\/02\/img-20220616-wa0005.jpg 1024w\" sizes=\"auto, (max-width: 300px) 100vw, 300px\" \/><\/a>\n\t\t\t<\/div><\/figure><figure class='gallery-item'>\n\t\t\t<div class='gallery-icon landscape'>\n\t\t\t\t<a href='https:\/\/fvo.cat\/es\/servicios-a-empresas\/empresa-cet\/img-20220322-wa0006-2\/'><img loading=\"lazy\" decoding=\"async\" width=\"300\" height=\"225\" src=\"https:\/\/fvo.cat\/wp-content\/uploads\/2024\/02\/img-20220322-wa0006-300x225.jpg\" class=\"attachment-medium size-medium\" alt=\"\" srcset=\"https:\/\/fvo.cat\/wp-content\/uploads\/2024\/02\/img-20220322-wa0006-300x225.jpg 300w, https:\/\/fvo.cat\/wp-content\/uploads\/2024\/02\/img-20220322-wa0006-768x576.jpg 768w, https:\/\/fvo.cat\/wp-content\/uploads\/2024\/02\/img-20220322-wa0006.jpg 1024w\" sizes=\"auto, (max-width: 300px) 100vw, 300px\" \/><\/a>\n\t\t\t<\/div><\/figure><figure class='gallery-item'>\n\t\t\t<div class='gallery-icon portrait'>\n\t\t\t\t<a href='https:\/\/fvo.cat\/es\/servicios-a-empresas\/empresa-cet\/img-20220921-wa0013-2\/'><img loading=\"lazy\" decoding=\"async\" width=\"225\" height=\"300\" src=\"https:\/\/fvo.cat\/wp-content\/uploads\/2024\/02\/img-20220921-wa0013-225x300.jpg\" class=\"attachment-medium size-medium\" alt=\"\" srcset=\"https:\/\/fvo.cat\/wp-content\/uploads\/2024\/02\/img-20220921-wa0013-225x300.jpg 225w, https:\/\/fvo.cat\/wp-content\/uploads\/2024\/02\/img-20220921-wa0013.jpg 727w\" sizes=\"auto, (max-width: 225px) 100vw, 225px\" \/><\/a>\n\t\t\t<\/div><\/figure><figure class='gallery-item'>\n\t\t\t<div class='gallery-icon portrait'>\n\t\t\t\t<a href='https:\/\/fvo.cat\/es\/servicios-a-empresas\/empresa-cet\/img-20220228-143728-2\/'><img loading=\"lazy\" decoding=\"async\" width=\"225\" height=\"300\" src=\"https:\/\/fvo.cat\/wp-content\/uploads\/2024\/02\/img-20220228-143728-225x300.jpg\" class=\"attachment-medium size-medium\" alt=\"\" srcset=\"https:\/\/fvo.cat\/wp-content\/uploads\/2024\/02\/img-20220228-143728-225x300.jpg 225w, https:\/\/fvo.cat\/wp-content\/uploads\/2024\/02\/img-20220228-143728.jpg 727w\" sizes=\"auto, (max-width: 225px) 100vw, 225px\" \/><\/a>\n\t\t\t<\/div><\/figure>\n\t\t<\/div>\n\n<h3>Eventos corporativos, jornadas de sensibilizaci\u00f3n, formaci\u00f3n para su equipo, Team Building, talleres\u2026<\/h3>\n<p>Iniciativas que forman, sensibilizan y al mismo tiempo ayudan a dar visibilidad a la disCapacidad<\/p>\n<div id='gallery-2' class='gallery galleryid-15479 gallery-columns-2 gallery-size-medium'><figure class='gallery-item'>\n\t\t\t<div class='gallery-icon landscape'>\n\t\t\t\t<a href='https:\/\/fvo.cat\/es\/servicios-a-empresas\/empresa-cet\/1655379535900-2\/'><img loading=\"lazy\" decoding=\"async\" width=\"300\" height=\"200\" src=\"https:\/\/fvo.cat\/wp-content\/uploads\/2024\/02\/1655379535900-300x200.jpeg\" class=\"attachment-medium size-medium\" alt=\"\" srcset=\"https:\/\/fvo.cat\/wp-content\/uploads\/2024\/02\/1655379535900-300x200.jpeg 300w, https:\/\/fvo.cat\/wp-content\/uploads\/2024\/02\/1655379535900-1024x683.jpeg 1024w, https:\/\/fvo.cat\/wp-content\/uploads\/2024\/02\/1655379535900-768x512.jpeg 768w, https:\/\/fvo.cat\/wp-content\/uploads\/2024\/02\/1655379535900-1536x1024.jpeg 1536w, https:\/\/fvo.cat\/wp-content\/uploads\/2024\/02\/1655379535900.jpeg 2048w\" sizes=\"auto, (max-width: 300px) 100vw, 300px\" \/><\/a>\n\t\t\t<\/div><\/figure><figure class='gallery-item'>\n\t\t\t<div class='gallery-icon landscape'>\n\t\t\t\t<a href='https:\/\/fvo.cat\/es\/servicios-a-empresas\/empresa-cet\/img-20220604-120226-2\/'><img loading=\"lazy\" decoding=\"async\" width=\"300\" height=\"225\" src=\"https:\/\/fvo.cat\/wp-content\/uploads\/2024\/02\/img-20220604-120226-300x225.jpg\" class=\"attachment-medium size-medium\" alt=\"\" srcset=\"https:\/\/fvo.cat\/wp-content\/uploads\/2024\/02\/img-20220604-120226-300x225.jpg 300w, https:\/\/fvo.cat\/wp-content\/uploads\/2024\/02\/img-20220604-120226-1024x768.jpg 1024w, https:\/\/fvo.cat\/wp-content\/uploads\/2024\/02\/img-20220604-120226-768x576.jpg 768w, https:\/\/fvo.cat\/wp-content\/uploads\/2024\/02\/img-20220604-120226.jpg 1292w\" sizes=\"auto, (max-width: 300px) 100vw, 300px\" \/><\/a>\n\t\t\t<\/div><\/figure>\n\t\t<\/div>\n\n<p>&nbsp;<\/p>\n<h3>San Jordi Solidario<\/h3>\n<p>\u00a1El d\u00eda de San Jordi es un d\u00eda muy especial! \u00a1Toda la Fundaci\u00f3n participa activamente para montar y repartir las rosas de Sant Jordi m\u00e1s bonitas a las empresas que suman sinergias con nosotros!<\/p>\n<div id='gallery-3' class='gallery galleryid-15479 gallery-columns-3 gallery-size-medium'><figure class='gallery-item'>\n\t\t\t<div class='gallery-icon landscape'>\n\t\t\t\t<a href='https:\/\/fvo.cat\/es\/servicios-a-empresas\/empresa-cet\/img-20220405-112814-2\/'><img loading=\"lazy\" decoding=\"async\" width=\"300\" height=\"225\" src=\"https:\/\/fvo.cat\/wp-content\/uploads\/2024\/02\/img-20220405-112814-300x225.jpg\" class=\"attachment-medium size-medium\" alt=\"\" srcset=\"https:\/\/fvo.cat\/wp-content\/uploads\/2024\/02\/img-20220405-112814-300x225.jpg 300w, https:\/\/fvo.cat\/wp-content\/uploads\/2024\/02\/img-20220405-112814-1024x768.jpg 1024w, https:\/\/fvo.cat\/wp-content\/uploads\/2024\/02\/img-20220405-112814-768x576.jpg 768w, https:\/\/fvo.cat\/wp-content\/uploads\/2024\/02\/img-20220405-112814.jpg 1292w\" sizes=\"auto, (max-width: 300px) 100vw, 300px\" \/><\/a>\n\t\t\t<\/div><\/figure><figure class='gallery-item'>\n\t\t\t<div class='gallery-icon landscape'>\n\t\t\t\t<a href='https:\/\/fvo.cat\/es\/servicios-a-empresas\/empresa-cet\/img-20220405-120232-2\/'><img loading=\"lazy\" decoding=\"async\" width=\"300\" height=\"225\" src=\"https:\/\/fvo.cat\/wp-content\/uploads\/2024\/02\/img-20220405-120232-300x225.jpg\" class=\"attachment-medium size-medium\" alt=\"\" srcset=\"https:\/\/fvo.cat\/wp-content\/uploads\/2024\/02\/img-20220405-120232-300x225.jpg 300w, https:\/\/fvo.cat\/wp-content\/uploads\/2024\/02\/img-20220405-120232-1024x768.jpg 1024w, https:\/\/fvo.cat\/wp-content\/uploads\/2024\/02\/img-20220405-120232-768x576.jpg 768w, https:\/\/fvo.cat\/wp-content\/uploads\/2024\/02\/img-20220405-120232.jpg 1292w\" sizes=\"auto, (max-width: 300px) 100vw, 300px\" \/><\/a>\n\t\t\t<\/div><\/figure><figure class='gallery-item'>\n\t\t\t<div class='gallery-icon landscape'>\n\t\t\t\t<a href='https:\/\/fvo.cat\/es\/servicios-a-empresas\/empresa-cet\/img-20220421-174349-2\/'><img loading=\"lazy\" decoding=\"async\" width=\"300\" height=\"225\" src=\"https:\/\/fvo.cat\/wp-content\/uploads\/2024\/02\/img-20220421-174349-300x225.jpg\" class=\"attachment-medium size-medium\" alt=\"\" srcset=\"https:\/\/fvo.cat\/wp-content\/uploads\/2024\/02\/img-20220421-174349-300x225.jpg 300w, https:\/\/fvo.cat\/wp-content\/uploads\/2024\/02\/img-20220421-174349-1024x768.jpg 1024w, https:\/\/fvo.cat\/wp-content\/uploads\/2024\/02\/img-20220421-174349-768x576.jpg 768w, https:\/\/fvo.cat\/wp-content\/uploads\/2024\/02\/img-20220421-174349.jpg 1292w\" sizes=\"auto, (max-width: 300px) 100vw, 300px\" \/><\/a>\n\t\t\t<\/div><\/figure><figure class='gallery-item'>\n\t\t\t<div class='gallery-icon portrait'>\n\t\t\t\t<a href='https:\/\/fvo.cat\/es\/servicios-a-empresas\/empresa-cet\/imagen-de-whatsapp-2024-02-16-a-las-153030-4b76d940-2\/'><img loading=\"lazy\" decoding=\"async\" width=\"225\" height=\"300\" src=\"https:\/\/fvo.cat\/wp-content\/uploads\/2024\/02\/imagen-de-whatsapp-2024-02-16-a-las-153030-4b76d940-225x300.jpg\" class=\"attachment-medium size-medium\" alt=\"\" srcset=\"https:\/\/fvo.cat\/wp-content\/uploads\/2024\/02\/imagen-de-whatsapp-2024-02-16-a-las-153030-4b76d940-225x300.jpg 225w, https:\/\/fvo.cat\/wp-content\/uploads\/2024\/02\/imagen-de-whatsapp-2024-02-16-a-las-153030-4b76d940-768x1024.jpg 768w, https:\/\/fvo.cat\/wp-content\/uploads\/2024\/02\/imagen-de-whatsapp-2024-02-16-a-las-153030-4b76d940-1152x1536.jpg 1152w, https:\/\/fvo.cat\/wp-content\/uploads\/2024\/02\/imagen-de-whatsapp-2024-02-16-a-las-153030-4b76d940.jpg 1500w\" sizes=\"auto, (max-width: 225px) 100vw, 225px\" \/><\/a>\n\t\t\t<\/div><\/figure><figure class='gallery-item'>\n\t\t\t<div class='gallery-icon portrait'>\n\t\t\t\t<a href='https:\/\/fvo.cat\/es\/servicios-a-empresas\/empresa-cet\/img-20220422-wa0048-2\/'><img loading=\"lazy\" decoding=\"async\" width=\"225\" height=\"300\" src=\"https:\/\/fvo.cat\/wp-content\/uploads\/2024\/02\/img-20220422-wa0048-225x300.jpg\" class=\"attachment-medium size-medium\" alt=\"\" srcset=\"https:\/\/fvo.cat\/wp-content\/uploads\/2024\/02\/img-20220422-wa0048-225x300.jpg 225w, https:\/\/fvo.cat\/wp-content\/uploads\/2024\/02\/img-20220422-wa0048.jpg 727w\" sizes=\"auto, (max-width: 225px) 100vw, 225px\" \/><\/a>\n\t\t\t<\/div><\/figure><figure class='gallery-item'>\n\t\t\t<div class='gallery-icon landscape'>\n\t\t\t\t<a href='https:\/\/fvo.cat\/es\/servicios-a-empresas\/empresa-cet\/imagen-de-whatsapp-2024-02-16-a-las-153132-1518660b-2\/'><img loading=\"lazy\" decoding=\"async\" width=\"300\" height=\"225\" src=\"https:\/\/fvo.cat\/wp-content\/uploads\/2024\/02\/imagen-de-whatsapp-2024-02-16-a-las-153132-1518660b-300x225.jpg\" class=\"attachment-medium size-medium\" alt=\"\" srcset=\"https:\/\/fvo.cat\/wp-content\/uploads\/2024\/02\/imagen-de-whatsapp-2024-02-16-a-las-153132-1518660b-300x225.jpg 300w, https:\/\/fvo.cat\/wp-content\/uploads\/2024\/02\/imagen-de-whatsapp-2024-02-16-a-las-153132-1518660b-768x576.jpg 768w, https:\/\/fvo.cat\/wp-content\/uploads\/2024\/02\/imagen-de-whatsapp-2024-02-16-a-las-153132-1518660b.jpg 1024w\" sizes=\"auto, (max-width: 300px) 100vw, 300px\" \/><\/a>\n\t\t\t<\/div><\/figure>\n\t\t<\/div>\n\n<h3>Campa\u00f1a de Navidad con valor a\u00f1adido<\/h3>\n<p>Regala a los trabajadores\/as y\/o clientes\/as lotes de Navidad solidarios y con valor social. Tambi\u00e9n tenemos detalles de artesan\u00eda navide\u00f1a, \u00a1no se lo puede perder!<\/p>\n<div id='gallery-4' class='gallery galleryid-15479 gallery-columns-2 gallery-size-medium'><figure class='gallery-item'>\n\t\t\t<div class='gallery-icon landscape'>\n\t\t\t\t<a href='https:\/\/fvo.cat\/es\/servicios-a-empresas\/empresa-cet\/manipulats-9-2\/'><img loading=\"lazy\" decoding=\"async\" width=\"300\" height=\"225\" src=\"https:\/\/fvo.cat\/wp-content\/uploads\/2024\/02\/manipulats-9-300x225.jpg\" class=\"attachment-medium size-medium\" alt=\"\" srcset=\"https:\/\/fvo.cat\/wp-content\/uploads\/2024\/02\/manipulats-9-300x225.jpg 300w, https:\/\/fvo.cat\/wp-content\/uploads\/2024\/02\/manipulats-9-1024x768.jpg 1024w, https:\/\/fvo.cat\/wp-content\/uploads\/2024\/02\/manipulats-9-768x576.jpg 768w, https:\/\/fvo.cat\/wp-content\/uploads\/2024\/02\/manipulats-9-1536x1152.jpg 1536w, https:\/\/fvo.cat\/wp-content\/uploads\/2024\/02\/manipulats-9.jpg 1600w\" sizes=\"auto, (max-width: 300px) 100vw, 300px\" \/><\/a>\n\t\t\t<\/div><\/figure><figure class='gallery-item'>\n\t\t\t<div class='gallery-icon portrait'>\n\t\t\t\t<a href='https:\/\/fvo.cat\/es\/servicios-a-empresas\/img-20221215-124200-2\/'><img loading=\"lazy\" decoding=\"async\" width=\"225\" height=\"300\" src=\"https:\/\/fvo.cat\/wp-content\/uploads\/2024\/02\/img-20221215-124200-225x300.jpg\" class=\"attachment-medium size-medium\" alt=\"\" aria-describedby=\"gallery-4-16095\" srcset=\"https:\/\/fvo.cat\/wp-content\/uploads\/2024\/02\/img-20221215-124200-225x300.jpg 225w, https:\/\/fvo.cat\/wp-content\/uploads\/2024\/02\/img-20221215-124200-768x1023.jpg 768w, https:\/\/fvo.cat\/wp-content\/uploads\/2024\/02\/img-20221215-124200.jpg 812w\" sizes=\"auto, (max-width: 225px) 100vw, 225px\" \/><\/a>\n\t\t\t<\/div>\n\t\t\t\t<figcaption class='wp-caption-text gallery-caption' id='gallery-4-16095'>\n\t\t\t\tContracta els serveis del Centre Especial de Treball\n\t\t\t\t<\/figcaption><\/figure>\n\t\t<\/div>\n\n<h3>Contacta con nosotros!<\/h3>\n<h4 style=\"text-align: center;\">insercio@fvo.cat \u2013 93 860 02 40<\/h4>\n","protected":false},"excerpt":{"rendered":"<p>\u00bfNecesitas asesoramiento sobre el cumplimiento de la Ley General de Discapacidad? La Ley General de la Discapacidad (antigua LISMI) establece que todas las empresas p\u00fablicas y privadas que tengan una plantilla de [&hellip;]<\/p>\n","protected":false},"author":1,"featured_media":15391,"parent":15477,"menu_order":111,"comment_status":"closed","ping_status":"closed","template":"","meta":{"_seopress_robots_primary_cat":"","_seopress_titles_title":"","_seopress_titles_desc":"","_seopress_robots_index":"","inline_featured_image":false,"footnotes":""},"class_list":["post-15479","page","type-page","status-publish","has-post-thumbnail","hentry"],"_links":{"self":[{"href":"https:\/\/fvo.cat\/es\/wp-json\/wp\/v2\/pages\/15479","targetHints":{"allow":["GET"]}}],"collection":[{"href":"https:\/\/fvo.cat\/es\/wp-json\/wp\/v2\/pages"}],"about":[{"href":"https:\/\/fvo.cat\/es\/wp-json\/wp\/v2\/types\/page"}],"author":[{"embeddable":true,"href":"https:\/\/fvo.cat\/es\/wp-json\/wp\/v2\/users\/1"}],"replies":[{"embeddable":true,"href":"https:\/\/fvo.cat\/es\/wp-json\/wp\/v2\/comments?post=15479"}],"version-history":[{"count":0,"href":"https:\/\/fvo.cat\/es\/wp-json\/wp\/v2\/pages\/15479\/revisions"}],"up":[{"embeddable":true,"href":"https:\/\/fvo.cat\/es\/wp-json\/wp\/v2\/pages\/15477"}],"wp:featuredmedia":[{"embeddable":true,"href":"https:\/\/fvo.cat\/es\/wp-json\/wp\/v2\/media\/15391"}],"wp:attachment":[{"href":"https:\/\/fvo.cat\/es\/wp-json\/wp\/v2\/media?parent=15479"}],"curies":[{"name":"wp","href":"https:\/\/api.w.org\/{rel}","templated":true}]}}