{"id":15481,"date":"2023-10-09T10:29:02","date_gmt":"2023-10-09T08:29:02","guid":{"rendered":"https:\/\/fvo.cat\/servicios-a-empresas\/equip-multidisciplinari-de-suport\/"},"modified":"2025-07-29T16:34:03","modified_gmt":"2025-07-29T14:34:03","slug":"equip-multidisciplinari-de-suport","status":"publish","type":"page","link":"https:\/\/fvo.cat\/es\/servicios-a-empresas\/equip-multidisciplinari-de-suport\/","title":{"rendered":"Equipo Multidisciplinario de Soporte"},"content":{"rendered":"<p>El Equipo Multidisciplinario de Soporte (EMS) es un servicio de apoyo especializado que se dirige a las personas con discapacidad intelectual que trabajan, actuando para mejorar su autonom\u00eda y su integraci\u00f3n laboral y social con el objetivo de potenciar su bienestar ps\u00edquico y calidad de vida.<\/p>\n<p>Colabora y apoya al Centro Especial de Trabajo, asegurando que la adaptaci\u00f3n laboral de los\/las trabajadores\/as sea \u00f3ptima ofreciendo a estos el apoyo necesario que complemente sus capacidades y h\u00e1bitos laborales adecuados.<\/p>\n<p>El EMS, que trabaja seg\u00fan un modelo bio-psico-social, est\u00e1 compuesto por un equipo multidisciplinar integrado por psic\u00f3logo\/a, trabajador\/a social y el equipo de monitores\/as y monitores\/as especialistas, que en coordinaci\u00f3n con el Jefe de Recursos de la Fundaci\u00f3n y con otros servicios de la red social y de salud, intervienen para garantizar un apoyo individualizado e integral a la persona.<\/p>\n<p style=\"text-align: center;\">Amb el suport de la Generalitat de Catalunya<img loading=\"lazy\" decoding=\"async\" class=\"aligncenter  wp-image-17818\" src=\"https:\/\/fvo.cat\/wp-content\/uploads\/2025\/07\/documento-a4-horizontal-hoja-de-papel-aesthetic-crema-2-1024x173.png\" alt=\"\" width=\"764\" height=\"129\" data-wp-editing=\"1\" srcset=\"https:\/\/fvo.cat\/wp-content\/uploads\/2025\/07\/documento-a4-horizontal-hoja-de-papel-aesthetic-crema-2-1024x173.png 1024w, https:\/\/fvo.cat\/wp-content\/uploads\/2025\/07\/documento-a4-horizontal-hoja-de-papel-aesthetic-crema-2-300x51.png 300w, https:\/\/fvo.cat\/wp-content\/uploads\/2025\/07\/documento-a4-horizontal-hoja-de-papel-aesthetic-crema-2-768x130.png 768w, https:\/\/fvo.cat\/wp-content\/uploads\/2025\/07\/documento-a4-horizontal-hoja-de-papel-aesthetic-crema-2.png 1535w\" sizes=\"auto, (max-width: 764px) 100vw, 764px\" \/><\/p>\n<h2>Historia<\/h2>\n<p>La puesta en marcha del Equipo Multidisciplinario de Soporte (EMS), consecuencia directa del compromiso de la FVO con la mejora de la calidad de vida y con la normalizaci\u00f3n social de las personas con discapacidad intelectual, va paralela a la creaci\u00f3n y desarrollo del Centro Especial de Trabajo en 1992.<\/p>\n<p>El EMS representa el proyecto de intervenci\u00f3n social y personal, la estrategia y la metodolog\u00eda de actuaci\u00f3n mediante la cual el CET acontece una empresa rehabilitadora, que ofrece unos apoyos y unas garant\u00edas en la especial adaptaci\u00f3n y cuidado de los\/las trabajadores\/as con discapacidad intelectual, haciendo posible su verdadera integraci\u00f3n laboral y, paralelamente, su mayor integraci\u00f3n y participaci\u00f3n social.<\/p>\n","protected":false},"excerpt":{"rendered":"<p>El Equipo Multidisciplinario de Soporte (EMS) es un servicio de apoyo especializado que se dirige a las personas con discapacidad intelectual que trabajan, actuando para mejorar su autonom\u00eda y su integraci\u00f3n laboral [&hellip;]<\/p>\n","protected":false},"author":1,"featured_media":15395,"parent":15477,"menu_order":113,"comment_status":"closed","ping_status":"closed","template":"","meta":{"_seopress_robots_primary_cat":"","_seopress_titles_title":"","_seopress_titles_desc":"","_seopress_robots_index":"","inline_featured_image":false,"footnotes":""},"class_list":["post-15481","page","type-page","status-publish","has-post-thumbnail","hentry"],"_links":{"self":[{"href":"https:\/\/fvo.cat\/es\/wp-json\/wp\/v2\/pages\/15481","targetHints":{"allow":["GET"]}}],"collection":[{"href":"https:\/\/fvo.cat\/es\/wp-json\/wp\/v2\/pages"}],"about":[{"href":"https:\/\/fvo.cat\/es\/wp-json\/wp\/v2\/types\/page"}],"author":[{"embeddable":true,"href":"https:\/\/fvo.cat\/es\/wp-json\/wp\/v2\/users\/1"}],"replies":[{"embeddable":true,"href":"https:\/\/fvo.cat\/es\/wp-json\/wp\/v2\/comments?post=15481"}],"version-history":[{"count":0,"href":"https:\/\/fvo.cat\/es\/wp-json\/wp\/v2\/pages\/15481\/revisions"}],"up":[{"embeddable":true,"href":"https:\/\/fvo.cat\/es\/wp-json\/wp\/v2\/pages\/15477"}],"wp:featuredmedia":[{"embeddable":true,"href":"https:\/\/fvo.cat\/es\/wp-json\/wp\/v2\/media\/15395"}],"wp:attachment":[{"href":"https:\/\/fvo.cat\/es\/wp-json\/wp\/v2\/media?parent=15481"}],"curies":[{"name":"wp","href":"https:\/\/api.w.org\/{rel}","templated":true}]}}