{"id":15483,"date":"2023-10-09T10:43:01","date_gmt":"2023-10-09T08:43:01","guid":{"rendered":"https:\/\/fvo.cat\/voluntaris\/"},"modified":"2024-06-27T09:44:32","modified_gmt":"2024-06-27T07:44:32","slug":"voluntarios","status":"publish","type":"page","link":"https:\/\/fvo.cat\/es\/voluntarios\/","title":{"rendered":"Voluntari@s"},"content":{"rendered":"<div class=\"page__content\">\n<div class=\"page__content-inner\">\n<p><span class=\"OYPEnA text-decoration-none text-strikethrough-none\">En la Fundaci\u00f3n tenemos un Programa de<strong>\u00a0#voluntarisFVO<\/strong> que se basa en tres conceptos clave:<\/span><\/p>\n<h2><span class=\"OYPEnA text-decoration-none text-strikethrough-none\">Compartimos experiencia<\/span><\/h2>\n<p class=\"cvGsUA direction-ltr align-start para-style-body\"><span class=\"OYPEnA text-decoration-none text-strikethrough-none\">Personas de la comarca que por su trayectoria personal y laboral nos dedican parte de su tiempo en aquello que m\u00e1s les gusta compartir:<\/span><\/p>\n<ul>\n<li class=\"cvGsUA direction-ltr align-start para-style-body\"><span class=\"OYPEnA text-decoration-none text-strikethrough-none\">Apoyo en la piscina<\/span><\/li>\n<li class=\"cvGsUA direction-ltr align-start para-style-body\"><span class=\"OYPEnA text-decoration-none text-strikethrough-none\">Actividades musicales<\/span><\/li>\n<li class=\"cvGsUA direction-ltr align-start para-style-body\"><span class=\"OYPEnA text-decoration-none text-strikethrough-none\">Masterclass de zumos saludables<\/span><\/li>\n<li class=\"cvGsUA direction-ltr align-start para-style-body\"><span class=\"OYPEnA text-decoration-none text-strikethrough-none\">Arte-terapia<\/span><\/li>\n<li class=\"cvGsUA direction-ltr align-start para-style-body\"><span class=\"OYPEnA text-decoration-none text-strikethrough-none\">Apoyo en los c\u00e1terings<\/span><\/li>\n<li class=\"cvGsUA direction-ltr align-start para-style-body\"><span class=\"OYPEnA text-decoration-none text-strikethrough-none\">Arreglar ropa\u2026<\/span><\/li>\n<\/ul>\n<p class=\"cvGsUA direction-ltr align-start para-style-body\"><span class=\"OYPEnA text-decoration-none text-strikethrough-none\">Como voluntarios y voluntarias realizan sesiones peri\u00f3dicas siempre con las personas atendidas.<\/span><\/p>\n<p><img loading=\"lazy\" decoding=\"async\" class=\"wp-image-16160 alignleft\" src=\"https:\/\/fvo.cat\/wp-content\/uploads\/2024\/02\/vols-300x169.jpg\" sizes=\"auto, (max-width: 401px) 100vw, 401px\" srcset=\"https:\/\/fvo.cat\/wp-content\/uploads\/2024\/02\/vols-300x169.jpg 300w, https:\/\/fvo.cat\/wp-content\/uploads\/2024\/02\/vols-768x431.jpg 768w, https:\/\/fvo.cat\/wp-content\/uploads\/2024\/02\/vols.jpg 778w\" alt=\"\" width=\"401\" height=\"226\" \/><img loading=\"lazy\" decoding=\"async\" class=\" wp-image-16136 aligncenter\" src=\"https:\/\/fvo.cat\/wp-content\/uploads\/2024\/02\/img-20221004-wa0007-300x224.jpg\" sizes=\"auto, (max-width: 320px) 100vw, 320px\" srcset=\"https:\/\/fvo.cat\/wp-content\/uploads\/2024\/02\/img-20221004-wa0007-300x224.jpg 300w, https:\/\/fvo.cat\/wp-content\/uploads\/2024\/02\/img-20221004-wa0007-1024x766.jpg 1024w, https:\/\/fvo.cat\/wp-content\/uploads\/2024\/02\/img-20221004-wa0007-768x574.jpg 768w, https:\/\/fvo.cat\/wp-content\/uploads\/2024\/02\/img-20221004-wa0007.jpg 1447w\" alt=\"\" width=\"320\" height=\"239\" \/><\/p>\n<h2><span class=\"OYPEnA text-decoration-none text-strikethrough-none\">\u00a1La hacemos grande!<\/span><\/h2>\n<p class=\"cvGsUA direction-ltr align-start para-style-body\"><span class=\"OYPEnA text-decoration-none text-strikethrough-none\">Voluntarios y voluntarias para grandes actos deportivos o l\u00fadicos como la Fiesta de las Gran Familia de la Fundaci\u00f3 o la participaci\u00f3n en la Mitja Marat\u00f3 de Granollers<\/span><\/p>\n<p><img loading=\"lazy\" decoding=\"async\" class=\" wp-image-16145 aligncenter\" src=\"https:\/\/fvo.cat\/wp-content\/uploads\/2024\/02\/img-20240225-wa0088-300x225.jpg\" sizes=\"auto, (max-width: 384px) 100vw, 384px\" srcset=\"https:\/\/fvo.cat\/wp-content\/uploads\/2024\/02\/img-20240225-wa0088-300x225.jpg 300w, https:\/\/fvo.cat\/wp-content\/uploads\/2024\/02\/img-20240225-wa0088-1024x768.jpg 1024w, https:\/\/fvo.cat\/wp-content\/uploads\/2024\/02\/img-20240225-wa0088-768x576.jpg 768w, https:\/\/fvo.cat\/wp-content\/uploads\/2024\/02\/img-20240225-wa0088.jpg 1443w\" alt=\"\" width=\"384\" height=\"288\" \/><\/p>\n<h2><span class=\"OYPEnA text-decoration-none text-strikethrough-none\">Somos protagonistas<\/span><\/h2>\n<p class=\"cvGsUA direction-ltr align-start para-style-body\"><span class=\"OYPEnA text-decoration-none text-strikethrough-none\">Defendemos el modelo de ciudadan\u00eda para las personas con disCapacidad<\/span><\/p>\n<p class=\"cvGsUA direction-ltr align-start para-style-body\"><span class=\"OYPEnA text-decoration-none text-strikethrough-none\">Somos protagonistas activos de nuestro entorno comunitario y tenemos mucho a ofrecer y compartir<\/span><\/p>\n<p><img loading=\"lazy\" decoding=\"async\" class=\" wp-image-16148 aligncenter\" src=\"https:\/\/fvo.cat\/wp-content\/uploads\/2024\/02\/voluntariat-300x225.jpg\" sizes=\"auto, (max-width: 399px) 100vw, 399px\" srcset=\"https:\/\/fvo.cat\/wp-content\/uploads\/2024\/02\/voluntariat-300x225.jpg 300w, https:\/\/fvo.cat\/wp-content\/uploads\/2024\/02\/voluntariat-768x576.jpg 768w, https:\/\/fvo.cat\/wp-content\/uploads\/2024\/02\/voluntariat.jpg 974w\" alt=\"\" width=\"399\" height=\"299\" \/><\/p>\n<h2><span class=\"OYPEnA text-decoration-none text-strikethrough-none\"><img loading=\"lazy\" decoding=\"async\" class=\"size-medium wp-image-16154 alignleft\" src=\"https:\/\/fvo.cat\/wp-content\/uploads\/2024\/02\/diseno-sin-titulo-1-1-300x258.jpg\" sizes=\"auto, (max-width: 300px) 100vw, 300px\" srcset=\"https:\/\/fvo.cat\/wp-content\/uploads\/2024\/02\/diseno-sin-titulo-1-1-300x258.jpg 300w, https:\/\/fvo.cat\/wp-content\/uploads\/2024\/02\/diseno-sin-titulo-1-1.jpg 593w\" alt=\"\" width=\"300\" height=\"258\" \/>\u00bfQuieres ser <\/span><span class=\"OYPEnA text-decoration-none text-strikethrough-none\">voluntario o voluntaria de la Fundaci\u00f3?<\/span><\/h2>\n<p class=\"cvGsUA direction-ltr align-start para-style-body\"><span class=\"OYPEnA text-decoration-none text-strikethrough-none\">Env\u00eda un mail a:<\/span><\/p>\n<p><a href=\"mailto:voluntariat@fvo.cat\"><strong>voluntariat@fvo.cat<\/strong><\/a><\/p>\n<p>o sigue el Canal de Telegram:<\/p>\n<p>https:<a href=\"https:\/\/t.me\/voluntarisFVO\">\/\/t.me\/voluntarisFVO<\/a><\/p>\n<\/div>\n<\/div>\n<p>&nbsp;<\/p>\n","protected":false},"excerpt":{"rendered":"<p>En la Fundaci\u00f3n tenemos un Programa de\u00a0#voluntarisFVO que se basa en tres conceptos clave: Compartimos experiencia Personas de la comarca que por su trayectoria personal y laboral nos dedican parte de su [&hellip;]<\/p>\n","protected":false},"author":1,"featured_media":0,"parent":0,"menu_order":117,"comment_status":"closed","ping_status":"closed","template":"","meta":{"_seopress_robots_primary_cat":"","_seopress_titles_title":"","_seopress_titles_desc":"","_seopress_robots_index":"","inline_featured_image":false,"footnotes":""},"class_list":["post-15483","page","type-page","status-publish","hentry"],"_links":{"self":[{"href":"https:\/\/fvo.cat\/es\/wp-json\/wp\/v2\/pages\/15483","targetHints":{"allow":["GET"]}}],"collection":[{"href":"https:\/\/fvo.cat\/es\/wp-json\/wp\/v2\/pages"}],"about":[{"href":"https:\/\/fvo.cat\/es\/wp-json\/wp\/v2\/types\/page"}],"author":[{"embeddable":true,"href":"https:\/\/fvo.cat\/es\/wp-json\/wp\/v2\/users\/1"}],"replies":[{"embeddable":true,"href":"https:\/\/fvo.cat\/es\/wp-json\/wp\/v2\/comments?post=15483"}],"version-history":[{"count":0,"href":"https:\/\/fvo.cat\/es\/wp-json\/wp\/v2\/pages\/15483\/revisions"}],"wp:attachment":[{"href":"https:\/\/fvo.cat\/es\/wp-json\/wp\/v2\/media?parent=15483"}],"curies":[{"name":"wp","href":"https:\/\/api.w.org\/{rel}","templated":true}]}}