{"id":15484,"date":"2023-10-09T10:54:52","date_gmt":"2023-10-09T08:54:52","guid":{"rendered":"https:\/\/fvo.cat\/donacions\/"},"modified":"2024-05-09T13:35:32","modified_gmt":"2024-05-09T11:35:32","slug":"donaciones","status":"publish","type":"page","link":"https:\/\/fvo.cat\/es\/donaciones\/","title":{"rendered":"Donaciones"},"content":{"rendered":"<p><img loading=\"lazy\" decoding=\"async\" class=\"wp-image-16167 alignleft\" src=\"https:\/\/fvo.cat\/wp-content\/uploads\/2024\/02\/img-20230124-wa0054-1-300x182.jpg\" alt=\"\" width=\"674\" height=\"409\" srcset=\"https:\/\/fvo.cat\/wp-content\/uploads\/2024\/02\/img-20230124-wa0054-1-300x182.jpg 300w, https:\/\/fvo.cat\/wp-content\/uploads\/2024\/02\/img-20230124-wa0054-1-1024x620.jpg 1024w, https:\/\/fvo.cat\/wp-content\/uploads\/2024\/02\/img-20230124-wa0054-1-768x465.jpg 768w, https:\/\/fvo.cat\/wp-content\/uploads\/2024\/02\/img-20230124-wa0054-1.jpg 1198w\" sizes=\"auto, (max-width: 674px) 100vw, 674px\" \/><\/p>\n<p>La colaboraci\u00f3n y apoyo de entidades y\u00a0 personas sensibles con la defensa de los derechos de las personas con disCapacidad hacen posible muchos de nuestros proyectos.<\/p>\n<p>Por este motiu sempre tenemos un gran <strong>GR\u00c0CIAS<\/strong> y un beso bien grande para aquellas personas, empresas y entidades que nos hacen donaciones y nos muestran su apoyo.<\/p>\n<h2><strong>\u00bfCom lo puedes hacer?<\/strong><\/h2>\n<p><strong>Donaci\u00f3n econ\u00f3mica:<\/strong><\/p>\n<p>Puedes realizar una donaci\u00f3n econ\u00f3mica, s\u00f3lo hace falta hacer el ingreso a la cuenta bancaria de la Fundaci\u00f3 en CaixaBank:<\/p>\n<p><strong>ES85 2100 0009 7902 0120 0080<\/strong><\/p>\n<p>Puedes hacer una donaci\u00f3n <strong>a trav\u00e9s de BIZUM:<\/strong><\/p>\n<p><strong>01844<\/strong><\/p>\n<p>&nbsp;<\/p>\n<p><strong>Donaci<\/strong><strong>\u00f3n de material:<\/strong><\/p>\n<p>Si tienes material de oficina, muebles, ropa, electrodom\u00e9sticos en buen estado, material de cocina o restauraci\u00f3n&#8230; aquello que creas que puede ser utilizado, env\u00edanos un mail a <a href=\"mailto:fundacio@fvo.cat\">fundacio@fvo.cat<\/a> y \u00a1nosotros le daremos una segunda vida!<\/p>\n<p>&nbsp;<\/p>\n<p><strong>Si necesitas el certificado de la donaci\u00f3n:<\/strong><\/p>\n<p>Haz llegar el comprobante de la donaci\u00f3n, con tus datos como nombre y apellidos o nombre fiscal de la empresa, NIF y direcci\u00f3n postal.<\/p>\n<p>&nbsp;<\/p>\n","protected":false},"excerpt":{"rendered":"<p>La colaboraci\u00f3n y apoyo de entidades y\u00a0 personas sensibles con la defensa de los derechos de las personas con disCapacidad hacen posible muchos de nuestros proyectos. Por este motiu sempre tenemos un [&hellip;]<\/p>\n","protected":false},"author":1,"featured_media":0,"parent":0,"menu_order":86,"comment_status":"closed","ping_status":"closed","template":"","meta":{"_seopress_robots_primary_cat":"","_seopress_titles_title":"","_seopress_titles_desc":"","_seopress_robots_index":"","inline_featured_image":false,"footnotes":""},"class_list":["post-15484","page","type-page","status-publish","hentry"],"_links":{"self":[{"href":"https:\/\/fvo.cat\/es\/wp-json\/wp\/v2\/pages\/15484","targetHints":{"allow":["GET"]}}],"collection":[{"href":"https:\/\/fvo.cat\/es\/wp-json\/wp\/v2\/pages"}],"about":[{"href":"https:\/\/fvo.cat\/es\/wp-json\/wp\/v2\/types\/page"}],"author":[{"embeddable":true,"href":"https:\/\/fvo.cat\/es\/wp-json\/wp\/v2\/users\/1"}],"replies":[{"embeddable":true,"href":"https:\/\/fvo.cat\/es\/wp-json\/wp\/v2\/comments?post=15484"}],"version-history":[{"count":0,"href":"https:\/\/fvo.cat\/es\/wp-json\/wp\/v2\/pages\/15484\/revisions"}],"wp:attachment":[{"href":"https:\/\/fvo.cat\/es\/wp-json\/wp\/v2\/media?parent=15484"}],"curies":[{"name":"wp","href":"https:\/\/api.w.org\/{rel}","templated":true}]}}