{"id":15489,"date":"2023-10-09T13:14:22","date_gmt":"2023-10-09T11:14:22","guid":{"rendered":"https:\/\/fvo.cat\/donaciones\/patrocinadors-publicacions\/"},"modified":"2024-05-09T13:36:59","modified_gmt":"2024-05-09T11:36:59","slug":"patrocinadors-publicacions","status":"publish","type":"page","link":"https:\/\/fvo.cat\/es\/donaciones\/patrocinadors-publicacions\/","title":{"rendered":"Patrocinadores publicaciones"},"content":{"rendered":"<p>Gracias a la colaboraci\u00f3n de empresas con coraz\u00f3n, lo proyecto BATEC como publicaci\u00f3n de las novedades de la Fundaci\u00f3n es posible.<\/p>\n<p>&nbsp;<\/p>\n<p><img loading=\"lazy\" decoding=\"async\" class=\"aligncenter wp-image-16170 size-full\" src=\"https:\/\/fvo.cat\/wp-content\/uploads\/2024\/02\/patrojpg.jpg\" alt=\"\" width=\"237\" height=\"500\" srcset=\"https:\/\/fvo.cat\/wp-content\/uploads\/2024\/02\/patrojpg.jpg 237w, https:\/\/fvo.cat\/wp-content\/uploads\/2024\/02\/patrojpg-142x300.jpg 142w\" sizes=\"auto, (max-width: 237px) 100vw, 237px\" \/><\/p>\n","protected":false},"excerpt":{"rendered":"<p>Gracias a la colaboraci\u00f3n de empresas con coraz\u00f3n, lo proyecto BATEC como publicaci\u00f3n de las novedades de la Fundaci\u00f3n es posible. &nbsp;<\/p>\n","protected":false},"author":1,"featured_media":0,"parent":15484,"menu_order":87,"comment_status":"closed","ping_status":"closed","template":"","meta":{"_seopress_robots_primary_cat":"","_seopress_titles_title":"","_seopress_titles_desc":"","_seopress_robots_index":"","inline_featured_image":false,"footnotes":""},"class_list":["post-15489","page","type-page","status-publish","hentry"],"_links":{"self":[{"href":"https:\/\/fvo.cat\/es\/wp-json\/wp\/v2\/pages\/15489","targetHints":{"allow":["GET"]}}],"collection":[{"href":"https:\/\/fvo.cat\/es\/wp-json\/wp\/v2\/pages"}],"about":[{"href":"https:\/\/fvo.cat\/es\/wp-json\/wp\/v2\/types\/page"}],"author":[{"embeddable":true,"href":"https:\/\/fvo.cat\/es\/wp-json\/wp\/v2\/users\/1"}],"replies":[{"embeddable":true,"href":"https:\/\/fvo.cat\/es\/wp-json\/wp\/v2\/comments?post=15489"}],"version-history":[{"count":0,"href":"https:\/\/fvo.cat\/es\/wp-json\/wp\/v2\/pages\/15489\/revisions"}],"up":[{"embeddable":true,"href":"https:\/\/fvo.cat\/es\/wp-json\/wp\/v2\/pages\/15484"}],"wp:attachment":[{"href":"https:\/\/fvo.cat\/es\/wp-json\/wp\/v2\/media?parent=15489"}],"curies":[{"name":"wp","href":"https:\/\/api.w.org\/{rel}","templated":true}]}}