{"id":15490,"date":"2023-10-09T11:01:30","date_gmt":"2023-10-09T09:01:30","guid":{"rendered":"https:\/\/fvo.cat\/recursos-humans\/"},"modified":"2023-10-09T13:17:36","modified_gmt":"2023-10-09T11:17:36","slug":"recursos-humanos","status":"publish","type":"page","link":"https:\/\/fvo.cat\/es\/recursos-humanos\/","title":{"rendered":"Recursos humanos"},"content":{"rendered":"<p>La Fundaci\u00f3n Privada Vall\u00e8s Oriental, fiel a sus objetivos fundacionales, dispone de un equipo de profesionales comprometidos con la persona adulta con discapacidad intelectual, con sus familias, con sus derechos, con sus necesidades de adaptaci\u00f3n, crecimiento, participaci\u00f3n en la comunidad e inclusi\u00f3n social.<\/p>\n<p>Es un equipo humano muy implicado en su trabajo, personas polivalentes, flexibles y con capacidad para adaptarse y abordar las situaciones diarias y sobre todo, para trabajar aspectos pedag\u00f3gicos y educativos tan necesarios e indispensables para atender en las personas con discapacidad intelectual desde su globalidad.<\/p>\n<p>La relaci\u00f3n de los profesionales con las personas atendidas estar\u00e1 presidida por el respecto a su persona y, por lo tanto, a sus caracter\u00edsticas, necesidades e intereses personales, respetando la intimidad de la persona, tanto a nivel f\u00edsico como nivel del tratamiento de la informaci\u00f3n personal: trat\u00e1ndola en los espacios y con las personas adecuadas y con la m\u00e1xima confidencialidad y secreto profesionales.<\/p>\n<p>Promovemos pol\u00edticas de gesti\u00f3n de los recursos humanos, dirigidas en todo momento a profesionalizar y fidelizar al personal del centro y articulamos nuestras pol\u00edticas de gesti\u00f3n de personal de acuerdo a los siguientes principios:<\/p>\n<p>&nbsp;<\/p>\n<p><img loading=\"lazy\" decoding=\"async\" class=\"alignnone wp-image-15491 size-full\" src=\"https:\/\/fvo.cat\/wp-content\/uploads\/2023\/10\/rh-cast.jpg\" alt=\"\" width=\"732\" height=\"677\" srcset=\"https:\/\/fvo.cat\/wp-content\/uploads\/2023\/10\/rh-cast.jpg 732w, https:\/\/fvo.cat\/wp-content\/uploads\/2023\/10\/rh-cast-300x277.jpg 300w\" sizes=\"auto, (max-width: 732px) 100vw, 732px\" \/><\/p>\n","protected":false},"excerpt":{"rendered":"<p>La Fundaci\u00f3n Privada Vall\u00e8s Oriental, fiel a sus objetivos fundacionales, dispone de un equipo de profesionales comprometidos con la persona adulta con discapacidad intelectual, con sus familias, con sus derechos, con sus [&hellip;]<\/p>\n","protected":false},"author":1,"featured_media":0,"parent":0,"menu_order":118,"comment_status":"closed","ping_status":"closed","template":"","meta":{"_seopress_robots_primary_cat":"","_seopress_titles_title":"","_seopress_titles_desc":"","_seopress_robots_index":"","inline_featured_image":false,"footnotes":""},"class_list":["post-15490","page","type-page","status-publish","hentry"],"_links":{"self":[{"href":"https:\/\/fvo.cat\/es\/wp-json\/wp\/v2\/pages\/15490","targetHints":{"allow":["GET"]}}],"collection":[{"href":"https:\/\/fvo.cat\/es\/wp-json\/wp\/v2\/pages"}],"about":[{"href":"https:\/\/fvo.cat\/es\/wp-json\/wp\/v2\/types\/page"}],"author":[{"embeddable":true,"href":"https:\/\/fvo.cat\/es\/wp-json\/wp\/v2\/users\/1"}],"replies":[{"embeddable":true,"href":"https:\/\/fvo.cat\/es\/wp-json\/wp\/v2\/comments?post=15490"}],"version-history":[{"count":0,"href":"https:\/\/fvo.cat\/es\/wp-json\/wp\/v2\/pages\/15490\/revisions"}],"wp:attachment":[{"href":"https:\/\/fvo.cat\/es\/wp-json\/wp\/v2\/media?parent=15490"}],"curies":[{"name":"wp","href":"https:\/\/api.w.org\/{rel}","templated":true}]}}