{"id":15495,"date":"2023-10-09T11:07:29","date_gmt":"2023-10-09T09:07:29","guid":{"rendered":"https:\/\/fvo.cat\/recursos-humanos\/manual-de-benvinguda\/"},"modified":"2023-10-09T13:20:24","modified_gmt":"2023-10-09T11:20:24","slug":"manual-de-bienvenida","status":"publish","type":"page","link":"https:\/\/fvo.cat\/es\/recursos-humanos\/manual-de-bienvenida\/","title":{"rendered":"Manual de bienvenida"},"content":{"rendered":"<p>Con el prop\u00f3sito de garantizar una r\u00e1pida y eficaz integraci\u00f3n a la Fundaci\u00f3n Privada Vall\u00e8s Oriental, disponemos de un Manual de Bienvenida para facilitar la informaci\u00f3n b\u00e1sica y necesaria sobre nuestra entidad que se entrega a los nuevos profesionales que entran a formar parte del equipo humano de la FVO.<\/p>\n<p>Adem\u00e1s, la FVO dispondr\u00e1 de todos los medios necesarios para optimizar tanto la integraci\u00f3n como el desarrollo de todos los profesionales dentro de nuestra instituci\u00f3n. A cambio, pedimos participaci\u00f3n, responsabilidad y compromiso para conseguir nuestro objetivo principal, la atenci\u00f3n a personas con discapacidad intelectual en el \u00e1mbito de Catalunya.<\/p>\n<p>Para favorecer una integraci\u00f3n eficiente y r\u00e1pida de las nuevas incorporaciones; dotarlos\/las de los conocimientos espec\u00edficos de cariz t\u00e9cnico relacionados con las necesidades de las personas atendidas; y a la vez potenciar el desarrollo de competencias transversales capitales para ofrecer una atenci\u00f3n de calidad a la persona con discapacidad intelectual, se promover\u00e1n programas de desarrollo profesional orientados a fomentar el crecimiento personal, la inquietud para aprender y aportar, imprescindible para garantizar el buen funcionamiento presente y futuro del centro.<\/p>\n","protected":false},"excerpt":{"rendered":"<p>Con el prop\u00f3sito de garantizar una r\u00e1pida y eficaz integraci\u00f3n a la Fundaci\u00f3n Privada Vall\u00e8s Oriental, disponemos de un Manual de Bienvenida para facilitar la informaci\u00f3n b\u00e1sica y necesaria sobre nuestra entidad [&hellip;]<\/p>\n","protected":false},"author":1,"featured_media":0,"parent":15490,"menu_order":126,"comment_status":"closed","ping_status":"closed","template":"","meta":{"_seopress_robots_primary_cat":"","_seopress_titles_title":"","_seopress_titles_desc":"","_seopress_robots_index":"","inline_featured_image":false,"footnotes":""},"class_list":["post-15495","page","type-page","status-publish","hentry"],"_links":{"self":[{"href":"https:\/\/fvo.cat\/es\/wp-json\/wp\/v2\/pages\/15495","targetHints":{"allow":["GET"]}}],"collection":[{"href":"https:\/\/fvo.cat\/es\/wp-json\/wp\/v2\/pages"}],"about":[{"href":"https:\/\/fvo.cat\/es\/wp-json\/wp\/v2\/types\/page"}],"author":[{"embeddable":true,"href":"https:\/\/fvo.cat\/es\/wp-json\/wp\/v2\/users\/1"}],"replies":[{"embeddable":true,"href":"https:\/\/fvo.cat\/es\/wp-json\/wp\/v2\/comments?post=15495"}],"version-history":[{"count":0,"href":"https:\/\/fvo.cat\/es\/wp-json\/wp\/v2\/pages\/15495\/revisions"}],"up":[{"embeddable":true,"href":"https:\/\/fvo.cat\/es\/wp-json\/wp\/v2\/pages\/15490"}],"wp:attachment":[{"href":"https:\/\/fvo.cat\/es\/wp-json\/wp\/v2\/media?parent=15495"}],"curies":[{"name":"wp","href":"https:\/\/api.w.org\/{rel}","templated":true}]}}