{"id":15496,"date":"2023-10-09T11:11:46","date_gmt":"2023-10-09T09:11:46","guid":{"rendered":"https:\/\/fvo.cat\/recursos-humanos\/formacio\/"},"modified":"2023-10-09T13:23:47","modified_gmt":"2023-10-09T11:23:47","slug":"formacion","status":"publish","type":"page","link":"https:\/\/fvo.cat\/es\/recursos-humanos\/formacion\/","title":{"rendered":"Formaci\u00f3n"},"content":{"rendered":"<p>La formaci\u00f3n es la herramienta que permite encontrar respuestas en las necesidades de las personas atendidas, a menudo cambiantes, ya sea por el propio envejecimiento, enfermedad mental asociada y cambios en el entorno familiar; o bien por la propia evoluci\u00f3n de la realidad como por ejemplo, la implantaci\u00f3n de nuevas tecnolog\u00edas en el \u00e1mbito diario.<\/p>\n<p>La FVO dispone de un programa anual de formaci\u00f3n continuada que pretende el logro de los objetivos siguientes:<\/p>\n<p><img loading=\"lazy\" decoding=\"async\" class=\"alignnone wp-image-15497 size-full\" src=\"https:\/\/fvo.cat\/wp-content\/uploads\/2023\/10\/capturaobjetivos-rh-es-e1696850622174.jpg\" alt=\"\" width=\"605\" height=\"156\" srcset=\"https:\/\/fvo.cat\/wp-content\/uploads\/2023\/10\/capturaobjetivos-rh-es-e1696850622174.jpg 605w, https:\/\/fvo.cat\/wp-content\/uploads\/2023\/10\/capturaobjetivos-rh-es-e1696850622174-300x77.jpg 300w\" sizes=\"auto, (max-width: 605px) 100vw, 605px\" \/><\/p>\n<p>Disponemos adem\u00e1s de planes de carrera profesional como herramienta que ayudar\u00e1 a la eficiente asignaci\u00f3n de las personas en futuros puestos de trabajo, planificando el orden y los movimientos de los profesionales y que a la vez, permitir\u00e1 a los participantes, lograr sus objetivos profesionales y personales.<\/p>\n<p>&nbsp;<\/p>\n","protected":false},"excerpt":{"rendered":"<p>La formaci\u00f3n es la herramienta que permite encontrar respuestas en las necesidades de las personas atendidas, a menudo cambiantes, ya sea por el propio envejecimiento, enfermedad mental asociada y cambios en el [&hellip;]<\/p>\n","protected":false},"author":1,"featured_media":0,"parent":15490,"menu_order":122,"comment_status":"closed","ping_status":"closed","template":"","meta":{"_seopress_robots_primary_cat":"","_seopress_titles_title":"","_seopress_titles_desc":"","_seopress_robots_index":"","inline_featured_image":false,"footnotes":""},"class_list":["post-15496","page","type-page","status-publish","hentry"],"_links":{"self":[{"href":"https:\/\/fvo.cat\/es\/wp-json\/wp\/v2\/pages\/15496","targetHints":{"allow":["GET"]}}],"collection":[{"href":"https:\/\/fvo.cat\/es\/wp-json\/wp\/v2\/pages"}],"about":[{"href":"https:\/\/fvo.cat\/es\/wp-json\/wp\/v2\/types\/page"}],"author":[{"embeddable":true,"href":"https:\/\/fvo.cat\/es\/wp-json\/wp\/v2\/users\/1"}],"replies":[{"embeddable":true,"href":"https:\/\/fvo.cat\/es\/wp-json\/wp\/v2\/comments?post=15496"}],"version-history":[{"count":0,"href":"https:\/\/fvo.cat\/es\/wp-json\/wp\/v2\/pages\/15496\/revisions"}],"up":[{"embeddable":true,"href":"https:\/\/fvo.cat\/es\/wp-json\/wp\/v2\/pages\/15490"}],"wp:attachment":[{"href":"https:\/\/fvo.cat\/es\/wp-json\/wp\/v2\/media?parent=15496"}],"curies":[{"name":"wp","href":"https:\/\/api.w.org\/{rel}","templated":true}]}}