{"id":15500,"date":"2023-10-09T11:12:47","date_gmt":"2023-10-09T09:12:47","guid":{"rendered":"https:\/\/fvo.cat\/recursos-humanos\/responsabilitat-social\/"},"modified":"2023-10-09T13:25:12","modified_gmt":"2023-10-09T11:25:12","slug":"responsabilidad-social","status":"publish","type":"page","link":"https:\/\/fvo.cat\/es\/recursos-humanos\/responsabilidad-social\/","title":{"rendered":"Responsabilidad social"},"content":{"rendered":"<p>Los profesionales son el activo m\u00e1s importante de nuestra instituci\u00f3n y gracias a su implicaci\u00f3n y contribuci\u00f3n, dan sentido a la raz\u00f3n de ser de la FVO.<\/p>\n<p>La estrategia de la Fundaci\u00f3n Privada Vall\u00e8s Oriental parte de los criterios definidos en la misi\u00f3n, visi\u00f3n, valores y principios \u00e9ticos donde se expresa el inter\u00e9s por las personas y para promover un entorno de trabajo respetuoso que facilite el desarrollo de sus profesionales.<\/p>\n<p>Los ejes sobre los que se fundamenta la estrategia son:<\/p>\n<ul>\n<li>Fomentar que todos los profesionales act\u00faen con \u00e9tica, honestidad e integridad, respetando los valores de la Fundaci\u00f3n.<\/li>\n<li>Crear un entorno a trabajo f\u00edsica y psicol\u00f3gicamente seguro que garantice la calidad de vida de los profesionales.<\/li>\n<li>Proporcionar oportunidades de desarrollo profesional adecuadas a las competencias.<\/li>\n<li>Promover un entorno a trabajo motivador, en base al respeto al profesional.<\/li>\n<li>Establecer mecanismos de comunicaci\u00f3n que permitan un di\u00e1logo cercano y transparente y que faciliten la participaci\u00f3n.<\/li>\n<\/ul>\n","protected":false},"excerpt":{"rendered":"<p>Los profesionales son el activo m\u00e1s importante de nuestra instituci\u00f3n y gracias a su implicaci\u00f3n y contribuci\u00f3n, dan sentido a la raz\u00f3n de ser de la FVO. La estrategia de la Fundaci\u00f3n [&hellip;]<\/p>\n","protected":false},"author":1,"featured_media":0,"parent":15490,"menu_order":125,"comment_status":"closed","ping_status":"closed","template":"","meta":{"_seopress_robots_primary_cat":"","_seopress_titles_title":"","_seopress_titles_desc":"","_seopress_robots_index":"","inline_featured_image":false,"footnotes":""},"class_list":["post-15500","page","type-page","status-publish","hentry"],"_links":{"self":[{"href":"https:\/\/fvo.cat\/es\/wp-json\/wp\/v2\/pages\/15500","targetHints":{"allow":["GET"]}}],"collection":[{"href":"https:\/\/fvo.cat\/es\/wp-json\/wp\/v2\/pages"}],"about":[{"href":"https:\/\/fvo.cat\/es\/wp-json\/wp\/v2\/types\/page"}],"author":[{"embeddable":true,"href":"https:\/\/fvo.cat\/es\/wp-json\/wp\/v2\/users\/1"}],"replies":[{"embeddable":true,"href":"https:\/\/fvo.cat\/es\/wp-json\/wp\/v2\/comments?post=15500"}],"version-history":[{"count":0,"href":"https:\/\/fvo.cat\/es\/wp-json\/wp\/v2\/pages\/15500\/revisions"}],"up":[{"embeddable":true,"href":"https:\/\/fvo.cat\/es\/wp-json\/wp\/v2\/pages\/15490"}],"wp:attachment":[{"href":"https:\/\/fvo.cat\/es\/wp-json\/wp\/v2\/media?parent=15500"}],"curies":[{"name":"wp","href":"https:\/\/api.w.org\/{rel}","templated":true}]}}