{"id":15655,"date":"2023-06-27T12:03:24","date_gmt":"2023-06-27T10:03:24","guid":{"rendered":"https:\/\/fvo.cat\/?page_id=15655"},"modified":"2024-11-19T13:31:26","modified_gmt":"2024-11-19T11:31:26","slug":"politica-de-cookies","status":"publish","type":"page","link":"https:\/\/fvo.cat\/es\/politica-de-cookies\/","title":{"rendered":"Pol\u00edtica de Cookies"},"content":{"rendered":"<h2 lang=\"ca-ES\" align=\"justify\">Definici\u00f3n y funci\u00f3n de las cookies<\/h2>\n<p>\u00bfQu\u00e9 son las galletas? Una cookie es un archivo que se descarga en el ordenador al acceder a determinadas p\u00e1ginas web. Las cookies tienen finalidades muy diversas, como por ejemplo, reconocerse como usuario, almacenar y recuperar informaci\u00f3n sobre los h\u00e1bitos de navegaci\u00f3n de un usuario o del equipo, personalizar la forma en que se muestra el contenido y, dependiendo de la informaci\u00f3n que contengan y de la forma en que utilice su equipo, se pueden utilizar para reconocer al usuario.<\/p>\n<p>Los usos concretos que hacemos se describen a continuaci\u00f3n.<\/p>\n<h2 align=\"justify\"><span lang=\"ca-ES\"><br \/>\n<\/span>\u00bfQu\u00e9 tipos de cookies utiliza esta p\u00e1gina web?<\/h2>\n<ul>\n<li>Cookies propias: Son aquellas que se env\u00edan al equipo terminal del usuario desde un equipo o dominio gestionado por el propio editor y desde el que se presta el servicio solicitado por el usuario.<\/li>\n<li>Cookies de terceros: son aquellas que se env\u00edan al terminal del usuario desde un equipo o dominio que no es gestionado por el editor, sino por otra entidad que trata los datos obtenidos a trav\u00e9s de las cookies.<\/li>\n<\/ul>\n<p lang=\"ca-ES\" align=\"justify\">En el presente caso, los terceros est\u00e1n detallados en el cuadro m\u00e1s abajo. Puede acceder a la informaci\u00f3n sobre la utilizaci\u00f3n de cookies, incluida la posible transferencia internacional de datos a terceros pa\u00edses, a trav\u00e9s de la pol\u00edtica de cookies o privacidad de su p\u00e1gina web.<\/p>\n<p lang=\"ca-ES\" align=\"justify\">Tenga en cuenta que si acepta cookies de terceros, necesita eliminarlos de las opciones navegador o desde el sistema ofrecido por el propio tercero.<\/p>\n<ul>\n<li>Cookies de sesi\u00f3n: son las dise\u00f1adas para recopilar y almacenar datos mientras el usuario accede a un sitio web. Suelen ser utilizadas para almacenar informaci\u00f3n que s\u00f3lo interesa conservar para la prestaci\u00f3n del servicio solicitado por el usuario en una \u00fanica ocasi\u00f3n y desaparecen al t\u00e9rmino de la sesi\u00f3n.<\/li>\n<li>Cookies persistentes: Son un tipo de cookies en el que los datos siguen almacenados en el terminal y pueden ser accedidos y tratados durante un per\u00edodo definido por el responsable de la cookie, y que puede ir de unos minutos a varios a\u00f1os.<\/li>\n<li>Cookies t\u00e9cnicas: Son aquellas necesarias para poder navegar por el sitio web, plataforma o aplicaci\u00f3n y el uso de las diferentes opciones de los servicios existentes, incluyendo aquellas que el editor utiliza para permitir la gesti\u00f3n y el funcionamiento de la p\u00e1gina web y habilitan sus funciones y servicios, como por ejemplo, controlar el tr\u00e1fico y la comunicaci\u00f3n, identificar la sesi\u00f3n, acceder a partes de acceso restringido, utilizar elementos de seguridad durante el almacenamiento de contenidos para la difusi\u00f3n de v\u00eddeos o sonido, entre otras muchas.<\/li>\n<li>Cookies de personalizaci\u00f3n: Son aquellas que permiten guardar las preferencias del usuario durante su navegaci\u00f3n. Ej: el idioma.<\/li>\n<li>Cookies de an\u00e1lisis: Son aquellas que permiten cuantificar el n\u00famero de usuarios y as\u00ed realizar la medici\u00f3n y an\u00e1lisis estad\u00edstico de la utilizaci\u00f3n que realizan los usuarios de la p\u00e1gina web, aplicaci\u00f3n o plataforma, con el objetivo de introducir mejoras en base a en el an\u00e1lisis de datos de uso que realizan los usuarios del servicio.<\/li>\n<li>Cookies de publicidad: Son aqu\u00e9llas que almacenan informaci\u00f3n sobre el comportamiento del usuario mediante la observaci\u00f3n continuada de sus h\u00e1bitos de navegaci\u00f3n, permitiendo desarrollar un perfil espec\u00edfico para mostrar publicidad basada en ella.<\/li>\n<\/ul>\n<p lang=\"ca-ES\" align=\"justify\">Seguidamente le mostramos la informaci\u00f3n sobre las cookies en concreto que utilizamos:<\/p>\n<table style=\"width: 100%;\" width=\"1008\" cellspacing=\"0\" cellpadding=\"7\">\n<tbody>\n<tr>\n<td bgcolor=\"#ffe699\" width=\"90\" height=\"44\">\n<p lang=\"ca-ES\" align=\"center\">Nombre<\/p>\n<\/td>\n<td bgcolor=\"#ffe699\" width=\"97\">\n<p lang=\"ca-ES\" align=\"center\">Editor<\/p>\n<\/td>\n<td bgcolor=\"#ffe699\" width=\"114\">\n<p lang=\"ca-ES\" align=\"center\">Tipos por editor<\/p>\n<\/td>\n<td bgcolor=\"#ffe699\" width=\"114\">\n<p lang=\"ca-ES\" align=\"center\">Tipos per finalidad<\/p>\n<\/td>\n<td bgcolor=\"#ffe699\" width=\"85\">\n<p lang=\"ca-ES\" align=\"center\">Tipus per caducidad<\/p>\n<\/td>\n<td bgcolor=\"#ffe699\" width=\"100\">\n<p lang=\"ca-ES\" align=\"center\">Duraci\u00f3n<\/p>\n<\/td>\n<td bgcolor=\"#ffe699\" width=\"309\">\n<p lang=\"ca-ES\" align=\"center\">Finalidad<\/p>\n<\/td>\n<\/tr>\n<tr>\n<td width=\"90\" height=\"9\">\n<p lang=\"ca-ES\">_ga<\/p>\n<\/td>\n<td width=\"97\">\n<p lang=\"ca-ES\" align=\"center\">fvo.cat<\/p>\n<\/td>\n<td width=\"114\">\n<p lang=\"ca-ES\" align=\"center\">Terceros<\/p>\n<\/td>\n<td width=\"114\">\n<p lang=\"ca-ES\" align=\"center\">Anal\u00edtica<\/p>\n<\/td>\n<td width=\"85\">\n<p lang=\"ca-ES\" align=\"center\">Permanent<\/p>\n<\/td>\n<td width=\"100\">\n<p lang=\"ca-ES\" align=\"center\">13 mesos<\/p>\n<\/td>\n<td valign=\"top\" width=\"309\">\n<p align=\"justify\">Contabiliza a los usuarios con un ID an\u00f3nimo que permite una medida del uso de la p\u00e1gina web.<\/p>\n<\/td>\n<\/tr>\n<tr>\n<td width=\"90\" height=\"9\">\n<p lang=\"ca-ES\">_gat<\/p>\n<\/td>\n<td width=\"97\">\n<p lang=\"ca-ES\" align=\"center\">fvo.cat<\/p>\n<\/td>\n<td width=\"114\">\n<p lang=\"ca-ES\" align=\"center\">Terceros<\/p>\n<\/td>\n<td width=\"114\">\n<p lang=\"ca-ES\" align=\"center\">Anal\u00edtica<\/p>\n<\/td>\n<td width=\"85\">\n<p lang=\"ca-ES\" align=\"center\">Permanent<\/p>\n<\/td>\n<td width=\"100\">\n<p lang=\"ca-ES\" align=\"center\">1 minut<\/p>\n<\/td>\n<td valign=\"top\" width=\"309\">\n<p lang=\"ca-ES\" align=\"justify\">Se utiliza para diferenciar entre los distintos objetos de seguimiento durante la sesi\u00f3n.<\/p>\n<\/td>\n<\/tr>\n<tr>\n<td width=\"90\" height=\"9\">\n<p lang=\"ca-ES\">_gid<\/p>\n<\/td>\n<td width=\"97\">\n<p lang=\"ca-ES\" align=\"center\">fvo.cat<\/p>\n<\/td>\n<td width=\"114\">\n<p lang=\"ca-ES\" align=\"center\">Terceros<\/p>\n<\/td>\n<td width=\"114\">\n<p lang=\"ca-ES\" align=\"center\">Anal\u00edtica<\/p>\n<\/td>\n<td width=\"85\">\n<p lang=\"ca-ES\" align=\"center\">Permanent<\/p>\n<\/td>\n<td width=\"100\">\n<p align=\"center\"><span lang=\"ca-ES\">1 dia<\/span><\/p>\n<\/td>\n<td valign=\"top\" width=\"309\">\n<p align=\"justify\">Para contabilizar las p\u00e1ginas que visita el usuario.<\/p>\n<\/td>\n<\/tr>\n<tr>\n<td width=\"90\" height=\"9\">\n<p lang=\"ca-ES\">moove_gdpr_popup<\/p>\n<\/td>\n<td width=\"97\">\n<p lang=\"ca-ES\" align=\"center\">fvo.cat<\/p>\n<\/td>\n<td width=\"114\">\n<p lang=\"ca-ES\" align=\"center\">Pr\u00f2pia<\/p>\n<\/td>\n<td width=\"114\">\n<p lang=\"ca-ES\" align=\"center\">Personalitzaci\u00f3<\/p>\n<\/td>\n<td width=\"85\">\n<p lang=\"ca-ES\" align=\"center\">Permanent<\/p>\n<\/td>\n<td width=\"100\">\n<p lang=\"ca-ES\" align=\"center\"><span lang=\"ca-ES\">1 d\u00eda<\/span><\/p>\n<\/td>\n<td width=\"309\">\n<p align=\"justify\">Para guardar el estado del usuario respecto a sus elecciones de cookies.<\/p>\n<\/td>\n<\/tr>\n<tr>\n<td width=\"90\" height=\"9\">\n<p lang=\"ca-ES\">wp-wpml_current_language<\/p>\n<\/td>\n<td width=\"97\">\n<p lang=\"ca-ES\" align=\"center\">fvo.cat<\/p>\n<\/td>\n<td width=\"114\">\n<p lang=\"ca-ES\" align=\"center\">Pr\u00f2pia<\/p>\n<\/td>\n<td width=\"114\">\n<p lang=\"ca-ES\" align=\"center\">Personalitzaci\u00f3<\/p>\n<\/td>\n<td width=\"85\">\n<p lang=\"ca-ES\" align=\"center\">Permanent<\/p>\n<\/td>\n<td width=\"100\">\n<p lang=\"ca-ES\" align=\"center\"><span lang=\"ca-ES\">1 d\u00eda<\/span><\/p>\n<\/td>\n<td width=\"309\">\n<p align=\"justify\">Para guardar el estado del usuario respecto al idioma.<\/p>\n<\/td>\n<\/tr>\n<\/tbody>\n<\/table>\n<p align=\"justify\">Si desea consultar la informaci\u00f3n sobre la privacidad de los datos, puede entrar en la \u201cPol\u00edtica de Privacidad\u201d ubicada al pie de la presente p\u00e1gina web. Configuraci\u00f3n, revocaci\u00f3n y eliminaci\u00f3n de cookies<\/p>\n<p lang=\"ca-ES\" align=\"justify\">Usted puede permitir, bloquear o eliminar las cookies mediante el siguiente <a href=\"#moove_gdpr_cookie_modal\">panel de configuraci\u00f3n<\/a>.<\/p>\n<p lang=\"ca-ES\" align=\"justify\">Tambi\u00e9n puede bloquearlas mediante la configuraci\u00f3n de las opciones del navegador en su ordenador en los siguientes enlaces:<\/p>\n<ul>\n<li lang=\"ca-ES\">Explorer:http:\/\/windows.microsoft.com\/es-es\/windows-vista\/block-or-allow-cookies<\/li>\n<li lang=\"ca-ES\">Edge: https:\/\/support.microsoft.com\/es-es\/help\/4027947\/microsoft-edge-delete-cookies<\/li>\n<li lang=\"ca-ES\">Chrome: http:\/\/support.google.com\/chrome\/bin\/answer.py?hl=es&amp;answer=95647<\/li>\n<li lang=\"ca-ES\">Firefox: https:\/\/support.mozilla.org\/es\/kb\/impedir-que-los-sitios-web-guarden-sus-preferencia<\/li>\n<li lang=\"ca-ES\">Safari: http:\/\/support.apple.com\/kb\/ph5042<\/li>\n<li lang=\"ca-ES\">Opera: http:\/\/help.opera.com\/Windows\/11.50\/es-ES\/cookies.html<\/li>\n<\/ul>\n<p lang=\"ca-ES\" align=\"justify\">Cualquier modificaci\u00f3n de las cookies, comportar\u00e1 la necesaria modificaci\u00f3n de los textos aqu\u00ed expuestos.<\/p>\n","protected":false},"excerpt":{"rendered":"<p>Definici\u00f3n y funci\u00f3n de las cookies \u00bfQu\u00e9 son las galletas? Una cookie es un archivo que se descarga en el ordenador al acceder a determinadas p\u00e1ginas web. Las cookies tienen finalidades muy [&hellip;]<\/p>\n","protected":false},"author":2,"featured_media":0,"parent":0,"menu_order":137,"comment_status":"closed","ping_status":"closed","template":"","meta":{"_seopress_robots_primary_cat":"","_seopress_titles_title":"","_seopress_titles_desc":"","_seopress_robots_index":"","inline_featured_image":false,"footnotes":""},"class_list":["post-15655","page","type-page","status-publish","hentry"],"_links":{"self":[{"href":"https:\/\/fvo.cat\/es\/wp-json\/wp\/v2\/pages\/15655","targetHints":{"allow":["GET"]}}],"collection":[{"href":"https:\/\/fvo.cat\/es\/wp-json\/wp\/v2\/pages"}],"about":[{"href":"https:\/\/fvo.cat\/es\/wp-json\/wp\/v2\/types\/page"}],"author":[{"embeddable":true,"href":"https:\/\/fvo.cat\/es\/wp-json\/wp\/v2\/users\/2"}],"replies":[{"embeddable":true,"href":"https:\/\/fvo.cat\/es\/wp-json\/wp\/v2\/comments?post=15655"}],"version-history":[{"count":0,"href":"https:\/\/fvo.cat\/es\/wp-json\/wp\/v2\/pages\/15655\/revisions"}],"wp:attachment":[{"href":"https:\/\/fvo.cat\/es\/wp-json\/wp\/v2\/media?parent=15655"}],"curies":[{"name":"wp","href":"https:\/\/api.w.org\/{rel}","templated":true}]}}