{"id":15694,"date":"2023-11-13T13:50:07","date_gmt":"2023-11-13T11:50:07","guid":{"rendered":"https:\/\/fvo.cat\/?page_id=15694"},"modified":"2026-02-17T13:39:00","modified_gmt":"2026-02-17T11:39:00","slug":"practicas-e-insercion-laboral","status":"publish","type":"page","link":"https:\/\/fvo.cat\/es\/servicios-a-empresas\/practicas-e-insercion-laboral\/","title":{"rendered":"Practicas e inserci\u00f3n laboral"},"content":{"rendered":"<h2><strong>\u00bfQuieres ser una empresa socialmente responsable? \u00bfQuieres fomentar la integraci\u00f3n laboral de personas con disCapacidad?<\/strong><\/h2>\n<p>Desde el servicio de formaci\u00f3n e inserci\u00f3n laboral y gracias al programa SIOAS (Servicios integrales de orientaci\u00f3n, acompa\u00f1amiento e inserci\u00f3n en la empresa ordinaria), te ayudamos a insertar con \u00e9xito a una persona con disCapacidad, mediante una serie de servicios individualizados para la persona, para tu equipo y para tu organizaci\u00f3n. \u00bfQu\u00e9 te ofrecemos?<\/p>\n<h2>Pr\u00e1cticas no laborales<\/h2>\n<p>Permiten a la persona ampliar y poner en pr\u00e1ctica sus conocimientos, al mismo tiempo que la empresa promueve acciones inclusivas y de sensibilizaci\u00f3n en su equipo de trabajo. <strong>PROMOVEMOS<\/strong> pr\u00e1cticas inclusivas, con un seguimiento individualizado al alumnado y a la empresa.\u00a0<\/p>\n<h2>An\u00e1lisis del lugar de trabajo y de las adaptaciones<\/h2>\n<p>En funci\u00f3n de las ofertas laborales existentes, <strong>IDENTIFICAMOS<\/strong> junto con la empresa, cu\u00e1les son los conocimientos y competencias que tiene que tener la persona, para realizar con satisfacci\u00f3n las tareas encomendadas.<\/p>\n<h2>Selecci\u00f3n de candidatos y candidatas en el lugar de trabajo<\/h2>\n<p>A partir de aqu\u00ed, <strong>VALORAMOS<\/strong> qui\u00e9nes son las personas m\u00e1s id\u00f3neas para cubrir el puesto de trabajo, procediendo posteriormente, a realizar un proceso de selecci\u00f3n.<\/p>\n<h2>Apoyo y seguimiento a las personas trabajadoras<\/h2>\n<p>Durante todo el periodo en el cual la persona est\u00e1 contratada, <strong>ACOMPA\u00d1AMOS<\/strong> a la persona y a la empresa, para conseguir el \u00e9xito de la inserci\u00f3n laboral.<\/p>\n<h2>Asesoramiento y apoyo a la contrataci\u00f3n<\/h2>\n<p>Os <strong>AYUDAMOS<\/strong> a resolver cualquier duda que teng\u00e1is respecto a poder contratar a una persona con disCapacidad. <strong>\u00bfTE ANIMAS? <\/strong><\/p>\n<p>Esta actuaci\u00f3n es impulsada y subvencionada por el Departamento de Empresa y Trabajo de la Generalitat de Catalunya y financiada por el Fondo Social Europeo<\/p>\n<p>&nbsp;<\/p>\n<p><a href=\"https:\/\/fvo.cat\/wp-content\/uploads\/2026\/02\/Bonificacions-contractacio-2025.pdf\"><img loading=\"lazy\" decoding=\"async\" class=\"alignleft wp-image-18610 size-thumbnail\" src=\"https:\/\/fvo.cat\/wp-content\/uploads\/2026\/02\/1-2-300x300.jpg\" alt=\"\" width=\"300\" height=\"300\" srcset=\"https:\/\/fvo.cat\/wp-content\/uploads\/2026\/02\/1-2-300x300.jpg 300w, https:\/\/fvo.cat\/wp-content\/uploads\/2026\/02\/1-2-460x460.jpg 460w, https:\/\/fvo.cat\/wp-content\/uploads\/2026\/02\/1-2-100x100.jpg 100w\" sizes=\"auto, (max-width: 300px) 100vw, 300px\" \/><\/a>\u00a0 \u00a0 \u00a0 \u00a0 \u00a0 \u00a0 \u00a0 \u00a0 \u00a0 \u00a0<a href=\"https:\/\/fvo.cat\/wp-content\/uploads\/2026\/02\/Subvencions-contractacio-2025.pdf\"><img loading=\"lazy\" decoding=\"async\" class=\"wp-image-18601 size-thumbnail alignleft\" src=\"https:\/\/fvo.cat\/wp-content\/uploads\/2026\/02\/2-2-300x300.jpg\" alt=\"\" width=\"300\" height=\"300\" srcset=\"https:\/\/fvo.cat\/wp-content\/uploads\/2026\/02\/2-2-300x300.jpg 300w, https:\/\/fvo.cat\/wp-content\/uploads\/2026\/02\/2-2-460x460.jpg 460w, https:\/\/fvo.cat\/wp-content\/uploads\/2026\/02\/2-2-100x100.jpg 100w\" sizes=\"auto, (max-width: 300px) 100vw, 300px\" \/><\/a><\/p>\n<h2>\u00a0<\/h2>\n<h2>\u00a0<\/h2>\n<p>&nbsp;<\/p>\n<p>&nbsp;<\/p>\n<p>&nbsp;<\/p>\n<p>&nbsp;<\/p>\n<p>&nbsp;<\/p>\n<h2>\u00a1Casos de \u00e9xito!<\/h2>\n<div id='gallery-1' class='gallery galleryid-15694 gallery-columns-4 gallery-size-medium'><figure class='gallery-item'>\n\t\t\t<div class='gallery-icon landscape'>\n\t\t\t\t<a href='https:\/\/fvo.cat\/es\/servicios-a-empresas\/practicas-e-insercion-laboral\/img-20221116-wa0002-2\/'><img loading=\"lazy\" decoding=\"async\" width=\"300\" height=\"225\" src=\"https:\/\/fvo.cat\/wp-content\/uploads\/2024\/02\/img-20221116-wa0002-300x225.jpg\" class=\"attachment-medium size-medium\" alt=\"\" srcset=\"https:\/\/fvo.cat\/wp-content\/uploads\/2024\/02\/img-20221116-wa0002-300x225.jpg 300w, https:\/\/fvo.cat\/wp-content\/uploads\/2024\/02\/img-20221116-wa0002-1024x768.jpg 1024w, https:\/\/fvo.cat\/wp-content\/uploads\/2024\/02\/img-20221116-wa0002-768x576.jpg 768w, https:\/\/fvo.cat\/wp-content\/uploads\/2024\/02\/img-20221116-wa0002-1536x1152.jpg 1536w, https:\/\/fvo.cat\/wp-content\/uploads\/2024\/02\/img-20221116-wa0002.jpg 1600w\" sizes=\"auto, (max-width: 300px) 100vw, 300px\" \/><\/a>\n\t\t\t<\/div><\/figure><figure class='gallery-item'>\n\t\t\t<div class='gallery-icon portrait'>\n\t\t\t\t<a href='https:\/\/fvo.cat\/es\/servicios-a-empresas\/practicas-e-insercion-laboral\/decathlon-2\/'><img loading=\"lazy\" decoding=\"async\" width=\"169\" height=\"300\" src=\"https:\/\/fvo.cat\/wp-content\/uploads\/2024\/02\/decathlon-169x300.jpg\" class=\"attachment-medium size-medium\" alt=\"\" srcset=\"https:\/\/fvo.cat\/wp-content\/uploads\/2024\/02\/decathlon-169x300.jpg 169w, https:\/\/fvo.cat\/wp-content\/uploads\/2024\/02\/decathlon-577x1024.jpg 577w, https:\/\/fvo.cat\/wp-content\/uploads\/2024\/02\/decathlon.jpg 720w\" sizes=\"auto, (max-width: 169px) 100vw, 169px\" \/><\/a>\n\t\t\t<\/div><\/figure><figure class='gallery-item'>\n\t\t\t<div class='gallery-icon portrait'>\n\t\t\t\t<a href='https:\/\/fvo.cat\/es\/servicios-a-empresas\/practicas-e-insercion-laboral\/arza-2\/'><img loading=\"lazy\" decoding=\"async\" width=\"225\" height=\"300\" src=\"https:\/\/fvo.cat\/wp-content\/uploads\/2024\/02\/arza-225x300.jpg\" class=\"attachment-medium size-medium\" alt=\"\" srcset=\"https:\/\/fvo.cat\/wp-content\/uploads\/2024\/02\/arza-225x300.jpg 225w, https:\/\/fvo.cat\/wp-content\/uploads\/2024\/02\/arza-768x1024.jpg 768w, https:\/\/fvo.cat\/wp-content\/uploads\/2024\/02\/arza-1152x1536.jpg 1152w, https:\/\/fvo.cat\/wp-content\/uploads\/2024\/02\/arza.jpg 1200w\" sizes=\"auto, (max-width: 225px) 100vw, 225px\" \/><\/a>\n\t\t\t<\/div><\/figure><figure class='gallery-item'>\n\t\t\t<div class='gallery-icon portrait'>\n\t\t\t\t<a href='https:\/\/fvo.cat\/es\/servicios-a-empresas\/practicas-e-insercion-laboral\/pinotxo-2-2\/'><img loading=\"lazy\" decoding=\"async\" width=\"225\" height=\"300\" src=\"https:\/\/fvo.cat\/wp-content\/uploads\/2024\/02\/pinotxo-2-225x300.jpg\" class=\"attachment-medium size-medium\" alt=\"\" srcset=\"https:\/\/fvo.cat\/wp-content\/uploads\/2024\/02\/pinotxo-2-225x300.jpg 225w, https:\/\/fvo.cat\/wp-content\/uploads\/2024\/02\/pinotxo-2-768x1024.jpg 768w, https:\/\/fvo.cat\/wp-content\/uploads\/2024\/02\/pinotxo-2-1152x1536.jpg 1152w, https:\/\/fvo.cat\/wp-content\/uploads\/2024\/02\/pinotxo-2-1536x2048.jpg 1536w\" sizes=\"auto, (max-width: 225px) 100vw, 225px\" \/><\/a>\n\t\t\t<\/div><\/figure><figure class='gallery-item'>\n\t\t\t<div class='gallery-icon portrait'>\n\t\t\t\t<a href='https:\/\/fvo.cat\/es\/servicios-a-empresas\/practicas-e-insercion-laboral\/oriol-veritas-2\/'><img loading=\"lazy\" decoding=\"async\" width=\"180\" height=\"300\" src=\"https:\/\/fvo.cat\/wp-content\/uploads\/2024\/02\/oriol-veritas-180x300.jpg\" class=\"attachment-medium size-medium\" alt=\"\" srcset=\"https:\/\/fvo.cat\/wp-content\/uploads\/2024\/02\/oriol-veritas-180x300.jpg 180w, https:\/\/fvo.cat\/wp-content\/uploads\/2024\/02\/oriol-veritas-615x1024.jpg 615w, https:\/\/fvo.cat\/wp-content\/uploads\/2024\/02\/oriol-veritas-768x1279.jpg 768w, https:\/\/fvo.cat\/wp-content\/uploads\/2024\/02\/oriol-veritas-922x1536.jpg 922w, https:\/\/fvo.cat\/wp-content\/uploads\/2024\/02\/oriol-veritas.jpg 1042w\" sizes=\"auto, (max-width: 180px) 100vw, 180px\" \/><\/a>\n\t\t\t<\/div><\/figure><figure class='gallery-item'>\n\t\t\t<div class='gallery-icon portrait'>\n\t\t\t\t<a href='https:\/\/fvo.cat\/es\/servicios-a-empresas\/practicas-e-insercion-laboral\/maite-telic-2\/'><img loading=\"lazy\" decoding=\"async\" width=\"225\" height=\"300\" src=\"https:\/\/fvo.cat\/wp-content\/uploads\/2024\/02\/maite-telic-225x300.jpg\" class=\"attachment-medium size-medium\" alt=\"\" srcset=\"https:\/\/fvo.cat\/wp-content\/uploads\/2024\/02\/maite-telic-225x300.jpg 225w, https:\/\/fvo.cat\/wp-content\/uploads\/2024\/02\/maite-telic-768x1024.jpg 768w, https:\/\/fvo.cat\/wp-content\/uploads\/2024\/02\/maite-telic-1152x1536.jpg 1152w, https:\/\/fvo.cat\/wp-content\/uploads\/2024\/02\/maite-telic.jpg 1536w\" sizes=\"auto, (max-width: 225px) 100vw, 225px\" \/><\/a>\n\t\t\t<\/div><\/figure><figure class='gallery-item'>\n\t\t\t<div class='gallery-icon portrait'>\n\t\t\t\t<a href='https:\/\/fvo.cat\/es\/servicios-a-empresas\/practicas-e-insercion-laboral\/little-english-2-2\/'><img loading=\"lazy\" decoding=\"async\" width=\"225\" height=\"300\" src=\"https:\/\/fvo.cat\/wp-content\/uploads\/2024\/02\/little-english-2-225x300.jpg\" class=\"attachment-medium size-medium\" alt=\"\" srcset=\"https:\/\/fvo.cat\/wp-content\/uploads\/2024\/02\/little-english-2-225x300.jpg 225w, https:\/\/fvo.cat\/wp-content\/uploads\/2024\/02\/little-english-2-768x1024.jpg 768w, https:\/\/fvo.cat\/wp-content\/uploads\/2024\/02\/little-english-2-1152x1536.jpg 1152w, https:\/\/fvo.cat\/wp-content\/uploads\/2024\/02\/little-english-2.jpg 1200w\" sizes=\"auto, (max-width: 225px) 100vw, 225px\" \/><\/a>\n\t\t\t<\/div><\/figure><figure class='gallery-item'>\n\t\t\t<div class='gallery-icon landscape'>\n\t\t\t\t<a href='https:\/\/fvo.cat\/es\/servicios-a-empresas\/practicas-e-insercion-laboral\/img-20230213-wa0014-2\/'><img loading=\"lazy\" decoding=\"async\" width=\"300\" height=\"169\" src=\"https:\/\/fvo.cat\/wp-content\/uploads\/2024\/02\/img-20230213-wa0014-300x169.jpg\" class=\"attachment-medium size-medium\" alt=\"\" srcset=\"https:\/\/fvo.cat\/wp-content\/uploads\/2024\/02\/img-20230213-wa0014-300x169.jpg 300w, https:\/\/fvo.cat\/wp-content\/uploads\/2024\/02\/img-20230213-wa0014-1024x578.jpg 1024w, https:\/\/fvo.cat\/wp-content\/uploads\/2024\/02\/img-20230213-wa0014-768x433.jpg 768w, https:\/\/fvo.cat\/wp-content\/uploads\/2024\/02\/img-20230213-wa0014-1536x866.jpg 1536w, https:\/\/fvo.cat\/wp-content\/uploads\/2024\/02\/img-20230213-wa0014.jpg 2048w\" sizes=\"auto, (max-width: 300px) 100vw, 300px\" \/><\/a>\n\t\t\t<\/div><\/figure><figure class='gallery-item'>\n\t\t\t<div class='gallery-icon portrait'>\n\t\t\t\t<a href='https:\/\/fvo.cat\/es\/servicios-a-empresas\/practicas-e-insercion-laboral\/img-20221220-wa0001-2\/'><img loading=\"lazy\" decoding=\"async\" width=\"225\" height=\"300\" src=\"https:\/\/fvo.cat\/wp-content\/uploads\/2024\/02\/img-20221220-wa0001-225x300.jpg\" class=\"attachment-medium size-medium\" alt=\"\" srcset=\"https:\/\/fvo.cat\/wp-content\/uploads\/2024\/02\/img-20221220-wa0001-225x300.jpg 225w, https:\/\/fvo.cat\/wp-content\/uploads\/2024\/02\/img-20221220-wa0001-768x1024.jpg 768w, https:\/\/fvo.cat\/wp-content\/uploads\/2024\/02\/img-20221220-wa0001-1152x1536.jpg 1152w, https:\/\/fvo.cat\/wp-content\/uploads\/2024\/02\/img-20221220-wa0001.jpg 1200w\" sizes=\"auto, (max-width: 225px) 100vw, 225px\" \/><\/a>\n\t\t\t<\/div><\/figure><figure class='gallery-item'>\n\t\t\t<div class='gallery-icon portrait'>\n\t\t\t\t<a href='https:\/\/fvo.cat\/es\/servicios-a-empresas\/practicas-e-insercion-laboral\/imagen-de-whatsapp-2024-02-16-a-las-152638-e995be8c-2\/'><img loading=\"lazy\" decoding=\"async\" width=\"225\" height=\"300\" src=\"https:\/\/fvo.cat\/wp-content\/uploads\/2024\/02\/imagen-de-whatsapp-2024-02-16-a-las-152638-e995be8c-225x300.jpg\" class=\"attachment-medium size-medium\" alt=\"\" srcset=\"https:\/\/fvo.cat\/wp-content\/uploads\/2024\/02\/imagen-de-whatsapp-2024-02-16-a-las-152638-e995be8c-225x300.jpg 225w, https:\/\/fvo.cat\/wp-content\/uploads\/2024\/02\/imagen-de-whatsapp-2024-02-16-a-las-152638-e995be8c-768x1024.jpg 768w, https:\/\/fvo.cat\/wp-content\/uploads\/2024\/02\/imagen-de-whatsapp-2024-02-16-a-las-152638-e995be8c-1152x1536.jpg 1152w, https:\/\/fvo.cat\/wp-content\/uploads\/2024\/02\/imagen-de-whatsapp-2024-02-16-a-las-152638-e995be8c.jpg 1200w\" sizes=\"auto, (max-width: 225px) 100vw, 225px\" \/><\/a>\n\t\t\t<\/div><\/figure><figure class='gallery-item'>\n\t\t\t<div class='gallery-icon portrait'>\n\t\t\t\t<a href='https:\/\/fvo.cat\/es\/servicios-a-empresas\/practicas-e-insercion-laboral\/imagen-de-whatsapp-2024-02-16-a-las-152638-887be491-2\/'><img loading=\"lazy\" decoding=\"async\" width=\"225\" height=\"300\" src=\"https:\/\/fvo.cat\/wp-content\/uploads\/2024\/02\/imagen-de-whatsapp-2024-02-16-a-las-152638-887be491-225x300.jpg\" class=\"attachment-medium size-medium\" alt=\"\" srcset=\"https:\/\/fvo.cat\/wp-content\/uploads\/2024\/02\/imagen-de-whatsapp-2024-02-16-a-las-152638-887be491-225x300.jpg 225w, https:\/\/fvo.cat\/wp-content\/uploads\/2024\/02\/imagen-de-whatsapp-2024-02-16-a-las-152638-887be491-768x1024.jpg 768w, https:\/\/fvo.cat\/wp-content\/uploads\/2024\/02\/imagen-de-whatsapp-2024-02-16-a-las-152638-887be491-1152x1536.jpg 1152w, https:\/\/fvo.cat\/wp-content\/uploads\/2024\/02\/imagen-de-whatsapp-2024-02-16-a-las-152638-887be491.jpg 1200w\" sizes=\"auto, (max-width: 225px) 100vw, 225px\" \/><\/a>\n\t\t\t<\/div><\/figure><figure class='gallery-item'>\n\t\t\t<div class='gallery-icon portrait'>\n\t\t\t\t<a href='https:\/\/fvo.cat\/es\/servicios-a-empresas\/practicas-e-insercion-laboral\/imagen-de-whatsapp-2024-02-16-a-las-152638-2c591a35-2\/'><img loading=\"lazy\" decoding=\"async\" width=\"176\" height=\"300\" src=\"https:\/\/fvo.cat\/wp-content\/uploads\/2024\/02\/imagen-de-whatsapp-2024-02-16-a-las-152638-2c591a35-176x300.jpg\" class=\"attachment-medium size-medium\" alt=\"\" srcset=\"https:\/\/fvo.cat\/wp-content\/uploads\/2024\/02\/imagen-de-whatsapp-2024-02-16-a-las-152638-2c591a35-176x300.jpg 176w, https:\/\/fvo.cat\/wp-content\/uploads\/2024\/02\/imagen-de-whatsapp-2024-02-16-a-las-152638-2c591a35-600x1024.jpg 600w, https:\/\/fvo.cat\/wp-content\/uploads\/2024\/02\/imagen-de-whatsapp-2024-02-16-a-las-152638-2c591a35-768x1310.jpg 768w, https:\/\/fvo.cat\/wp-content\/uploads\/2024\/02\/imagen-de-whatsapp-2024-02-16-a-las-152638-2c591a35-900x1536.jpg 900w, https:\/\/fvo.cat\/wp-content\/uploads\/2024\/02\/imagen-de-whatsapp-2024-02-16-a-las-152638-2c591a35.jpg 938w\" sizes=\"auto, (max-width: 176px) 100vw, 176px\" \/><\/a>\n\t\t\t<\/div><\/figure><figure class='gallery-item'>\n\t\t\t<div class='gallery-icon portrait'>\n\t\t\t\t<a href='https:\/\/fvo.cat\/es\/servicios-a-empresas\/practicas-e-insercion-laboral\/imagen-de-whatsapp-2024-02-16-a-las-152638-45a8bb1a-2\/'><img loading=\"lazy\" decoding=\"async\" width=\"226\" height=\"300\" src=\"https:\/\/fvo.cat\/wp-content\/uploads\/2024\/02\/imagen-de-whatsapp-2024-02-16-a-las-152638-45a8bb1a-226x300.jpg\" class=\"attachment-medium size-medium\" alt=\"\" srcset=\"https:\/\/fvo.cat\/wp-content\/uploads\/2024\/02\/imagen-de-whatsapp-2024-02-16-a-las-152638-45a8bb1a-226x300.jpg 226w, https:\/\/fvo.cat\/wp-content\/uploads\/2024\/02\/imagen-de-whatsapp-2024-02-16-a-las-152638-45a8bb1a-771x1024.jpg 771w, https:\/\/fvo.cat\/wp-content\/uploads\/2024\/02\/imagen-de-whatsapp-2024-02-16-a-las-152638-45a8bb1a-768x1021.jpg 768w, https:\/\/fvo.cat\/wp-content\/uploads\/2024\/02\/imagen-de-whatsapp-2024-02-16-a-las-152638-45a8bb1a-1156x1536.jpg 1156w, https:\/\/fvo.cat\/wp-content\/uploads\/2024\/02\/imagen-de-whatsapp-2024-02-16-a-las-152638-45a8bb1a.jpg 1204w\" sizes=\"auto, (max-width: 226px) 100vw, 226px\" \/><\/a>\n\t\t\t<\/div><\/figure><figure class='gallery-item'>\n\t\t\t<div class='gallery-icon portrait'>\n\t\t\t\t<a href='https:\/\/fvo.cat\/es\/servicios-a-empresas\/practicas-e-insercion-laboral\/imagen-de-whatsapp-2024-02-16-a-las-152637-d9b2dc91-2\/'><img loading=\"lazy\" decoding=\"async\" width=\"225\" height=\"300\" src=\"https:\/\/fvo.cat\/wp-content\/uploads\/2024\/02\/imagen-de-whatsapp-2024-02-16-a-las-152637-d9b2dc91-225x300.jpg\" class=\"attachment-medium size-medium\" alt=\"\" srcset=\"https:\/\/fvo.cat\/wp-content\/uploads\/2024\/02\/imagen-de-whatsapp-2024-02-16-a-las-152637-d9b2dc91-225x300.jpg 225w, https:\/\/fvo.cat\/wp-content\/uploads\/2024\/02\/imagen-de-whatsapp-2024-02-16-a-las-152637-d9b2dc91-768x1024.jpg 768w, https:\/\/fvo.cat\/wp-content\/uploads\/2024\/02\/imagen-de-whatsapp-2024-02-16-a-las-152637-d9b2dc91-1152x1536.jpg 1152w, https:\/\/fvo.cat\/wp-content\/uploads\/2024\/02\/imagen-de-whatsapp-2024-02-16-a-las-152637-d9b2dc91.jpg 1200w\" sizes=\"auto, (max-width: 225px) 100vw, 225px\" \/><\/a>\n\t\t\t<\/div><\/figure><figure class='gallery-item'>\n\t\t\t<div class='gallery-icon portrait'>\n\t\t\t\t<a href='https:\/\/fvo.cat\/es\/servicios-a-empresas\/practicas-e-insercion-laboral\/imagen-de-whatsapp-2024-02-16-a-las-153031-7f0f1e2c-2\/'><img loading=\"lazy\" decoding=\"async\" width=\"225\" height=\"300\" src=\"https:\/\/fvo.cat\/wp-content\/uploads\/2024\/02\/imagen-de-whatsapp-2024-02-16-a-las-153031-7f0f1e2c-225x300.jpg\" class=\"attachment-medium size-medium\" alt=\"\" srcset=\"https:\/\/fvo.cat\/wp-content\/uploads\/2024\/02\/imagen-de-whatsapp-2024-02-16-a-las-153031-7f0f1e2c-225x300.jpg 225w, https:\/\/fvo.cat\/wp-content\/uploads\/2024\/02\/imagen-de-whatsapp-2024-02-16-a-las-153031-7f0f1e2c.jpg 768w\" sizes=\"auto, (max-width: 225px) 100vw, 225px\" \/><\/a>\n\t\t\t<\/div><\/figure><figure class='gallery-item'>\n\t\t\t<div class='gallery-icon landscape'>\n\t\t\t\t<a href='https:\/\/fvo.cat\/es\/servicios-a-empresas\/practicas-e-insercion-laboral\/imagen-de-whatsapp-2024-02-16-a-las-152639-6ec9a3b5-2\/'><img loading=\"lazy\" decoding=\"async\" width=\"300\" height=\"132\" src=\"https:\/\/fvo.cat\/wp-content\/uploads\/2024\/02\/imagen-de-whatsapp-2024-02-16-a-las-152639-6ec9a3b5-300x132.jpg\" class=\"attachment-medium size-medium\" alt=\"\" srcset=\"https:\/\/fvo.cat\/wp-content\/uploads\/2024\/02\/imagen-de-whatsapp-2024-02-16-a-las-152639-6ec9a3b5-300x132.jpg 300w, https:\/\/fvo.cat\/wp-content\/uploads\/2024\/02\/imagen-de-whatsapp-2024-02-16-a-las-152639-6ec9a3b5-1024x449.jpg 1024w, https:\/\/fvo.cat\/wp-content\/uploads\/2024\/02\/imagen-de-whatsapp-2024-02-16-a-las-152639-6ec9a3b5-768x337.jpg 768w, https:\/\/fvo.cat\/wp-content\/uploads\/2024\/02\/imagen-de-whatsapp-2024-02-16-a-las-152639-6ec9a3b5-1536x674.jpg 1536w, https:\/\/fvo.cat\/wp-content\/uploads\/2024\/02\/imagen-de-whatsapp-2024-02-16-a-las-152639-6ec9a3b5.jpg 1600w\" sizes=\"auto, (max-width: 300px) 100vw, 300px\" \/><\/a>\n\t\t\t<\/div><\/figure>\n\t\t<\/div>\n\n<p><em>Servicio integral de orientaci\u00f3n, acompa\u00f1amiento y apoyo a la inserci\u00f3n de las personas con discapacidad o trastornos de la salud mental \u2013 SIOAS \u2013 STC079\/25\/000064<\/em><em>.<\/em><\/p>\n<p style=\"text-align: center;\">Con el apoyo de la Generalitat de Catalunya<\/p>\n<p><img loading=\"lazy\" decoding=\"async\" class=\"aligncenter  wp-image-18447\" src=\"https:\/\/fvo.cat\/wp-content\/uploads\/2026\/01\/generalitat-de-catalunya2531logowikcom-e1768915767110.webp\" sizes=\"auto, (max-width: 319px) 100vw, 319px\" srcset=\"https:\/\/fvo.cat\/wp-content\/uploads\/2026\/01\/generalitat-de-catalunya2531logowikcom-e1768915767110.webp 866w, https:\/\/fvo.cat\/wp-content\/uploads\/2026\/01\/generalitat-de-catalunya2531logowikcom-e1768915767110-300x98.webp 300w, https:\/\/fvo.cat\/wp-content\/uploads\/2026\/01\/generalitat-de-catalunya2531logowikcom-e1768915767110-768x251.webp 768w, https:\/\/fvo.cat\/wp-content\/uploads\/2026\/01\/generalitat-de-catalunya2531logowikcom-e1768915767110-600x196.webp 600w\" alt=\"\" width=\"319\" height=\"104\" \/><\/p>\n<p><img loading=\"lazy\" decoding=\"async\" class=\"aligncenter  wp-image-18451\" src=\"https:\/\/fvo.cat\/wp-content\/uploads\/2026\/01\/cofinancat-ue-1024x231.png\" sizes=\"auto, (max-width: 319px) 100vw, 319px\" srcset=\"https:\/\/fvo.cat\/wp-content\/uploads\/2026\/01\/cofinancat-ue-1024x231.png 1024w, https:\/\/fvo.cat\/wp-content\/uploads\/2026\/01\/cofinancat-ue-300x68.png 300w, https:\/\/fvo.cat\/wp-content\/uploads\/2026\/01\/cofinancat-ue-768x173.png 768w, https:\/\/fvo.cat\/wp-content\/uploads\/2026\/01\/cofinancat-ue-1536x346.png 1536w, https:\/\/fvo.cat\/wp-content\/uploads\/2026\/01\/cofinancat-ue-2048x461.png 2048w, https:\/\/fvo.cat\/wp-content\/uploads\/2026\/01\/cofinancat-ue-600x135.png 600w\" alt=\"\" width=\"319\" height=\"72\" \/><\/p>\n<h2>\u00a1Contacta con nosotros!<\/h2>\n<h4 style=\"text-align: center;\"><strong>insercio@fvo.cat &#8211; <\/strong><strong><span class=\"a_GcMg font-feature-liga-off font-feature-clig-off font-feature-calt-off text-decoration-none text-strikethrough-none\">628 06 55 37 \/ 93 860 02 40<\/span><\/strong><\/h4>\n","protected":false},"excerpt":{"rendered":"<p>\u00bfQuieres ser una empresa socialmente responsable? \u00bfQuieres fomentar la integraci\u00f3n laboral de personas con disCapacidad? Desde el servicio de formaci\u00f3n e inserci\u00f3n laboral y gracias al programa SIOAS (Servicios integrales de orientaci\u00f3n, [&hellip;]<\/p>\n","protected":false},"author":2,"featured_media":0,"parent":15477,"menu_order":91,"comment_status":"closed","ping_status":"closed","template":"","meta":{"_seopress_robots_primary_cat":"","_seopress_titles_title":"","_seopress_titles_desc":"","_seopress_robots_index":"","inline_featured_image":false,"footnotes":""},"class_list":["post-15694","page","type-page","status-publish","hentry"],"_links":{"self":[{"href":"https:\/\/fvo.cat\/es\/wp-json\/wp\/v2\/pages\/15694","targetHints":{"allow":["GET"]}}],"collection":[{"href":"https:\/\/fvo.cat\/es\/wp-json\/wp\/v2\/pages"}],"about":[{"href":"https:\/\/fvo.cat\/es\/wp-json\/wp\/v2\/types\/page"}],"author":[{"embeddable":true,"href":"https:\/\/fvo.cat\/es\/wp-json\/wp\/v2\/users\/2"}],"replies":[{"embeddable":true,"href":"https:\/\/fvo.cat\/es\/wp-json\/wp\/v2\/comments?post=15694"}],"version-history":[{"count":0,"href":"https:\/\/fvo.cat\/es\/wp-json\/wp\/v2\/pages\/15694\/revisions"}],"up":[{"embeddable":true,"href":"https:\/\/fvo.cat\/es\/wp-json\/wp\/v2\/pages\/15477"}],"wp:attachment":[{"href":"https:\/\/fvo.cat\/es\/wp-json\/wp\/v2\/media?parent=15694"}],"curies":[{"name":"wp","href":"https:\/\/api.w.org\/{rel}","templated":true}]}}