{"id":15695,"date":"2023-11-13T13:29:56","date_gmt":"2023-11-13T11:29:56","guid":{"rendered":"https:\/\/fvo.cat\/?page_id=15695"},"modified":"2026-03-05T12:54:01","modified_gmt":"2026-03-05T10:54:01","slug":"centro-especial-de-trabajo","status":"publish","type":"page","link":"https:\/\/fvo.cat\/es\/servicios-a-empresas\/centro-especial-de-trabajo\/","title":{"rendered":"Centro Especial de Trabajo"},"content":{"rendered":"<h3 class=\"\" data-start=\"131\" data-end=\"208\">\ud83c\udd95 \u00a1NOVEDAD! \u00a1Abrimos nuestro espacio productivo a nuevas colaboraciones!<\/h3>\n<p class=\"\" data-start=\"210\" data-end=\"365\"><strong data-start=\"210\" data-end=\"336\">\u00bfNecesitas m\u00e1s espacio para hacer crecer tu negocio? \u00bfBuscas un equipo profesional, comprometido y con MUCHAS CAPACIDADES?<\/strong><br data-start=\"336\" data-end=\"339\" \/><br \/>\n\u00a1Tenemos lo que necesitas!<\/p>\n<p class=\"\" data-start=\"367\" data-end=\"717\">Desde el <strong data-start=\"376\" data-end=\"415\">Centro Especial de Empleo de la FVO<\/strong> te ofrecemos la posibilidad de <strong data-start=\"447\" data-end=\"484\">externalizar procesos productivos<\/strong> con nosotros, a un <strong data-start=\"504\" data-end=\"526\">precio competitivo<\/strong> y cumpliendo con la <strong data-start=\"547\" data-end=\"611\">reserva de puestos de trabajo para personas con disCapacidad<\/strong>\u00a0(RD 364\/2005, de 8 de abril).<br data-start=\"641\" data-end=\"644\" \/><br \/>\nUna oportunidad para hacer crecer tu proyecto con un impacto social real.<\/p>\n<h3 class=\"\" data-start=\"719\" data-end=\"741\">\u00bfQu\u00e9 te ofrecemos?<\/h3>\n<p class=\"\" data-start=\"742\" data-end=\"1080\">\u2705 Un <strong data-start=\"747\" data-end=\"786\">equipo de personas con disCapacidad<\/strong>, comprometidas y eficaces<br data-start=\"812\" data-end=\"815\" \/><br \/>\n\u2705 <strong data-start=\"817\" data-end=\"853\">Instalaciones muy cerca de la A7<\/strong>, con acceso directo para tr\u00e1iler<br data-start=\"886\" data-end=\"889\" \/><br \/>\n\u2705 <strong data-start=\"891\" data-end=\"932\">Plataforma propia de carga y descarga<\/strong><br data-start=\"932\" data-end=\"935\" \/><br \/>\n\u2705 <strong data-start=\"937\" data-end=\"989\">1.000 m\u00b2 para manipulados industriales y almac\u00e9n<\/strong><br data-start=\"989\" data-end=\"992\" \/><br \/>\n\u2705 <strong data-start=\"994\" data-end=\"1044\">130 m\u00b2 refrigerados con temperatura controlada<\/strong>, ideales para productos sensibles<\/p>\n<h3 class=\"\" data-start=\"719\" data-end=\"741\">\u00bfTe sumas?<\/h3>\n<p><strong data-start=\"1056\" data-end=\"1095\">Contacta con nosotros a insercio@fvo.cat y hablamos.<\/strong> \u00a1Tu proyecto puede crecer con nosotros!<\/p>\n<p>&nbsp;<\/p>\n<p><a href=\"https:\/\/fvo.cat\/wp-content\/uploads\/2026\/03\/banner-cartell-lloguer-1800-x-410-px.png\"><img loading=\"lazy\" decoding=\"async\" class=\"aligncenter wp-image-18645 size-full\" src=\"https:\/\/fvo.cat\/wp-content\/uploads\/2026\/03\/banner-cartell-lloguer-1800-x-410-px.png\" alt=\"\" width=\"1800\" height=\"410\" srcset=\"https:\/\/fvo.cat\/wp-content\/uploads\/2026\/03\/banner-cartell-lloguer-1800-x-410-px.png 1800w, https:\/\/fvo.cat\/wp-content\/uploads\/2026\/03\/banner-cartell-lloguer-1800-x-410-px-300x68.png 300w, https:\/\/fvo.cat\/wp-content\/uploads\/2026\/03\/banner-cartell-lloguer-1800-x-410-px-1024x233.png 1024w, https:\/\/fvo.cat\/wp-content\/uploads\/2026\/03\/banner-cartell-lloguer-1800-x-410-px-768x175.png 768w, https:\/\/fvo.cat\/wp-content\/uploads\/2026\/03\/banner-cartell-lloguer-1800-x-410-px-1536x350.png 1536w, https:\/\/fvo.cat\/wp-content\/uploads\/2026\/03\/banner-cartell-lloguer-1800-x-410-px-600x137.png 600w\" sizes=\"auto, (max-width: 1800px) 100vw, 1800px\" \/><\/a><\/p>\n<p>&nbsp;<\/p>\n<p>El Centro Especial de Empleo\u00a0 desarrolla servicios productivos y actividades de integraci\u00f3n sociolaboral en diferentes \u00e1mbitos de actuaci\u00f3n.<\/p>\n<p>Hace tiempo que colaboramos con el mundo empresarial y ofrecemos soluciones de externalizaci\u00f3n de servicios en diferentes \u00e1mbitos de negocio y adaptadas a sus necesidades. Contamos con una s\u00f3lida estructura, instalaciones, almacenes, equipamientos espec\u00edficos para cada una de las actividades que se desarrollan y sobre todo, un equipo humano de alto nivel para gestionarlo.<\/p>\n<div id='gallery-1' class='gallery galleryid-15695 gallery-columns-3 gallery-size-medium'><figure class='gallery-item'>\n\t\t\t<div class='gallery-icon landscape'>\n\t\t\t\t<a href='https:\/\/fvo.cat\/es\/servicios-a-empresas\/centro-especial-de-trabajo\/jardineria\/img-2543-2\/'><img loading=\"lazy\" decoding=\"async\" width=\"300\" height=\"200\" src=\"https:\/\/fvo.cat\/wp-content\/uploads\/2024\/02\/img-2543-300x200.jpg\" class=\"attachment-medium size-medium\" alt=\"\" srcset=\"https:\/\/fvo.cat\/wp-content\/uploads\/2024\/02\/img-2543-300x200.jpg 300w, https:\/\/fvo.cat\/wp-content\/uploads\/2024\/02\/img-2543-1024x683.jpg 1024w, https:\/\/fvo.cat\/wp-content\/uploads\/2024\/02\/img-2543-768x512.jpg 768w, https:\/\/fvo.cat\/wp-content\/uploads\/2024\/02\/img-2543-1536x1024.jpg 1536w, https:\/\/fvo.cat\/wp-content\/uploads\/2024\/02\/img-2543.jpg 1920w\" sizes=\"auto, (max-width: 300px) 100vw, 300px\" \/><\/a>\n\t\t\t<\/div><\/figure><figure class='gallery-item'>\n\t\t\t<div class='gallery-icon landscape'>\n\t\t\t\t<a href='https:\/\/fvo.cat\/es\/servicios-a-empresas\/centro-especial-de-trabajo\/img-20210628-130448-2\/'><img loading=\"lazy\" decoding=\"async\" width=\"300\" height=\"225\" src=\"https:\/\/fvo.cat\/wp-content\/uploads\/2024\/02\/img-20210628-130448-300x225.jpg\" class=\"attachment-medium size-medium\" alt=\"\" aria-describedby=\"gallery-1-15813\" srcset=\"https:\/\/fvo.cat\/wp-content\/uploads\/2024\/02\/img-20210628-130448-300x225.jpg 300w, https:\/\/fvo.cat\/wp-content\/uploads\/2024\/02\/img-20210628-130448-1024x768.jpg 1024w, https:\/\/fvo.cat\/wp-content\/uploads\/2024\/02\/img-20210628-130448-768x576.jpg 768w, https:\/\/fvo.cat\/wp-content\/uploads\/2024\/02\/img-20210628-130448-1536x1152.jpg 1536w, https:\/\/fvo.cat\/wp-content\/uploads\/2024\/02\/img-20210628-130448-2048x1536.jpg 2048w\" sizes=\"auto, (max-width: 300px) 100vw, 300px\" \/><\/a>\n\t\t\t<\/div>\n\t\t\t\t<figcaption class='wp-caption-text gallery-caption' id='gallery-1-15813'>\n\t\t\t\tLimpieza\n\t\t\t\t<\/figcaption><\/figure><figure class='gallery-item'>\n\t\t\t<div class='gallery-icon landscape'>\n\t\t\t\t<a href='https:\/\/fvo.cat\/es\/servicios-a-empresas\/centro-especial-de-trabajo\/img-3549-2-2\/'><img loading=\"lazy\" decoding=\"async\" width=\"300\" height=\"200\" src=\"https:\/\/fvo.cat\/wp-content\/uploads\/2024\/02\/img-3549-1-300x200.jpg\" class=\"attachment-medium size-medium\" alt=\"\" aria-describedby=\"gallery-1-15815\" srcset=\"https:\/\/fvo.cat\/wp-content\/uploads\/2024\/02\/img-3549-1-300x200.jpg 300w, https:\/\/fvo.cat\/wp-content\/uploads\/2024\/02\/img-3549-1-1024x683.jpg 1024w, https:\/\/fvo.cat\/wp-content\/uploads\/2024\/02\/img-3549-1-768x512.jpg 768w, https:\/\/fvo.cat\/wp-content\/uploads\/2024\/02\/img-3549-1-1536x1024.jpg 1536w, https:\/\/fvo.cat\/wp-content\/uploads\/2024\/02\/img-3549-1.jpg 1920w\" sizes=\"auto, (max-width: 300px) 100vw, 300px\" \/><\/a>\n\t\t\t<\/div>\n\t\t\t\t<figcaption class='wp-caption-text gallery-caption' id='gallery-1-15815'>\n\t\t\t\tManipulados Industriales\n\t\t\t\t<\/figcaption><\/figure><figure class='gallery-item'>\n\t\t\t<div class='gallery-icon landscape'>\n\t\t\t\t<a href='https:\/\/fvo.cat\/es\/servicios-a-empresas\/centro-especial-de-trabajo\/img-6395-2-2\/'><img loading=\"lazy\" decoding=\"async\" width=\"300\" height=\"200\" src=\"https:\/\/fvo.cat\/wp-content\/uploads\/2024\/02\/img-6395-1-300x200.jpg\" class=\"attachment-medium size-medium\" alt=\"\" aria-describedby=\"gallery-1-15819\" srcset=\"https:\/\/fvo.cat\/wp-content\/uploads\/2024\/02\/img-6395-1-300x200.jpg 300w, https:\/\/fvo.cat\/wp-content\/uploads\/2024\/02\/img-6395-1-1024x683.jpg 1024w, https:\/\/fvo.cat\/wp-content\/uploads\/2024\/02\/img-6395-1-768x512.jpg 768w, https:\/\/fvo.cat\/wp-content\/uploads\/2024\/02\/img-6395-1-1536x1024.jpg 1536w, https:\/\/fvo.cat\/wp-content\/uploads\/2024\/02\/img-6395-1-2048x1365.jpg 2048w\" sizes=\"auto, (max-width: 300px) 100vw, 300px\" \/><\/a>\n\t\t\t<\/div>\n\t\t\t\t<figcaption class='wp-caption-text gallery-caption' id='gallery-1-15819'>\n\t\t\t\tContrata los servicios del CET\n\t\t\t\t<\/figcaption><\/figure><figure class='gallery-item'>\n\t\t\t<div class='gallery-icon portrait'>\n\t\t\t\t<a href='https:\/\/fvo.cat\/es\/servicios-a-empresas\/centro-especial-de-trabajo\/img-20220923-wa0002-2\/'><img loading=\"lazy\" decoding=\"async\" width=\"225\" height=\"300\" src=\"https:\/\/fvo.cat\/wp-content\/uploads\/2024\/02\/img-20220923-wa0002-225x300.jpg\" class=\"attachment-medium size-medium\" alt=\"\" aria-describedby=\"gallery-1-15807\" srcset=\"https:\/\/fvo.cat\/wp-content\/uploads\/2024\/02\/img-20220923-wa0002-225x300.jpg 225w, https:\/\/fvo.cat\/wp-content\/uploads\/2024\/02\/img-20220923-wa0002-768x1024.jpg 768w, https:\/\/fvo.cat\/wp-content\/uploads\/2024\/02\/img-20220923-wa0002-1152x1536.jpg 1152w, https:\/\/fvo.cat\/wp-content\/uploads\/2024\/02\/img-20220923-wa0002.jpg 1200w\" sizes=\"auto, (max-width: 225px) 100vw, 225px\" \/><\/a>\n\t\t\t<\/div>\n\t\t\t\t<figcaption class='wp-caption-text gallery-caption' id='gallery-1-15807'>\n\t\t\t\tServicios Generales\n\t\t\t\t<\/figcaption><\/figure><figure class='gallery-item'>\n\t\t\t<div class='gallery-icon portrait'>\n\t\t\t\t<a href='https:\/\/fvo.cat\/es\/servicios-a-empresas\/centro-especial-de-trabajo\/catering\/img-20220616-wa0067-2\/'><img loading=\"lazy\" decoding=\"async\" width=\"225\" height=\"300\" src=\"https:\/\/fvo.cat\/wp-content\/uploads\/2024\/02\/img-20220616-wa0067-225x300.jpg\" class=\"attachment-medium size-medium\" alt=\"\" aria-describedby=\"gallery-1-15764\" srcset=\"https:\/\/fvo.cat\/wp-content\/uploads\/2024\/02\/img-20220616-wa0067-225x300.jpg 225w, https:\/\/fvo.cat\/wp-content\/uploads\/2024\/02\/img-20220616-wa0067.jpg 727w\" sizes=\"auto, (max-width: 225px) 100vw, 225px\" \/><\/a>\n\t\t\t<\/div>\n\t\t\t\t<figcaption class='wp-caption-text gallery-caption' id='gallery-1-15764'>\n\t\t\t\tCaterings\n\t\t\t\t<\/figcaption><\/figure>\n\t\t<\/div>\n\n<p>Todos los servicios del CET cuentan con el apoyo de la Unidad de Apoyo a la Actividad Profesional (USAP), un servicio de apoyo especializado que se dirige a las personas con discapacidad que trabajan, actuando para mejorar su autonom\u00eda y su integraci\u00f3n laboral y social promoviendo su bienestar ps\u00edquico y calidad de vida. Por otra parte, vela por que la adaptaci\u00f3n laboral de los\/las trabajadores\/as sea \u00f3ptima ofreciendo a \u00e9stos el apoyo necesario que complemente sus capacidades y h\u00e1bitos laborales adecuados.<\/p>\n<div class=\"mceTemp\">\u00a0<\/div>\n<p style=\"text-align: center;\">Amb el suport de la Generalitat de Catalunya<img loading=\"lazy\" decoding=\"async\" class=\"aligncenter  wp-image-17818\" src=\"https:\/\/fvo.cat\/wp-content\/uploads\/2025\/07\/documento-a4-horizontal-hoja-de-papel-aesthetic-crema-2-1024x173.png\" alt=\"\" width=\"764\" height=\"129\" srcset=\"https:\/\/fvo.cat\/wp-content\/uploads\/2025\/07\/documento-a4-horizontal-hoja-de-papel-aesthetic-crema-2-1024x173.png 1024w, https:\/\/fvo.cat\/wp-content\/uploads\/2025\/07\/documento-a4-horizontal-hoja-de-papel-aesthetic-crema-2-300x51.png 300w, https:\/\/fvo.cat\/wp-content\/uploads\/2025\/07\/documento-a4-horizontal-hoja-de-papel-aesthetic-crema-2-768x130.png 768w, https:\/\/fvo.cat\/wp-content\/uploads\/2025\/07\/documento-a4-horizontal-hoja-de-papel-aesthetic-crema-2.png 1535w\" sizes=\"auto, (max-width: 764px) 100vw, 764px\" \/><\/p>\n<h2 style=\"text-align: left;\">Instalaciones<\/h2>\n<p>El Centro Especial de Empleo \u201cXavier Quincoces\u201d pertenece a la Fundaci\u00f3n, cuenta con una nave distribuida en dos plantas de 1800m2 cada una. Ubicada en un terreno con cierto desnivel, lo que permite disponer de acceso directo a cada planta. Est\u00e1 equipado de muelles y de la maquinaria necesaria para realizar la carga y descarga de los camiones, as\u00ed como el almacenaje m\u00e1s adecuado a las mercanc\u00edas de los clientes. Ambas plantas se comunican mediante escaleras, ascensor y montacargas.<\/p>\n<p>La planta alta es un espacio di\u00e1fano donde se encuentran las diferentes zonas de trabajo del servicio de manipulaciones industriales como son, la zona de manipulaci\u00f3n de alimentos, las l\u00edneas de retr\u00e1ctil, la l\u00ednea de enfajados (sleever) y los espacios polivalentes por diferentes manipulados, todos ellos con la maquinaria y los elementos necesarios para el proceso productivo. Tambi\u00e9n se ubican el comedor de los trabajadores, la enfermer\u00eda, un despacho para reuniones y documentaci\u00f3n, los vestuarios con taquillas individuales y los espacios sanitarios. En un espacio cercano se encuentra el despacho del responsable de producci\u00f3n<\/p>\n<p>La planta baja se dedica exclusivamente a almac\u00e9n y zona refrigerada, para tratar productos que necesiten una temperatura controlada.<\/p>\n<p>El servicio de jardiner\u00eda cuenta con un espacio propio, con el almac\u00e9n donde se guardan los diferentes equipos de trabajo y los materiales y productos fitosanitarios, y el aparcamiento de los veh\u00edculos del servicio.<\/p>\n<p>Se dispone de furgonetas para desplazar las brigadas y maquinaria de jardiner\u00eda, y un cami\u00f3n com\u00fan para transportes de los servicios de jardiner\u00eda y de manipulaciones industriales.<\/p>\n<p>El Centro Especial de Empleo comparte con el resto del \u00c1rea de servicios diurnos, una serie de espacios comunes, como son la recepci\u00f3n, la biblioteca y sala inform\u00e1tica, la sala de reuniones y el sal\u00f3n de actos polivalente.<\/p>\n","protected":false},"excerpt":{"rendered":"<p>\ud83c\udd95 \u00a1NOVEDAD! \u00a1Abrimos nuestro espacio productivo a nuevas colaboraciones! \u00bfNecesitas m\u00e1s espacio para hacer crecer tu negocio? \u00bfBuscas un equipo profesional, comprometido y con MUCHAS CAPACIDADES? \u00a1Tenemos lo que necesitas! Desde el [&hellip;]<\/p>\n","protected":false},"author":2,"featured_media":0,"parent":15477,"menu_order":95,"comment_status":"closed","ping_status":"closed","template":"","meta":{"_seopress_robots_primary_cat":"","_seopress_titles_title":"","_seopress_titles_desc":"","_seopress_robots_index":"","inline_featured_image":false,"footnotes":""},"class_list":["post-15695","page","type-page","status-publish","hentry"],"_links":{"self":[{"href":"https:\/\/fvo.cat\/es\/wp-json\/wp\/v2\/pages\/15695","targetHints":{"allow":["GET"]}}],"collection":[{"href":"https:\/\/fvo.cat\/es\/wp-json\/wp\/v2\/pages"}],"about":[{"href":"https:\/\/fvo.cat\/es\/wp-json\/wp\/v2\/types\/page"}],"author":[{"embeddable":true,"href":"https:\/\/fvo.cat\/es\/wp-json\/wp\/v2\/users\/2"}],"replies":[{"embeddable":true,"href":"https:\/\/fvo.cat\/es\/wp-json\/wp\/v2\/comments?post=15695"}],"version-history":[{"count":0,"href":"https:\/\/fvo.cat\/es\/wp-json\/wp\/v2\/pages\/15695\/revisions"}],"up":[{"embeddable":true,"href":"https:\/\/fvo.cat\/es\/wp-json\/wp\/v2\/pages\/15477"}],"wp:attachment":[{"href":"https:\/\/fvo.cat\/es\/wp-json\/wp\/v2\/media?parent=15695"}],"curies":[{"name":"wp","href":"https:\/\/api.w.org\/{rel}","templated":true}]}}