{"id":16452,"date":"2024-02-26T18:28:19","date_gmt":"2024-02-26T16:28:19","guid":{"rendered":"https:\/\/fvo.cat\/?page_id=16452"},"modified":"2026-02-17T12:16:16","modified_gmt":"2026-02-17T10:16:16","slug":"formacion","status":"publish","type":"page","link":"https:\/\/fvo.cat\/es\/servicios-a-personas\/formacion\/","title":{"rendered":"Formaci\u00f3n"},"content":{"rendered":"<h2 style=\"text-align: center;\">\u00bfNecesitas ayuda para encontrar trabajo? \u00a1Te podemos acompa\u00f1ar y orientar en este proceso! Participa en el programa SIOAS<\/h2>\n<h2>\n\u00bfQu\u00e9 te ofrecemos?<\/h2>\n<ul>\n<li>Itinerario individualizado seg\u00fan tus intereses y motivaciones<\/li>\n<li>Formaci\u00f3n transversal en competencias<\/li>\n<li>Tutor\u00edas y seguimiento individualizado<\/li>\n<li>Pr\u00e1cticas en empresas para la promoci\u00f3n de la contrataci\u00f3n<\/li>\n<li>Intermediaci\u00f3n de ofertas laborales<\/li>\n<li>Incorporaci\u00f3n y adaptaci\u00f3n al puesto de trabajo<\/li>\n<li>Seguimiento laboral despu\u00e9s de la contrataci\u00f3n<\/li>\n<li>Asesoramiento y acompa\u00f1amiento en tr\u00e1mites y documentaci\u00f3n<\/li>\n<\/ul>\n<h3>\u00bfA qui\u00e9n va dirigido?<\/h3>\n<ul>\n<li>A personas con discapacidad intelectual y\/o trastorno mental asociado que dispongan de un certificado de discapacidad igual o superior al 33%<\/li>\n<li>A personas que est\u00e9n en b\u00fasqueda de empleo activo o de mejora laboral, inscritos en el SOC<\/li>\n<li>A personas que tengan motivaci\u00f3n y ganas de trabajar<\/li>\n<li>A personas trabajadoras en activo que necesiten un seguimiento laboral<\/li>\n<li>A personas trabajadoras en activo que buscan una mejora laboral<\/li>\n<\/ul>\n<div id='gallery-1' class='gallery galleryid-16452 gallery-columns-3 gallery-size-medium'><figure class='gallery-item'>\n\t\t\t<div class='gallery-icon landscape'>\n\t\t\t\t<a href='https:\/\/fvo.cat\/es\/foto1-2-2\/'><img loading=\"lazy\" decoding=\"async\" width=\"300\" height=\"195\" src=\"https:\/\/fvo.cat\/wp-content\/uploads\/2024\/02\/1_foto1-300x195.jpg\" class=\"attachment-medium size-medium\" alt=\"\" srcset=\"https:\/\/fvo.cat\/wp-content\/uploads\/2024\/02\/1_foto1-300x195.jpg 300w, https:\/\/fvo.cat\/wp-content\/uploads\/2024\/02\/1_foto1-768x498.jpg 768w, https:\/\/fvo.cat\/wp-content\/uploads\/2024\/02\/1_foto1.jpg 1024w\" sizes=\"auto, (max-width: 300px) 100vw, 300px\" \/><\/a>\n\t\t\t<\/div><\/figure><figure class='gallery-item'>\n\t\t\t<div class='gallery-icon portrait'>\n\t\t\t\t<a href='https:\/\/fvo.cat\/es\/servicios-a-empresas\/practicas-e-insercion-laboral\/imagen-de-whatsapp-2024-02-16-a-las-152638-887be491-2\/'><img loading=\"lazy\" decoding=\"async\" width=\"225\" height=\"300\" src=\"https:\/\/fvo.cat\/wp-content\/uploads\/2024\/02\/imagen-de-whatsapp-2024-02-16-a-las-152638-887be491-225x300.jpg\" class=\"attachment-medium size-medium\" alt=\"\" srcset=\"https:\/\/fvo.cat\/wp-content\/uploads\/2024\/02\/imagen-de-whatsapp-2024-02-16-a-las-152638-887be491-225x300.jpg 225w, https:\/\/fvo.cat\/wp-content\/uploads\/2024\/02\/imagen-de-whatsapp-2024-02-16-a-las-152638-887be491-768x1024.jpg 768w, https:\/\/fvo.cat\/wp-content\/uploads\/2024\/02\/imagen-de-whatsapp-2024-02-16-a-las-152638-887be491-1152x1536.jpg 1152w, https:\/\/fvo.cat\/wp-content\/uploads\/2024\/02\/imagen-de-whatsapp-2024-02-16-a-las-152638-887be491.jpg 1200w\" sizes=\"auto, (max-width: 225px) 100vw, 225px\" \/><\/a>\n\t\t\t<\/div><\/figure><figure class='gallery-item'>\n\t\t\t<div class='gallery-icon portrait'>\n\t\t\t\t<a href='https:\/\/fvo.cat\/es\/servicios-a-empresas\/practicas-e-insercion-laboral\/imagen-de-whatsapp-2024-02-16-a-las-152638-2c591a35-2\/'><img loading=\"lazy\" decoding=\"async\" width=\"176\" height=\"300\" src=\"https:\/\/fvo.cat\/wp-content\/uploads\/2024\/02\/imagen-de-whatsapp-2024-02-16-a-las-152638-2c591a35-176x300.jpg\" class=\"attachment-medium size-medium\" alt=\"\" srcset=\"https:\/\/fvo.cat\/wp-content\/uploads\/2024\/02\/imagen-de-whatsapp-2024-02-16-a-las-152638-2c591a35-176x300.jpg 176w, https:\/\/fvo.cat\/wp-content\/uploads\/2024\/02\/imagen-de-whatsapp-2024-02-16-a-las-152638-2c591a35-600x1024.jpg 600w, https:\/\/fvo.cat\/wp-content\/uploads\/2024\/02\/imagen-de-whatsapp-2024-02-16-a-las-152638-2c591a35-768x1310.jpg 768w, https:\/\/fvo.cat\/wp-content\/uploads\/2024\/02\/imagen-de-whatsapp-2024-02-16-a-las-152638-2c591a35-900x1536.jpg 900w, https:\/\/fvo.cat\/wp-content\/uploads\/2024\/02\/imagen-de-whatsapp-2024-02-16-a-las-152638-2c591a35.jpg 938w\" sizes=\"auto, (max-width: 176px) 100vw, 176px\" \/><\/a>\n\t\t\t<\/div><\/figure><figure class='gallery-item'>\n\t\t\t<div class='gallery-icon portrait'>\n\t\t\t\t<a href='https:\/\/fvo.cat\/es\/servicios-a-empresas\/practicas-e-insercion-laboral\/imagen-de-whatsapp-2024-02-16-a-las-152638-45a8bb1a-2\/'><img loading=\"lazy\" decoding=\"async\" width=\"226\" height=\"300\" src=\"https:\/\/fvo.cat\/wp-content\/uploads\/2024\/02\/imagen-de-whatsapp-2024-02-16-a-las-152638-45a8bb1a-226x300.jpg\" class=\"attachment-medium size-medium\" alt=\"\" srcset=\"https:\/\/fvo.cat\/wp-content\/uploads\/2024\/02\/imagen-de-whatsapp-2024-02-16-a-las-152638-45a8bb1a-226x300.jpg 226w, https:\/\/fvo.cat\/wp-content\/uploads\/2024\/02\/imagen-de-whatsapp-2024-02-16-a-las-152638-45a8bb1a-771x1024.jpg 771w, https:\/\/fvo.cat\/wp-content\/uploads\/2024\/02\/imagen-de-whatsapp-2024-02-16-a-las-152638-45a8bb1a-768x1021.jpg 768w, https:\/\/fvo.cat\/wp-content\/uploads\/2024\/02\/imagen-de-whatsapp-2024-02-16-a-las-152638-45a8bb1a-1156x1536.jpg 1156w, https:\/\/fvo.cat\/wp-content\/uploads\/2024\/02\/imagen-de-whatsapp-2024-02-16-a-las-152638-45a8bb1a.jpg 1204w\" sizes=\"auto, (max-width: 226px) 100vw, 226px\" \/><\/a>\n\t\t\t<\/div><\/figure><figure class='gallery-item'>\n\t\t\t<div class='gallery-icon landscape'>\n\t\t\t\t<a href='https:\/\/fvo.cat\/es\/servicios-a-empresas\/practicas-e-insercion-laboral\/imagen-de-whatsapp-2024-02-16-a-las-152639-6ec9a3b5-2\/'><img loading=\"lazy\" decoding=\"async\" width=\"300\" height=\"132\" src=\"https:\/\/fvo.cat\/wp-content\/uploads\/2024\/02\/imagen-de-whatsapp-2024-02-16-a-las-152639-6ec9a3b5-300x132.jpg\" class=\"attachment-medium size-medium\" alt=\"\" srcset=\"https:\/\/fvo.cat\/wp-content\/uploads\/2024\/02\/imagen-de-whatsapp-2024-02-16-a-las-152639-6ec9a3b5-300x132.jpg 300w, https:\/\/fvo.cat\/wp-content\/uploads\/2024\/02\/imagen-de-whatsapp-2024-02-16-a-las-152639-6ec9a3b5-1024x449.jpg 1024w, https:\/\/fvo.cat\/wp-content\/uploads\/2024\/02\/imagen-de-whatsapp-2024-02-16-a-las-152639-6ec9a3b5-768x337.jpg 768w, https:\/\/fvo.cat\/wp-content\/uploads\/2024\/02\/imagen-de-whatsapp-2024-02-16-a-las-152639-6ec9a3b5-1536x674.jpg 1536w, https:\/\/fvo.cat\/wp-content\/uploads\/2024\/02\/imagen-de-whatsapp-2024-02-16-a-las-152639-6ec9a3b5.jpg 1600w\" sizes=\"auto, (max-width: 300px) 100vw, 300px\" \/><\/a>\n\t\t\t<\/div><\/figure><figure class='gallery-item'>\n\t\t\t<div class='gallery-icon portrait'>\n\t\t\t\t<a href='https:\/\/fvo.cat\/es\/servicios-a-empresas\/practicas-e-insercion-laboral\/imagen-de-whatsapp-2024-02-16-a-las-152638-e995be8c-2\/'><img loading=\"lazy\" decoding=\"async\" width=\"225\" height=\"300\" src=\"https:\/\/fvo.cat\/wp-content\/uploads\/2024\/02\/imagen-de-whatsapp-2024-02-16-a-las-152638-e995be8c-225x300.jpg\" class=\"attachment-medium size-medium\" alt=\"\" srcset=\"https:\/\/fvo.cat\/wp-content\/uploads\/2024\/02\/imagen-de-whatsapp-2024-02-16-a-las-152638-e995be8c-225x300.jpg 225w, https:\/\/fvo.cat\/wp-content\/uploads\/2024\/02\/imagen-de-whatsapp-2024-02-16-a-las-152638-e995be8c-768x1024.jpg 768w, https:\/\/fvo.cat\/wp-content\/uploads\/2024\/02\/imagen-de-whatsapp-2024-02-16-a-las-152638-e995be8c-1152x1536.jpg 1152w, https:\/\/fvo.cat\/wp-content\/uploads\/2024\/02\/imagen-de-whatsapp-2024-02-16-a-las-152638-e995be8c.jpg 1200w\" sizes=\"auto, (max-width: 225px) 100vw, 225px\" \/><\/a>\n\t\t\t<\/div><\/figure><figure class='gallery-item'>\n\t\t\t<div class='gallery-icon landscape'>\n\t\t\t\t<a href='https:\/\/fvo.cat\/es\/servicios-a-personas\/edificio-de-rehabilitacion-funcional\/imagen-de-whatsapp-2024-02-16-a-las-152836-4aad68b7-2\/'><img loading=\"lazy\" decoding=\"async\" width=\"300\" height=\"225\" src=\"https:\/\/fvo.cat\/wp-content\/uploads\/2024\/02\/imagen-de-whatsapp-2024-02-16-a-las-152836-4aad68b7-300x225.jpg\" class=\"attachment-medium size-medium\" alt=\"\" srcset=\"https:\/\/fvo.cat\/wp-content\/uploads\/2024\/02\/imagen-de-whatsapp-2024-02-16-a-las-152836-4aad68b7-300x225.jpg 300w, https:\/\/fvo.cat\/wp-content\/uploads\/2024\/02\/imagen-de-whatsapp-2024-02-16-a-las-152836-4aad68b7-1024x768.jpg 1024w, https:\/\/fvo.cat\/wp-content\/uploads\/2024\/02\/imagen-de-whatsapp-2024-02-16-a-las-152836-4aad68b7-768x576.jpg 768w, https:\/\/fvo.cat\/wp-content\/uploads\/2024\/02\/imagen-de-whatsapp-2024-02-16-a-las-152836-4aad68b7-1536x1152.jpg 1536w, https:\/\/fvo.cat\/wp-content\/uploads\/2024\/02\/imagen-de-whatsapp-2024-02-16-a-las-152836-4aad68b7.jpg 1600w\" sizes=\"auto, (max-width: 300px) 100vw, 300px\" \/><\/a>\n\t\t\t<\/div><\/figure><figure class='gallery-item'>\n\t\t\t<div class='gallery-icon portrait'>\n\t\t\t\t<a href='https:\/\/fvo.cat\/es\/servicios-a-personas\/edificio-de-rehabilitacion-funcional\/imagen-de-whatsapp-2024-02-16-a-las-152639-eaecdef1-2\/'><img loading=\"lazy\" decoding=\"async\" width=\"225\" height=\"300\" src=\"https:\/\/fvo.cat\/wp-content\/uploads\/2024\/02\/imagen-de-whatsapp-2024-02-16-a-las-152639-eaecdef1-225x300.jpg\" class=\"attachment-medium size-medium\" alt=\"\" srcset=\"https:\/\/fvo.cat\/wp-content\/uploads\/2024\/02\/imagen-de-whatsapp-2024-02-16-a-las-152639-eaecdef1-225x300.jpg 225w, https:\/\/fvo.cat\/wp-content\/uploads\/2024\/02\/imagen-de-whatsapp-2024-02-16-a-las-152639-eaecdef1-768x1024.jpg 768w, https:\/\/fvo.cat\/wp-content\/uploads\/2024\/02\/imagen-de-whatsapp-2024-02-16-a-las-152639-eaecdef1-1152x1536.jpg 1152w, https:\/\/fvo.cat\/wp-content\/uploads\/2024\/02\/imagen-de-whatsapp-2024-02-16-a-las-152639-eaecdef1.jpg 1200w\" sizes=\"auto, (max-width: 225px) 100vw, 225px\" \/><\/a>\n\t\t\t<\/div><\/figure><figure class='gallery-item'>\n\t\t\t<div class='gallery-icon landscape'>\n\t\t\t\t<a href='https:\/\/fvo.cat\/es\/servicios-a-personas\/edificio-de-rehabilitacion-funcional\/imagen-de-whatsapp-2024-02-16-a-las-152900-2785891f-2\/'><img loading=\"lazy\" decoding=\"async\" width=\"300\" height=\"148\" src=\"https:\/\/fvo.cat\/wp-content\/uploads\/2024\/02\/imagen-de-whatsapp-2024-02-16-a-las-152900-2785891f-300x148.jpg\" class=\"attachment-medium size-medium\" alt=\"\" srcset=\"https:\/\/fvo.cat\/wp-content\/uploads\/2024\/02\/imagen-de-whatsapp-2024-02-16-a-las-152900-2785891f-300x148.jpg 300w, https:\/\/fvo.cat\/wp-content\/uploads\/2024\/02\/imagen-de-whatsapp-2024-02-16-a-las-152900-2785891f-1024x505.jpg 1024w, https:\/\/fvo.cat\/wp-content\/uploads\/2024\/02\/imagen-de-whatsapp-2024-02-16-a-las-152900-2785891f-768x378.jpg 768w, https:\/\/fvo.cat\/wp-content\/uploads\/2024\/02\/imagen-de-whatsapp-2024-02-16-a-las-152900-2785891f-1536x757.jpg 1536w, https:\/\/fvo.cat\/wp-content\/uploads\/2024\/02\/imagen-de-whatsapp-2024-02-16-a-las-152900-2785891f.jpg 2048w\" sizes=\"auto, (max-width: 300px) 100vw, 300px\" \/><\/a>\n\t\t\t<\/div><\/figure>\n\t\t<\/div>\n\n<p>Servicio integral de orientaci\u00f3n, acompa\u00f1amiento y soporte a la inserci\u00f3n de personas con discapacidad o trastornos de la salud mental &#8211; SIOAS &#8211; STC079\/25\/000064.<\/p>\n<p style=\"text-align: center;\">Con el apoyo de la Generalitat de Catalunya<\/p>\n<p><img loading=\"lazy\" decoding=\"async\" class=\"aligncenter  wp-image-18447\" src=\"https:\/\/fvo.cat\/wp-content\/uploads\/2026\/01\/generalitat-de-catalunya2531logowikcom-e1768915767110.webp\" alt=\"\" width=\"319\" height=\"104\" srcset=\"https:\/\/fvo.cat\/wp-content\/uploads\/2026\/01\/generalitat-de-catalunya2531logowikcom-e1768915767110.webp 866w, https:\/\/fvo.cat\/wp-content\/uploads\/2026\/01\/generalitat-de-catalunya2531logowikcom-e1768915767110-300x98.webp 300w, https:\/\/fvo.cat\/wp-content\/uploads\/2026\/01\/generalitat-de-catalunya2531logowikcom-e1768915767110-768x251.webp 768w, https:\/\/fvo.cat\/wp-content\/uploads\/2026\/01\/generalitat-de-catalunya2531logowikcom-e1768915767110-600x196.webp 600w\" sizes=\"auto, (max-width: 319px) 100vw, 319px\" \/><\/p>\n<p><img loading=\"lazy\" decoding=\"async\" class=\"aligncenter  wp-image-18451\" src=\"https:\/\/fvo.cat\/wp-content\/uploads\/2026\/01\/cofinancat-ue-1024x231.png\" alt=\"\" width=\"319\" height=\"72\" srcset=\"https:\/\/fvo.cat\/wp-content\/uploads\/2026\/01\/cofinancat-ue-1024x231.png 1024w, https:\/\/fvo.cat\/wp-content\/uploads\/2026\/01\/cofinancat-ue-300x68.png 300w, https:\/\/fvo.cat\/wp-content\/uploads\/2026\/01\/cofinancat-ue-768x173.png 768w, https:\/\/fvo.cat\/wp-content\/uploads\/2026\/01\/cofinancat-ue-1536x346.png 1536w, https:\/\/fvo.cat\/wp-content\/uploads\/2026\/01\/cofinancat-ue-2048x461.png 2048w, https:\/\/fvo.cat\/wp-content\/uploads\/2026\/01\/cofinancat-ue-600x135.png 600w\" sizes=\"auto, (max-width: 319px) 100vw, 319px\" \/><\/p>\n","protected":false},"excerpt":{"rendered":"<p>\u00bfNecesitas ayuda para encontrar trabajo? \u00a1Te podemos acompa\u00f1ar y orientar en este proceso! Participa en el programa SIOAS \u00bfQu\u00e9 te ofrecemos? Itinerario individualizado seg\u00fan tus intereses y motivaciones Formaci\u00f3n transversal en competencias [&hellip;]<\/p>\n","protected":false},"author":2,"featured_media":16391,"parent":15269,"menu_order":18,"comment_status":"closed","ping_status":"closed","template":"","meta":{"_seopress_robots_primary_cat":"","_seopress_titles_title":"","_seopress_titles_desc":"","_seopress_robots_index":"","inline_featured_image":false,"footnotes":""},"class_list":["post-16452","page","type-page","status-publish","has-post-thumbnail","hentry"],"_links":{"self":[{"href":"https:\/\/fvo.cat\/es\/wp-json\/wp\/v2\/pages\/16452","targetHints":{"allow":["GET"]}}],"collection":[{"href":"https:\/\/fvo.cat\/es\/wp-json\/wp\/v2\/pages"}],"about":[{"href":"https:\/\/fvo.cat\/es\/wp-json\/wp\/v2\/types\/page"}],"author":[{"embeddable":true,"href":"https:\/\/fvo.cat\/es\/wp-json\/wp\/v2\/users\/2"}],"replies":[{"embeddable":true,"href":"https:\/\/fvo.cat\/es\/wp-json\/wp\/v2\/comments?post=16452"}],"version-history":[{"count":0,"href":"https:\/\/fvo.cat\/es\/wp-json\/wp\/v2\/pages\/16452\/revisions"}],"up":[{"embeddable":true,"href":"https:\/\/fvo.cat\/es\/wp-json\/wp\/v2\/pages\/15269"}],"wp:featuredmedia":[{"embeddable":true,"href":"https:\/\/fvo.cat\/es\/wp-json\/wp\/v2\/media\/16391"}],"wp:attachment":[{"href":"https:\/\/fvo.cat\/es\/wp-json\/wp\/v2\/media?parent=16452"}],"curies":[{"name":"wp","href":"https:\/\/api.w.org\/{rel}","templated":true}]}}