{"id":16454,"date":"2024-02-26T13:41:04","date_gmt":"2024-02-26T11:41:04","guid":{"rendered":"https:\/\/fvo.cat\/?page_id=16454"},"modified":"2025-08-12T10:50:28","modified_gmt":"2025-08-12T08:50:28","slug":"edificio-de-rehabilitacion-funcional","status":"publish","type":"page","link":"https:\/\/fvo.cat\/es\/servicios-a-personas\/edificio-de-rehabilitacion-funcional\/","title":{"rendered":"Edificio de Rehabilitaci\u00f3n Funcional"},"content":{"rendered":"<p><img loading=\"lazy\" decoding=\"async\" class=\"aligncenter size-large wp-image-17551\" src=\"https:\/\/fvo.cat\/wp-content\/uploads\/2025\/05\/img-02081-1024x472.jpg\" alt=\"\" width=\"1024\" height=\"472\" srcset=\"https:\/\/fvo.cat\/wp-content\/uploads\/2025\/05\/img-02081-1024x472.jpg 1024w, https:\/\/fvo.cat\/wp-content\/uploads\/2025\/05\/img-02081-300x138.jpg 300w, https:\/\/fvo.cat\/wp-content\/uploads\/2025\/05\/img-02081-768x354.jpg 768w, https:\/\/fvo.cat\/wp-content\/uploads\/2025\/05\/img-02081-1536x708.jpg 1536w, https:\/\/fvo.cat\/wp-content\/uploads\/2025\/05\/img-02081-2048x943.jpg 2048w\" sizes=\"auto, (max-width: 1024px) 100vw, 1024px\" \/><\/p>\n<p>El Edificio de Rehabilitaci\u00f3n Funcional surge con la finalidad de ampliar los servicios actuales del FVO en lo que se refiere a un \u00e1mbito social, comunicativo y de ocio. Mejorando la calidad de vida de las personas atendidas, integrando el ejercicio en la rutina semanal, adapt\u00e1ndola a lo largo de su vida adulta y haciendo accesible los recursos necesarios para llevarlo a cabo.<\/p>\n<p>El ejercicio f\u00edsico es beneficioso tanto a nivel f\u00edsico como emocional:<\/p>\n<ul>\n<li>A nivel emocional ayuda a disminuir la ansiedad y la irritabilidad, a favorecer las interacciones con sus compa\u00f1eros, mejora la autoestima al verse capaz de desarrollar una nueva actividad y aumenta la sensaci\u00f3n de bienestar general.<\/li>\n<li>A nivel f\u00edsico ayuda a mantener las funciones motrices en estado \u00f3ptimo previniendo las afecciones propias del sedentarismo y retrasando as\u00ed el envejecimiento del cuerpo. Tambi\u00e9n tiene grandes beneficios a nivel cardiovascular mejorando la circulaci\u00f3n sangu\u00ednea, la oxigenaci\u00f3n de todo el cuerpo y mejorando la resistencia al esfuerzo.<\/li>\n<\/ul>\n<p>Un nuevo recurso para sobresalir en la labor del equipo de profesionales y permitir mejorar la calidad de vida de las personas con discapacidad atendidas en los centros y servicios de la Fundaci\u00f3n a trav\u00e9s de actividades acu\u00e1ticas y terap\u00e9uticas basadas en estimulaci\u00f3n sensorial, la psicomotricidad, fisioterapia etc. complementando su asistencia en horario de atenci\u00f3n diurna.<\/p>\n<div id='gallery-1' class='gallery galleryid-16454 gallery-columns-3 gallery-size-medium'><figure class='gallery-item'>\n\t\t\t<div class='gallery-icon landscape'>\n\t\t\t\t<a href='https:\/\/fvo.cat\/es\/servicios-a-personas\/formacion\/resi-10-set-19-2\/'><img loading=\"lazy\" decoding=\"async\" width=\"300\" height=\"225\" src=\"https:\/\/fvo.cat\/wp-content\/uploads\/2024\/02\/resi-10-set-19-300x225.png\" class=\"attachment-medium size-medium\" alt=\"\" srcset=\"https:\/\/fvo.cat\/wp-content\/uploads\/2024\/02\/resi-10-set-19-300x225.png 300w, https:\/\/fvo.cat\/wp-content\/uploads\/2024\/02\/resi-10-set-19-768x576.png 768w, https:\/\/fvo.cat\/wp-content\/uploads\/2024\/02\/resi-10-set-19.png 1024w\" sizes=\"auto, (max-width: 300px) 100vw, 300px\" \/><\/a>\n\t\t\t<\/div><\/figure><figure class='gallery-item'>\n\t\t\t<div class='gallery-icon landscape'>\n\t\t\t\t<a href='https:\/\/fvo.cat\/es\/servicios-a-personas\/formacion\/img-20230208-wa0074-2\/'><img loading=\"lazy\" decoding=\"async\" width=\"300\" height=\"169\" src=\"https:\/\/fvo.cat\/wp-content\/uploads\/2024\/02\/img-20230208-wa0074-300x169.jpg\" class=\"attachment-medium size-medium\" alt=\"\" srcset=\"https:\/\/fvo.cat\/wp-content\/uploads\/2024\/02\/img-20230208-wa0074-300x169.jpg 300w, https:\/\/fvo.cat\/wp-content\/uploads\/2024\/02\/img-20230208-wa0074-1024x576.jpg 1024w, https:\/\/fvo.cat\/wp-content\/uploads\/2024\/02\/img-20230208-wa0074-768x432.jpg 768w, https:\/\/fvo.cat\/wp-content\/uploads\/2024\/02\/img-20230208-wa0074-1536x864.jpg 1536w, https:\/\/fvo.cat\/wp-content\/uploads\/2024\/02\/img-20230208-wa0074.jpg 2041w\" sizes=\"auto, (max-width: 300px) 100vw, 300px\" \/><\/a>\n\t\t\t<\/div><\/figure><figure class='gallery-item'>\n\t\t\t<div class='gallery-icon landscape'>\n\t\t\t\t<a href='https:\/\/fvo.cat\/es\/servicios-a-personas\/formacion\/img-20231221-wa0026-2\/'><img loading=\"lazy\" decoding=\"async\" width=\"300\" height=\"225\" src=\"https:\/\/fvo.cat\/wp-content\/uploads\/2024\/02\/img-20231221-wa0026-300x225.jpg\" class=\"attachment-medium size-medium\" alt=\"\" srcset=\"https:\/\/fvo.cat\/wp-content\/uploads\/2024\/02\/img-20231221-wa0026-300x225.jpg 300w, https:\/\/fvo.cat\/wp-content\/uploads\/2024\/02\/img-20231221-wa0026-768x576.jpg 768w, https:\/\/fvo.cat\/wp-content\/uploads\/2024\/02\/img-20231221-wa0026.jpg 1024w\" sizes=\"auto, (max-width: 300px) 100vw, 300px\" \/><\/a>\n\t\t\t<\/div><\/figure><figure class='gallery-item'>\n\t\t\t<div class='gallery-icon landscape'>\n\t\t\t\t<a href='https:\/\/fvo.cat\/es\/servicios-a-personas\/formacion\/img-3310-2\/'><img loading=\"lazy\" decoding=\"async\" width=\"300\" height=\"225\" src=\"https:\/\/fvo.cat\/wp-content\/uploads\/2024\/02\/img-3310-300x225.jpg\" class=\"attachment-medium size-medium\" alt=\"\" srcset=\"https:\/\/fvo.cat\/wp-content\/uploads\/2024\/02\/img-3310-300x225.jpg 300w, https:\/\/fvo.cat\/wp-content\/uploads\/2024\/02\/img-3310-1024x768.jpg 1024w, https:\/\/fvo.cat\/wp-content\/uploads\/2024\/02\/img-3310-768x576.jpg 768w, https:\/\/fvo.cat\/wp-content\/uploads\/2024\/02\/img-3310-1536x1152.jpg 1536w, https:\/\/fvo.cat\/wp-content\/uploads\/2024\/02\/img-3310-2048x1536.jpg 2048w\" sizes=\"auto, (max-width: 300px) 100vw, 300px\" \/><\/a>\n\t\t\t<\/div><\/figure><figure class='gallery-item'>\n\t\t\t<div class='gallery-icon landscape'>\n\t\t\t\t<a href='https:\/\/fvo.cat\/es\/servicios-a-personas\/formacion\/img-3097-2\/'><img loading=\"lazy\" decoding=\"async\" width=\"300\" height=\"225\" src=\"https:\/\/fvo.cat\/wp-content\/uploads\/2024\/02\/img-3097-300x225.jpg\" class=\"attachment-medium size-medium\" alt=\"\" srcset=\"https:\/\/fvo.cat\/wp-content\/uploads\/2024\/02\/img-3097-300x225.jpg 300w, https:\/\/fvo.cat\/wp-content\/uploads\/2024\/02\/img-3097-1024x768.jpg 1024w, https:\/\/fvo.cat\/wp-content\/uploads\/2024\/02\/img-3097-768x576.jpg 768w, https:\/\/fvo.cat\/wp-content\/uploads\/2024\/02\/img-3097-1536x1152.jpg 1536w, https:\/\/fvo.cat\/wp-content\/uploads\/2024\/02\/img-3097-2048x1536.jpg 2048w\" sizes=\"auto, (max-width: 300px) 100vw, 300px\" \/><\/a>\n\t\t\t<\/div><\/figure><figure class='gallery-item'>\n\t\t\t<div class='gallery-icon landscape'>\n\t\t\t\t<a href='https:\/\/fvo.cat\/es\/servicios-a-personas\/formacion\/img-3035-2\/'><img loading=\"lazy\" decoding=\"async\" width=\"300\" height=\"225\" src=\"https:\/\/fvo.cat\/wp-content\/uploads\/2024\/02\/img-3035-300x225.jpg\" class=\"attachment-medium size-medium\" alt=\"\" srcset=\"https:\/\/fvo.cat\/wp-content\/uploads\/2024\/02\/img-3035-300x225.jpg 300w, https:\/\/fvo.cat\/wp-content\/uploads\/2024\/02\/img-3035-1024x768.jpg 1024w, https:\/\/fvo.cat\/wp-content\/uploads\/2024\/02\/img-3035-768x576.jpg 768w, https:\/\/fvo.cat\/wp-content\/uploads\/2024\/02\/img-3035-1536x1152.jpg 1536w, https:\/\/fvo.cat\/wp-content\/uploads\/2024\/02\/img-3035-2048x1536.jpg 2048w\" sizes=\"auto, (max-width: 300px) 100vw, 300px\" \/><\/a>\n\t\t\t<\/div><\/figure>\n\t\t<\/div>\n\n<h2>Instalaciones<\/h2>\n<p>Dispone de una zona de aguas, con dos piscinas una de 25m y una de 8m climatizada; y una zona seca con una gran sala polivalente para realizar actividades de estimulaci\u00f3n sensorial, fisioterapia, rehabilitaci\u00f3n y psicomotricidad.<\/p>\n<div id='gallery-2' class='gallery galleryid-16454 gallery-columns-2 gallery-size-medium'><figure class='gallery-item'>\n\t\t\t<div class='gallery-icon landscape'>\n\t\t\t\t<a href='https:\/\/fvo.cat\/es\/servicios-a-personas\/formacion\/img-20240226-141611-2\/'><img loading=\"lazy\" decoding=\"async\" width=\"300\" height=\"225\" src=\"https:\/\/fvo.cat\/wp-content\/uploads\/2024\/02\/img-20240226-141611-300x225.jpg\" class=\"attachment-medium size-medium\" alt=\"\" srcset=\"https:\/\/fvo.cat\/wp-content\/uploads\/2024\/02\/img-20240226-141611-300x225.jpg 300w, https:\/\/fvo.cat\/wp-content\/uploads\/2024\/02\/img-20240226-141611-1024x768.jpg 1024w, https:\/\/fvo.cat\/wp-content\/uploads\/2024\/02\/img-20240226-141611-768x576.jpg 768w, https:\/\/fvo.cat\/wp-content\/uploads\/2024\/02\/img-20240226-141611.jpg 1531w\" sizes=\"auto, (max-width: 300px) 100vw, 300px\" \/><\/a>\n\t\t\t<\/div><\/figure><figure class='gallery-item'>\n\t\t\t<div class='gallery-icon landscape'>\n\t\t\t\t<a href='https:\/\/fvo.cat\/es\/servicios-a-personas\/formacion\/original-8564a1bd-f45c-400e-8836-193309c298c1-img-20240226-141634-2\/'><img loading=\"lazy\" decoding=\"async\" width=\"300\" height=\"225\" src=\"https:\/\/fvo.cat\/wp-content\/uploads\/2024\/02\/original-8564a1bd-f45c-400e-8836-193309c298c1-img-20240226-141634-300x225.jpg\" class=\"attachment-medium size-medium\" alt=\"\" srcset=\"https:\/\/fvo.cat\/wp-content\/uploads\/2024\/02\/original-8564a1bd-f45c-400e-8836-193309c298c1-img-20240226-141634-300x225.jpg 300w, https:\/\/fvo.cat\/wp-content\/uploads\/2024\/02\/original-8564a1bd-f45c-400e-8836-193309c298c1-img-20240226-141634-1024x768.jpg 1024w, https:\/\/fvo.cat\/wp-content\/uploads\/2024\/02\/original-8564a1bd-f45c-400e-8836-193309c298c1-img-20240226-141634-768x576.jpg 768w, https:\/\/fvo.cat\/wp-content\/uploads\/2024\/02\/original-8564a1bd-f45c-400e-8836-193309c298c1-img-20240226-141634.jpg 1531w\" sizes=\"auto, (max-width: 300px) 100vw, 300px\" \/><\/a>\n\t\t\t<\/div><\/figure>\n\t\t<\/div>\n\n<h2>Historia<\/h2>\n<p>\nLas obras se inician en 2018 en los terrenos propiedad de la Fundaci\u00f3n situados en La Roca del Vall\u00e8s, despu\u00e9s de una fiesta donde todos y todas pudieron participar de la colocaci\u00f3n de la primera piedra. Acabadas las obras, el centro se pone en funcionamiento en julio de 2019 y en la Fiesta de la Gran Familia de la Fundaci\u00f3n del oto\u00f1o del mismo a\u00f1o se realiza una jornada de puertas abiertos y una muestra fotogr\u00e1fica para compartir c\u00f3mo se aprovecha el nuevo recurso a nivel terap\u00e9utico.<\/p>\n","protected":false},"excerpt":{"rendered":"<p>El Edificio de Rehabilitaci\u00f3n Funcional surge con la finalidad de ampliar los servicios actuales del FVO en lo que se refiere a un \u00e1mbito social, comunicativo y de ocio. Mejorando la calidad [&hellip;]<\/p>\n","protected":false},"author":2,"featured_media":16125,"parent":15269,"menu_order":38,"comment_status":"closed","ping_status":"closed","template":"","meta":{"_seopress_robots_primary_cat":"","_seopress_titles_title":"","_seopress_titles_desc":"","_seopress_robots_index":"","inline_featured_image":false,"footnotes":""},"class_list":["post-16454","page","type-page","status-publish","has-post-thumbnail","hentry"],"_links":{"self":[{"href":"https:\/\/fvo.cat\/es\/wp-json\/wp\/v2\/pages\/16454","targetHints":{"allow":["GET"]}}],"collection":[{"href":"https:\/\/fvo.cat\/es\/wp-json\/wp\/v2\/pages"}],"about":[{"href":"https:\/\/fvo.cat\/es\/wp-json\/wp\/v2\/types\/page"}],"author":[{"embeddable":true,"href":"https:\/\/fvo.cat\/es\/wp-json\/wp\/v2\/users\/2"}],"replies":[{"embeddable":true,"href":"https:\/\/fvo.cat\/es\/wp-json\/wp\/v2\/comments?post=16454"}],"version-history":[{"count":0,"href":"https:\/\/fvo.cat\/es\/wp-json\/wp\/v2\/pages\/16454\/revisions"}],"up":[{"embeddable":true,"href":"https:\/\/fvo.cat\/es\/wp-json\/wp\/v2\/pages\/15269"}],"wp:featuredmedia":[{"embeddable":true,"href":"https:\/\/fvo.cat\/es\/wp-json\/wp\/v2\/media\/16125"}],"wp:attachment":[{"href":"https:\/\/fvo.cat\/es\/wp-json\/wp\/v2\/media?parent=16454"}],"curies":[{"name":"wp","href":"https:\/\/api.w.org\/{rel}","templated":true}]}}