{"id":16455,"date":"2024-02-26T17:15:58","date_gmt":"2024-02-26T15:15:58","guid":{"rendered":"https:\/\/fvo.cat\/?page_id=16455"},"modified":"2024-05-13T16:18:07","modified_gmt":"2024-05-13T14:18:07","slug":"legados-solidarios","status":"publish","type":"page","link":"https:\/\/fvo.cat\/es\/donaciones\/legados-solidarios\/","title":{"rendered":"Legados solidarios"},"content":{"rendered":"<p>Creemos en una sociedad inclusiva y respetuosa de los derechos de todas las personas. Ponemos especial \u00e9nfasis en el ocio y el deporte. Por todo esto, te necesitamos. <strong>\u00a1Ay\u00fadanos a hacer un futuro mejor!<\/strong><\/p>\n<h2>\u00bfQu\u00e9 debo saber sobre los legados solidarios?<\/h2>\n<ul>\n<li>Se puede dejar un legado o instituir heredero a cualquier persona f\u00edsica o jur\u00eddica, para que cumplan con \u00e9l la finalidad que elijas. Sin embargo, es necesario respetar la leg\u00edtima, parte que corresponde a los familiares de l\u00ednea directa.<\/li>\n<li>La parte de la herencia que otorgues a una Fundaci\u00f3n no se ver\u00e1 mermada por impuestos. Al ser una persona jur\u00eddica, la Fundaci\u00f3n no est\u00e1 sujeta al Impuesto de Sucesiones. Asimismo, los ingresos que recibimos por herencias y legados est\u00e1n exentos del Impuesto sobre Sociedades porque somos una organizaci\u00f3n sin \u00e1nimo de lucro.<\/li>\n<li>Se puede legar dinero o cualquier tipo de bienes (pisos, terrenos, joyas, acciones, etc.)<\/li>\n<li>El legado debe ser siempre normalizado en un documento notarial.<\/li>\n<li>Ases\u00f3rate por un notario, que te resolver\u00e1 todas las dudas.<\/li>\n<li>Todos los legados recibidos son valorados por expertos independientes. Si son de car\u00e1cter inmobiliario, se convierten en nuevos recursos para las personas que atendemos. Si no es posible o son bienes de otra naturaleza, el producto de su venta est\u00e1 \u00edntegramente destinado a nuestros fines.<\/li>\n<\/ul>\n<p style=\"text-align: center;\"><strong>Los legados se convierten en nuevos recursos para las personas con discapacidad intelectual que atendemos en la Fundaci\u00f3 Vall\u00e8s Oriental<\/strong><\/p>\n<p style=\"text-align: center;\"><img loading=\"lazy\" decoding=\"async\" class=\"alignnone size-medium wp-image-16185\" src=\"https:\/\/fvo.cat\/wp-content\/uploads\/2024\/02\/llegats-234x300.jpg\" alt=\"\" width=\"234\" height=\"300\" srcset=\"https:\/\/fvo.cat\/wp-content\/uploads\/2024\/02\/llegats-234x300.jpg 234w, https:\/\/fvo.cat\/wp-content\/uploads\/2024\/02\/llegats.jpg 512w\" sizes=\"auto, (max-width: 234px) 100vw, 234px\" \/><\/p>\n","protected":false},"excerpt":{"rendered":"<p>Creemos en una sociedad inclusiva y respetuosa de los derechos de todas las personas. Ponemos especial \u00e9nfasis en el ocio y el deporte. Por todo esto, te necesitamos. \u00a1Ay\u00fadanos a hacer un [&hellip;]<\/p>\n","protected":false},"author":2,"featured_media":0,"parent":15484,"menu_order":89,"comment_status":"closed","ping_status":"closed","template":"","meta":{"_seopress_robots_primary_cat":"","_seopress_titles_title":"","_seopress_titles_desc":"","_seopress_robots_index":"","inline_featured_image":false,"footnotes":""},"class_list":["post-16455","page","type-page","status-publish","hentry"],"_links":{"self":[{"href":"https:\/\/fvo.cat\/es\/wp-json\/wp\/v2\/pages\/16455","targetHints":{"allow":["GET"]}}],"collection":[{"href":"https:\/\/fvo.cat\/es\/wp-json\/wp\/v2\/pages"}],"about":[{"href":"https:\/\/fvo.cat\/es\/wp-json\/wp\/v2\/types\/page"}],"author":[{"embeddable":true,"href":"https:\/\/fvo.cat\/es\/wp-json\/wp\/v2\/users\/2"}],"replies":[{"embeddable":true,"href":"https:\/\/fvo.cat\/es\/wp-json\/wp\/v2\/comments?post=16455"}],"version-history":[{"count":0,"href":"https:\/\/fvo.cat\/es\/wp-json\/wp\/v2\/pages\/16455\/revisions"}],"up":[{"embeddable":true,"href":"https:\/\/fvo.cat\/es\/wp-json\/wp\/v2\/pages\/15484"}],"wp:attachment":[{"href":"https:\/\/fvo.cat\/es\/wp-json\/wp\/v2\/media?parent=16455"}],"curies":[{"name":"wp","href":"https:\/\/api.w.org\/{rel}","templated":true}]}}