{"id":16463,"date":"2023-11-13T13:46:40","date_gmt":"2023-11-13T11:46:40","guid":{"rendered":"https:\/\/fvo.cat\/?page_id=16463"},"modified":"2025-06-17T12:47:00","modified_gmt":"2025-06-17T10:47:00","slug":"limpieza","status":"publish","type":"page","link":"https:\/\/fvo.cat\/es\/servicios-a-empresas\/centro-especial-de-trabajo\/limpieza\/","title":{"rendered":"Limpieza"},"content":{"rendered":"<p>El Servicio de Limpieza est\u00e1 formado por un equipo de 22 personas, supervisado por profesionales especializados.<\/p>\n<p>Realizamos la limpieza a nivel interno de todos los centros y servicios de la Fundaci\u00f3n: Servicios centrales, Servicio de vivienda, Residencia y Restaurantes.<\/p>\n<p>Disponemos de un almac\u00e9n, donde se guardan los productos correctamente etiquetados e identificados; un veh\u00edculo para facilitar la movilidad del equipo y la maquinaria y los utensilios necesarios para la limpieza (m\u00e1quinas fregadoras, aspiradores, etc.)<\/p>\n<div id='gallery-1' class='gallery galleryid-16463 gallery-columns-3 gallery-size-medium'><figure class='gallery-item'>\n\t\t\t<div class='gallery-icon landscape'>\n\t\t\t\t<a href='https:\/\/fvo.cat\/es\/servicios-a-empresas\/centro-especial-de-trabajo\/limpieza\/neteja-2\/'><img loading=\"lazy\" decoding=\"async\" width=\"300\" height=\"201\" src=\"https:\/\/fvo.cat\/wp-content\/uploads\/2024\/02\/neteja-300x201.png\" class=\"attachment-medium size-medium\" alt=\"\" srcset=\"https:\/\/fvo.cat\/wp-content\/uploads\/2024\/02\/neteja-300x201.png 300w, https:\/\/fvo.cat\/wp-content\/uploads\/2024\/02\/neteja.png 344w\" sizes=\"auto, (max-width: 300px) 100vw, 300px\" \/><\/a>\n\t\t\t<\/div><\/figure><figure class='gallery-item'>\n\t\t\t<div class='gallery-icon landscape'>\n\t\t\t\t<a href='https:\/\/fvo.cat\/es\/servicios-a-empresas\/centro-especial-de-trabajo\/limpieza\/img-20210628-130448-2-2\/'><img loading=\"lazy\" decoding=\"async\" width=\"300\" height=\"225\" src=\"https:\/\/fvo.cat\/wp-content\/uploads\/2024\/02\/img-20210628-130448-1-300x225.jpg\" class=\"attachment-medium size-medium\" alt=\"\" srcset=\"https:\/\/fvo.cat\/wp-content\/uploads\/2024\/02\/img-20210628-130448-1-300x225.jpg 300w, https:\/\/fvo.cat\/wp-content\/uploads\/2024\/02\/img-20210628-130448-1-1024x768.jpg 1024w, https:\/\/fvo.cat\/wp-content\/uploads\/2024\/02\/img-20210628-130448-1-768x576.jpg 768w, https:\/\/fvo.cat\/wp-content\/uploads\/2024\/02\/img-20210628-130448-1-1536x1152.jpg 1536w, https:\/\/fvo.cat\/wp-content\/uploads\/2024\/02\/img-20210628-130448-1-2048x1536.jpg 2048w\" sizes=\"auto, (max-width: 300px) 100vw, 300px\" \/><\/a>\n\t\t\t<\/div><\/figure><figure class='gallery-item'>\n\t\t\t<div class='gallery-icon landscape'>\n\t\t\t\t<a href='https:\/\/fvo.cat\/es\/servicios-a-empresas\/centro-especial-de-trabajo\/limpieza\/netaja-2\/'><img loading=\"lazy\" decoding=\"async\" width=\"300\" height=\"224\" src=\"https:\/\/fvo.cat\/wp-content\/uploads\/2024\/02\/netaja-300x224.png\" class=\"attachment-medium size-medium\" alt=\"\" srcset=\"https:\/\/fvo.cat\/wp-content\/uploads\/2024\/02\/netaja-300x224.png 300w, https:\/\/fvo.cat\/wp-content\/uploads\/2024\/02\/netaja.png 614w\" sizes=\"auto, (max-width: 300px) 100vw, 300px\" \/><\/a>\n\t\t\t<\/div><\/figure><figure class='gallery-item'>\n\t\t\t<div class='gallery-icon portrait'>\n\t\t\t\t<a href='https:\/\/fvo.cat\/es\/servicios-a-empresas\/centro-especial-de-trabajo\/limpieza\/netej2-2\/'><img loading=\"lazy\" decoding=\"async\" width=\"225\" height=\"300\" src=\"https:\/\/fvo.cat\/wp-content\/uploads\/2024\/02\/netej2-225x300.png\" class=\"attachment-medium size-medium\" alt=\"\" srcset=\"https:\/\/fvo.cat\/wp-content\/uploads\/2024\/02\/netej2-225x300.png 225w, https:\/\/fvo.cat\/wp-content\/uploads\/2024\/02\/netej2.png 454w\" sizes=\"auto, (max-width: 225px) 100vw, 225px\" \/><\/a>\n\t\t\t<\/div><\/figure><figure class='gallery-item'>\n\t\t\t<div class='gallery-icon landscape'>\n\t\t\t\t<a href='https:\/\/fvo.cat\/es\/servicios-a-empresas\/pag-38-servei-de-neteja-del-cet-2\/'><img loading=\"lazy\" decoding=\"async\" width=\"300\" height=\"225\" src=\"https:\/\/fvo.cat\/wp-content\/uploads\/2023\/10\/pag-38-servei-de-neteja-del-cet-300x225.png\" class=\"attachment-medium size-medium\" alt=\"\" srcset=\"https:\/\/fvo.cat\/wp-content\/uploads\/2023\/10\/pag-38-servei-de-neteja-del-cet-300x225.png 300w, https:\/\/fvo.cat\/wp-content\/uploads\/2023\/10\/pag-38-servei-de-neteja-del-cet-768x576.png 768w, https:\/\/fvo.cat\/wp-content\/uploads\/2023\/10\/pag-38-servei-de-neteja-del-cet.png 800w\" sizes=\"auto, (max-width: 300px) 100vw, 300px\" \/><\/a>\n\t\t\t<\/div><\/figure><figure class='gallery-item'>\n\t\t\t<div class='gallery-icon landscape'>\n\t\t\t\t<a href='https:\/\/fvo.cat\/es\/servicios-a-empresas\/centro-especial-de-trabajo\/limpieza\/img-3800-2\/'><img loading=\"lazy\" decoding=\"async\" width=\"300\" height=\"200\" src=\"https:\/\/fvo.cat\/wp-content\/uploads\/2024\/02\/img-3800-300x200.jpg\" class=\"attachment-medium size-medium\" alt=\"\" srcset=\"https:\/\/fvo.cat\/wp-content\/uploads\/2024\/02\/img-3800-300x200.jpg 300w, https:\/\/fvo.cat\/wp-content\/uploads\/2024\/02\/img-3800-1024x683.jpg 1024w, https:\/\/fvo.cat\/wp-content\/uploads\/2024\/02\/img-3800-768x512.jpg 768w, https:\/\/fvo.cat\/wp-content\/uploads\/2024\/02\/img-3800-1536x1024.jpg 1536w, https:\/\/fvo.cat\/wp-content\/uploads\/2024\/02\/img-3800.jpg 1920w\" sizes=\"auto, (max-width: 300px) 100vw, 300px\" \/><\/a>\n\t\t\t<\/div><\/figure>\n\t\t<\/div>\n\n","protected":false},"excerpt":{"rendered":"<p>El Servicio de Limpieza est\u00e1 formado por un equipo de 22 personas, supervisado por profesionales especializados. Realizamos la limpieza a nivel interno de todos los centros y servicios de la Fundaci\u00f3n: Servicios [&hellip;]<\/p>\n","protected":false},"author":2,"featured_media":0,"parent":15695,"menu_order":104,"comment_status":"closed","ping_status":"closed","template":"","meta":{"_seopress_robots_primary_cat":"","_seopress_titles_title":"","_seopress_titles_desc":"","_seopress_robots_index":"","inline_featured_image":false,"footnotes":""},"class_list":["post-16463","page","type-page","status-publish","hentry"],"_links":{"self":[{"href":"https:\/\/fvo.cat\/es\/wp-json\/wp\/v2\/pages\/16463","targetHints":{"allow":["GET"]}}],"collection":[{"href":"https:\/\/fvo.cat\/es\/wp-json\/wp\/v2\/pages"}],"about":[{"href":"https:\/\/fvo.cat\/es\/wp-json\/wp\/v2\/types\/page"}],"author":[{"embeddable":true,"href":"https:\/\/fvo.cat\/es\/wp-json\/wp\/v2\/users\/2"}],"replies":[{"embeddable":true,"href":"https:\/\/fvo.cat\/es\/wp-json\/wp\/v2\/comments?post=16463"}],"version-history":[{"count":0,"href":"https:\/\/fvo.cat\/es\/wp-json\/wp\/v2\/pages\/16463\/revisions"}],"up":[{"embeddable":true,"href":"https:\/\/fvo.cat\/es\/wp-json\/wp\/v2\/pages\/15695"}],"wp:attachment":[{"href":"https:\/\/fvo.cat\/es\/wp-json\/wp\/v2\/media?parent=16463"}],"curies":[{"name":"wp","href":"https:\/\/api.w.org\/{rel}","templated":true}]}}