{"id":16464,"date":"2023-11-13T13:45:44","date_gmt":"2023-11-13T11:45:44","guid":{"rendered":"https:\/\/fvo.cat\/?page_id=16464"},"modified":"2025-08-12T10:58:25","modified_gmt":"2025-08-12T08:58:25","slug":"catering","status":"publish","type":"page","link":"https:\/\/fvo.cat\/es\/servicios-a-empresas\/centro-especial-de-trabajo\/catering\/","title":{"rendered":"Catering"},"content":{"rendered":"<h2>\u00bfQuiere montar un evento? \u00a1Os presentamos un servicio gastron\u00f3mico \u00fanico y con decoraci\u00f3n personalizada!<\/h2>\n<p><img loading=\"lazy\" decoding=\"async\" class=\"aligncenter wp-image-16428 size-full\" src=\"https:\/\/fvo.cat\/wp-content\/uploads\/2024\/02\/gatering-ok.png\" alt=\"\" width=\"948\" height=\"481\" srcset=\"https:\/\/fvo.cat\/wp-content\/uploads\/2024\/02\/gatering-ok.png 948w, https:\/\/fvo.cat\/wp-content\/uploads\/2024\/02\/gatering-ok-300x152.png 300w, https:\/\/fvo.cat\/wp-content\/uploads\/2024\/02\/gatering-ok-768x390.png 768w\" sizes=\"auto, (max-width: 948px) 100vw, 948px\" \/><\/p>\n<h3 style=\"text-align: center;\">El Servicio de catering de la Fundaci\u00f3n Vall\u00e8s Oriental<\/h3>\n<ul>\n<li>Desayunos<\/li>\n<li>Aperitivos<\/li>\n<li>Lunch \/ almuerzos<\/li>\n<li>Meriendas<\/li>\n<li>Cenas<\/li>\n<li>Almuerzos y cenas de pie<\/li>\n<li>Copa de cava<\/li>\n<li>Catas<\/li>\n<li>Brunch<\/li>\n<li>Coffe breaks<\/li>\n<\/ul>\n<p>para todo tipo de actos y celebraciones por empresas, entidades p\u00fablicas y privadas, ayuntamientos, congresos, fiestas particulares, bodas, comuniones o simplemente porque es momento de disfrutar de la mejor compa\u00f1\u00eda con un catering original y singular que siempre recordar\u00e1s!<\/p>\n<h3>Un catering profesional y social<\/h3>\n<p>Somos un equipo de profesionales que posibilita la integraci\u00f3n social y laboral de las personas con discapacidad.<\/p>\n<h3>Cada catering es \u00fanico<\/h3>\n<p>Todo se personaliza y decora seg\u00fan la tem\u00e1tica de los eventos, los colores de la empresa, una fiesta especial\u2026 mimamos cada detalle.<\/p>\n<h3>Clientes consolidados<\/h3>\n<p>\nNuestro servicio realiza caterings para empresas y ayuntamientos del Vall\u00e8s Oriental, el Consejo Comarcal, la UEI, el Hospital de Granollers, Diputaci\u00f3 de Barcelona\u2026<\/p>\n<div id='gallery-1' class='gallery galleryid-16464 gallery-columns-4 gallery-size-medium'><figure class='gallery-item'>\n\t\t\t<div class='gallery-icon portrait'>\n\t\t\t\t<a href='https:\/\/fvo.cat\/es\/servicios-a-empresas\/centro-especial-de-trabajo\/catering\/img-20220630-wa0011-2\/'><img loading=\"lazy\" decoding=\"async\" width=\"225\" height=\"300\" src=\"https:\/\/fvo.cat\/wp-content\/uploads\/2024\/02\/img-20220630-wa0011-225x300.jpg\" class=\"attachment-medium size-medium\" alt=\"\" srcset=\"https:\/\/fvo.cat\/wp-content\/uploads\/2024\/02\/img-20220630-wa0011-225x300.jpg 225w, https:\/\/fvo.cat\/wp-content\/uploads\/2024\/02\/img-20220630-wa0011.jpg 727w\" sizes=\"auto, (max-width: 225px) 100vw, 225px\" \/><\/a>\n\t\t\t<\/div><\/figure><figure class='gallery-item'>\n\t\t\t<div class='gallery-icon portrait'>\n\t\t\t\t<a href='https:\/\/fvo.cat\/es\/servicios-a-empresas\/centro-especial-de-trabajo\/catering\/img-20220630-wa0013-2\/'><img loading=\"lazy\" decoding=\"async\" width=\"225\" height=\"300\" src=\"https:\/\/fvo.cat\/wp-content\/uploads\/2024\/02\/img-20220630-wa0013-225x300.jpg\" class=\"attachment-medium size-medium\" alt=\"\" srcset=\"https:\/\/fvo.cat\/wp-content\/uploads\/2024\/02\/img-20220630-wa0013-225x300.jpg 225w, https:\/\/fvo.cat\/wp-content\/uploads\/2024\/02\/img-20220630-wa0013.jpg 727w\" sizes=\"auto, (max-width: 225px) 100vw, 225px\" \/><\/a>\n\t\t\t<\/div><\/figure><figure class='gallery-item'>\n\t\t\t<div class='gallery-icon landscape'>\n\t\t\t\t<a href='https:\/\/fvo.cat\/es\/servicios-a-empresas\/centro-especial-de-trabajo\/catering\/img-20220927-wa0015-2\/'><img loading=\"lazy\" decoding=\"async\" width=\"300\" height=\"300\" src=\"https:\/\/fvo.cat\/wp-content\/uploads\/2024\/02\/img-20220927-wa0015-300x300.jpg\" class=\"attachment-medium size-medium\" alt=\"\" srcset=\"https:\/\/fvo.cat\/wp-content\/uploads\/2024\/02\/img-20220927-wa0015-300x300.jpg 300w, https:\/\/fvo.cat\/wp-content\/uploads\/2024\/02\/img-20220927-wa0015-150x150.jpg 150w, https:\/\/fvo.cat\/wp-content\/uploads\/2024\/02\/img-20220927-wa0015.jpg 600w\" sizes=\"auto, (max-width: 300px) 100vw, 300px\" \/><\/a>\n\t\t\t<\/div><\/figure><figure class='gallery-item'>\n\t\t\t<div class='gallery-icon portrait'>\n\t\t\t\t<a href='https:\/\/fvo.cat\/es\/servicios-a-empresas\/centro-especial-de-trabajo\/catering\/img-20220930-wa0016-2\/'><img loading=\"lazy\" decoding=\"async\" width=\"225\" height=\"300\" src=\"https:\/\/fvo.cat\/wp-content\/uploads\/2024\/02\/img-20220930-wa0016-225x300.jpg\" class=\"attachment-medium size-medium\" alt=\"\" srcset=\"https:\/\/fvo.cat\/wp-content\/uploads\/2024\/02\/img-20220930-wa0016-225x300.jpg 225w, https:\/\/fvo.cat\/wp-content\/uploads\/2024\/02\/img-20220930-wa0016.jpg 450w\" sizes=\"auto, (max-width: 225px) 100vw, 225px\" \/><\/a>\n\t\t\t<\/div><\/figure><figure class='gallery-item'>\n\t\t\t<div class='gallery-icon landscape'>\n\t\t\t\t<a href='https:\/\/fvo.cat\/es\/servicios-a-empresas\/centro-especial-de-trabajo\/catering\/img-20221110-wa0016-2\/'><img loading=\"lazy\" decoding=\"async\" width=\"300\" height=\"225\" src=\"https:\/\/fvo.cat\/wp-content\/uploads\/2024\/02\/img-20221110-wa0016-300x225.jpg\" class=\"attachment-medium size-medium\" alt=\"\" srcset=\"https:\/\/fvo.cat\/wp-content\/uploads\/2024\/02\/img-20221110-wa0016-300x225.jpg 300w, https:\/\/fvo.cat\/wp-content\/uploads\/2024\/02\/img-20221110-wa0016-1024x768.jpg 1024w, https:\/\/fvo.cat\/wp-content\/uploads\/2024\/02\/img-20221110-wa0016-768x576.jpg 768w, https:\/\/fvo.cat\/wp-content\/uploads\/2024\/02\/img-20221110-wa0016.jpg 1292w\" sizes=\"auto, (max-width: 300px) 100vw, 300px\" \/><\/a>\n\t\t\t<\/div><\/figure><figure class='gallery-item'>\n\t\t\t<div class='gallery-icon portrait'>\n\t\t\t\t<a href='https:\/\/fvo.cat\/es\/servicios-a-empresas\/centro-especial-de-trabajo\/catering\/img-20230202-wa0025-2\/'><img loading=\"lazy\" decoding=\"async\" width=\"225\" height=\"300\" src=\"https:\/\/fvo.cat\/wp-content\/uploads\/2024\/02\/img-20230202-wa0025-225x300.jpg\" class=\"attachment-medium size-medium\" alt=\"\" srcset=\"https:\/\/fvo.cat\/wp-content\/uploads\/2024\/02\/img-20230202-wa0025-225x300.jpg 225w, https:\/\/fvo.cat\/wp-content\/uploads\/2024\/02\/img-20230202-wa0025.jpg 727w\" sizes=\"auto, (max-width: 225px) 100vw, 225px\" \/><\/a>\n\t\t\t<\/div><\/figure><figure class='gallery-item'>\n\t\t\t<div class='gallery-icon portrait'>\n\t\t\t\t<a href='https:\/\/fvo.cat\/es\/servicios-a-empresas\/centro-especial-de-trabajo\/catering\/img-20230202-wa0027-2\/'><img loading=\"lazy\" decoding=\"async\" width=\"225\" height=\"300\" src=\"https:\/\/fvo.cat\/wp-content\/uploads\/2024\/02\/img-20230202-wa0027-225x300.jpg\" class=\"attachment-medium size-medium\" alt=\"\" srcset=\"https:\/\/fvo.cat\/wp-content\/uploads\/2024\/02\/img-20230202-wa0027-225x300.jpg 225w, https:\/\/fvo.cat\/wp-content\/uploads\/2024\/02\/img-20230202-wa0027.jpg 727w\" sizes=\"auto, (max-width: 225px) 100vw, 225px\" \/><\/a>\n\t\t\t<\/div><\/figure><figure class='gallery-item'>\n\t\t\t<div class='gallery-icon landscape'>\n\t\t\t\t<a href='https:\/\/fvo.cat\/es\/servicios-a-empresas\/centro-especial-de-trabajo\/catering\/catering-2\/'><img loading=\"lazy\" decoding=\"async\" width=\"300\" height=\"225\" src=\"https:\/\/fvo.cat\/wp-content\/uploads\/2024\/02\/catering-300x225.jpg\" class=\"attachment-medium size-medium\" alt=\"\" srcset=\"https:\/\/fvo.cat\/wp-content\/uploads\/2024\/02\/catering-300x225.jpg 300w, https:\/\/fvo.cat\/wp-content\/uploads\/2024\/02\/catering-1024x768.jpg 1024w, https:\/\/fvo.cat\/wp-content\/uploads\/2024\/02\/catering-768x576.jpg 768w, https:\/\/fvo.cat\/wp-content\/uploads\/2024\/02\/catering.jpg 1336w\" sizes=\"auto, (max-width: 300px) 100vw, 300px\" \/><\/a>\n\t\t\t<\/div><\/figure><figure class='gallery-item'>\n\t\t\t<div class='gallery-icon portrait'>\n\t\t\t\t<a href='https:\/\/fvo.cat\/es\/servicios-a-empresas\/centro-especial-de-trabajo\/catering\/img-20220520-wa0011-2\/'><img loading=\"lazy\" decoding=\"async\" width=\"225\" height=\"300\" src=\"https:\/\/fvo.cat\/wp-content\/uploads\/2024\/02\/img-20220520-wa0011-225x300.jpg\" class=\"attachment-medium size-medium\" alt=\"\" srcset=\"https:\/\/fvo.cat\/wp-content\/uploads\/2024\/02\/img-20220520-wa0011-225x300.jpg 225w, https:\/\/fvo.cat\/wp-content\/uploads\/2024\/02\/img-20220520-wa0011-768x1024.jpg 768w, https:\/\/fvo.cat\/wp-content\/uploads\/2024\/02\/img-20220520-wa0011-1152x1536.jpg 1152w, https:\/\/fvo.cat\/wp-content\/uploads\/2024\/02\/img-20220520-wa0011.jpg 1200w\" sizes=\"auto, (max-width: 225px) 100vw, 225px\" \/><\/a>\n\t\t\t<\/div><\/figure><figure class='gallery-item'>\n\t\t\t<div class='gallery-icon landscape'>\n\t\t\t\t<a href='https:\/\/fvo.cat\/es\/servicios-a-empresas\/centro-especial-de-trabajo\/catering\/img-20220520-wa0016-2\/'><img loading=\"lazy\" decoding=\"async\" width=\"300\" height=\"225\" src=\"https:\/\/fvo.cat\/wp-content\/uploads\/2024\/02\/img-20220520-wa0016-300x225.jpg\" class=\"attachment-medium size-medium\" alt=\"\" srcset=\"https:\/\/fvo.cat\/wp-content\/uploads\/2024\/02\/img-20220520-wa0016-300x225.jpg 300w, https:\/\/fvo.cat\/wp-content\/uploads\/2024\/02\/img-20220520-wa0016-1024x768.jpg 1024w, https:\/\/fvo.cat\/wp-content\/uploads\/2024\/02\/img-20220520-wa0016-768x576.jpg 768w, https:\/\/fvo.cat\/wp-content\/uploads\/2024\/02\/img-20220520-wa0016-1536x1152.jpg 1536w, https:\/\/fvo.cat\/wp-content\/uploads\/2024\/02\/img-20220520-wa0016.jpg 2000w\" sizes=\"auto, (max-width: 300px) 100vw, 300px\" \/><\/a>\n\t\t\t<\/div><\/figure><figure class='gallery-item'>\n\t\t\t<div class='gallery-icon portrait'>\n\t\t\t\t<a href='https:\/\/fvo.cat\/es\/servicios-a-empresas\/centro-especial-de-trabajo\/catering\/img-20220520-wa0097-2\/'><img loading=\"lazy\" decoding=\"async\" width=\"146\" height=\"300\" src=\"https:\/\/fvo.cat\/wp-content\/uploads\/2024\/02\/img-20220520-wa0097-146x300.jpg\" class=\"attachment-medium size-medium\" alt=\"\" srcset=\"https:\/\/fvo.cat\/wp-content\/uploads\/2024\/02\/img-20220520-wa0097-146x300.jpg 146w, https:\/\/fvo.cat\/wp-content\/uploads\/2024\/02\/img-20220520-wa0097-497x1024.jpg 497w, https:\/\/fvo.cat\/wp-content\/uploads\/2024\/02\/img-20220520-wa0097-768x1581.jpg 768w, https:\/\/fvo.cat\/wp-content\/uploads\/2024\/02\/img-20220520-wa0097-746x1536.jpg 746w, https:\/\/fvo.cat\/wp-content\/uploads\/2024\/02\/img-20220520-wa0097.jpg 777w\" sizes=\"auto, (max-width: 146px) 100vw, 146px\" \/><\/a>\n\t\t\t<\/div><\/figure><figure class='gallery-item'>\n\t\t\t<div class='gallery-icon landscape'>\n\t\t\t\t<a href='https:\/\/fvo.cat\/es\/servicios-a-empresas\/centro-especial-de-trabajo\/catering\/img-20220520-wa0101-2\/'><img loading=\"lazy\" decoding=\"async\" width=\"300\" height=\"146\" src=\"https:\/\/fvo.cat\/wp-content\/uploads\/2024\/02\/img-20220520-wa0101-300x146.jpg\" class=\"attachment-medium size-medium\" alt=\"\" srcset=\"https:\/\/fvo.cat\/wp-content\/uploads\/2024\/02\/img-20220520-wa0101-300x146.jpg 300w, https:\/\/fvo.cat\/wp-content\/uploads\/2024\/02\/img-20220520-wa0101-1024x497.jpg 1024w, https:\/\/fvo.cat\/wp-content\/uploads\/2024\/02\/img-20220520-wa0101-768x373.jpg 768w, https:\/\/fvo.cat\/wp-content\/uploads\/2024\/02\/img-20220520-wa0101-1536x746.jpg 1536w, https:\/\/fvo.cat\/wp-content\/uploads\/2024\/02\/img-20220520-wa0101.jpg 1600w\" sizes=\"auto, (max-width: 300px) 100vw, 300px\" \/><\/a>\n\t\t\t<\/div><\/figure><figure class='gallery-item'>\n\t\t\t<div class='gallery-icon landscape'>\n\t\t\t\t<a href='https:\/\/fvo.cat\/es\/servicios-a-empresas\/centro-especial-de-trabajo\/catering\/img-20220520-wa0115-2\/'><img loading=\"lazy\" decoding=\"async\" width=\"300\" height=\"225\" src=\"https:\/\/fvo.cat\/wp-content\/uploads\/2024\/02\/img-20220520-wa0115-300x225.jpg\" class=\"attachment-medium size-medium\" alt=\"\" srcset=\"https:\/\/fvo.cat\/wp-content\/uploads\/2024\/02\/img-20220520-wa0115-300x225.jpg 300w, https:\/\/fvo.cat\/wp-content\/uploads\/2024\/02\/img-20220520-wa0115-1024x768.jpg 1024w, https:\/\/fvo.cat\/wp-content\/uploads\/2024\/02\/img-20220520-wa0115-768x576.jpg 768w, https:\/\/fvo.cat\/wp-content\/uploads\/2024\/02\/img-20220520-wa0115.jpg 1416w\" sizes=\"auto, (max-width: 300px) 100vw, 300px\" \/><\/a>\n\t\t\t<\/div><\/figure><figure class='gallery-item'>\n\t\t\t<div class='gallery-icon portrait'>\n\t\t\t\t<a href='https:\/\/fvo.cat\/es\/servicios-a-empresas\/centro-especial-de-trabajo\/catering\/img-20220616-wa0067-2\/'><img loading=\"lazy\" decoding=\"async\" width=\"225\" height=\"300\" src=\"https:\/\/fvo.cat\/wp-content\/uploads\/2024\/02\/img-20220616-wa0067-225x300.jpg\" class=\"attachment-medium size-medium\" alt=\"\" aria-describedby=\"gallery-1-15764\" srcset=\"https:\/\/fvo.cat\/wp-content\/uploads\/2024\/02\/img-20220616-wa0067-225x300.jpg 225w, https:\/\/fvo.cat\/wp-content\/uploads\/2024\/02\/img-20220616-wa0067.jpg 727w\" sizes=\"auto, (max-width: 225px) 100vw, 225px\" \/><\/a>\n\t\t\t<\/div>\n\t\t\t\t<figcaption class='wp-caption-text gallery-caption' id='gallery-1-15764'>\n\t\t\t\tCaterings\n\t\t\t\t<\/figcaption><\/figure><figure class='gallery-item'>\n\t\t\t<div class='gallery-icon portrait'>\n\t\t\t\t<a href='https:\/\/fvo.cat\/es\/servicios-a-empresas\/centro-especial-de-trabajo\/catering\/img-20220616-wa0068-2\/'><img loading=\"lazy\" decoding=\"async\" width=\"225\" height=\"300\" src=\"https:\/\/fvo.cat\/wp-content\/uploads\/2024\/02\/img-20220616-wa0068-225x300.jpg\" class=\"attachment-medium size-medium\" alt=\"\" srcset=\"https:\/\/fvo.cat\/wp-content\/uploads\/2024\/02\/img-20220616-wa0068-225x300.jpg 225w, https:\/\/fvo.cat\/wp-content\/uploads\/2024\/02\/img-20220616-wa0068.jpg 727w\" sizes=\"auto, (max-width: 225px) 100vw, 225px\" \/><\/a>\n\t\t\t<\/div><\/figure><figure class='gallery-item'>\n\t\t\t<div class='gallery-icon landscape'>\n\t\t\t\t<a href='https:\/\/fvo.cat\/es\/servicios-a-empresas\/centro-especial-de-trabajo\/catering\/img-20220616-wa0070-2\/'><img loading=\"lazy\" decoding=\"async\" width=\"300\" height=\"225\" src=\"https:\/\/fvo.cat\/wp-content\/uploads\/2024\/02\/img-20220616-wa0070-300x225.jpg\" class=\"attachment-medium size-medium\" alt=\"\" srcset=\"https:\/\/fvo.cat\/wp-content\/uploads\/2024\/02\/img-20220616-wa0070-300x225.jpg 300w, https:\/\/fvo.cat\/wp-content\/uploads\/2024\/02\/img-20220616-wa0070-1024x768.jpg 1024w, https:\/\/fvo.cat\/wp-content\/uploads\/2024\/02\/img-20220616-wa0070-768x576.jpg 768w, https:\/\/fvo.cat\/wp-content\/uploads\/2024\/02\/img-20220616-wa0070.jpg 1292w\" sizes=\"auto, (max-width: 300px) 100vw, 300px\" \/><\/a>\n\t\t\t<\/div><\/figure>\n\t\t<\/div>\n\n<p>&nbsp;<\/p>\n<h3>Contacta con nosotros!<\/h3>\n<h4 style=\"text-align: center;\">633 58 89 30 \u2013 catering@fvo.cat<\/h4>\n","protected":false},"excerpt":{"rendered":"<p>\u00bfQuiere montar un evento? \u00a1Os presentamos un servicio gastron\u00f3mico \u00fanico y con decoraci\u00f3n personalizada! El Servicio de catering de la Fundaci\u00f3n Vall\u00e8s Oriental Desayunos Aperitivos Lunch \/ almuerzos Meriendas Cenas Almuerzos y [&hellip;]<\/p>\n","protected":false},"author":2,"featured_media":0,"parent":15695,"menu_order":105,"comment_status":"closed","ping_status":"closed","template":"","meta":{"_seopress_robots_primary_cat":"","_seopress_titles_title":"","_seopress_titles_desc":"","_seopress_robots_index":"","inline_featured_image":false,"footnotes":""},"class_list":["post-16464","page","type-page","status-publish","hentry"],"_links":{"self":[{"href":"https:\/\/fvo.cat\/es\/wp-json\/wp\/v2\/pages\/16464","targetHints":{"allow":["GET"]}}],"collection":[{"href":"https:\/\/fvo.cat\/es\/wp-json\/wp\/v2\/pages"}],"about":[{"href":"https:\/\/fvo.cat\/es\/wp-json\/wp\/v2\/types\/page"}],"author":[{"embeddable":true,"href":"https:\/\/fvo.cat\/es\/wp-json\/wp\/v2\/users\/2"}],"replies":[{"embeddable":true,"href":"https:\/\/fvo.cat\/es\/wp-json\/wp\/v2\/comments?post=16464"}],"version-history":[{"count":0,"href":"https:\/\/fvo.cat\/es\/wp-json\/wp\/v2\/pages\/16464\/revisions"}],"up":[{"embeddable":true,"href":"https:\/\/fvo.cat\/es\/wp-json\/wp\/v2\/pages\/15695"}],"wp:attachment":[{"href":"https:\/\/fvo.cat\/es\/wp-json\/wp\/v2\/media?parent=16464"}],"curies":[{"name":"wp","href":"https:\/\/api.w.org\/{rel}","templated":true}]}}