{"id":16483,"date":"2023-11-13T13:41:10","date_gmt":"2023-11-13T11:41:10","guid":{"rendered":"https:\/\/fvo.cat\/?page_id=16483"},"modified":"2025-11-04T14:29:33","modified_gmt":"2025-11-04T12:29:33","slug":"jardineria","status":"publish","type":"page","link":"https:\/\/fvo.cat\/es\/servicios-a-empresas\/centro-especial-de-trabajo\/jardineria\/","title":{"rendered":"Jardiner\u00eda"},"content":{"rendered":"<h3>\u00bfQuiere hacer lucir sus zonas verdes? \u00bfNecesita mantenimiento?<\/h3>\n<ul>\n<li>Servicios de jardiner\u00eda y mantenimiento de zonas ajardinadas<\/li>\n<li>Servicios de limpieza y adecuaci\u00f3n de parques<\/li>\n<li>Mantenimiento de c\u00e9spedes y de los espacios verdes<\/li>\n<li>Podas y recortes de vallas vegetales<\/li>\n<li>Mantenimiento de redes de riego<\/li>\n<li>Dise\u00f1o y construcci\u00f3n de proyectos paisaj\u00edsticos<\/li>\n<li>Poda de arbolado viario y de los espacios verdes<\/li>\n<\/ul>\n<h3>Nuestro equipo<\/h3>\n<p>El servicio de jardiner\u00eda est\u00e1 formado por un equipo de 28 personas, contando con profesionales especialistas coordinados por una ingeniera agr\u00edcola.<\/p>\n<p>Disponen de todos los recursos necesarios y t\u00e9cnicas y maquinaria de \u00faltima generaci\u00f3n para dar un servicio de m\u00e1xima calidad.<\/p>\n<div id='gallery-1' class='gallery galleryid-16483 gallery-columns-4 gallery-size-thumbnail'><figure class='gallery-item'>\n\t\t\t<div class='gallery-icon landscape'>\n\t\t\t\t<a href='https:\/\/fvo.cat\/es\/servicios-a-empresas\/centro-especial-de-trabajo\/jardineria\/img-2521-2\/'><img loading=\"lazy\" decoding=\"async\" width=\"150\" height=\"150\" src=\"https:\/\/fvo.cat\/wp-content\/uploads\/2024\/02\/img-2521-150x150.jpg\" class=\"attachment-thumbnail size-thumbnail\" alt=\"\" \/><\/a>\n\t\t\t<\/div><\/figure><figure class='gallery-item'>\n\t\t\t<div class='gallery-icon landscape'>\n\t\t\t\t<a href='https:\/\/fvo.cat\/es\/servicios-a-empresas\/centro-especial-de-trabajo\/jardineria\/img-2584-2\/'><img loading=\"lazy\" decoding=\"async\" width=\"150\" height=\"150\" src=\"https:\/\/fvo.cat\/wp-content\/uploads\/2024\/02\/img-2584-150x150.jpg\" class=\"attachment-thumbnail size-thumbnail\" alt=\"\" \/><\/a>\n\t\t\t<\/div><\/figure><figure class='gallery-item'>\n\t\t\t<div class='gallery-icon landscape'>\n\t\t\t\t<a href='https:\/\/fvo.cat\/es\/servicios-a-empresas\/centro-especial-de-trabajo\/jardineria\/img-2543-2\/'><img loading=\"lazy\" decoding=\"async\" width=\"150\" height=\"150\" src=\"https:\/\/fvo.cat\/wp-content\/uploads\/2024\/02\/img-2543-150x150.jpg\" class=\"attachment-thumbnail size-thumbnail\" alt=\"\" \/><\/a>\n\t\t\t<\/div><\/figure><figure class='gallery-item'>\n\t\t\t<div class='gallery-icon landscape'>\n\t\t\t\t<a href='https:\/\/fvo.cat\/es\/servicios-a-empresas\/centro-especial-de-trabajo\/jardineria\/img-20210628-154007-2\/'><img loading=\"lazy\" decoding=\"async\" width=\"150\" height=\"150\" src=\"https:\/\/fvo.cat\/wp-content\/uploads\/2024\/02\/img-20210628-154007-150x150.jpg\" class=\"attachment-thumbnail size-thumbnail\" alt=\"\" \/><\/a>\n\t\t\t<\/div><\/figure><figure class='gallery-item'>\n\t\t\t<div class='gallery-icon portrait'>\n\t\t\t\t<a href='https:\/\/fvo.cat\/es\/servicios-a-empresas\/centro-especial-de-trabajo\/jardineria\/img-20230130-wa0034-2\/'><img loading=\"lazy\" decoding=\"async\" width=\"150\" height=\"150\" src=\"https:\/\/fvo.cat\/wp-content\/uploads\/2024\/02\/img-20230130-wa0034-150x150.jpg\" class=\"attachment-thumbnail size-thumbnail\" alt=\"\" \/><\/a>\n\t\t\t<\/div><\/figure><figure class='gallery-item'>\n\t\t\t<div class='gallery-icon portrait'>\n\t\t\t\t<a href='https:\/\/fvo.cat\/es\/servicios-a-empresas\/centro-especial-de-trabajo\/jardineria\/img-20230130-wa0043-2\/'><img loading=\"lazy\" decoding=\"async\" width=\"150\" height=\"150\" src=\"https:\/\/fvo.cat\/wp-content\/uploads\/2024\/02\/img-20230130-wa0043-150x150.jpg\" class=\"attachment-thumbnail size-thumbnail\" alt=\"\" \/><\/a>\n\t\t\t<\/div><\/figure><figure class='gallery-item'>\n\t\t\t<div class='gallery-icon landscape'>\n\t\t\t\t<a href='https:\/\/fvo.cat\/es\/servicios-a-empresas\/centro-especial-de-trabajo\/jardineria\/img-2427x-2\/'><img loading=\"lazy\" decoding=\"async\" width=\"150\" height=\"150\" src=\"https:\/\/fvo.cat\/wp-content\/uploads\/2024\/02\/img-2427x-150x150.jpg\" class=\"attachment-thumbnail size-thumbnail\" alt=\"\" \/><\/a>\n\t\t\t<\/div><\/figure><figure class='gallery-item'>\n\t\t\t<div class='gallery-icon landscape'>\n\t\t\t\t<a href='https:\/\/fvo.cat\/es\/servicios-a-empresas\/centro-especial-de-trabajo\/jardineria\/img-2432x-2\/'><img loading=\"lazy\" decoding=\"async\" width=\"150\" height=\"150\" src=\"https:\/\/fvo.cat\/wp-content\/uploads\/2024\/02\/img-2432x-150x150.jpg\" class=\"attachment-thumbnail size-thumbnail\" alt=\"\" \/><\/a>\n\t\t\t<\/div><\/figure>\n\t\t<\/div>\n\n<h3>Maquinaria e instalaciones<\/h3>\n<p>Disponemos de un almac\u00e9n de 500m2 donde est\u00e1n identificados los materiales, productos y maquinarias: cortac\u00e9spedes, desbrozadoras, motocultores, recorta vallas, motosierras, generador el\u00e9ctrico, escarificadoras, soplador, cortac\u00e9sped de asiento, cuba de tratamientos, herramientas de mano, cubas de riego, aspiradora trituradora de hojas, equipo de poda con compresor, tijeras neum\u00e1ticas,<br \/>\ndesbrozadoras de asiento, desbrozadoras de martillo y, con la especializaci\u00f3n en labores forestales, se ha adquirido una trituradora de restos forestales y la desbrozadora con cuchillas.<\/p>\n<p>Tambi\u00e9n disponemos de veh\u00edculos para la movilidad de las brigadas y los materiales y un \u00e1rea de 300 m2 donde se encuentran los contenedores destinados al residuo verde.<\/p>\n<p>&nbsp;<\/p>\n<h3>Contacta con nosotros!<\/h3>\n<h4 style=\"text-align: center;\">insercio@fvo.cat \u2013 93 860 02 40<\/h4>\n","protected":false},"excerpt":{"rendered":"<p>\u00bfQuiere hacer lucir sus zonas verdes? \u00bfNecesita mantenimiento? Servicios de jardiner\u00eda y mantenimiento de zonas ajardinadas Servicios de limpieza y adecuaci\u00f3n de parques Mantenimiento de c\u00e9spedes y de los espacios verdes Podas [&hellip;]<\/p>\n","protected":false},"author":2,"featured_media":0,"parent":15695,"menu_order":106,"comment_status":"closed","ping_status":"closed","template":"","meta":{"_seopress_robots_primary_cat":"","_seopress_titles_title":"","_seopress_titles_desc":"","_seopress_robots_index":"","inline_featured_image":false,"footnotes":""},"class_list":["post-16483","page","type-page","status-publish","hentry"],"_links":{"self":[{"href":"https:\/\/fvo.cat\/es\/wp-json\/wp\/v2\/pages\/16483","targetHints":{"allow":["GET"]}}],"collection":[{"href":"https:\/\/fvo.cat\/es\/wp-json\/wp\/v2\/pages"}],"about":[{"href":"https:\/\/fvo.cat\/es\/wp-json\/wp\/v2\/types\/page"}],"author":[{"embeddable":true,"href":"https:\/\/fvo.cat\/es\/wp-json\/wp\/v2\/users\/2"}],"replies":[{"embeddable":true,"href":"https:\/\/fvo.cat\/es\/wp-json\/wp\/v2\/comments?post=16483"}],"version-history":[{"count":0,"href":"https:\/\/fvo.cat\/es\/wp-json\/wp\/v2\/pages\/16483\/revisions"}],"up":[{"embeddable":true,"href":"https:\/\/fvo.cat\/es\/wp-json\/wp\/v2\/pages\/15695"}],"wp:attachment":[{"href":"https:\/\/fvo.cat\/es\/wp-json\/wp\/v2\/media?parent=16483"}],"curies":[{"name":"wp","href":"https:\/\/api.w.org\/{rel}","templated":true}]}}