{"id":16494,"date":"2023-11-13T13:38:08","date_gmt":"2023-11-13T11:38:08","guid":{"rendered":"https:\/\/fvo.cat\/?page_id=16494"},"modified":"2025-06-12T12:28:52","modified_gmt":"2025-06-12T10:28:52","slug":"manipulados-industriales","status":"publish","type":"page","link":"https:\/\/fvo.cat\/es\/servicios-a-empresas\/centro-especial-de-trabajo\/manipulados-industriales\/","title":{"rendered":"Manipulados Industriales"},"content":{"rendered":"<h3>Descubra nuestros servicios en el sector industrial. \u00a1Servicio de calidad y con la m\u00e1xima eficiencia y compromiso!<\/h3>\n<p><strong>Manipulaciones, envasados, encajados, retr\u00e1ctiles, enfajados-sleever, montajes, enfardados\u2026<\/strong><\/p>\n<div id='gallery-1' class='gallery galleryid-16494 gallery-columns-3 gallery-size-medium'><figure class='gallery-item'>\n\t\t\t<div class='gallery-icon landscape'>\n\t\t\t\t<a href='https:\/\/fvo.cat\/es\/servicios-a-empresas\/centro-especial-de-trabajo\/manipulados-industriales\/post-instagram-format-rectangle-17-2\/'><img loading=\"lazy\" decoding=\"async\" width=\"300\" height=\"224\" src=\"https:\/\/fvo.cat\/wp-content\/uploads\/2025\/06\/post-instagram-format-rectangle-17-300x224.png\" class=\"attachment-medium size-medium\" alt=\"\" srcset=\"https:\/\/fvo.cat\/wp-content\/uploads\/2025\/06\/post-instagram-format-rectangle-17-300x224.png 300w, https:\/\/fvo.cat\/wp-content\/uploads\/2025\/06\/post-instagram-format-rectangle-17-1024x765.png 1024w, https:\/\/fvo.cat\/wp-content\/uploads\/2025\/06\/post-instagram-format-rectangle-17-768x574.png 768w, https:\/\/fvo.cat\/wp-content\/uploads\/2025\/06\/post-instagram-format-rectangle-17-1536x1148.png 1536w, https:\/\/fvo.cat\/wp-content\/uploads\/2025\/06\/post-instagram-format-rectangle-17.png 1600w\" sizes=\"auto, (max-width: 300px) 100vw, 300px\" \/><\/a>\n\t\t\t<\/div><\/figure><figure class='gallery-item'>\n\t\t\t<div class='gallery-icon landscape'>\n\t\t\t\t<a href='https:\/\/fvo.cat\/es\/servicios-a-empresas\/centro-especial-de-trabajo\/manipulados-industriales\/img-3549-2\/'><img loading=\"lazy\" decoding=\"async\" width=\"300\" height=\"200\" src=\"https:\/\/fvo.cat\/wp-content\/uploads\/2024\/02\/img-3549-300x200.jpg\" class=\"attachment-medium size-medium\" alt=\"\" srcset=\"https:\/\/fvo.cat\/wp-content\/uploads\/2024\/02\/img-3549-300x200.jpg 300w, https:\/\/fvo.cat\/wp-content\/uploads\/2024\/02\/img-3549-1024x683.jpg 1024w, https:\/\/fvo.cat\/wp-content\/uploads\/2024\/02\/img-3549-768x512.jpg 768w, https:\/\/fvo.cat\/wp-content\/uploads\/2024\/02\/img-3549-1536x1024.jpg 1536w, https:\/\/fvo.cat\/wp-content\/uploads\/2024\/02\/img-3549.jpg 1920w\" sizes=\"auto, (max-width: 300px) 100vw, 300px\" \/><\/a>\n\t\t\t<\/div><\/figure><figure class='gallery-item'>\n\t\t\t<div class='gallery-icon landscape'>\n\t\t\t\t<a href='https:\/\/fvo.cat\/es\/servicios-a-empresas\/centro-especial-de-trabajo\/manipulados-industriales\/manipulacions-2\/'><img loading=\"lazy\" decoding=\"async\" width=\"300\" height=\"262\" src=\"https:\/\/fvo.cat\/wp-content\/uploads\/2024\/02\/manipulacions-300x262.jpg\" class=\"attachment-medium size-medium\" alt=\"\" srcset=\"https:\/\/fvo.cat\/wp-content\/uploads\/2024\/02\/manipulacions-300x262.jpg 300w, https:\/\/fvo.cat\/wp-content\/uploads\/2024\/02\/manipulacions-1024x893.jpg 1024w, https:\/\/fvo.cat\/wp-content\/uploads\/2024\/02\/manipulacions-768x669.jpg 768w, https:\/\/fvo.cat\/wp-content\/uploads\/2024\/02\/manipulacions-1536x1339.jpg 1536w, https:\/\/fvo.cat\/wp-content\/uploads\/2024\/02\/manipulacions-2048x1785.jpg 2048w\" sizes=\"auto, (max-width: 300px) 100vw, 300px\" \/><\/a>\n\t\t\t<\/div><\/figure>\n\t\t<\/div>\n\n<h2>Nuestro equipo<\/h2>\n<p>Acoge a 22 trabajadores y trabajadoras con discapacidad intelectual, los cuales cuentan con el apoyo directo de monitores especializados con funciones de encargados de l\u00ednea, jefe de taller y responsable de log\u00edstica y almac\u00e9n.<\/p>\n<p><img loading=\"lazy\" decoding=\"async\" class=\" wp-image-15799 aligncenter\" src=\"https:\/\/fvo.cat\/wp-content\/uploads\/2024\/02\/img-5855-photoroom-300x200.png\" alt=\"\" width=\"374\" height=\"249\" srcset=\"https:\/\/fvo.cat\/wp-content\/uploads\/2024\/02\/img-5855-photoroom-300x200.png 300w, https:\/\/fvo.cat\/wp-content\/uploads\/2024\/02\/img-5855-photoroom-768x511.png 768w, https:\/\/fvo.cat\/wp-content\/uploads\/2024\/02\/img-5855-photoroom.png 1000w\" sizes=\"auto, (max-width: 374px) 100vw, 374px\" \/><\/p>\n<h2>Nuestras instalaciones<\/h2>\n<ul>\n<li>Nave industrial de dos plantas distribuidas en 1.477 m2 cada una<\/li>\n<li>Espacio de carga y maniobras<\/li>\n<li>Cerca de la autopista A7 y de diferentes pol\u00edgonos industriales del Vall\u00e8s<\/li>\n<li>Un espacio de 130 m2 espec\u00edfico de almac\u00e9n y trabajo con climatizaci\u00f3n y temperatura controlada<\/li>\n<li>Almac\u00e9n de la carga de rotaci\u00f3n de 33 pal\u00e9s (cami\u00f3n-trailer) lo que supone una capacidad de 66 ubicaciones de europalet entre el producto entrante, el producto en fabricaci\u00f3n y el finalizado<\/li>\n<\/ul>\n<div id='gallery-2' class='gallery galleryid-16494 gallery-columns-4 gallery-size-medium'><figure class='gallery-item'>\n\t\t\t<div class='gallery-icon landscape'>\n\t\t\t\t<a href='https:\/\/fvo.cat\/es\/servicios-a-empresas\/centro-especial-de-trabajo\/manipulados-industriales\/exterior-manipulats-2\/'><img loading=\"lazy\" decoding=\"async\" width=\"300\" height=\"199\" src=\"https:\/\/fvo.cat\/wp-content\/uploads\/2024\/02\/exterior-manipulats-300x199.jpg\" class=\"attachment-medium size-medium\" alt=\"\" srcset=\"https:\/\/fvo.cat\/wp-content\/uploads\/2024\/02\/exterior-manipulats-300x199.jpg 300w, https:\/\/fvo.cat\/wp-content\/uploads\/2024\/02\/exterior-manipulats-1024x681.jpg 1024w, https:\/\/fvo.cat\/wp-content\/uploads\/2024\/02\/exterior-manipulats-768x511.jpg 768w, https:\/\/fvo.cat\/wp-content\/uploads\/2024\/02\/exterior-manipulats.jpg 1504w\" sizes=\"auto, (max-width: 300px) 100vw, 300px\" \/><\/a>\n\t\t\t<\/div><\/figure><figure class='gallery-item'>\n\t\t\t<div class='gallery-icon landscape'>\n\t\t\t\t<a href='https:\/\/fvo.cat\/es\/servicios-a-empresas\/centro-especial-de-trabajo\/manipulados-industriales\/img-8695-2\/'><img loading=\"lazy\" decoding=\"async\" width=\"300\" height=\"200\" src=\"https:\/\/fvo.cat\/wp-content\/uploads\/2025\/06\/img-8695-300x200.jpg\" class=\"attachment-medium size-medium\" alt=\"\" srcset=\"https:\/\/fvo.cat\/wp-content\/uploads\/2025\/06\/img-8695-300x200.jpg 300w, https:\/\/fvo.cat\/wp-content\/uploads\/2025\/06\/img-8695-1024x683.jpg 1024w, https:\/\/fvo.cat\/wp-content\/uploads\/2025\/06\/img-8695-768x512.jpg 768w, https:\/\/fvo.cat\/wp-content\/uploads\/2025\/06\/img-8695-1536x1024.jpg 1536w, https:\/\/fvo.cat\/wp-content\/uploads\/2025\/06\/img-8695-2048x1365.jpg 2048w\" sizes=\"auto, (max-width: 300px) 100vw, 300px\" \/><\/a>\n\t\t\t<\/div><\/figure><figure class='gallery-item'>\n\t\t\t<div class='gallery-icon landscape'>\n\t\t\t\t<a href='https:\/\/fvo.cat\/es\/servicios-a-empresas\/centro-especial-de-trabajo\/manipulados-industriales\/1-3-2\/'><img loading=\"lazy\" decoding=\"async\" width=\"300\" height=\"240\" src=\"https:\/\/fvo.cat\/wp-content\/uploads\/2024\/02\/1-300x240.jpg\" class=\"attachment-medium size-medium\" alt=\"\" srcset=\"https:\/\/fvo.cat\/wp-content\/uploads\/2024\/02\/1-300x240.jpg 300w, https:\/\/fvo.cat\/wp-content\/uploads\/2024\/02\/1-768x614.jpg 768w, https:\/\/fvo.cat\/wp-content\/uploads\/2024\/02\/1.jpg 800w\" sizes=\"auto, (max-width: 300px) 100vw, 300px\" \/><\/a>\n\t\t\t<\/div><\/figure><figure class='gallery-item'>\n\t\t\t<div class='gallery-icon landscape'>\n\t\t\t\t<a href='https:\/\/fvo.cat\/es\/servicios-a-empresas\/centro-especial-de-trabajo\/manipulados-industriales\/img-20210224-wa0040-2\/'><img loading=\"lazy\" decoding=\"async\" width=\"300\" height=\"225\" src=\"https:\/\/fvo.cat\/wp-content\/uploads\/2024\/02\/img-20210224-wa0040-300x225.jpg\" class=\"attachment-medium size-medium\" alt=\"\" srcset=\"https:\/\/fvo.cat\/wp-content\/uploads\/2024\/02\/img-20210224-wa0040-300x225.jpg 300w, https:\/\/fvo.cat\/wp-content\/uploads\/2024\/02\/img-20210224-wa0040-768x576.jpg 768w, https:\/\/fvo.cat\/wp-content\/uploads\/2024\/02\/img-20210224-wa0040.jpg 1024w\" sizes=\"auto, (max-width: 300px) 100vw, 300px\" \/><\/a>\n\t\t\t<\/div><\/figure><figure class='gallery-item'>\n\t\t\t<div class='gallery-icon portrait'>\n\t\t\t\t<a href='https:\/\/fvo.cat\/es\/servicios-a-empresas\/centro-especial-de-trabajo\/manipulados-industriales\/img-20220222-wa0004-2\/'><img loading=\"lazy\" decoding=\"async\" width=\"225\" height=\"300\" src=\"https:\/\/fvo.cat\/wp-content\/uploads\/2024\/02\/img-20220222-wa0004-225x300.jpg\" class=\"attachment-medium size-medium\" alt=\"\" srcset=\"https:\/\/fvo.cat\/wp-content\/uploads\/2024\/02\/img-20220222-wa0004-225x300.jpg 225w, https:\/\/fvo.cat\/wp-content\/uploads\/2024\/02\/img-20220222-wa0004-768x1024.jpg 768w, https:\/\/fvo.cat\/wp-content\/uploads\/2024\/02\/img-20220222-wa0004.jpg 1080w\" sizes=\"auto, (max-width: 225px) 100vw, 225px\" \/><\/a>\n\t\t\t<\/div><\/figure><figure class='gallery-item'>\n\t\t\t<div class='gallery-icon landscape'>\n\t\t\t\t<a href='https:\/\/fvo.cat\/es\/servicios-a-empresas\/centro-especial-de-trabajo\/manipulados-industriales\/img-7913-2\/'><img loading=\"lazy\" decoding=\"async\" width=\"300\" height=\"200\" src=\"https:\/\/fvo.cat\/wp-content\/uploads\/2025\/06\/img-7913-300x200.jpg\" class=\"attachment-medium size-medium\" alt=\"\" srcset=\"https:\/\/fvo.cat\/wp-content\/uploads\/2025\/06\/img-7913-300x200.jpg 300w, https:\/\/fvo.cat\/wp-content\/uploads\/2025\/06\/img-7913-1024x683.jpg 1024w, https:\/\/fvo.cat\/wp-content\/uploads\/2025\/06\/img-7913-768x512.jpg 768w, https:\/\/fvo.cat\/wp-content\/uploads\/2025\/06\/img-7913-1536x1024.jpg 1536w, https:\/\/fvo.cat\/wp-content\/uploads\/2025\/06\/img-7913-2048x1365.jpg 2048w\" sizes=\"auto, (max-width: 300px) 100vw, 300px\" \/><\/a>\n\t\t\t<\/div><\/figure><figure class='gallery-item'>\n\t\t\t<div class='gallery-icon landscape'>\n\t\t\t\t<a href='https:\/\/fvo.cat\/es\/servicios-a-empresas\/centro-especial-de-trabajo\/manipulados-industriales\/img-7915-2\/'><img loading=\"lazy\" decoding=\"async\" width=\"300\" height=\"200\" src=\"https:\/\/fvo.cat\/wp-content\/uploads\/2025\/06\/img-7915-300x200.jpg\" class=\"attachment-medium size-medium\" alt=\"\" srcset=\"https:\/\/fvo.cat\/wp-content\/uploads\/2025\/06\/img-7915-300x200.jpg 300w, https:\/\/fvo.cat\/wp-content\/uploads\/2025\/06\/img-7915-1024x683.jpg 1024w, https:\/\/fvo.cat\/wp-content\/uploads\/2025\/06\/img-7915-768x512.jpg 768w, https:\/\/fvo.cat\/wp-content\/uploads\/2025\/06\/img-7915-1536x1024.jpg 1536w, https:\/\/fvo.cat\/wp-content\/uploads\/2025\/06\/img-7915-2048x1365.jpg 2048w\" sizes=\"auto, (max-width: 300px) 100vw, 300px\" \/><\/a>\n\t\t\t<\/div><\/figure>\n\t\t<\/div>\n\n<h3>Contacta con nosotros!<\/h3>\n<h3 style=\"text-align: center;\">\ninsercio@fvo.cat \u2013 93 860 02 40<\/h3>\n","protected":false},"excerpt":{"rendered":"<p>Descubra nuestros servicios en el sector industrial. \u00a1Servicio de calidad y con la m\u00e1xima eficiencia y compromiso! Manipulaciones, envasados, encajados, retr\u00e1ctiles, enfajados-sleever, montajes, enfardados\u2026 Nuestro equipo Acoge a 22 trabajadores y trabajadoras [&hellip;]<\/p>\n","protected":false},"author":2,"featured_media":0,"parent":15695,"menu_order":108,"comment_status":"closed","ping_status":"closed","template":"","meta":{"_seopress_robots_primary_cat":"","_seopress_titles_title":"","_seopress_titles_desc":"","_seopress_robots_index":"","inline_featured_image":false,"footnotes":""},"class_list":["post-16494","page","type-page","status-publish","hentry"],"_links":{"self":[{"href":"https:\/\/fvo.cat\/es\/wp-json\/wp\/v2\/pages\/16494","targetHints":{"allow":["GET"]}}],"collection":[{"href":"https:\/\/fvo.cat\/es\/wp-json\/wp\/v2\/pages"}],"about":[{"href":"https:\/\/fvo.cat\/es\/wp-json\/wp\/v2\/types\/page"}],"author":[{"embeddable":true,"href":"https:\/\/fvo.cat\/es\/wp-json\/wp\/v2\/users\/2"}],"replies":[{"embeddable":true,"href":"https:\/\/fvo.cat\/es\/wp-json\/wp\/v2\/comments?post=16494"}],"version-history":[{"count":0,"href":"https:\/\/fvo.cat\/es\/wp-json\/wp\/v2\/pages\/16494\/revisions"}],"up":[{"embeddable":true,"href":"https:\/\/fvo.cat\/es\/wp-json\/wp\/v2\/pages\/15695"}],"wp:attachment":[{"href":"https:\/\/fvo.cat\/es\/wp-json\/wp\/v2\/media?parent=16494"}],"curies":[{"name":"wp","href":"https:\/\/api.w.org\/{rel}","templated":true}]}}