{"id":18339,"date":"2025-11-19T10:31:24","date_gmt":"2025-11-19T08:31:24","guid":{"rendered":"https:\/\/fvo.cat\/?page_id=18339"},"modified":"2025-11-19T10:31:24","modified_gmt":"2025-11-19T08:31:24","slug":"asociacion-de-familias","status":"publish","type":"page","link":"https:\/\/fvo.cat\/es\/transparencia\/asociacion-de-familias\/","title":{"rendered":"Asociaci\u00f3n de familias"},"content":{"rendered":"<div class=\"wp-block-columns is-layout-flex wp-container-core-columns-is-layout-28f84493 wp-block-columns-is-layout-flex\">\n<div class=\"wp-block-column is-layout-flow wp-block-column-is-layout-flow\">\n<p><a href=\"https:\/\/asdisint.org\/\"><img loading=\"lazy\" decoding=\"async\" class=\"aligncenter wp-image-18329\" src=\"https:\/\/fvo.cat\/wp-content\/uploads\/2025\/11\/355884396-137778625998450-2428651146260839209-n-1.jpg\" alt=\"\" width=\"394\" height=\"284\" srcset=\"https:\/\/fvo.cat\/wp-content\/uploads\/2025\/11\/355884396-137778625998450-2428651146260839209-n-1.jpg 600w, https:\/\/fvo.cat\/wp-content\/uploads\/2025\/11\/355884396-137778625998450-2428651146260839209-n-1-300x216.jpg 300w\" sizes=\"auto, (max-width: 394px) 100vw, 394px\" \/><\/a><\/p>\n<p data-start=\"109\" data-end=\"234\">ASDISINT es la asociaci\u00f3n de padres, madres, familiares y\/o asistentes legales de las personas atendidas en la Fundaci\u00f3n.<\/p>\n<p data-start=\"236\" data-end=\"548\">Fundada en 2004, tiene como objetivo principal ofrecer apoyo a las familias en su sentido m\u00e1s amplio: asesoramiento para realizar tr\u00e1mites, oferta de actividades de apoyo a familiares cuidadores (habilidades comunicativas, apoyo psicol\u00f3gico, meditaci\u00f3n, etc.), organizaci\u00f3n de salidas o actividades de ocio, etc.<\/p>\n<p data-start=\"550\" data-end=\"599\">Si quer\u00e9is contactar, pod\u00e9is hacerlo a trav\u00e9s de:<\/p>\n<\/div>\n<\/div>\n<div>\u00a0<\/div>\n<div style=\"text-align: center;\">web:<strong><a href=\"https:\/\/asdisint.org\/\"> https:\/\/asdisint.org\/<\/a><\/strong><\/div>\n<div style=\"text-align: center;\">mail: <strong>familia@asdisint.org<\/strong><\/div>\n<div style=\"text-align: center;\">whatsapp: <strong>649236272\u00a0<\/strong><\/div>\n<p>&nbsp;<\/p>\n<p>Tambi\u00e9n pod\u00e9is descargar la hoja de inscripci\u00f3n para haceros familia socia:<\/p>\n<p>&nbsp;<\/p>\n<p><a href=\"https:\/\/drive.google.com\/file\/d\/1ikjhYaUO-P133YlXrvhMKMR3es3B-WCx\/view\"><img loading=\"lazy\" decoding=\"async\" class=\"aligncenter wp-image-18332 \" src=\"https:\/\/fvo.cat\/wp-content\/uploads\/2025\/11\/butlleta.jpg\" alt=\"\" width=\"357\" height=\"485\" srcset=\"https:\/\/fvo.cat\/wp-content\/uploads\/2025\/11\/butlleta.jpg 578w, https:\/\/fvo.cat\/wp-content\/uploads\/2025\/11\/butlleta-221x300.jpg 221w\" sizes=\"auto, (max-width: 357px) 100vw, 357px\" \/><\/a><\/p>\n","protected":false},"excerpt":{"rendered":"<p>ASDISINT es la asociaci\u00f3n de padres, madres, familiares y\/o asistentes legales de las personas atendidas en la Fundaci\u00f3n. Fundada en 2004, tiene como objetivo principal ofrecer apoyo a las familias en su [&hellip;]<\/p>\n","protected":false},"author":1,"featured_media":0,"parent":15182,"menu_order":84,"comment_status":"closed","ping_status":"closed","template":"","meta":{"_seopress_robots_primary_cat":"","_seopress_titles_title":"","_seopress_titles_desc":"","_seopress_robots_index":"","inline_featured_image":false,"footnotes":""},"class_list":["post-18339","page","type-page","status-publish","hentry"],"_links":{"self":[{"href":"https:\/\/fvo.cat\/es\/wp-json\/wp\/v2\/pages\/18339","targetHints":{"allow":["GET"]}}],"collection":[{"href":"https:\/\/fvo.cat\/es\/wp-json\/wp\/v2\/pages"}],"about":[{"href":"https:\/\/fvo.cat\/es\/wp-json\/wp\/v2\/types\/page"}],"author":[{"embeddable":true,"href":"https:\/\/fvo.cat\/es\/wp-json\/wp\/v2\/users\/1"}],"replies":[{"embeddable":true,"href":"https:\/\/fvo.cat\/es\/wp-json\/wp\/v2\/comments?post=18339"}],"version-history":[{"count":0,"href":"https:\/\/fvo.cat\/es\/wp-json\/wp\/v2\/pages\/18339\/revisions"}],"up":[{"embeddable":true,"href":"https:\/\/fvo.cat\/es\/wp-json\/wp\/v2\/pages\/15182"}],"wp:attachment":[{"href":"https:\/\/fvo.cat\/es\/wp-json\/wp\/v2\/media?parent=18339"}],"curies":[{"name":"wp","href":"https:\/\/api.w.org\/{rel}","templated":true}]}}